{"id":120,"date":"2019-05-13T12:02:53","date_gmt":"2019-05-13T12:02:53","guid":{"rendered":"http:\/\/www.thecarpetwashingmachine.com\/?page_id=120"},"modified":"2025-07-03T13:36:27","modified_gmt":"2025-07-03T13:36:27","slug":"equipment-purchasing-and-its-import","status":"publish","type":"page","link":"https:\/\/www.thecarpetwashingmachine.com\/fr\/equipment-purchasing-and-its-import\/","title":{"rendered":"L&rsquo;achat d&rsquo;\u00e9quipement \u00e0 laver de tapis et son importation"},"content":{"rendered":"<div class=\"wp-block-image\">\n<figure class=\"aligncenter size-full\"><img loading=\"lazy\" decoding=\"async\" width=\"750\" height=\"500\" src=\"https:\/\/www.thecarpetwashingmachine.com\/wp-content\/uploads\/2025\/07\/Untitled-design-10.png\" alt=\"Automatic carpet washing machine\" class=\"wp-image-1618\" srcset=\"https:\/\/www.thecarpetwashingmachine.com\/wp-content\/uploads\/2025\/07\/Untitled-design-10.png 750w, https:\/\/www.thecarpetwashingmachine.com\/wp-content\/uploads\/2025\/07\/Untitled-design-10-300x200.png 300w\" sizes=\"auto, (max-width: 750px) 100vw, 750px\" \/><\/figure><\/div>\n\n\n<p><\/p>\n\n\n\n<p>Aujourd&rsquo;hui nous pouvons faire une affaire sans aucun probl\u00e8me avec l&rsquo;Internet, ainsi que tenir des pourparlers et attirer des clients potentiels int\u00e9ress\u00e9s aux produits avec tous les ressources possibles. Apr\u00e8s de longues discussions les parties ont achev\u00e9 un consensus, signent le contrat ayant agr\u00e9es aux responsibilit\u00e9s et au prix des produits.<\/p>\n\n\n\n<p>N\u00e9anmoins, l&rsquo;importation de l&rsquo;\u00e9quipement \u00e9xige l&rsquo;accomplissement des \u00e9tapes certains o\u00f9 chaque partie est responsible pour l&rsquo;importation sans aucune difficult\u00e9 ou retard.&nbsp; Premi\u00e8rement, l&rsquo;acheteur ou l&rsquo;exporteur (le vendeur) a besoin de prendre la r\u00e9sponsibilit\u00e9 pour choisir une \u00e9ntreprise qui satisferai&nbsp; le ratio \u00ab\u00a0prix-qualit\u00e9\u00a0\u00bb. Bas\u00e9 sur notre exp\u00e9rience, nous pouvons vous r\u00e9clamer que les prix des \u00e9ntreprises logistiques en Russie sont moins cher que quand Turquie. Mais nous sommes d\u00e9sireux de vous aider \u00e0 la recherche d&rsquo;une offre avec le prix avantageux.<\/p>\n\n\n\n<p>L&rsquo;\u00e9tape suivante est la pr\u00e9paration de tous documens pour passer la fronti\u00e8re. Les \u00e9treprises logistiques sont d\u00e9j\u00e0 pr\u00eates \u00e0 vous aider en engagant un courtier. Ce type de l&rsquo;affaire est accept\u00e9 comme plus facile pour le vendeur parce ce que l&rsquo;\u00e9treprise sera responsable pour le document de d\u00e9claration douani\u00e8re, la pr\u00e9paration de quel exige le savoir-faire&nbsp; dans ce domaine douani\u00e8re.&nbsp; Ainsi vous serez oblig\u00e9z de payer l&rsquo;imp\u00f4t douani\u00e8re et le T.V.A. Notre \u00e9ntreprise fournit des documents suivants de notre partie:<\/p>\n\n\n\n<p>\u2022 Facture avec les prix, les accords \u00e0 la livraison et les coordonn\u00e9es des parties;<br>\u2022 un contrat<br>\u2022 sp\u00e9cification des marchandises (avec codes SH);<br>\u2022 Liste de colisage;<br>\u2022 Documentation technique.<\/p>\n\n\n\n<p>Des documents techniques ansi inclurent des tailles des machines, leurs poids, les d\u00e9scriptions des parties s&rsquo;il y a des parties d\u00e9tach\u00e9es et des r\u00e9gimes \u00e9l\u00e9ctriques.&nbsp; Tous les documents logistiques sont fournis par le chauffeur ( l&rsquo;\u00e9ntreprise logistiques).<\/p>\n","protected":false},"excerpt":{"rendered":"<p>Aujourd&rsquo;hui nous pouvons faire une affaire sans aucun probl\u00e8me avec l&rsquo;Internet, ainsi que tenir des pourparlers et attirer des clients potentiels int\u00e9ress\u00e9s aux produits avec&hellip;<\/p>\n","protected":false},"author":1,"featured_media":0,"parent":0,"menu_order":0,"comment_status":"closed","ping_status":"closed","template":"","meta":{"footnotes":""},"class_list":["post-120","page","type-page","status-publish","hentry"],"translation":{"provider":"WPGlobus","version":"3.0.0","language":"fr","enabled_languages":["en","tr","fr","ar","es","de","pt","ru"],"languages":{"en":{"title":true,"content":true,"excerpt":false},"tr":{"title":true,"content":true,"excerpt":false},"fr":{"title":true,"content":true,"excerpt":false},"ar":{"title":true,"content":true,"excerpt":false},"es":{"title":true,"content":true,"excerpt":false},"de":{"title":true,"content":true,"excerpt":false},"pt":{"title":true,"content":true,"excerpt":false},"ru":{"title":true,"content":true,"excerpt":false}}},"yoast_head":"<!-- This site is optimized with the Yoast SEO plugin v24.7 - https:\/\/yoast.com\/wordpress\/plugins\/seo\/ -->\n<title>L&#039;achat d&#039;\u00e9quipement \u00e0 laver de tapis et son importation - Machine \u00e0 laver les tapis<\/title>\n<meta name=\"description\" content=\"Vous achetez et importez des \u00e9quipements ? Obtenez des conseils d&#039;experts pour un processus fluide, des douanes claires et des fournisseurs fiables.\" \/>\n<meta name=\"robots\" content=\"index, follow, max-snippet:-1, max-image-preview:large, max-video-preview:-1\" \/>\n<link rel=\"canonical\" href=\"https:\/\/www.thecarpetwashingmachine.com\/equipment-purchasing-and-its-import\/\" \/>\n<meta property=\"og:locale\" content=\"fr_FR\" \/>\n<meta property=\"og:type\" content=\"article\" \/>\n<meta property=\"og:title\" content=\"L&#039;achat d&#039;\u00e9quipement \u00e0 laver de tapis et son importation - Machine \u00e0 laver les tapis\" \/>\n<meta property=\"og:description\" content=\"Vous achetez et importez des \u00e9quipements ? Obtenez des conseils d&#039;experts pour un processus fluide, des douanes claires et des fournisseurs fiables.\" \/>\n<meta property=\"og:url\" content=\"https:\/\/www.thecarpetwashingmachine.com\/equipment-purchasing-and-its-import\/\" \/>\n<meta property=\"og:site_name\" content=\"Machine \u00e0 laver les tapis\" \/>\n<meta property=\"article:publisher\" content=\"http:\/\/www.facebook.com\/carpetwashingmachine\" \/>\n<meta property=\"article:modified_time\" content=\"2025-07-03T13:36:27+00:00\" \/>\n<meta property=\"og:image\" content=\"https:\/\/www.thecarpetwashingmachine.com\/wp-content\/uploads\/2025\/07\/Untitled-design-10.png\" \/>\n\t<meta property=\"og:image:width\" content=\"750\" \/>\n\t<meta property=\"og:image:height\" content=\"500\" \/>\n\t<meta property=\"og:image:type\" content=\"image\/png\" \/>\n<meta name=\"twitter:card\" content=\"summary_large_image\" \/>\n<meta name=\"twitter:label1\" content=\"Dur\u00e9e de lecture estim\u00e9e\" \/>\n\t<meta name=\"twitter:data1\" content=\"2 minutes\" \/>\n<script type=\"application\/ld+json\" class=\"yoast-schema-graph\">{\"@context\":\"https:\/\/schema.org\",\"@graph\":[{\"@type\":\"WebPage\",\"@id\":\"https:\/\/www.thecarpetwashingmachine.com\/equipment-purchasing-and-its-import\/\",\"url\":\"https:\/\/www.thecarpetwashingmachine.com\/equipment-purchasing-and-its-import\/\",\"name\":\"\u041f\u0440\u0438\u043e\u0431\u0440\u0435\u0442\u0435\u043d\u0438\u0435 \u043e\u0431\u043e\u0440\u0443\u0434\u043e\u0432\u0430\u043d\u0438\u044f \u0438 \u0435\u0433\u043e \u0432\u0432\u043e\u0437 - Machine \u00e0 laver les tapis\",\"isPartOf\":{\"@id\":\"https:\/\/www.thecarpetwashingmachine.com\/#website\"},\"primaryImageOfPage\":{\"@id\":\"https:\/\/www.thecarpetwashingmachine.com\/equipment-purchasing-and-its-import\/#primaryimage\"},\"image\":{\"@id\":\"https:\/\/www.thecarpetwashingmachine.com\/equipment-purchasing-and-its-import\/#primaryimage\"},\"thumbnailUrl\":\"https:\/\/www.thecarpetwashingmachine.com\/wp-content\/uploads\/2025\/07\/Untitled-design-10.png\",\"datePublished\":\"2019-05-13T12:02:53+00:00\",\"dateModified\":\"2025-07-03T13:36:27+00:00\",\"description\":\"\u041f\u043e\u043a\u0443\u043f\u0430\u0435\u0442\u0435 \u043e\u0431\u043e\u0440\u0443\u0434\u043e\u0432\u0430\u043d\u0438\u0435 \u0437\u0430 \u0440\u0443\u0431\u0435\u0436\u043e\u043c? \u041f\u043e\u043b\u0443\u0447\u0438\u0442\u0435 \u044d\u043a\u0441\u043f\u0435\u0440\u0442\u043d\u044b\u0435 \u0441\u043e\u0432\u0435\u0442\u044b \u043f\u043e \u0431\u0435\u0441\u043f\u0440\u043e\u0431\u043b\u0435\u043c\u043d\u043e\u043c\u0443 \u0438\u043c\u043f\u043e\u0440\u0442\u0443, \u0442\u0430\u043c\u043e\u0436\u043d\u0435 \u0438 \u043f\u043e\u0438\u0441\u043a\u0443 \u043d\u0430\u0434\u0435\u0436\u043d\u044b\u0445 \u043f\u043e\u0441\u0442\u0430\u0432\u0449\u0438\u043a\u043e\u0432 \u0434\u043b\u044f \u0432\u0430\u0448\u0438\u0445 \u0433\u043b\u043e\u0431\u0430\u043b\u044c\u043d\u044b\u0445 \u043f\u043e\u043a\u0443\u043f\u043e\u043a.\",\"breadcrumb\":{\"@id\":\"https:\/\/www.thecarpetwashingmachine.com\/equipment-purchasing-and-its-import\/#breadcrumb\"},\"inLanguage\":\"fr-FR\",\"potentialAction\":[{\"@type\":\"ReadAction\",\"target\":[\"https:\/\/www.thecarpetwashingmachine.com\/equipment-purchasing-and-its-import\/\"]}]},{\"@type\":\"ImageObject\",\"inLanguage\":\"fr-FR\",\"@id\":\"https:\/\/www.thecarpetwashingmachine.com\/equipment-purchasing-and-its-import\/#primaryimage\",\"url\":\"https:\/\/www.thecarpetwashingmachine.com\/wp-content\/uploads\/2025\/07\/Untitled-design-10.png\",\"contentUrl\":\"https:\/\/www.thecarpetwashingmachine.com\/wp-content\/uploads\/2025\/07\/Untitled-design-10.png\"},{\"@type\":\"BreadcrumbList\",\"@id\":\"https:\/\/www.thecarpetwashingmachine.com\/equipment-purchasing-and-its-import\/#breadcrumb\",\"itemListElement\":[{\"@type\":\"ListItem\",\"position\":1,\"name\":\"Home\",\"item\":\"https:\/\/www.thecarpetwashingmachine.com\/\"},{\"@type\":\"ListItem\",\"position\":2,\"name\":\"Equipment purchasing and its import\"}]},{\"@type\":\"WebSite\",\"@id\":\"https:\/\/www.thecarpetwashingmachine.com\/#website\",\"url\":\"https:\/\/www.thecarpetwashingmachine.com\/\",\"name\":\"Machine \u00e0 laver les tapis\",\"description\":\"La machine \u00e0 laver les tapis est partout dans le monde !\",\"potentialAction\":[{\"@type\":\"SearchAction\",\"target\":{\"@type\":\"EntryPoint\",\"urlTemplate\":\"https:\/\/www.thecarpetwashingmachine.com\/?s={search_term_string}\"},\"query-input\":{\"@type\":\"PropertyValueSpecification\",\"valueRequired\":true,\"valueName\":\"search_term_string\"}}],\"inLanguage\":\"fr-FR\"}]}<\/script>\n<!-- \/ Yoast SEO plugin. -->","yoast_head_json":{"title":"L'achat d'\u00e9quipement \u00e0 laver de tapis et son importation - Machine \u00e0 laver les tapis","description":"Vous achetez et importez des \u00e9quipements ? Obtenez des conseils d'experts pour un processus fluide, des douanes claires et des fournisseurs fiables.","robots":{"index":"index","follow":"follow","max-snippet":"max-snippet:-1","max-image-preview":"max-image-preview:large","max-video-preview":"max-video-preview:-1"},"canonical":"https:\/\/www.thecarpetwashingmachine.com\/equipment-purchasing-and-its-import\/","og_locale":"fr_FR","og_type":"article","og_title":"L'achat d'\u00e9quipement \u00e0 laver de tapis et son importation - Machine \u00e0 laver les tapis","og_description":"Vous achetez et importez des \u00e9quipements ? Obtenez des conseils d'experts pour un processus fluide, des douanes claires et des fournisseurs fiables.","og_url":"https:\/\/www.thecarpetwashingmachine.com\/equipment-purchasing-and-its-import\/","og_site_name":"Machine \u00e0 laver les tapis","article_publisher":"http:\/\/www.facebook.com\/carpetwashingmachine","article_modified_time":"2025-07-03T13:36:27+00:00","og_image":[{"width":750,"height":500,"url":"https:\/\/www.thecarpetwashingmachine.com\/wp-content\/uploads\/2025\/07\/Untitled-design-10.png","type":"image\/png"}],"twitter_card":"summary_large_image","twitter_misc":{"Dur\u00e9e de lecture estim\u00e9e":"2 minutes"},"schema":{"@context":"https:\/\/schema.org","@graph":[{"@type":"WebPage","@id":"https:\/\/www.thecarpetwashingmachine.com\/equipment-purchasing-and-its-import\/","url":"https:\/\/www.thecarpetwashingmachine.com\/equipment-purchasing-and-its-import\/","name":"\u041f\u0440\u0438\u043e\u0431\u0440\u0435\u0442\u0435\u043d\u0438\u0435 \u043e\u0431\u043e\u0440\u0443\u0434\u043e\u0432\u0430\u043d\u0438\u044f \u0438 \u0435\u0433\u043e \u0432\u0432\u043e\u0437 - Machine \u00e0 laver les tapis","isPartOf":{"@id":"https:\/\/www.thecarpetwashingmachine.com\/#website"},"primaryImageOfPage":{"@id":"https:\/\/www.thecarpetwashingmachine.com\/equipment-purchasing-and-its-import\/#primaryimage"},"image":{"@id":"https:\/\/www.thecarpetwashingmachine.com\/equipment-purchasing-and-its-import\/#primaryimage"},"thumbnailUrl":"https:\/\/www.thecarpetwashingmachine.com\/wp-content\/uploads\/2025\/07\/Untitled-design-10.png","datePublished":"2019-05-13T12:02:53+00:00","dateModified":"2025-07-03T13:36:27+00:00","description":"\u041f\u043e\u043a\u0443\u043f\u0430\u0435\u0442\u0435 \u043e\u0431\u043e\u0440\u0443\u0434\u043e\u0432\u0430\u043d\u0438\u0435 \u0437\u0430 \u0440\u0443\u0431\u0435\u0436\u043e\u043c? \u041f\u043e\u043b\u0443\u0447\u0438\u0442\u0435 \u044d\u043a\u0441\u043f\u0435\u0440\u0442\u043d\u044b\u0435 \u0441\u043e\u0432\u0435\u0442\u044b \u043f\u043e \u0431\u0435\u0441\u043f\u0440\u043e\u0431\u043b\u0435\u043c\u043d\u043e\u043c\u0443 \u0438\u043c\u043f\u043e\u0440\u0442\u0443, \u0442\u0430\u043c\u043e\u0436\u043d\u0435 \u0438 \u043f\u043e\u0438\u0441\u043a\u0443 \u043d\u0430\u0434\u0435\u0436\u043d\u044b\u0445 \u043f\u043e\u0441\u0442\u0430\u0432\u0449\u0438\u043a\u043e\u0432 \u0434\u043b\u044f \u0432\u0430\u0448\u0438\u0445 \u0433\u043b\u043e\u0431\u0430\u043b\u044c\u043d\u044b\u0445 \u043f\u043e\u043a\u0443\u043f\u043e\u043a.","breadcrumb":{"@id":"https:\/\/www.thecarpetwashingmachine.com\/equipment-purchasing-and-its-import\/#breadcrumb"},"inLanguage":"fr-FR","potentialAction":[{"@type":"ReadAction","target":["https:\/\/www.thecarpetwashingmachine.com\/equipment-purchasing-and-its-import\/"]}]},{"@type":"ImageObject","inLanguage":"fr-FR","@id":"https:\/\/www.thecarpetwashingmachine.com\/equipment-purchasing-and-its-import\/#primaryimage","url":"https:\/\/www.thecarpetwashingmachine.com\/wp-content\/uploads\/2025\/07\/Untitled-design-10.png","contentUrl":"https:\/\/www.thecarpetwashingmachine.com\/wp-content\/uploads\/2025\/07\/Untitled-design-10.png"},{"@type":"BreadcrumbList","@id":"https:\/\/www.thecarpetwashingmachine.com\/equipment-purchasing-and-its-import\/#breadcrumb","itemListElement":[{"@type":"ListItem","position":1,"name":"Home","item":"https:\/\/www.thecarpetwashingmachine.com\/"},{"@type":"ListItem","position":2,"name":"Equipment purchasing and its import"}]},{"@type":"WebSite","@id":"https:\/\/www.thecarpetwashingmachine.com\/#website","url":"https:\/\/www.thecarpetwashingmachine.com\/","name":"Machine \u00e0 laver les tapis","description":"La machine \u00e0 laver les tapis est partout dans le monde !","potentialAction":[{"@type":"SearchAction","target":{"@type":"EntryPoint","urlTemplate":"https:\/\/www.thecarpetwashingmachine.com\/?s={search_term_string}"},"query-input":{"@type":"PropertyValueSpecification","valueRequired":true,"valueName":"search_term_string"}}],"inLanguage":"fr-FR"}]}},"_links":{"self":[{"href":"https:\/\/www.thecarpetwashingmachine.com\/fr\/wp-json\/wp\/v2\/pages\/120","targetHints":{"allow":["GET"]}}],"collection":[{"href":"https:\/\/www.thecarpetwashingmachine.com\/fr\/wp-json\/wp\/v2\/pages"}],"about":[{"href":"https:\/\/www.thecarpetwashingmachine.com\/fr\/wp-json\/wp\/v2\/types\/page"}],"author":[{"embeddable":true,"href":"https:\/\/www.thecarpetwashingmachine.com\/fr\/wp-json\/wp\/v2\/users\/1"}],"replies":[{"embeddable":true,"href":"https:\/\/www.thecarpetwashingmachine.com\/fr\/wp-json\/wp\/v2\/comments?post=120"}],"version-history":[{"count":37,"href":"https:\/\/www.thecarpetwashingmachine.com\/fr\/wp-json\/wp\/v2\/pages\/120\/revisions"}],"predecessor-version":[{"id":1795,"href":"https:\/\/www.thecarpetwashingmachine.com\/fr\/wp-json\/wp\/v2\/pages\/120\/revisions\/1795"}],"wp:attachment":[{"href":"https:\/\/www.thecarpetwashingmachine.com\/fr\/wp-json\/wp\/v2\/media?parent=120"}],"curies":[{"name":"wp","href":"https:\/\/api.w.org\/{rel}","templated":true}]}}