{"id":1016,"date":"2025-06-30T06:43:50","date_gmt":"2025-06-30T06:43:50","guid":{"rendered":"https:\/\/www.thecarpetwashingmachine.com\/?page_id=1016"},"modified":"2025-07-11T09:38:30","modified_gmt":"2025-07-11T09:38:30","slug":"about-us","status":"publish","type":"page","link":"https:\/\/www.thecarpetwashingmachine.com\/fr\/about-us\/","title":{"rendered":"Sur Nous &#8211; Ergin Machinery"},"content":{"rendered":"\n<p>Depuis 1968, Ergin Makina n&rsquo;a cess\u00e9 de cro\u00eetre, anim\u00e9e par un engagement envers l&rsquo;innovation et la qualit\u00e9. En 2017, nous avons \u00e9tendu nos op\u00e9rations dans une installation de 8 000 m\u00b2 dans la zone industrielle organis\u00e9e de Pancar. Aujourd&rsquo;hui, nos machines fiables op\u00e8rent dans plus de 80 pays \u2013 de l&rsquo;Australie aux \u00c9tats-Unis \u2013 renfor\u00e7ant les nettoyeurs de tapis \u00e0 l&rsquo;\u00e9chelle mondiale. Nous combinons plus de 50 ans d&rsquo;expertise avec une passion pour le progr\u00e8s, assurant une qualit\u00e9 in\u00e9gal\u00e9e. Notre accent sur les derni\u00e8res technologies, l&rsquo;ergonomie de pointe et la performance maximale nous distingue. Au-del\u00e0 du nettoyage, nos machines \u00e9conomisent des ressources pr\u00e9cieuses. La satisfaction client est le fondement de notre succ\u00e8s.<\/p>\n\n\n\n<figure class=\"wp-block-image aligncenter size-large\"><img loading=\"lazy\" decoding=\"async\" width=\"1024\" height=\"479\" src=\"https:\/\/www.thecarpetwashingmachine.com\/wp-content\/uploads\/2025\/06\/ergin-makina-hali-yikama-makinalari-fabrikasi-2-1024x479.jpg\" alt=\"Usine de machines \u00e0 laver les tapis Ergin Machinery\n\" class=\"wp-image-1019\" srcset=\"https:\/\/www.thecarpetwashingmachine.com\/wp-content\/uploads\/2025\/06\/ergin-makina-hali-yikama-makinalari-fabrikasi-2-1024x479.jpg 1024w, https:\/\/www.thecarpetwashingmachine.com\/wp-content\/uploads\/2025\/06\/ergin-makina-hali-yikama-makinalari-fabrikasi-2-300x140.jpg 300w, https:\/\/www.thecarpetwashingmachine.com\/wp-content\/uploads\/2025\/06\/ergin-makina-hali-yikama-makinalari-fabrikasi-2-768x360.jpg 768w, https:\/\/www.thecarpetwashingmachine.com\/wp-content\/uploads\/2025\/06\/ergin-makina-hali-yikama-makinalari-fabrikasi-2-1536x719.jpg 1536w, https:\/\/www.thecarpetwashingmachine.com\/wp-content\/uploads\/2025\/06\/ergin-makina-hali-yikama-makinalari-fabrikasi-2-2048x959.jpg 2048w, https:\/\/www.thecarpetwashingmachine.com\/wp-content\/uploads\/2025\/06\/ergin-makina-hali-yikama-makinalari-fabrikasi-2-1200x562.jpg 1200w\" sizes=\"auto, (max-width: 1024px) 100vw, 1024px\" \/><\/figure>\n","protected":false},"excerpt":{"rendered":"<p>Depuis 1968, Ergin Makina n&rsquo;a cess\u00e9 de cro\u00eetre, anim\u00e9e par un engagement envers l&rsquo;innovation et la qualit\u00e9. En 2017, nous avons \u00e9tendu nos op\u00e9rations dans&hellip;<\/p>\n","protected":false},"author":1,"featured_media":0,"parent":0,"menu_order":0,"comment_status":"closed","ping_status":"closed","template":"","meta":{"footnotes":""},"class_list":["post-1016","page","type-page","status-publish","hentry"],"translation":{"provider":"WPGlobus","version":"3.0.0","language":"fr","enabled_languages":["en","tr","fr","ar","es","de","pt","ru"],"languages":{"en":{"title":true,"content":true,"excerpt":false},"tr":{"title":true,"content":true,"excerpt":false},"fr":{"title":true,"content":true,"excerpt":false},"ar":{"title":true,"content":true,"excerpt":false},"es":{"title":true,"content":true,"excerpt":false},"de":{"title":true,"content":true,"excerpt":false},"pt":{"title":true,"content":true,"excerpt":false},"ru":{"title":true,"content":true,"excerpt":false}}},"yoast_head":"<!-- This site is optimized with the Yoast SEO plugin v24.7 - https:\/\/yoast.com\/wordpress\/plugins\/seo\/ -->\n<title>Sur Nous - Ergin Machinery<\/title>\n<meta name=\"description\" content=\"Ergin Makina: Leader en machines de nettoyage de tapis depuis 1968. Qualit\u00e9 et innovation pour +80 pays. \u00c9conomisez vos ressources.\" \/>\n<meta name=\"robots\" content=\"index, follow, max-snippet:-1, max-image-preview:large, max-video-preview:-1\" \/>\n<link rel=\"canonical\" href=\"https:\/\/www.thecarpetwashingmachine.com\/about-us\/\" \/>\n<meta property=\"og:locale\" content=\"fr_FR\" \/>\n<meta property=\"og:type\" content=\"article\" \/>\n<meta property=\"og:title\" content=\"Sur Nous - Ergin Machinery - Machine \u00e0 laver les tapis\" \/>\n<meta property=\"og:description\" content=\"Ergin Makina: Leader en machines de nettoyage de tapis depuis 1968. Qualit\u00e9 et innovation pour +80 pays. \u00c9conomisez vos ressources.\" \/>\n<meta property=\"og:url\" content=\"https:\/\/www.thecarpetwashingmachine.com\/about-us\/\" \/>\n<meta property=\"og:site_name\" content=\"Machine \u00e0 laver les tapis\" \/>\n<meta property=\"article:publisher\" content=\"http:\/\/www.facebook.com\/carpetwashingmachine\" \/>\n<meta property=\"article:modified_time\" content=\"2025-07-11T09:38:30+00:00\" \/>\n<meta property=\"og:image\" content=\"https:\/\/www.thecarpetwashingmachine.com\/wp-content\/uploads\/2025\/06\/ergin-makina-hali-yikama-makinalari-fabrikasi-2-scaled.jpg\" \/>\n\t<meta property=\"og:image:width\" content=\"2560\" \/>\n\t<meta property=\"og:image:height\" content=\"1199\" \/>\n\t<meta property=\"og:image:type\" content=\"image\/jpeg\" \/>\n<meta name=\"twitter:card\" content=\"summary_large_image\" \/>\n<meta name=\"twitter:label1\" content=\"Dur\u00e9e de lecture estim\u00e9e\" \/>\n\t<meta name=\"twitter:data1\" content=\"1 minute\" \/>\n<script type=\"application\/ld+json\" class=\"yoast-schema-graph\">{\"@context\":\"https:\/\/schema.org\",\"@graph\":[{\"@type\":\"WebPage\",\"@id\":\"https:\/\/www.thecarpetwashingmachine.com\/about-us\/\",\"url\":\"https:\/\/www.thecarpetwashingmachine.com\/about-us\/\",\"name\":\"Sur Nous - Ergin Machinery\",\"isPartOf\":{\"@id\":\"https:\/\/www.thecarpetwashingmachine.com\/#website\"},\"primaryImageOfPage\":{\"@id\":\"https:\/\/www.thecarpetwashingmachine.com\/about-us\/#primaryimage\"},\"image\":{\"@id\":\"https:\/\/www.thecarpetwashingmachine.com\/about-us\/#primaryimage\"},\"thumbnailUrl\":\"https:\/\/www.thecarpetwashingmachine.com\/wp-content\/uploads\/2025\/06\/ergin-makina-hali-yikama-makinalari-fabrikasi-2-1024x479.jpg\",\"datePublished\":\"2025-06-30T06:43:50+00:00\",\"dateModified\":\"2025-07-11T09:38:30+00:00\",\"description\":\"Ergin Machinery: Since 1968, a global leader in innovative carpet washing machines. Trusted quality, performance, and customer satisfaction.\",\"breadcrumb\":{\"@id\":\"https:\/\/www.thecarpetwashingmachine.com\/about-us\/#breadcrumb\"},\"inLanguage\":\"fr-FR\",\"potentialAction\":[{\"@type\":\"ReadAction\",\"target\":[\"https:\/\/www.thecarpetwashingmachine.com\/about-us\/\"]}]},{\"@type\":\"ImageObject\",\"inLanguage\":\"fr-FR\",\"@id\":\"https:\/\/www.thecarpetwashingmachine.com\/about-us\/#primaryimage\",\"url\":\"https:\/\/www.thecarpetwashingmachine.com\/wp-content\/uploads\/2025\/06\/ergin-makina-hali-yikama-makinalari-fabrikasi-2-1024x479.jpg\",\"contentUrl\":\"https:\/\/www.thecarpetwashingmachine.com\/wp-content\/uploads\/2025\/06\/ergin-makina-hali-yikama-makinalari-fabrikasi-2-1024x479.jpg\"},{\"@type\":\"BreadcrumbList\",\"@id\":\"https:\/\/www.thecarpetwashingmachine.com\/about-us\/#breadcrumb\",\"itemListElement\":[{\"@type\":\"ListItem\",\"position\":1,\"name\":\"Home\",\"item\":\"https:\/\/www.thecarpetwashingmachine.com\/\"},{\"@type\":\"ListItem\",\"position\":2,\"name\":\"About us &#8211; Ergin Machinery\"}]},{\"@type\":\"WebSite\",\"@id\":\"https:\/\/www.thecarpetwashingmachine.com\/#website\",\"url\":\"https:\/\/www.thecarpetwashingmachine.com\/\",\"name\":\"Machine \u00e0 laver les tapis\",\"description\":\"La machine \u00e0 laver les tapis est partout dans le monde !\",\"potentialAction\":[{\"@type\":\"SearchAction\",\"target\":{\"@type\":\"EntryPoint\",\"urlTemplate\":\"https:\/\/www.thecarpetwashingmachine.com\/?s={search_term_string}\"},\"query-input\":{\"@type\":\"PropertyValueSpecification\",\"valueRequired\":true,\"valueName\":\"search_term_string\"}}],\"inLanguage\":\"fr-FR\"}]}<\/script>\n<!-- \/ Yoast SEO plugin. -->","yoast_head_json":{"title":"Sur Nous - Ergin Machinery","description":"Ergin Makina: Leader en machines de nettoyage de tapis depuis 1968. Qualit\u00e9 et innovation pour +80 pays. \u00c9conomisez vos ressources.","robots":{"index":"index","follow":"follow","max-snippet":"max-snippet:-1","max-image-preview":"max-image-preview:large","max-video-preview":"max-video-preview:-1"},"canonical":"https:\/\/www.thecarpetwashingmachine.com\/about-us\/","og_locale":"fr_FR","og_type":"article","og_title":"Sur Nous - Ergin Machinery - Machine \u00e0 laver les tapis","og_description":"Ergin Makina: Leader en machines de nettoyage de tapis depuis 1968. Qualit\u00e9 et innovation pour +80 pays. \u00c9conomisez vos ressources.","og_url":"https:\/\/www.thecarpetwashingmachine.com\/about-us\/","og_site_name":"Machine \u00e0 laver les tapis","article_publisher":"http:\/\/www.facebook.com\/carpetwashingmachine","article_modified_time":"2025-07-11T09:38:30+00:00","og_image":[{"width":2560,"height":1199,"url":"https:\/\/www.thecarpetwashingmachine.com\/wp-content\/uploads\/2025\/06\/ergin-makina-hali-yikama-makinalari-fabrikasi-2-scaled.jpg","type":"image\/jpeg"}],"twitter_card":"summary_large_image","twitter_misc":{"Dur\u00e9e de lecture estim\u00e9e":"1 minute"},"schema":{"@context":"https:\/\/schema.org","@graph":[{"@type":"WebPage","@id":"https:\/\/www.thecarpetwashingmachine.com\/about-us\/","url":"https:\/\/www.thecarpetwashingmachine.com\/about-us\/","name":"Sur Nous - Ergin Machinery","isPartOf":{"@id":"https:\/\/www.thecarpetwashingmachine.com\/#website"},"primaryImageOfPage":{"@id":"https:\/\/www.thecarpetwashingmachine.com\/about-us\/#primaryimage"},"image":{"@id":"https:\/\/www.thecarpetwashingmachine.com\/about-us\/#primaryimage"},"thumbnailUrl":"https:\/\/www.thecarpetwashingmachine.com\/wp-content\/uploads\/2025\/06\/ergin-makina-hali-yikama-makinalari-fabrikasi-2-1024x479.jpg","datePublished":"2025-06-30T06:43:50+00:00","dateModified":"2025-07-11T09:38:30+00:00","description":"Ergin Machinery: Since 1968, a global leader in innovative carpet washing machines. Trusted quality, performance, and customer satisfaction.","breadcrumb":{"@id":"https:\/\/www.thecarpetwashingmachine.com\/about-us\/#breadcrumb"},"inLanguage":"fr-FR","potentialAction":[{"@type":"ReadAction","target":["https:\/\/www.thecarpetwashingmachine.com\/about-us\/"]}]},{"@type":"ImageObject","inLanguage":"fr-FR","@id":"https:\/\/www.thecarpetwashingmachine.com\/about-us\/#primaryimage","url":"https:\/\/www.thecarpetwashingmachine.com\/wp-content\/uploads\/2025\/06\/ergin-makina-hali-yikama-makinalari-fabrikasi-2-1024x479.jpg","contentUrl":"https:\/\/www.thecarpetwashingmachine.com\/wp-content\/uploads\/2025\/06\/ergin-makina-hali-yikama-makinalari-fabrikasi-2-1024x479.jpg"},{"@type":"BreadcrumbList","@id":"https:\/\/www.thecarpetwashingmachine.com\/about-us\/#breadcrumb","itemListElement":[{"@type":"ListItem","position":1,"name":"Home","item":"https:\/\/www.thecarpetwashingmachine.com\/"},{"@type":"ListItem","position":2,"name":"About us &#8211; Ergin Machinery"}]},{"@type":"WebSite","@id":"https:\/\/www.thecarpetwashingmachine.com\/#website","url":"https:\/\/www.thecarpetwashingmachine.com\/","name":"Machine \u00e0 laver les tapis","description":"La machine \u00e0 laver les tapis est partout dans le monde !","potentialAction":[{"@type":"SearchAction","target":{"@type":"EntryPoint","urlTemplate":"https:\/\/www.thecarpetwashingmachine.com\/?s={search_term_string}"},"query-input":{"@type":"PropertyValueSpecification","valueRequired":true,"valueName":"search_term_string"}}],"inLanguage":"fr-FR"}]}},"_links":{"self":[{"href":"https:\/\/www.thecarpetwashingmachine.com\/fr\/wp-json\/wp\/v2\/pages\/1016","targetHints":{"allow":["GET"]}}],"collection":[{"href":"https:\/\/www.thecarpetwashingmachine.com\/fr\/wp-json\/wp\/v2\/pages"}],"about":[{"href":"https:\/\/www.thecarpetwashingmachine.com\/fr\/wp-json\/wp\/v2\/types\/page"}],"author":[{"embeddable":true,"href":"https:\/\/www.thecarpetwashingmachine.com\/fr\/wp-json\/wp\/v2\/users\/1"}],"replies":[{"embeddable":true,"href":"https:\/\/www.thecarpetwashingmachine.com\/fr\/wp-json\/wp\/v2\/comments?post=1016"}],"version-history":[{"count":24,"href":"https:\/\/www.thecarpetwashingmachine.com\/fr\/wp-json\/wp\/v2\/pages\/1016\/revisions"}],"predecessor-version":[{"id":2144,"href":"https:\/\/www.thecarpetwashingmachine.com\/fr\/wp-json\/wp\/v2\/pages\/1016\/revisions\/2144"}],"wp:attachment":[{"href":"https:\/\/www.thecarpetwashingmachine.com\/fr\/wp-json\/wp\/v2\/media?parent=1016"}],"curies":[{"name":"wp","href":"https:\/\/api.w.org\/{rel}","templated":true}]}}