{"id":663,"date":"2025-06-12T11:16:45","date_gmt":"2025-06-12T11:16:45","guid":{"rendered":"https:\/\/www.thecarpetwashingmachine.com\/?page_id=663"},"modified":"2025-07-03T13:05:37","modified_gmt":"2025-07-03T13:05:37","slug":"carpet-washing-as-a-highly-perspective-and-lucrative-business-2","status":"publish","type":"page","link":"https:\/\/www.thecarpetwashingmachine.com\/es\/carpet-washing-as-a-highly-perspective-and-lucrative-business-2\/","title":{"rendered":"Lavado de Alfombras como un Negocio Altamente Perspectivo y Lucrativo."},"content":{"rendered":"<div class=\"wp-block-image\">\n<figure class=\"aligncenter size-full\"><img loading=\"lazy\" decoding=\"async\" width=\"750\" height=\"500\" src=\"https:\/\/www.thecarpetwashingmachine.com\/wp-content\/uploads\/2025\/07\/Untitled-design-10.png\" alt=\"Automatic carpet washing machine\" class=\"wp-image-1618\" srcset=\"https:\/\/www.thecarpetwashingmachine.com\/wp-content\/uploads\/2025\/07\/Untitled-design-10.png 750w, https:\/\/www.thecarpetwashingmachine.com\/wp-content\/uploads\/2025\/07\/Untitled-design-10-300x200.png 300w\" sizes=\"auto, (max-width: 750px) 100vw, 750px\" \/><\/figure><\/div>\n\n\n<p><\/p>\n\n\n\n<p>En los \u00faltimos a\u00f1os, los <strong>servicios de lavado de alfombras<\/strong> se han vuelto cada vez m\u00e1s populares. Aunque hace varios a\u00f1os la gente sol\u00eda encargarse de lavar las alfombras por s\u00ed misma, utilizando algunos art\u00edculos dom\u00e9sticos. Esto se asocia principalmente con la aparici\u00f3n de <strong>equipos de lavado de alfombras<\/strong> en el mercado internacional, cuya popularidad difiere de un pa\u00eds a otro y de una regi\u00f3n a otra. \u00bfCu\u00e1l es la raz\u00f3n por la que las amas de casa modernas no quieren<sup><\/sup> limpiar alfombras por s\u00ed mismas? Aparentemente, la respuesta es bastante simple: no es posible deshacerse de varias manchas, \u00e1caros y todo el polvo acumulado en la alfombra. Al usar supuestos productos qu\u00edmicos especializados para el lavado de alfombras en condiciones dom\u00e9sticas, pones en peligro no solo tu alfombra, sino tambi\u00e9n a ti mismo, como superficie donde se realiza la limpieza. Es decir, te arriesgas a: \u2013 inhalar humos de productos qu\u00edmicos; \u2013 da\u00f1ar la estructura de la alfombra; \u2013 hacer que tu alfombra se desvanezca; \u2013 que los colores se vuelvan mates. Todas las razones mencionadas anteriormente generan el inter\u00e9s y la demanda del <strong>lavado profesional de alfombras<\/strong>, ya que preserva el aspecto exterior de la alfombra y economiza el tiempo.<\/p>\n\n\n\n<p>Actualmente, <strong>Turqu\u00eda ocupa la primera posici\u00f3n<\/strong> en la fabricaci\u00f3n de dichos equipos. Tambi\u00e9n se debe a que este pa\u00eds produce alfombras de renombre mundial que todo turista sue\u00f1a con comprar. Este negocio ha prosperado en Turqu\u00eda durante m\u00e1s de 30 a\u00f1os. Los fabricantes comenzaron su producci\u00f3n con peque\u00f1os hidroextractores. Ahora, producen <a href=\"https:\/\/www.thecarpetwashingmachine.com\/es\/automatic-carpet-washing-machine-er-4200\/\">equipos autom\u00e1ticos completamente<\/a> nuevos para lavar alfombras. Por lo tanto, Rusia, Ruman\u00eda, Polonia y otros pa\u00edses tuvieron una gran posibilidad de adoptar esta experiencia y lanzar un nuevo negocio, a\u00fan no muy popular.<\/p>\n\n\n\n<p><\/p>\n","protected":false},"excerpt":{"rendered":"<p>En los \u00faltimos a\u00f1os, los servicios de lavado de alfombras se han vuelto cada vez m\u00e1s populares. Aunque hace varios a\u00f1os la gente sol\u00eda encargarse&hellip;<\/p>\n","protected":false},"author":1,"featured_media":0,"parent":0,"menu_order":0,"comment_status":"closed","ping_status":"closed","template":"","meta":{"footnotes":""},"class_list":["post-663","page","type-page","status-publish","hentry"],"translation":{"provider":"WPGlobus","version":"3.0.0","language":"es","enabled_languages":["en","tr","fr","ar","es","de","pt","ru"],"languages":{"en":{"title":true,"content":true,"excerpt":false},"tr":{"title":true,"content":true,"excerpt":false},"fr":{"title":true,"content":true,"excerpt":false},"ar":{"title":true,"content":true,"excerpt":false},"es":{"title":true,"content":true,"excerpt":false},"de":{"title":true,"content":true,"excerpt":false},"pt":{"title":true,"content":true,"excerpt":false},"ru":{"title":true,"content":true,"excerpt":false}}},"yoast_head":"<!-- This site is optimized with the Yoast SEO plugin v24.7 - https:\/\/yoast.com\/wordpress\/plugins\/seo\/ -->\n<title>Lavado de Alfombras: Negocio Prometedor y Rentable - Lavadora de alfombras<\/title>\n<meta name=\"description\" content=\"Lavado profesional de alfombras: \u00a1Ahorra tiempo y protege tus alfombras! Evita qu\u00edmicos. Descubre la experiencia turca en equipos de lavado.\" \/>\n<meta name=\"robots\" content=\"index, follow, max-snippet:-1, max-image-preview:large, max-video-preview:-1\" \/>\n<link rel=\"canonical\" href=\"https:\/\/www.thecarpetwashingmachine.com\/carpet-washing-as-a-highly-perspective-and-lucrative-business-2\/\" \/>\n<meta property=\"og:locale\" content=\"es_ES\" \/>\n<meta property=\"og:type\" content=\"article\" \/>\n<meta property=\"og:title\" content=\"Lavado de Alfombras: Negocio Prometedor y Rentable - Lavadora de alfombras\" \/>\n<meta property=\"og:description\" content=\"Lavado profesional de alfombras: \u00a1Ahorra tiempo y protege tus alfombras! Evita qu\u00edmicos. Descubre la experiencia turca en equipos de lavado.\" \/>\n<meta property=\"og:url\" content=\"https:\/\/www.thecarpetwashingmachine.com\/carpet-washing-as-a-highly-perspective-and-lucrative-business-2\/\" \/>\n<meta property=\"og:site_name\" content=\"Lavadora de alfombras\" \/>\n<meta property=\"article:publisher\" content=\"http:\/\/www.facebook.com\/carpetwashingmachine\" \/>\n<meta property=\"article:modified_time\" content=\"2025-07-03T13:05:37+00:00\" \/>\n<meta property=\"og:image\" content=\"https:\/\/www.thecarpetwashingmachine.com\/wp-content\/uploads\/2025\/07\/Untitled-design-10.png\" \/>\n\t<meta property=\"og:image:width\" content=\"750\" \/>\n\t<meta property=\"og:image:height\" content=\"500\" \/>\n\t<meta property=\"og:image:type\" content=\"image\/png\" \/>\n<meta name=\"twitter:card\" content=\"summary_large_image\" \/>\n<meta name=\"twitter:label1\" content=\"Tiempo de lectura\" \/>\n\t<meta name=\"twitter:data1\" content=\"2 minutos\" \/>\n<script type=\"application\/ld+json\" class=\"yoast-schema-graph\">{\"@context\":\"https:\/\/schema.org\",\"@graph\":[{\"@type\":\"WebPage\",\"@id\":\"https:\/\/www.thecarpetwashingmachine.com\/carpet-washing-as-a-highly-perspective-and-lucrative-business-2\/\",\"url\":\"https:\/\/www.thecarpetwashingmachine.com\/carpet-washing-as-a-highly-perspective-and-lucrative-business-2\/\",\"name\":\"Lavado de Alfombras como un Negocio Altamente Perspectivo y Lucrativo. - Lavadora de alfombras\",\"isPartOf\":{\"@id\":\"https:\/\/www.thecarpetwashingmachine.com\/#website\"},\"primaryImageOfPage\":{\"@id\":\"https:\/\/www.thecarpetwashingmachine.com\/carpet-washing-as-a-highly-perspective-and-lucrative-business-2\/#primaryimage\"},\"image\":{\"@id\":\"https:\/\/www.thecarpetwashingmachine.com\/carpet-washing-as-a-highly-perspective-and-lucrative-business-2\/#primaryimage\"},\"thumbnailUrl\":\"https:\/\/www.thecarpetwashingmachine.com\/wp-content\/uploads\/2025\/07\/Untitled-design-10.png\",\"datePublished\":\"2025-06-12T11:16:45+00:00\",\"dateModified\":\"2025-07-03T13:05:37+00:00\",\"description\":\"Professional carpet washing saves time and preserves your carpets! Avoid DIY damage. Discover Turkey's leading carpet cleaning equipment.\",\"breadcrumb\":{\"@id\":\"https:\/\/www.thecarpetwashingmachine.com\/carpet-washing-as-a-highly-perspective-and-lucrative-business-2\/#breadcrumb\"},\"inLanguage\":\"es\",\"potentialAction\":[{\"@type\":\"ReadAction\",\"target\":[\"https:\/\/www.thecarpetwashingmachine.com\/carpet-washing-as-a-highly-perspective-and-lucrative-business-2\/\"]}]},{\"@type\":\"ImageObject\",\"inLanguage\":\"es\",\"@id\":\"https:\/\/www.thecarpetwashingmachine.com\/carpet-washing-as-a-highly-perspective-and-lucrative-business-2\/#primaryimage\",\"url\":\"https:\/\/www.thecarpetwashingmachine.com\/wp-content\/uploads\/2025\/07\/Untitled-design-10.png\",\"contentUrl\":\"https:\/\/www.thecarpetwashingmachine.com\/wp-content\/uploads\/2025\/07\/Untitled-design-10.png\"},{\"@type\":\"BreadcrumbList\",\"@id\":\"https:\/\/www.thecarpetwashingmachine.com\/carpet-washing-as-a-highly-perspective-and-lucrative-business-2\/#breadcrumb\",\"itemListElement\":[{\"@type\":\"ListItem\",\"position\":1,\"name\":\"Home\",\"item\":\"https:\/\/www.thecarpetwashingmachine.com\/\"},{\"@type\":\"ListItem\",\"position\":2,\"name\":\"Carpet Washing as a Highly Perspective and Lucrative Business\"}]},{\"@type\":\"WebSite\",\"@id\":\"https:\/\/www.thecarpetwashingmachine.com\/#website\",\"url\":\"https:\/\/www.thecarpetwashingmachine.com\/\",\"name\":\"Lavadora de alfombras\",\"description\":\"\u00a1La lavadora de alfombras est\u00e1 en todo el mundo!\",\"potentialAction\":[{\"@type\":\"SearchAction\",\"target\":{\"@type\":\"EntryPoint\",\"urlTemplate\":\"https:\/\/www.thecarpetwashingmachine.com\/?s={search_term_string}\"},\"query-input\":{\"@type\":\"PropertyValueSpecification\",\"valueRequired\":true,\"valueName\":\"search_term_string\"}}],\"inLanguage\":\"es\"}]}<\/script>\n<!-- \/ Yoast SEO plugin. -->","yoast_head_json":{"title":"Lavado de Alfombras: Negocio Prometedor y Rentable - Lavadora de alfombras","description":"Lavado profesional de alfombras: \u00a1Ahorra tiempo y protege tus alfombras! Evita qu\u00edmicos. Descubre la experiencia turca en equipos de lavado.","robots":{"index":"index","follow":"follow","max-snippet":"max-snippet:-1","max-image-preview":"max-image-preview:large","max-video-preview":"max-video-preview:-1"},"canonical":"https:\/\/www.thecarpetwashingmachine.com\/carpet-washing-as-a-highly-perspective-and-lucrative-business-2\/","og_locale":"es_ES","og_type":"article","og_title":"Lavado de Alfombras: Negocio Prometedor y Rentable - Lavadora de alfombras","og_description":"Lavado profesional de alfombras: \u00a1Ahorra tiempo y protege tus alfombras! Evita qu\u00edmicos. Descubre la experiencia turca en equipos de lavado.","og_url":"https:\/\/www.thecarpetwashingmachine.com\/carpet-washing-as-a-highly-perspective-and-lucrative-business-2\/","og_site_name":"Lavadora de alfombras","article_publisher":"http:\/\/www.facebook.com\/carpetwashingmachine","article_modified_time":"2025-07-03T13:05:37+00:00","og_image":[{"width":750,"height":500,"url":"https:\/\/www.thecarpetwashingmachine.com\/wp-content\/uploads\/2025\/07\/Untitled-design-10.png","type":"image\/png"}],"twitter_card":"summary_large_image","twitter_misc":{"Tiempo de lectura":"2 minutos"},"schema":{"@context":"https:\/\/schema.org","@graph":[{"@type":"WebPage","@id":"https:\/\/www.thecarpetwashingmachine.com\/carpet-washing-as-a-highly-perspective-and-lucrative-business-2\/","url":"https:\/\/www.thecarpetwashingmachine.com\/carpet-washing-as-a-highly-perspective-and-lucrative-business-2\/","name":"Lavado de Alfombras como un Negocio Altamente Perspectivo y Lucrativo. - Lavadora de alfombras","isPartOf":{"@id":"https:\/\/www.thecarpetwashingmachine.com\/#website"},"primaryImageOfPage":{"@id":"https:\/\/www.thecarpetwashingmachine.com\/carpet-washing-as-a-highly-perspective-and-lucrative-business-2\/#primaryimage"},"image":{"@id":"https:\/\/www.thecarpetwashingmachine.com\/carpet-washing-as-a-highly-perspective-and-lucrative-business-2\/#primaryimage"},"thumbnailUrl":"https:\/\/www.thecarpetwashingmachine.com\/wp-content\/uploads\/2025\/07\/Untitled-design-10.png","datePublished":"2025-06-12T11:16:45+00:00","dateModified":"2025-07-03T13:05:37+00:00","description":"Professional carpet washing saves time and preserves your carpets! Avoid DIY damage. Discover Turkey's leading carpet cleaning equipment.","breadcrumb":{"@id":"https:\/\/www.thecarpetwashingmachine.com\/carpet-washing-as-a-highly-perspective-and-lucrative-business-2\/#breadcrumb"},"inLanguage":"es","potentialAction":[{"@type":"ReadAction","target":["https:\/\/www.thecarpetwashingmachine.com\/carpet-washing-as-a-highly-perspective-and-lucrative-business-2\/"]}]},{"@type":"ImageObject","inLanguage":"es","@id":"https:\/\/www.thecarpetwashingmachine.com\/carpet-washing-as-a-highly-perspective-and-lucrative-business-2\/#primaryimage","url":"https:\/\/www.thecarpetwashingmachine.com\/wp-content\/uploads\/2025\/07\/Untitled-design-10.png","contentUrl":"https:\/\/www.thecarpetwashingmachine.com\/wp-content\/uploads\/2025\/07\/Untitled-design-10.png"},{"@type":"BreadcrumbList","@id":"https:\/\/www.thecarpetwashingmachine.com\/carpet-washing-as-a-highly-perspective-and-lucrative-business-2\/#breadcrumb","itemListElement":[{"@type":"ListItem","position":1,"name":"Home","item":"https:\/\/www.thecarpetwashingmachine.com\/"},{"@type":"ListItem","position":2,"name":"Carpet Washing as a Highly Perspective and Lucrative Business"}]},{"@type":"WebSite","@id":"https:\/\/www.thecarpetwashingmachine.com\/#website","url":"https:\/\/www.thecarpetwashingmachine.com\/","name":"Lavadora de alfombras","description":"\u00a1La lavadora de alfombras est\u00e1 en todo el mundo!","potentialAction":[{"@type":"SearchAction","target":{"@type":"EntryPoint","urlTemplate":"https:\/\/www.thecarpetwashingmachine.com\/?s={search_term_string}"},"query-input":{"@type":"PropertyValueSpecification","valueRequired":true,"valueName":"search_term_string"}}],"inLanguage":"es"}]}},"_links":{"self":[{"href":"https:\/\/www.thecarpetwashingmachine.com\/es\/wp-json\/wp\/v2\/pages\/663","targetHints":{"allow":["GET"]}}],"collection":[{"href":"https:\/\/www.thecarpetwashingmachine.com\/es\/wp-json\/wp\/v2\/pages"}],"about":[{"href":"https:\/\/www.thecarpetwashingmachine.com\/es\/wp-json\/wp\/v2\/types\/page"}],"author":[{"embeddable":true,"href":"https:\/\/www.thecarpetwashingmachine.com\/es\/wp-json\/wp\/v2\/users\/1"}],"replies":[{"embeddable":true,"href":"https:\/\/www.thecarpetwashingmachine.com\/es\/wp-json\/wp\/v2\/comments?post=663"}],"version-history":[{"count":44,"href":"https:\/\/www.thecarpetwashingmachine.com\/es\/wp-json\/wp\/v2\/pages\/663\/revisions"}],"predecessor-version":[{"id":1765,"href":"https:\/\/www.thecarpetwashingmachine.com\/es\/wp-json\/wp\/v2\/pages\/663\/revisions\/1765"}],"wp:attachment":[{"href":"https:\/\/www.thecarpetwashingmachine.com\/es\/wp-json\/wp\/v2\/media?parent=663"}],"curies":[{"name":"wp","href":"https:\/\/api.w.org\/{rel}","templated":true}]}}