{"id":56,"date":"2018-05-24T17:44:19","date_gmt":"2018-05-24T17:44:19","guid":{"rendered":"http:\/\/thecarpetwashingmachine.com\/?page_id=56"},"modified":"2025-07-07T13:56:34","modified_gmt":"2025-07-07T13:56:34","slug":"carpet-washing-machine-2-7-m","status":"publish","type":"page","link":"https:\/\/www.thecarpetwashingmachine.com\/es\/carpet-washing-machine-2-7-m\/","title":{"rendered":"Lavadoras de alfombras 2.7 m"},"content":{"rendered":"\n<figure class=\"wp-block-image aligncenter\"><img loading=\"lazy\" decoding=\"async\" width=\"500\" height=\"278\" src=\"https:\/\/www.thecarpetwashingmachine.com\/wp-content\/uploads\/2018\/05\/carpet-washing-machine.png\" alt=\"M\u00e1quinas de Lavado de Alfombras\n\" class=\"wp-image-35\" srcset=\"https:\/\/www.thecarpetwashingmachine.com\/wp-content\/uploads\/2018\/05\/carpet-washing-machine.png 500w, https:\/\/www.thecarpetwashingmachine.com\/wp-content\/uploads\/2018\/05\/carpet-washing-machine-300x167.png 300w\" sizes=\"auto, (max-width: 500px) 100vw, 500px\" \/><\/figure>\n\n\n\n<p><\/p>\n\n\n\n<p>Las lavadoras de alfombras de 2,7 m son muy comunes en algunos pa\u00edses, como Turqu\u00eda, Grecia, Bulgaria, Alemania, Pa\u00edses Bajos, B\u00e9lgica, Francia, Suecia, Noruega, Dinamarca, Italia. Estas m\u00e1quinas pueden lavar hasta 9 m2 sin ning\u00fan problema.<\/p>\n\n\n\n<h3 class=\"wp-block-heading\">\u00bf Cu\u00e1les pa\u00edses son buenos para este tipo de lavadoras de alfombras?<\/h3>\n\n\n\n<p>Esta m\u00e1quina es muy recomendable para pa\u00edses con al menos 70 &#8211; 80% de sus alfombras de 2 m o 2.5 m. En el mercado, puede ver que este es el modelo m\u00e1s destacado para lavadoras de alfombras. Hay buenas razones Porque la mayor\u00eda de los fabricantes de alfombras no producen m\u00e1s de 6 m2 en la actualidad. Porque ahora vivimos en pisos y estos pisos son mucho m\u00e1s peque\u00f1os que otros locales en los que viv\u00edamos. Sin embargo, algunas alfombras tradicionales suelen tener 2,5 m de ancho. Las alfombras tradicionales que tienen origen oriental, como el turco, el persa, el afgano, el turcomano, etc., tambi\u00e9n pueden tener tama\u00f1os a\u00fan mayores, de 3 a 4 metros son muy comunes.<\/p>\n\n\n\n<h4 class=\"wp-block-heading\">\u00bfC\u00f3mo debe ser una lavadora de alfombras de 2.7 m?<\/h4>\n\n\n\n<p>Estas m\u00e1quinas deben tener todas las especificaciones que anotamos en nuestro art\u00edculo Conceptos <a href=\"https:\/\/www.thecarpetwashingmachine.com\/es\">b\u00e1sicos sobre las lavadoras de alfombras<\/a>. En resumen, deben ser completamente autom\u00e1ticos, de acero inoxidable, equipados con piezas el\u00e9ctricas de buena calidad, etc. Adem\u00e1s, esta m\u00e1quina debe tener al menos 3 cepillos de disco. El n\u00famero recomendado de cepillos de disco es de 6 cepillos de disco. Un cepillo de rodillo debe ser bueno, seguido de un sistema de rasqueta y agua a presi\u00f3n. El agua a presi\u00f3n es esencial para eliminar el polvo, los desechos y los materiales dentro de las alfombras. Puede ver algunas m\u00e1quinas con sistema de vac\u00edo. Sin embargo, el sistema de vac\u00edo no es bueno debido a las siguientes razones:<\/p>\n\n\n\n<p>Las alfombras deben empaparse antes de la operaci\u00f3n de secado para aumentar la longevidad de las m\u00e1quinas centr\u00edfugas. \u00bfC\u00f3mo? Un sistema de vac\u00edo solo elimina el 30 &#8211; 40% del agua total dentro de la alfombra, no todo. Significa que la m\u00e1quina estar\u00e1 en proceso de centrifugaci\u00f3n de todos modos, ya que los exprimidores centr\u00edfugos de la alfombra eliminan del 95 al 98% de la humedad dentro de la alfombra. Antes de centrifugar, una alfombra debe estar completamente empapada. Si no, la m\u00e1quina resultar\u00e1 caminando.<\/p>\n\n\n\n<p>Caminar es sacudir la m\u00e1quina centr\u00edfuga con mucha fuerza, lo que significa que algo est\u00e1 mal con la operaci\u00f3n. El caminar demasiado de la m\u00e1quina a largo plazo puede ocasionar problemas t\u00e9cnicos con la m\u00e1quina.<\/p>\n","protected":false},"excerpt":{"rendered":"<p>Las lavadoras de alfombras de 2,7 m son muy comunes en algunos pa\u00edses, como Turqu\u00eda, Grecia, Bulgaria, Alemania, Pa\u00edses Bajos, B\u00e9lgica, Francia, Suecia, Noruega, Dinamarca,&hellip;<\/p>\n","protected":false},"author":1,"featured_media":0,"parent":0,"menu_order":0,"comment_status":"closed","ping_status":"closed","template":"","meta":{"footnotes":""},"class_list":["post-56","page","type-page","status-publish","hentry"],"translation":{"provider":"WPGlobus","version":"3.0.0","language":"es","enabled_languages":["en","tr","fr","ar","es","de","pt","ru"],"languages":{"en":{"title":true,"content":true,"excerpt":false},"tr":{"title":true,"content":true,"excerpt":false},"fr":{"title":true,"content":true,"excerpt":false},"ar":{"title":true,"content":true,"excerpt":false},"es":{"title":true,"content":true,"excerpt":false},"de":{"title":true,"content":true,"excerpt":false},"pt":{"title":true,"content":true,"excerpt":false},"ru":{"title":true,"content":true,"excerpt":false}}},"yoast_head":"<!-- This site is optimized with the Yoast SEO plugin v24.7 - https:\/\/yoast.com\/wordpress\/plugins\/seo\/ -->\n<title>Lavadoras de alfombras 2.7 m - Lavadora de alfombras<\/title>\n<meta name=\"description\" content=\"Las m\u00e1quinas lavadoras de alfombras est\u00e1ndar suelen tener una cinta transportadora de 2,7 m de ancho, tambi\u00e9n conocida como el ancho m\u00e1ximo de alfombra. Estas son las m\u00e1quinas m\u00e1s vendidas entre los lavadores de alfombras.\" \/>\n<meta name=\"robots\" content=\"index, follow, max-snippet:-1, max-image-preview:large, max-video-preview:-1\" \/>\n<link rel=\"canonical\" href=\"https:\/\/www.thecarpetwashingmachine.com\/carpet-washing-machine-2-7-m\/\" \/>\n<meta property=\"og:locale\" content=\"es_ES\" \/>\n<meta property=\"og:type\" content=\"article\" \/>\n<meta property=\"og:title\" content=\"Lavadoras de alfombras 2.7 m - Lavadora de alfombras\" \/>\n<meta property=\"og:description\" content=\"Las m\u00e1quinas lavadoras de alfombras est\u00e1ndar suelen tener una cinta transportadora de 2,7 m de ancho, tambi\u00e9n conocida como el ancho m\u00e1ximo de alfombra. Estas son las m\u00e1quinas m\u00e1s vendidas entre los lavadores de alfombras.\" \/>\n<meta property=\"og:url\" content=\"https:\/\/www.thecarpetwashingmachine.com\/carpet-washing-machine-2-7-m\/\" \/>\n<meta property=\"og:site_name\" content=\"Lavadora de alfombras\" \/>\n<meta property=\"article:publisher\" content=\"http:\/\/www.facebook.com\/carpetwashingmachine\" \/>\n<meta property=\"article:modified_time\" content=\"2025-07-07T13:56:34+00:00\" \/>\n<meta property=\"og:image\" content=\"https:\/\/www.thecarpetwashingmachine.com\/wp-content\/uploads\/2018\/05\/carpet-washing-machine.png\" \/>\n\t<meta property=\"og:image:width\" content=\"500\" \/>\n\t<meta property=\"og:image:height\" content=\"278\" \/>\n\t<meta property=\"og:image:type\" content=\"image\/png\" \/>\n<meta name=\"twitter:card\" content=\"summary_large_image\" \/>\n<meta name=\"twitter:label1\" content=\"Tiempo de lectura\" \/>\n\t<meta name=\"twitter:data1\" content=\"2 minutos\" \/>\n<script type=\"application\/ld+json\" class=\"yoast-schema-graph\">{\"@context\":\"https:\/\/schema.org\",\"@graph\":[{\"@type\":\"WebPage\",\"@id\":\"https:\/\/www.thecarpetwashingmachine.com\/carpet-washing-machine-2-7-m\/\",\"url\":\"https:\/\/www.thecarpetwashingmachine.com\/carpet-washing-machine-2-7-m\/\",\"name\":\"\u041a\u043e\u0432\u0440\u043e\u043c\u043e\u0435\u0447\u043d\u044b\u0435 \u043c\u0430\u0448\u0438\u043d\u044b 2.7 \u043c. - Lavadora de alfombras\",\"isPartOf\":{\"@id\":\"https:\/\/www.thecarpetwashingmachine.com\/#website\"},\"primaryImageOfPage\":{\"@id\":\"https:\/\/www.thecarpetwashingmachine.com\/carpet-washing-machine-2-7-m\/#primaryimage\"},\"image\":{\"@id\":\"https:\/\/www.thecarpetwashingmachine.com\/carpet-washing-machine-2-7-m\/#primaryimage\"},\"thumbnailUrl\":\"https:\/\/www.thecarpetwashingmachine.com\/wp-content\/uploads\/2018\/05\/carpet-washing-machine.png\",\"datePublished\":\"2018-05-24T17:44:19+00:00\",\"dateModified\":\"2025-07-07T13:56:34+00:00\",\"description\":\"\u0421\u0442\u0430\u043d\u0434\u0430\u0440\u0442\u043d\u044b\u0435 \u043c\u0430\u0448\u0438\u043d\u044b \u0434\u043b\u044f \u0441\u0442\u0438\u0440\u043a\u0438 \u043a\u043e\u0432\u0440\u043e\u0432 \u043e\u0431\u044b\u0447\u043d\u043e \u0438\u043c\u0435\u044e\u0442 \u0448\u0438\u0440\u0438\u043d\u0443 \u043a\u043e\u043d\u0432\u0435\u0439\u0435\u0440\u043d\u043e\u0439 \u043b\u0435\u043d\u0442\u044b 2,7 \u043c, \u0442\u0430\u043a\u0436\u0435 \u0438\u0437\u0432\u0435\u0441\u0442\u043d\u0443\u044e \u043a\u0430\u043a \u043c\u0430\u043a\u0441\u0438\u043c\u0430\u043b\u044c\u043d\u0430\u044f \u0448\u0438\u0440\u0438\u043d\u0430 \u043a\u043e\u0432\u0440\u0430. \u042d\u0442\u043e \u0441\u0430\u043c\u044b\u0435 \u043f\u0440\u043e\u0434\u0430\u0432\u0430\u0435\u043c\u044b\u0435 \u043c\u0430\u0448\u0438\u043d\u044b \u0441\u0440\u0435\u0434\u0438 \u0442\u0435\u0445, \u043a\u0442\u043e \u0437\u0430\u043d\u0438\u043c\u0430\u0435\u0442\u0441\u044f \u0441\u0442\u0438\u0440\u043a\u043e\u0439 \u043a\u043e\u0432\u0440\u043e\u0432.\",\"breadcrumb\":{\"@id\":\"https:\/\/www.thecarpetwashingmachine.com\/carpet-washing-machine-2-7-m\/#breadcrumb\"},\"inLanguage\":\"es\",\"potentialAction\":[{\"@type\":\"ReadAction\",\"target\":[\"https:\/\/www.thecarpetwashingmachine.com\/carpet-washing-machine-2-7-m\/\"]}]},{\"@type\":\"ImageObject\",\"inLanguage\":\"es\",\"@id\":\"https:\/\/www.thecarpetwashingmachine.com\/carpet-washing-machine-2-7-m\/#primaryimage\",\"url\":\"https:\/\/www.thecarpetwashingmachine.com\/wp-content\/uploads\/2018\/05\/carpet-washing-machine.png\",\"contentUrl\":\"https:\/\/www.thecarpetwashingmachine.com\/wp-content\/uploads\/2018\/05\/carpet-washing-machine.png\"},{\"@type\":\"BreadcrumbList\",\"@id\":\"https:\/\/www.thecarpetwashingmachine.com\/carpet-washing-machine-2-7-m\/#breadcrumb\",\"itemListElement\":[{\"@type\":\"ListItem\",\"position\":1,\"name\":\"Home\",\"item\":\"https:\/\/www.thecarpetwashingmachine.com\/\"},{\"@type\":\"ListItem\",\"position\":2,\"name\":\"Carpet Washing Machine 2.7 m\"}]},{\"@type\":\"WebSite\",\"@id\":\"https:\/\/www.thecarpetwashingmachine.com\/#website\",\"url\":\"https:\/\/www.thecarpetwashingmachine.com\/\",\"name\":\"Lavadora de alfombras\",\"description\":\"\u00a1La lavadora de alfombras est\u00e1 en todo el mundo!\",\"potentialAction\":[{\"@type\":\"SearchAction\",\"target\":{\"@type\":\"EntryPoint\",\"urlTemplate\":\"https:\/\/www.thecarpetwashingmachine.com\/?s={search_term_string}\"},\"query-input\":{\"@type\":\"PropertyValueSpecification\",\"valueRequired\":true,\"valueName\":\"search_term_string\"}}],\"inLanguage\":\"es\"}]}<\/script>\n<!-- \/ Yoast SEO plugin. -->","yoast_head_json":{"title":"Lavadoras de alfombras 2.7 m - Lavadora de alfombras","description":"Las m\u00e1quinas lavadoras de alfombras est\u00e1ndar suelen tener una cinta transportadora de 2,7 m de ancho, tambi\u00e9n conocida como el ancho m\u00e1ximo de alfombra. Estas son las m\u00e1quinas m\u00e1s vendidas entre los lavadores de alfombras.","robots":{"index":"index","follow":"follow","max-snippet":"max-snippet:-1","max-image-preview":"max-image-preview:large","max-video-preview":"max-video-preview:-1"},"canonical":"https:\/\/www.thecarpetwashingmachine.com\/carpet-washing-machine-2-7-m\/","og_locale":"es_ES","og_type":"article","og_title":"Lavadoras de alfombras 2.7 m - Lavadora de alfombras","og_description":"Las m\u00e1quinas lavadoras de alfombras est\u00e1ndar suelen tener una cinta transportadora de 2,7 m de ancho, tambi\u00e9n conocida como el ancho m\u00e1ximo de alfombra. Estas son las m\u00e1quinas m\u00e1s vendidas entre los lavadores de alfombras.","og_url":"https:\/\/www.thecarpetwashingmachine.com\/carpet-washing-machine-2-7-m\/","og_site_name":"Lavadora de alfombras","article_publisher":"http:\/\/www.facebook.com\/carpetwashingmachine","article_modified_time":"2025-07-07T13:56:34+00:00","og_image":[{"width":500,"height":278,"url":"https:\/\/www.thecarpetwashingmachine.com\/wp-content\/uploads\/2018\/05\/carpet-washing-machine.png","type":"image\/png"}],"twitter_card":"summary_large_image","twitter_misc":{"Tiempo de lectura":"2 minutos"},"schema":{"@context":"https:\/\/schema.org","@graph":[{"@type":"WebPage","@id":"https:\/\/www.thecarpetwashingmachine.com\/carpet-washing-machine-2-7-m\/","url":"https:\/\/www.thecarpetwashingmachine.com\/carpet-washing-machine-2-7-m\/","name":"\u041a\u043e\u0432\u0440\u043e\u043c\u043e\u0435\u0447\u043d\u044b\u0435 \u043c\u0430\u0448\u0438\u043d\u044b 2.7 \u043c. - Lavadora de alfombras","isPartOf":{"@id":"https:\/\/www.thecarpetwashingmachine.com\/#website"},"primaryImageOfPage":{"@id":"https:\/\/www.thecarpetwashingmachine.com\/carpet-washing-machine-2-7-m\/#primaryimage"},"image":{"@id":"https:\/\/www.thecarpetwashingmachine.com\/carpet-washing-machine-2-7-m\/#primaryimage"},"thumbnailUrl":"https:\/\/www.thecarpetwashingmachine.com\/wp-content\/uploads\/2018\/05\/carpet-washing-machine.png","datePublished":"2018-05-24T17:44:19+00:00","dateModified":"2025-07-07T13:56:34+00:00","description":"\u0421\u0442\u0430\u043d\u0434\u0430\u0440\u0442\u043d\u044b\u0435 \u043c\u0430\u0448\u0438\u043d\u044b \u0434\u043b\u044f \u0441\u0442\u0438\u0440\u043a\u0438 \u043a\u043e\u0432\u0440\u043e\u0432 \u043e\u0431\u044b\u0447\u043d\u043e \u0438\u043c\u0435\u044e\u0442 \u0448\u0438\u0440\u0438\u043d\u0443 \u043a\u043e\u043d\u0432\u0435\u0439\u0435\u0440\u043d\u043e\u0439 \u043b\u0435\u043d\u0442\u044b 2,7 \u043c, \u0442\u0430\u043a\u0436\u0435 \u0438\u0437\u0432\u0435\u0441\u0442\u043d\u0443\u044e \u043a\u0430\u043a \u043c\u0430\u043a\u0441\u0438\u043c\u0430\u043b\u044c\u043d\u0430\u044f \u0448\u0438\u0440\u0438\u043d\u0430 \u043a\u043e\u0432\u0440\u0430. \u042d\u0442\u043e \u0441\u0430\u043c\u044b\u0435 \u043f\u0440\u043e\u0434\u0430\u0432\u0430\u0435\u043c\u044b\u0435 \u043c\u0430\u0448\u0438\u043d\u044b \u0441\u0440\u0435\u0434\u0438 \u0442\u0435\u0445, \u043a\u0442\u043e \u0437\u0430\u043d\u0438\u043c\u0430\u0435\u0442\u0441\u044f \u0441\u0442\u0438\u0440\u043a\u043e\u0439 \u043a\u043e\u0432\u0440\u043e\u0432.","breadcrumb":{"@id":"https:\/\/www.thecarpetwashingmachine.com\/carpet-washing-machine-2-7-m\/#breadcrumb"},"inLanguage":"es","potentialAction":[{"@type":"ReadAction","target":["https:\/\/www.thecarpetwashingmachine.com\/carpet-washing-machine-2-7-m\/"]}]},{"@type":"ImageObject","inLanguage":"es","@id":"https:\/\/www.thecarpetwashingmachine.com\/carpet-washing-machine-2-7-m\/#primaryimage","url":"https:\/\/www.thecarpetwashingmachine.com\/wp-content\/uploads\/2018\/05\/carpet-washing-machine.png","contentUrl":"https:\/\/www.thecarpetwashingmachine.com\/wp-content\/uploads\/2018\/05\/carpet-washing-machine.png"},{"@type":"BreadcrumbList","@id":"https:\/\/www.thecarpetwashingmachine.com\/carpet-washing-machine-2-7-m\/#breadcrumb","itemListElement":[{"@type":"ListItem","position":1,"name":"Home","item":"https:\/\/www.thecarpetwashingmachine.com\/"},{"@type":"ListItem","position":2,"name":"Carpet Washing Machine 2.7 m"}]},{"@type":"WebSite","@id":"https:\/\/www.thecarpetwashingmachine.com\/#website","url":"https:\/\/www.thecarpetwashingmachine.com\/","name":"Lavadora de alfombras","description":"\u00a1La lavadora de alfombras est\u00e1 en todo el mundo!","potentialAction":[{"@type":"SearchAction","target":{"@type":"EntryPoint","urlTemplate":"https:\/\/www.thecarpetwashingmachine.com\/?s={search_term_string}"},"query-input":{"@type":"PropertyValueSpecification","valueRequired":true,"valueName":"search_term_string"}}],"inLanguage":"es"}]}},"_links":{"self":[{"href":"https:\/\/www.thecarpetwashingmachine.com\/es\/wp-json\/wp\/v2\/pages\/56","targetHints":{"allow":["GET"]}}],"collection":[{"href":"https:\/\/www.thecarpetwashingmachine.com\/es\/wp-json\/wp\/v2\/pages"}],"about":[{"href":"https:\/\/www.thecarpetwashingmachine.com\/es\/wp-json\/wp\/v2\/types\/page"}],"author":[{"embeddable":true,"href":"https:\/\/www.thecarpetwashingmachine.com\/es\/wp-json\/wp\/v2\/users\/1"}],"replies":[{"embeddable":true,"href":"https:\/\/www.thecarpetwashingmachine.com\/es\/wp-json\/wp\/v2\/comments?post=56"}],"version-history":[{"count":53,"href":"https:\/\/www.thecarpetwashingmachine.com\/es\/wp-json\/wp\/v2\/pages\/56\/revisions"}],"predecessor-version":[{"id":2081,"href":"https:\/\/www.thecarpetwashingmachine.com\/es\/wp-json\/wp\/v2\/pages\/56\/revisions\/2081"}],"wp:attachment":[{"href":"https:\/\/www.thecarpetwashingmachine.com\/es\/wp-json\/wp\/v2\/media?parent=56"}],"curies":[{"name":"wp","href":"https:\/\/api.w.org\/{rel}","templated":true}]}}