{"id":407,"date":"2025-03-14T08:45:31","date_gmt":"2025-03-14T08:45:31","guid":{"rendered":"https:\/\/www.thecarpetwashingmachine.com\/?page_id=407"},"modified":"2025-07-11T09:55:15","modified_gmt":"2025-07-11T09:55:15","slug":"er-5200-rug-washing-machine","status":"publish","type":"page","link":"https:\/\/www.thecarpetwashingmachine.com\/es\/er-5200-rug-washing-machine\/","title":{"rendered":"Lavadora de alfombras ER 5200"},"content":{"rendered":"<div class=\"wp-block-image alignnone wp-image-410\">\n<figure class=\"aligncenter size-full\"><img loading=\"lazy\" decoding=\"async\" width=\"750\" height=\"500\" src=\"https:\/\/www.thecarpetwashingmachine.com\/wp-content\/uploads\/2025\/07\/Untitled-design-10.png\" alt=\"Lavadora de alfombras\" class=\"wp-image-1618\" srcset=\"https:\/\/www.thecarpetwashingmachine.com\/wp-content\/uploads\/2025\/07\/Untitled-design-10.png 750w, https:\/\/www.thecarpetwashingmachine.com\/wp-content\/uploads\/2025\/07\/Untitled-design-10-300x200.png 300w\" sizes=\"auto, (max-width: 750px) 100vw, 750px\" \/><figcaption class=\"wp-element-caption\">Lavadora de alfombras ER 5200<\/figcaption><\/figure><\/div>\n\n\n<p>La m\u00e1quina autom\u00e1tica de lavado de alfombras ER 5200 es la m\u00e1s grande que producimos dentro de nuestros modelos est\u00e1ndar. Permite una anchura m\u00e1xima de alfombra de 5,2 metros (17 pies) y, seg\u00fan el modelo, est\u00e1 equipada con 8 (4+4) o 12 (6+6) cepillos de disco. Se utiliza justo despu\u00e9s de desempolvar las alfombras con un <a href=\"https:\/\/www.thecarpetwashingmachine.com\/es\/carpet-dusting-machine\/\">desempolvador autom\u00e1tico.<\/a><\/p>\n\n\n\n<p>Esta lavadora de alfombras comercial est\u00e1 dise\u00f1ada para alfombras extremadamente grandes, como las de 5 por 6 metros, 5 por 8 metros e incluso 5 por 12 metros. Tambi\u00e9n es posible lavar varias alfombras lado a lado, al igual que con nuestras otras m\u00e1quinas profesionales de lavado.<\/p>\n\n\n\n<p>Las alfombras se colocan primero en una cubeta grande (esta cubeta tiene una capacidad mucho mayor que los modelos ER 4200 o <a href=\"http:\/\/thecarpetwashingmachine.com\/es\/carpet-washing-machine-3-2-m\/\">ER 3200<\/a>, no solo en anchura sino tambi\u00e9n en longitud). Una vez que las alfombras est\u00e1n empapadas, est\u00e1n listas para el proceso de lavado. El proceso funciona de la misma manera que en todas nuestras m\u00e1quinas industriales de limpieza de alfombras. Primero, las alfombras se cepillan mientras se aplica el champ\u00fa, y luego se enjuagan con un sistema de alta presi\u00f3n. Como en todas nuestras lavadoras de alfombras, todos los procesos son autom\u00e1ticos y requieren muy poca intervenci\u00f3n de los operadores.<\/p>\n\n\n\n<p>La lavadora de alfombras ER 5200 est\u00e1 fabricada completamente en acero inoxidable de grado 304. Ofrece una alta resistencia a la corrosi\u00f3n, especialmente la causada por el agua y los productos qu\u00edmicos utilizados en la limpieza de alfombras, como el champ\u00fa, la sosa c\u00e1ustica y la lej\u00eda. Comparada con las lavadoras fabricadas en acero galvanizado en caliente o acero recubierto de epoxi, tiene una vida \u00fatil mucho mayor.<\/p>\n\n\n\n<p>La m\u00e1quina de lavado de alfombras ER 5200 viene con una lista de accesorios: 1 cubeta grande para remojar las alfombras, 1 bomba de alta presi\u00f3n de 150 bares, y 2 carros para alfombras (uno grande y uno mediano) para mover las alfombras por el taller.<\/p>\n","protected":false},"excerpt":{"rendered":"<p>La m\u00e1quina autom\u00e1tica de lavado de alfombras ER 5200 es la m\u00e1s grande que producimos dentro de nuestros modelos est\u00e1ndar. Permite una anchura m\u00e1xima de&hellip;<\/p>\n","protected":false},"author":1,"featured_media":0,"parent":0,"menu_order":0,"comment_status":"closed","ping_status":"closed","template":"","meta":{"footnotes":""},"class_list":["post-407","page","type-page","status-publish","hentry"],"translation":{"provider":"WPGlobus","version":"3.0.0","language":"es","enabled_languages":["en","tr","fr","ar","es","de","pt","ru"],"languages":{"en":{"title":true,"content":true,"excerpt":false},"tr":{"title":true,"content":true,"excerpt":false},"fr":{"title":true,"content":true,"excerpt":false},"ar":{"title":true,"content":true,"excerpt":false},"es":{"title":true,"content":true,"excerpt":false},"de":{"title":true,"content":true,"excerpt":false},"pt":{"title":true,"content":true,"excerpt":false},"ru":{"title":true,"content":true,"excerpt":false}}},"yoast_head":"<!-- This site is optimized with the Yoast SEO plugin v24.7 - https:\/\/yoast.com\/wordpress\/plugins\/seo\/ -->\n<title>Lavadora de alfombras ER 5200 - Lavadora de alfombras<\/title>\n<meta name=\"description\" content=\"La ER 5200, m\u00e1quina autom\u00e1tica, se usa para limpiar las alfombras m\u00e1s grandes en plantas comerciales de lavado.\" \/>\n<meta name=\"robots\" content=\"index, follow, max-snippet:-1, max-image-preview:large, max-video-preview:-1\" \/>\n<link rel=\"canonical\" href=\"https:\/\/www.thecarpetwashingmachine.com\/er-5200-rug-washing-machine\/\" \/>\n<meta property=\"og:locale\" content=\"es_ES\" \/>\n<meta property=\"og:type\" content=\"article\" \/>\n<meta property=\"og:title\" content=\"Lavadora de alfombras ER 5200 - Lavadora de alfombras\" \/>\n<meta property=\"og:description\" content=\"La ER 5200, m\u00e1quina autom\u00e1tica, se usa para limpiar las alfombras m\u00e1s grandes en plantas comerciales de lavado.\" \/>\n<meta property=\"og:url\" content=\"https:\/\/www.thecarpetwashingmachine.com\/er-5200-rug-washing-machine\/\" \/>\n<meta property=\"og:site_name\" content=\"Lavadora de alfombras\" \/>\n<meta property=\"article:publisher\" content=\"http:\/\/www.facebook.com\/carpetwashingmachine\" \/>\n<meta property=\"article:modified_time\" content=\"2025-07-11T09:55:15+00:00\" \/>\n<meta property=\"og:image\" content=\"https:\/\/www.thecarpetwashingmachine.com\/wp-content\/uploads\/2025\/07\/Untitled-design-10.png\" \/>\n\t<meta property=\"og:image:width\" content=\"750\" \/>\n\t<meta property=\"og:image:height\" content=\"500\" \/>\n\t<meta property=\"og:image:type\" content=\"image\/png\" \/>\n<meta name=\"twitter:card\" content=\"summary_large_image\" \/>\n<meta name=\"twitter:label1\" content=\"Tiempo de lectura\" \/>\n\t<meta name=\"twitter:data1\" content=\"2 minutos\" \/>\n<script type=\"application\/ld+json\" class=\"yoast-schema-graph\">{\"@context\":\"https:\/\/schema.org\",\"@graph\":[{\"@type\":\"WebPage\",\"@id\":\"https:\/\/www.thecarpetwashingmachine.com\/er-5200-rug-washing-machine\/\",\"url\":\"https:\/\/www.thecarpetwashingmachine.com\/er-5200-rug-washing-machine\/\",\"name\":\"\u041c\u0430\u0448\u0438\u043d\u0430 \u0434\u043b\u044f \u0441\u0442\u0438\u0440\u043a\u0438 \u043a\u043e\u0432\u0440\u043e\u0432 ER 5200 - Lavadora de alfombras\",\"isPartOf\":{\"@id\":\"https:\/\/www.thecarpetwashingmachine.com\/#website\"},\"primaryImageOfPage\":{\"@id\":\"https:\/\/www.thecarpetwashingmachine.com\/er-5200-rug-washing-machine\/#primaryimage\"},\"image\":{\"@id\":\"https:\/\/www.thecarpetwashingmachine.com\/er-5200-rug-washing-machine\/#primaryimage\"},\"thumbnailUrl\":\"https:\/\/www.thecarpetwashingmachine.com\/wp-content\/uploads\/2025\/07\/Untitled-design-10.png\",\"datePublished\":\"2025-03-14T08:45:31+00:00\",\"dateModified\":\"2025-07-11T09:55:15+00:00\",\"description\":\"ER 5200, \u0430\u0432\u0442\u043e\u043c\u0430\u0442\u0438\u0447\u0435\u0441\u043a\u0430\u044f \u043c\u0430\u0448\u0438\u043d\u0430, \u0438\u0441\u043f\u043e\u043b\u044c\u0437\u0443\u0435\u0442\u0441\u044f \u0434\u043b\u044f \u0447\u0438\u0441\u0442\u043a\u0438 \u0441\u0430\u043c\u044b\u0445 \u0431\u043e\u043b\u044c\u0448\u0438\u0445 \u043a\u043e\u0432\u0440\u043e\u0432 \u0432 \u043a\u043e\u043c\u043c\u0435\u0440\u0447\u0435\u0441\u043a\u0438\u0445 \u043f\u0440\u0430\u0447\u0435\u0447\u043d\u044b\u0445.\",\"breadcrumb\":{\"@id\":\"https:\/\/www.thecarpetwashingmachine.com\/er-5200-rug-washing-machine\/#breadcrumb\"},\"inLanguage\":\"es\",\"potentialAction\":[{\"@type\":\"ReadAction\",\"target\":[\"https:\/\/www.thecarpetwashingmachine.com\/er-5200-rug-washing-machine\/\"]}]},{\"@type\":\"ImageObject\",\"inLanguage\":\"es\",\"@id\":\"https:\/\/www.thecarpetwashingmachine.com\/er-5200-rug-washing-machine\/#primaryimage\",\"url\":\"https:\/\/www.thecarpetwashingmachine.com\/wp-content\/uploads\/2025\/07\/Untitled-design-10.png\",\"contentUrl\":\"https:\/\/www.thecarpetwashingmachine.com\/wp-content\/uploads\/2025\/07\/Untitled-design-10.png\"},{\"@type\":\"BreadcrumbList\",\"@id\":\"https:\/\/www.thecarpetwashingmachine.com\/er-5200-rug-washing-machine\/#breadcrumb\",\"itemListElement\":[{\"@type\":\"ListItem\",\"position\":1,\"name\":\"Home\",\"item\":\"https:\/\/www.thecarpetwashingmachine.com\/\"},{\"@type\":\"ListItem\",\"position\":2,\"name\":\"Rug Washing Machine ER 5200\"}]},{\"@type\":\"WebSite\",\"@id\":\"https:\/\/www.thecarpetwashingmachine.com\/#website\",\"url\":\"https:\/\/www.thecarpetwashingmachine.com\/\",\"name\":\"Lavadora de alfombras\",\"description\":\"\u00a1La lavadora de alfombras est\u00e1 en todo el mundo!\",\"potentialAction\":[{\"@type\":\"SearchAction\",\"target\":{\"@type\":\"EntryPoint\",\"urlTemplate\":\"https:\/\/www.thecarpetwashingmachine.com\/?s={search_term_string}\"},\"query-input\":{\"@type\":\"PropertyValueSpecification\",\"valueRequired\":true,\"valueName\":\"search_term_string\"}}],\"inLanguage\":\"es\"}]}<\/script>\n<!-- \/ Yoast SEO plugin. -->","yoast_head_json":{"title":"Lavadora de alfombras ER 5200 - Lavadora de alfombras","description":"La ER 5200, m\u00e1quina autom\u00e1tica, se usa para limpiar las alfombras m\u00e1s grandes en plantas comerciales de lavado.","robots":{"index":"index","follow":"follow","max-snippet":"max-snippet:-1","max-image-preview":"max-image-preview:large","max-video-preview":"max-video-preview:-1"},"canonical":"https:\/\/www.thecarpetwashingmachine.com\/er-5200-rug-washing-machine\/","og_locale":"es_ES","og_type":"article","og_title":"Lavadora de alfombras ER 5200 - Lavadora de alfombras","og_description":"La ER 5200, m\u00e1quina autom\u00e1tica, se usa para limpiar las alfombras m\u00e1s grandes en plantas comerciales de lavado.","og_url":"https:\/\/www.thecarpetwashingmachine.com\/er-5200-rug-washing-machine\/","og_site_name":"Lavadora de alfombras","article_publisher":"http:\/\/www.facebook.com\/carpetwashingmachine","article_modified_time":"2025-07-11T09:55:15+00:00","og_image":[{"width":750,"height":500,"url":"https:\/\/www.thecarpetwashingmachine.com\/wp-content\/uploads\/2025\/07\/Untitled-design-10.png","type":"image\/png"}],"twitter_card":"summary_large_image","twitter_misc":{"Tiempo de lectura":"2 minutos"},"schema":{"@context":"https:\/\/schema.org","@graph":[{"@type":"WebPage","@id":"https:\/\/www.thecarpetwashingmachine.com\/er-5200-rug-washing-machine\/","url":"https:\/\/www.thecarpetwashingmachine.com\/er-5200-rug-washing-machine\/","name":"\u041c\u0430\u0448\u0438\u043d\u0430 \u0434\u043b\u044f \u0441\u0442\u0438\u0440\u043a\u0438 \u043a\u043e\u0432\u0440\u043e\u0432 ER 5200 - Lavadora de alfombras","isPartOf":{"@id":"https:\/\/www.thecarpetwashingmachine.com\/#website"},"primaryImageOfPage":{"@id":"https:\/\/www.thecarpetwashingmachine.com\/er-5200-rug-washing-machine\/#primaryimage"},"image":{"@id":"https:\/\/www.thecarpetwashingmachine.com\/er-5200-rug-washing-machine\/#primaryimage"},"thumbnailUrl":"https:\/\/www.thecarpetwashingmachine.com\/wp-content\/uploads\/2025\/07\/Untitled-design-10.png","datePublished":"2025-03-14T08:45:31+00:00","dateModified":"2025-07-11T09:55:15+00:00","description":"ER 5200, \u0430\u0432\u0442\u043e\u043c\u0430\u0442\u0438\u0447\u0435\u0441\u043a\u0430\u044f \u043c\u0430\u0448\u0438\u043d\u0430, \u0438\u0441\u043f\u043e\u043b\u044c\u0437\u0443\u0435\u0442\u0441\u044f \u0434\u043b\u044f \u0447\u0438\u0441\u0442\u043a\u0438 \u0441\u0430\u043c\u044b\u0445 \u0431\u043e\u043b\u044c\u0448\u0438\u0445 \u043a\u043e\u0432\u0440\u043e\u0432 \u0432 \u043a\u043e\u043c\u043c\u0435\u0440\u0447\u0435\u0441\u043a\u0438\u0445 \u043f\u0440\u0430\u0447\u0435\u0447\u043d\u044b\u0445.","breadcrumb":{"@id":"https:\/\/www.thecarpetwashingmachine.com\/er-5200-rug-washing-machine\/#breadcrumb"},"inLanguage":"es","potentialAction":[{"@type":"ReadAction","target":["https:\/\/www.thecarpetwashingmachine.com\/er-5200-rug-washing-machine\/"]}]},{"@type":"ImageObject","inLanguage":"es","@id":"https:\/\/www.thecarpetwashingmachine.com\/er-5200-rug-washing-machine\/#primaryimage","url":"https:\/\/www.thecarpetwashingmachine.com\/wp-content\/uploads\/2025\/07\/Untitled-design-10.png","contentUrl":"https:\/\/www.thecarpetwashingmachine.com\/wp-content\/uploads\/2025\/07\/Untitled-design-10.png"},{"@type":"BreadcrumbList","@id":"https:\/\/www.thecarpetwashingmachine.com\/er-5200-rug-washing-machine\/#breadcrumb","itemListElement":[{"@type":"ListItem","position":1,"name":"Home","item":"https:\/\/www.thecarpetwashingmachine.com\/"},{"@type":"ListItem","position":2,"name":"Rug Washing Machine ER 5200"}]},{"@type":"WebSite","@id":"https:\/\/www.thecarpetwashingmachine.com\/#website","url":"https:\/\/www.thecarpetwashingmachine.com\/","name":"Lavadora de alfombras","description":"\u00a1La lavadora de alfombras est\u00e1 en todo el mundo!","potentialAction":[{"@type":"SearchAction","target":{"@type":"EntryPoint","urlTemplate":"https:\/\/www.thecarpetwashingmachine.com\/?s={search_term_string}"},"query-input":{"@type":"PropertyValueSpecification","valueRequired":true,"valueName":"search_term_string"}}],"inLanguage":"es"}]}},"_links":{"self":[{"href":"https:\/\/www.thecarpetwashingmachine.com\/es\/wp-json\/wp\/v2\/pages\/407","targetHints":{"allow":["GET"]}}],"collection":[{"href":"https:\/\/www.thecarpetwashingmachine.com\/es\/wp-json\/wp\/v2\/pages"}],"about":[{"href":"https:\/\/www.thecarpetwashingmachine.com\/es\/wp-json\/wp\/v2\/types\/page"}],"author":[{"embeddable":true,"href":"https:\/\/www.thecarpetwashingmachine.com\/es\/wp-json\/wp\/v2\/users\/1"}],"replies":[{"embeddable":true,"href":"https:\/\/www.thecarpetwashingmachine.com\/es\/wp-json\/wp\/v2\/comments?post=407"}],"version-history":[{"count":57,"href":"https:\/\/www.thecarpetwashingmachine.com\/es\/wp-json\/wp\/v2\/pages\/407\/revisions"}],"predecessor-version":[{"id":2176,"href":"https:\/\/www.thecarpetwashingmachine.com\/es\/wp-json\/wp\/v2\/pages\/407\/revisions\/2176"}],"wp:attachment":[{"href":"https:\/\/www.thecarpetwashingmachine.com\/es\/wp-json\/wp\/v2\/media?parent=407"}],"curies":[{"name":"wp","href":"https:\/\/api.w.org\/{rel}","templated":true}]}}