{"id":400,"date":"2025-03-05T11:19:12","date_gmt":"2025-03-05T11:19:12","guid":{"rendered":"https:\/\/www.thecarpetwashingmachine.com\/?page_id=400"},"modified":"2025-07-11T09:44:56","modified_gmt":"2025-07-11T09:44:56","slug":"automatic-carpet-washing-machine-er-4200","status":"publish","type":"page","link":"https:\/\/www.thecarpetwashingmachine.com\/es\/automatic-carpet-washing-machine-er-4200\/","title":{"rendered":"Lavadora autom\u00e1tica de alfombras &#8211; ER 4200"},"content":{"rendered":"<div class=\"wp-block-image\">\n<figure class=\"aligncenter size-full\"><img loading=\"lazy\" decoding=\"async\" width=\"750\" height=\"500\" src=\"https:\/\/www.thecarpetwashingmachine.com\/wp-content\/uploads\/2025\/07\/Untitled-design-10.png\" alt=\"M\u00e1quina autom\u00e1tica para lavar alfombras ER 4200\" class=\"wp-image-1618\" srcset=\"https:\/\/www.thecarpetwashingmachine.com\/wp-content\/uploads\/2025\/07\/Untitled-design-10.png 750w, https:\/\/www.thecarpetwashingmachine.com\/wp-content\/uploads\/2025\/07\/Untitled-design-10-300x200.png 300w\" sizes=\"auto, (max-width: 750px) 100vw, 750px\" \/><\/figure><\/div>\n\n\n<p><\/p>\n\n\n\n<p>La ER 4200 es la m\u00e1quina de lavado de alfombras industrial y completamente autom\u00e1tica m\u00e1s popular de nuestra l\u00ednea de productos. Cuenta con una capacidad m\u00e1xima de ancho de alfombra de 4 metros. Esto le permite lavar eficientemente alfombras grandes, como las que miden 4 por 6, 4 por 8 o 4 por 12 metros. Adem\u00e1s, la m\u00e1quina puede lavar simult\u00e1neamente dos alfombras de 2 metros de ancho cada una. Tambi\u00e9n permite el lavado de tres o cuatro alfombras de diferentes tama\u00f1os, siempre que el ancho combinado se mantenga dentro del l\u00edmite de 4 metros.<\/p>\n\n\n\n<p>La ER 4200 est\u00e1 equipada con un m\u00ednimo de ocho cepillos de disco, que comprenden cuatro cepillos suaves y cuatro cepillos duros. De acuerdo con todas nuestras m\u00e1quinas, est\u00e1 construida completamente con acero inoxidable de grado 304, lo que garantiza durabilidad y longevidad. El sistema PLC integrado proporciona un alto nivel de automatizaci\u00f3n para <a href=\"https:\/\/www.thecarpetwashingmachine.com\/es\/how-to-choose-the-right-carpet-washing-machine\/\">la m\u00e1quina autom\u00e1tica de lavado de alfombras<\/a>, con sensores que controlan los cepillos y el sistema de enjuague para una operaci\u00f3n perfecta. La m\u00e1quina incorpora nuestro sistema de enjuague de alta presi\u00f3n, impulsado por una bomba capaz de generar hasta 150 bares de presi\u00f3n.<\/p>\n\n\n\n<p>Las caracter\u00edsticas opcionales incluyen un cepillo cil\u00edndrico de limpieza trasera y un cepillo cil\u00edndrico para limpieza de superficies, colocados inmediatamente despu\u00e9s de los cepillos de disco. La m\u00e1quina autom\u00e1tica de lavado de alfombras ER 4200 tambi\u00e9n se puede construir con una configuraci\u00f3n de doce cepillos de disco, que constan de seis cepillos suaves y seis cepillos duros. Su gran popularidad se debe a la creciente demanda de m\u00e1quinas m\u00e1s grandes, que permiten a los clientes procesar varias alfombras de forma r\u00e1pida y sencilla.<\/p>\n\n\n\n<p>Ergin Makina se erige como l\u00edder en el sector de m\u00e1quinas industriales de limpieza de alfombras, respaldada por m\u00e1s de medio siglo de experiencia. Operando desde sus instalaciones en la Zona Industrial Organizada de Pancar, la empresa prioriza la calidad, la confiabilidad y la innovaci\u00f3n. La dedicaci\u00f3n de Ergin Makina a estos principios ha solidificado su posici\u00f3n en la industria. M\u00e1s all\u00e1 de las m\u00e1quinas de lavado de alfombras, producen una gama de equipos de limpieza industrial, mostrando su amplia experiencia en la fabricaci\u00f3n de maquinaria robusta y eficiente. Adem\u00e1s, Ergin Makina tambi\u00e9n tiene un fuerte enfoque en I+D y ha adquirido muchas patentes, lo que demuestra su dedicaci\u00f3n a la mejora constante.<\/p>\n","protected":false},"excerpt":{"rendered":"<p>La ER 4200 es la m\u00e1quina de lavado de alfombras industrial y completamente autom\u00e1tica m\u00e1s popular de nuestra l\u00ednea de productos. Cuenta con una capacidad&hellip;<\/p>\n","protected":false},"author":1,"featured_media":0,"parent":0,"menu_order":0,"comment_status":"closed","ping_status":"closed","template":"","meta":{"footnotes":""},"class_list":["post-400","page","type-page","status-publish","hentry"],"translation":{"provider":"WPGlobus","version":"3.0.0","language":"es","enabled_languages":["en","tr","fr","ar","es","de","pt","ru"],"languages":{"en":{"title":true,"content":true,"excerpt":false},"tr":{"title":true,"content":true,"excerpt":false},"fr":{"title":true,"content":true,"excerpt":false},"ar":{"title":true,"content":true,"excerpt":false},"es":{"title":true,"content":true,"excerpt":false},"de":{"title":true,"content":true,"excerpt":false},"pt":{"title":true,"content":true,"excerpt":false},"ru":{"title":true,"content":true,"excerpt":false}}},"yoast_head":"<!-- This site is optimized with the Yoast SEO plugin v24.7 - https:\/\/yoast.com\/wordpress\/plugins\/seo\/ -->\n<title>ER 4200 - Lavadora de alfombras<\/title>\n<meta name=\"description\" content=\"M\u00e1quina Lavadora Autom\u00e1tica ER 4200: Potente, eficiente y totalmente autom\u00e1tica para resultados de limpieza superiores en alfombras, siempre.\" \/>\n<meta name=\"robots\" content=\"index, follow, max-snippet:-1, max-image-preview:large, max-video-preview:-1\" \/>\n<link rel=\"canonical\" href=\"https:\/\/www.thecarpetwashingmachine.com\/automatic-carpet-washing-machine-er-4200\/\" \/>\n<meta property=\"og:locale\" content=\"es_ES\" \/>\n<meta property=\"og:type\" content=\"article\" \/>\n<meta property=\"og:title\" content=\"ER 4200 - Lavadora de alfombras\" \/>\n<meta property=\"og:description\" content=\"M\u00e1quina Lavadora Autom\u00e1tica ER 4200: Potente, eficiente y totalmente autom\u00e1tica para resultados de limpieza superiores en alfombras, siempre.\" \/>\n<meta property=\"og:url\" content=\"https:\/\/www.thecarpetwashingmachine.com\/automatic-carpet-washing-machine-er-4200\/\" \/>\n<meta property=\"og:site_name\" content=\"Lavadora de alfombras\" \/>\n<meta property=\"article:publisher\" content=\"http:\/\/www.facebook.com\/carpetwashingmachine\" \/>\n<meta property=\"article:modified_time\" content=\"2025-07-11T09:44:56+00:00\" \/>\n<meta property=\"og:image\" content=\"https:\/\/www.thecarpetwashingmachine.com\/wp-content\/uploads\/2025\/07\/Untitled-design-10.png\" \/>\n\t<meta property=\"og:image:width\" content=\"750\" \/>\n\t<meta property=\"og:image:height\" content=\"500\" \/>\n\t<meta property=\"og:image:type\" content=\"image\/png\" \/>\n<meta name=\"twitter:card\" content=\"summary_large_image\" \/>\n<meta name=\"twitter:label1\" content=\"Tiempo de lectura\" \/>\n\t<meta name=\"twitter:data1\" content=\"2 minutos\" \/>\n<script type=\"application\/ld+json\" class=\"yoast-schema-graph\">{\"@context\":\"https:\/\/schema.org\",\"@graph\":[{\"@type\":\"WebPage\",\"@id\":\"https:\/\/www.thecarpetwashingmachine.com\/automatic-carpet-washing-machine-er-4200\/\",\"url\":\"https:\/\/www.thecarpetwashingmachine.com\/automatic-carpet-washing-machine-er-4200\/\",\"name\":\"ER 4200 - Lavadora de alfombras\",\"isPartOf\":{\"@id\":\"https:\/\/www.thecarpetwashingmachine.com\/#website\"},\"primaryImageOfPage\":{\"@id\":\"https:\/\/www.thecarpetwashingmachine.com\/automatic-carpet-washing-machine-er-4200\/#primaryimage\"},\"image\":{\"@id\":\"https:\/\/www.thecarpetwashingmachine.com\/automatic-carpet-washing-machine-er-4200\/#primaryimage\"},\"thumbnailUrl\":\"https:\/\/www.thecarpetwashingmachine.com\/wp-content\/uploads\/2025\/07\/Untitled-design-10.png\",\"datePublished\":\"2025-03-05T11:19:12+00:00\",\"dateModified\":\"2025-07-11T09:44:56+00:00\",\"description\":\"Otomatik Hal\u0131 Y\u0131kama Makinesi ER 4200: G\u00fc\u00e7l\u00fc, verimli ve tam otomatik yap\u0131s\u0131yla her seferinde \u00fcst\u00fcn hal\u0131 temizli\u011fi.\",\"breadcrumb\":{\"@id\":\"https:\/\/www.thecarpetwashingmachine.com\/automatic-carpet-washing-machine-er-4200\/#breadcrumb\"},\"inLanguage\":\"es\",\"potentialAction\":[{\"@type\":\"ReadAction\",\"target\":[\"https:\/\/www.thecarpetwashingmachine.com\/automatic-carpet-washing-machine-er-4200\/\"]}]},{\"@type\":\"ImageObject\",\"inLanguage\":\"es\",\"@id\":\"https:\/\/www.thecarpetwashingmachine.com\/automatic-carpet-washing-machine-er-4200\/#primaryimage\",\"url\":\"https:\/\/www.thecarpetwashingmachine.com\/wp-content\/uploads\/2025\/07\/Untitled-design-10.png\",\"contentUrl\":\"https:\/\/www.thecarpetwashingmachine.com\/wp-content\/uploads\/2025\/07\/Untitled-design-10.png\"},{\"@type\":\"BreadcrumbList\",\"@id\":\"https:\/\/www.thecarpetwashingmachine.com\/automatic-carpet-washing-machine-er-4200\/#breadcrumb\",\"itemListElement\":[{\"@type\":\"ListItem\",\"position\":1,\"name\":\"Home\",\"item\":\"https:\/\/www.thecarpetwashingmachine.com\/\"},{\"@type\":\"ListItem\",\"position\":2,\"name\":\"Automatic Carpet Washing Machine &#8211; ER 4200\"}]},{\"@type\":\"WebSite\",\"@id\":\"https:\/\/www.thecarpetwashingmachine.com\/#website\",\"url\":\"https:\/\/www.thecarpetwashingmachine.com\/\",\"name\":\"Lavadora de alfombras\",\"description\":\"\u00a1La lavadora de alfombras est\u00e1 en todo el mundo!\",\"potentialAction\":[{\"@type\":\"SearchAction\",\"target\":{\"@type\":\"EntryPoint\",\"urlTemplate\":\"https:\/\/www.thecarpetwashingmachine.com\/?s={search_term_string}\"},\"query-input\":{\"@type\":\"PropertyValueSpecification\",\"valueRequired\":true,\"valueName\":\"search_term_string\"}}],\"inLanguage\":\"es\"}]}<\/script>\n<!-- \/ Yoast SEO plugin. -->","yoast_head_json":{"title":"ER 4200 - Lavadora de alfombras","description":"M\u00e1quina Lavadora Autom\u00e1tica ER 4200: Potente, eficiente y totalmente autom\u00e1tica para resultados de limpieza superiores en alfombras, siempre.","robots":{"index":"index","follow":"follow","max-snippet":"max-snippet:-1","max-image-preview":"max-image-preview:large","max-video-preview":"max-video-preview:-1"},"canonical":"https:\/\/www.thecarpetwashingmachine.com\/automatic-carpet-washing-machine-er-4200\/","og_locale":"es_ES","og_type":"article","og_title":"ER 4200 - Lavadora de alfombras","og_description":"M\u00e1quina Lavadora Autom\u00e1tica ER 4200: Potente, eficiente y totalmente autom\u00e1tica para resultados de limpieza superiores en alfombras, siempre.","og_url":"https:\/\/www.thecarpetwashingmachine.com\/automatic-carpet-washing-machine-er-4200\/","og_site_name":"Lavadora de alfombras","article_publisher":"http:\/\/www.facebook.com\/carpetwashingmachine","article_modified_time":"2025-07-11T09:44:56+00:00","og_image":[{"width":750,"height":500,"url":"https:\/\/www.thecarpetwashingmachine.com\/wp-content\/uploads\/2025\/07\/Untitled-design-10.png","type":"image\/png"}],"twitter_card":"summary_large_image","twitter_misc":{"Tiempo de lectura":"2 minutos"},"schema":{"@context":"https:\/\/schema.org","@graph":[{"@type":"WebPage","@id":"https:\/\/www.thecarpetwashingmachine.com\/automatic-carpet-washing-machine-er-4200\/","url":"https:\/\/www.thecarpetwashingmachine.com\/automatic-carpet-washing-machine-er-4200\/","name":"ER 4200 - Lavadora de alfombras","isPartOf":{"@id":"https:\/\/www.thecarpetwashingmachine.com\/#website"},"primaryImageOfPage":{"@id":"https:\/\/www.thecarpetwashingmachine.com\/automatic-carpet-washing-machine-er-4200\/#primaryimage"},"image":{"@id":"https:\/\/www.thecarpetwashingmachine.com\/automatic-carpet-washing-machine-er-4200\/#primaryimage"},"thumbnailUrl":"https:\/\/www.thecarpetwashingmachine.com\/wp-content\/uploads\/2025\/07\/Untitled-design-10.png","datePublished":"2025-03-05T11:19:12+00:00","dateModified":"2025-07-11T09:44:56+00:00","description":"Otomatik Hal\u0131 Y\u0131kama Makinesi ER 4200: G\u00fc\u00e7l\u00fc, verimli ve tam otomatik yap\u0131s\u0131yla her seferinde \u00fcst\u00fcn hal\u0131 temizli\u011fi.","breadcrumb":{"@id":"https:\/\/www.thecarpetwashingmachine.com\/automatic-carpet-washing-machine-er-4200\/#breadcrumb"},"inLanguage":"es","potentialAction":[{"@type":"ReadAction","target":["https:\/\/www.thecarpetwashingmachine.com\/automatic-carpet-washing-machine-er-4200\/"]}]},{"@type":"ImageObject","inLanguage":"es","@id":"https:\/\/www.thecarpetwashingmachine.com\/automatic-carpet-washing-machine-er-4200\/#primaryimage","url":"https:\/\/www.thecarpetwashingmachine.com\/wp-content\/uploads\/2025\/07\/Untitled-design-10.png","contentUrl":"https:\/\/www.thecarpetwashingmachine.com\/wp-content\/uploads\/2025\/07\/Untitled-design-10.png"},{"@type":"BreadcrumbList","@id":"https:\/\/www.thecarpetwashingmachine.com\/automatic-carpet-washing-machine-er-4200\/#breadcrumb","itemListElement":[{"@type":"ListItem","position":1,"name":"Home","item":"https:\/\/www.thecarpetwashingmachine.com\/"},{"@type":"ListItem","position":2,"name":"Automatic Carpet Washing Machine &#8211; ER 4200"}]},{"@type":"WebSite","@id":"https:\/\/www.thecarpetwashingmachine.com\/#website","url":"https:\/\/www.thecarpetwashingmachine.com\/","name":"Lavadora de alfombras","description":"\u00a1La lavadora de alfombras est\u00e1 en todo el mundo!","potentialAction":[{"@type":"SearchAction","target":{"@type":"EntryPoint","urlTemplate":"https:\/\/www.thecarpetwashingmachine.com\/?s={search_term_string}"},"query-input":{"@type":"PropertyValueSpecification","valueRequired":true,"valueName":"search_term_string"}}],"inLanguage":"es"}]}},"_links":{"self":[{"href":"https:\/\/www.thecarpetwashingmachine.com\/es\/wp-json\/wp\/v2\/pages\/400","targetHints":{"allow":["GET"]}}],"collection":[{"href":"https:\/\/www.thecarpetwashingmachine.com\/es\/wp-json\/wp\/v2\/pages"}],"about":[{"href":"https:\/\/www.thecarpetwashingmachine.com\/es\/wp-json\/wp\/v2\/types\/page"}],"author":[{"embeddable":true,"href":"https:\/\/www.thecarpetwashingmachine.com\/es\/wp-json\/wp\/v2\/users\/1"}],"replies":[{"embeddable":true,"href":"https:\/\/www.thecarpetwashingmachine.com\/es\/wp-json\/wp\/v2\/comments?post=400"}],"version-history":[{"count":92,"href":"https:\/\/www.thecarpetwashingmachine.com\/es\/wp-json\/wp\/v2\/pages\/400\/revisions"}],"predecessor-version":[{"id":2153,"href":"https:\/\/www.thecarpetwashingmachine.com\/es\/wp-json\/wp\/v2\/pages\/400\/revisions\/2153"}],"wp:attachment":[{"href":"https:\/\/www.thecarpetwashingmachine.com\/es\/wp-json\/wp\/v2\/media?parent=400"}],"curies":[{"name":"wp","href":"https:\/\/api.w.org\/{rel}","templated":true}]}}