{"id":383,"date":"2025-01-30T13:00:47","date_gmt":"2025-01-30T13:00:47","guid":{"rendered":"https:\/\/www.thecarpetwashingmachine.com\/?page_id=383"},"modified":"2025-07-18T11:54:38","modified_gmt":"2025-07-18T11:54:38","slug":"faq-on-carpet-washing-machines","status":"publish","type":"page","link":"https:\/\/www.thecarpetwashingmachine.com\/es\/faq-on-carpet-washing-machines\/","title":{"rendered":"Preguntas frecuentes sobre lavadoras de alfombras"},"content":{"rendered":"<div class=\"wp-block-image\">\n<figure class=\"aligncenter\"><img loading=\"lazy\" decoding=\"async\" width=\"826\" height=\"390\" src=\"https:\/\/www.thecarpetwashingmachine.com\/wp-content\/uploads\/2025\/01\/hali-yikama-makinasi-kullanimi-1.jpg\" alt=\"Precio de la m\u00e1quina lavadora de alfombras\" class=\"wp-image-384\" srcset=\"https:\/\/www.thecarpetwashingmachine.com\/wp-content\/uploads\/2025\/01\/hali-yikama-makinasi-kullanimi-1.jpg 826w, https:\/\/www.thecarpetwashingmachine.com\/wp-content\/uploads\/2025\/01\/hali-yikama-makinasi-kullanimi-1-300x142.jpg 300w, https:\/\/www.thecarpetwashingmachine.com\/wp-content\/uploads\/2025\/01\/hali-yikama-makinasi-kullanimi-1-768x363.jpg 768w\" sizes=\"auto, (max-width: 826px) 100vw, 826px\" \/><\/figure><\/div>\n\n\n<p><\/p>\n\n\n\n<ul class=\"wp-block-list\">\n<li>\u00bfCu\u00e1l es el consumo de electricidad de la m\u00e1quina?<\/li>\n<\/ul>\n\n\n\n<p>Medir con precisi\u00f3n el consumo de electricidad de nuestras lavadoras de alfombras es un desaf\u00edo por varias razones:<br><\/p>\n\n\n\n<ol class=\"wp-block-list\">\n<li>Operaci\u00f3n completamente autom\u00e1tica: No todos los sistemas de la m\u00e1quina funcionan simult\u00e1neamente. Solo se activan cuando hay una alfombra presente.                                                                                                               <\/li>\n\n\n\n<li>Tiempo de funcionamiento y consumo variables: Varios factores influyen en el tiempo de funcionamiento y el uso de energ\u00eda de la m\u00e1quina, incluyendo:                                                                                                                                    <\/li>\n\n\n\n<li>Nivel de suciedad de la alfombra: Las alfombras muy sucias requieren ciclos de limpieza m\u00e1s largos.          <\/li>\n\n\n\n<li>Tama\u00f1o de la alfombra: Las alfombras m\u00e1s grandes requieren m\u00e1s tiempo y energ\u00eda para limpiar.                                                    <\/li>\n\n\n\n<li>Qu\u00edmicos de limpieza: Diferentes qu\u00edmicos tienen efectos variables en la limpieza.                                                 <\/li>\n\n\n\n<li>Calidad del agua: El agua dura puede requerir purificaci\u00f3n adicional para una limpieza efectiva.                               <\/li>\n\n\n\n<li>Velocidad de la cinta transportadora: La configuraci\u00f3n de velocidad elegida por el operador afecta el consumo de energ\u00eda.<\/li>\n<\/ol>\n\n\n\n<ul class=\"wp-block-list\">\n<li>\u00bfCu\u00e1l es la m\u00e1xima capacidad de limpieza por hora de la m\u00e1quina?<\/li>\n<\/ul>\n\n\n\n<p>Muchas de las mismas variables que afectan el consumo de electricidad tambi\u00e9n influyen en la capacidad, incluyendo:<br><\/p>\n\n\n\n<ol class=\"wp-block-list\">\n<li>Nivel de suciedad de la alfombra: Las alfombras m\u00e1s sucias requieren tiempos de limpieza m\u00e1s largos, lo que afecta la capacidad por hora.                                                                                                                                                    <\/li>\n\n\n\n<li>Velocidad de la cinta transportadora: Si bien sus m\u00e1quinas ofrecen velocidades ajustables, elegir la configuraci\u00f3n m\u00e1s r\u00e1pida no siempre es \u00f3ptimo para alfombras muy sucias. <\/li>\n<\/ol>\n\n\n\n<p>Para ilustrar, consideremos el siguiente escenario:<br><\/p>\n\n\n\n<ol class=\"wp-block-list\">\n<li>Ancho m\u00e1ximo de alfombra: 3 metros                                                                                                                       <\/li>\n\n\n\n<li>Tama\u00f1o de alfombra: de 3 a 4 metros                                                                                                                            <\/li>\n\n\n\n<li>Velocidad de la cinta: 1 metro por minuto                                                                                                                        <\/li>\n\n\n\n<li>N\u00famero de cepillos: 4+4=8 cepillos de disco                                                                                                                 <\/li>\n\n\n\n<li>Tipo de alfombra: Sint\u00e9tica de fabricaci\u00f3n mec\u00e1nica, con suciedad promedio. <\/li>\n<\/ol>\n\n\n\n<p>En este escenario, estimamos una capacidad horaria de aproximadamente 180 metros cuadrados.<br><\/p>\n\n\n\n<ul class=\"wp-block-list\">\n<li>\u00bfCu\u00e1l es el consumo de agua de la m\u00e1quina?<\/li>\n<\/ul>\n\n\n\n<p>Nuestras m\u00e1quinas cuentan con una alta eficiencia en el uso del agua gracias a un potente presurizador, utilizando solo 15-17 litros por minuto. Adem\u00e1s, el sistema de enjuague autom\u00e1tico funciona de manera eficiente, evitando el uso innecesario de agua.<br><\/p>\n\n\n\n<ul class=\"wp-block-list\">\n<li>\u00bfQu\u00e9 tipo de edificio recomiendan?<\/li>\n<\/ul>\n\n\n\n<p>Requisitos m\u00ednimos:<br><\/p>\n\n\n\n<ol class=\"wp-block-list\">\n<li>Superficie: 100 metros cuadrados (incluye espacio para m\u00e1quinas y operaciones)                                             <\/li>\n\n\n\n<li>Electricidad: Alimentaci\u00f3n trif\u00e1sica                                                                                                                                <\/li>\n\n\n\n<li>Suministro de agua: Infraestructura urbana o pozo subterr\u00e1neo                                                                                 <\/li>\n\n\n\n<li>Compresor de aire: 100 litros de capacidad                                                                                                                              <\/li>\n\n\n\n<li>Tanque de agua: 300 litros de capacidad                                                                                                                    <\/li>\n\n\n\n<li>Tanque mezclador de champ\u00fa: 100 litros de capacidad <\/li>\n<\/ol>\n\n\n\n<p>Requisitos recomendados:<\/p>\n\n\n\n<ol class=\"wp-block-list\">\n<li>Superficie: 250 metros cuadrados (aumenta la eficiencia y flexibilidad)                                                                     <\/li>\n\n\n\n<li>Compresor de aire: 150 litros de capacidad (proporciona potencia extra para otros equipos)                                  <\/li>\n\n\n\n<li>Tanque de agua: 2 toneladas de capacidad (asegura suficiente agua para un uso prolongado)                               <\/li>\n\n\n\n<li>Tanque mezclador de champ\u00fa: 1 tonelada de capacidad (reduce la frecuencia de recarga) <\/li>\n<\/ol>\n\n\n\n<p>Nota: Estas son recomendaciones generales. Sus necesidades espec\u00edficas pueden variar seg\u00fan su plan de negocios y el volumen esperado.<br><\/p>\n\n\n\n<ul class=\"wp-block-list\">\n<li>\u00bfCu\u00e1nto cuesta el env\u00edo?<\/li>\n<\/ul>\n\n\n\n<p>Para estimar su costo de env\u00edo, por favor proporci\u00f3nenos:<br><\/p>\n\n\n\n<ol class=\"wp-block-list\">\n<li>Su direcci\u00f3n completa                                                                                                                                                          <\/li>\n\n\n\n<li>El nombre del puerto comercial m\u00e1s cercano <\/li>\n<\/ol>\n\n\n\n<p>Tenga en cuenta que el costo de env\u00edo estimado que ofrecemos es aproximado y podr\u00eda diferir en el momento del env\u00edo real.<br><\/p>\n\n\n\n<ul class=\"wp-block-list\">\n<li>Deber\u00eda comprar la m\u00e1quina m\u00e1s grande para poder lavar todos los tama\u00f1os. \u00bfVerdad?<\/li>\n<\/ul>\n\n\n\n<p>Puede parecer tentador comprar las lavadoras de alfombras m\u00e1s grandes para manejar cualquier tama\u00f1o, pero esa no siempre es la mejor estrategia. <\/p>\n\n\n\n<p>He aqu\u00ed por qu\u00e9:<br><\/p>\n\n\n\n<ol class=\"wp-block-list\">\n<li>Conc\u00e9ntrese en su cliente t\u00edpico: Analice las alfombras que suele limpiar, como las de amigos, familiares o clientes anteriores. Si principalmente atiende \u00e1reas residenciales, la mayor\u00eda de las alfombras ser\u00e1n m\u00e1s peque\u00f1as.                                                                                                                                                           <\/li>\n\n\n\n<li>Investigue los tama\u00f1os populares: Consulte a proveedores o tiendas de alfombras para conocer los tama\u00f1os y tipos m\u00e1s comunes que demandan los clientes.                                                                                                                         <\/li>\n\n\n\n<li>Dir\u00edjase a mercados espec\u00edficos: Si planea atender hoteles u oficinas, cont\u00e1ctelos directamente para comprender sus necesidades. <\/li>\n<\/ol>\n\n\n\n<p>Por ejemplo, en Izmir, Turqu\u00eda, tener una m\u00e1quina con un ancho m\u00e1ximo de alfombra de 4 metros no ser\u00eda pr\u00e1ctico. Los tama\u00f1os de alfombras rara vez superan los 9 metros cuadrados, y solo encontrar\u00eda unas pocas de esas cada mes. Las alfombras m\u00e1s peque\u00f1as, como las de 3, 4 y 6 metros cuadrados, junto con los pasilleros, son mucho m\u00e1s comunes. <\/p>\n\n\n\n<p>Al elegir el tama\u00f1o de m\u00e1quina adecuado en funci\u00f3n de su mercado objetivo y sus necesidades t\u00edpicas, ahorrar\u00e1 dinero y evitar\u00e1 recursos innecesarios.<br><\/p>\n\n\n\n<ul class=\"wp-block-list\">\n<li>\u00bfCu\u00e1nto cuesta la lavadora de alfombras?<\/li>\n<\/ul>\n\n\n\n<p>Antes de hablar de precios, necesitamos entender lo que usted necesita. Diferentes m\u00e1quinas tienen diferentes capacidades y, por lo tanto, diferentes costos. Ofrecemos 5 modelos principales, cada uno con diferentes tama\u00f1os de cinta transportadora. Adem\u00e1s, algunos modelos tienen variaciones adicionales llamadas submodelos. Adem\u00e1s, puede elegir caracter\u00edsticas opcionales para personalizar su m\u00e1quina.                                                                               <\/p>\n\n\n\n<p>Para asegurarse de obtener el mejor valor, considere estos factores clave:<br><\/p>\n\n\n\n<ol class=\"wp-block-list\">\n<li>Ancho de la cinta transportadora: Esto determina el ancho m\u00e1ximo de las alfombras que su m\u00e1quina puede manejar. Piense en los tama\u00f1os de alfombras m\u00e1s comunes que espera limpiar.                                                                        <\/li>\n\n\n\n<li>N\u00famero de cepillos: Si bien 3+3=6 cepillos podr\u00edan funcionar para m\u00e1quinas m\u00e1s peque\u00f1as (modelo con un ancho m\u00e1ximo de alfombra de hasta 2 metros), las m\u00e1quinas m\u00e1s grandes suelen necesitar m\u00e1s cepillos para una limpieza m\u00e1s r\u00e1pida. <\/li>\n<\/ol>\n\n\n\n<p>Una vez que tenga una mejor idea de sus necesidades, podemos proporcionarle precios espec\u00edficos y recomendaciones de modelos. \u00a1No dude en hacer cualquier pregunta que tenga!<br><\/p>\n\n\n\n<ul class=\"wp-block-list\">\n<li>\u00bfQu\u00e9 hace que una m\u00e1quina sea de buena calidad?<\/li>\n<\/ul>\n\n\n\n<p>Si busca una lavadora de alfombras de buena calidad, debe prestar atenci\u00f3n a lo siguiente:<br><\/p>\n\n\n\n<ul class=\"wp-block-list\">\n<li>Material del chasis, pernos, tuercas, rodamientos, etc.: Todos los componentes met\u00e1licos deben ser de acero inoxidable de grado 304. Este grado ofrece una resistencia superior a la corrosi\u00f3n en comparaci\u00f3n con los grados 430 o inferiores. El acero galvanizado en caliente tambi\u00e9n es inadecuado porque es esencialmente acero al carbono recubierto de zinc, lo que lleva a una vida \u00fatil corta en esta industria.<\/li>\n\n\n\n<li>Panel el\u00e9ctrico: Opte por marcas reconocidas a nivel mundial como Mitsubishi, Siemens o Schneider. Evite las marcas desconocidas, ya que encontrar piezas de repuesto y soporte t\u00e9cnico puede ser dif\u00edcil, especialmente para PLC (controladores l\u00f3gicos programables) y VFD (variadores de frecuencia).<\/li>\n\n\n\n<li>Cepillos: Apunte a tener al menos seis cepillos (3+3=6). Las configuraciones de una sola l\u00ednea (3 o 4 cepillos) no se recomiendan debido a su capacidad limitada y rendimiento de limpieza. Las l\u00edneas duales (3+3=6, 4+4=8 o 6+6=12) son \u00f3ptimas para una limpieza efectiva.<\/li>\n\n\n\n<li>Versatilidad: La programaci\u00f3n de la m\u00e1quina debe ser lo suficientemente vers\u00e1til para adaptarse a varios tipos de alfombras, incluyendo las que tienen flecos, y a diferentes tama\u00f1os.<\/li>\n<\/ul>\n\n\n\n<p>Al seleccionar un fabricante para su m\u00e1quina, tenga en cuenta estos puntos:<\/p>\n\n\n\n<p>Soporte en ingl\u00e9s: Aseg\u00farese de que la empresa ofrezca soporte posventa en ingl\u00e9s. Algunas empresas solo ofrecen asistencia en ingl\u00e9s para ventas, no para asistencia t\u00e9cnica esencial.<br><\/p>\n\n\n\n<p>Experiencia: Elija un fabricante bien establecido con un historial probado en la resoluci\u00f3n de problemas y la provisi\u00f3n de productos confiables. Esto garantiza un mejor soporte posventa y experiencia.<\/p>\n\n\n\n<p>Referencias: Una empresa reputada debe proporcionar f\u00e1cilmente referencias que muestren clientes satisfechos en todo el mundo.<\/p>\n","protected":false},"excerpt":{"rendered":"<p>Medir con precisi\u00f3n el consumo de electricidad de nuestras lavadoras de alfombras es un desaf\u00edo por varias razones: Muchas de las mismas variables que afectan&hellip;<\/p>\n","protected":false},"author":1,"featured_media":0,"parent":0,"menu_order":0,"comment_status":"closed","ping_status":"closed","template":"","meta":{"footnotes":""},"class_list":["post-383","page","type-page","status-publish","hentry"],"translation":{"provider":"WPGlobus","version":"3.0.0","language":"es","enabled_languages":["en","tr","fr","ar","es","de","pt","ru"],"languages":{"en":{"title":true,"content":true,"excerpt":false},"tr":{"title":true,"content":true,"excerpt":false},"fr":{"title":true,"content":true,"excerpt":false},"ar":{"title":true,"content":true,"excerpt":false},"es":{"title":true,"content":true,"excerpt":false},"de":{"title":true,"content":true,"excerpt":false},"pt":{"title":true,"content":true,"excerpt":false},"ru":{"title":true,"content":true,"excerpt":false}}},"yoast_head":"<!-- This site is optimized with the Yoast SEO plugin v24.7 - https:\/\/yoast.com\/wordpress\/plugins\/seo\/ -->\n<title>Preguntas frecuentes sobre lavadoras de alfombras - Lavadora de alfombras<\/title>\n<meta name=\"description\" content=\"\u00bfCu\u00e1l es el precio de una lavadora de alfombras? \u00bfCu\u00e1nto consume de electricidad y agua una m\u00e1quina lavadora de alfombras?\" \/>\n<meta name=\"robots\" content=\"index, follow, max-snippet:-1, max-image-preview:large, max-video-preview:-1\" \/>\n<link rel=\"canonical\" href=\"https:\/\/www.thecarpetwashingmachine.com\/faq-on-carpet-washing-machines\/\" \/>\n<meta property=\"og:locale\" content=\"es_ES\" \/>\n<meta property=\"og:type\" content=\"article\" \/>\n<meta property=\"og:title\" content=\"Preguntas frecuentes sobre lavadoras de alfombras - Lavadora de alfombras\" \/>\n<meta property=\"og:description\" content=\"\u00bfCu\u00e1l es el precio de una lavadora de alfombras? \u00bfCu\u00e1nto consume de electricidad y agua una m\u00e1quina lavadora de alfombras?\" \/>\n<meta property=\"og:url\" content=\"https:\/\/www.thecarpetwashingmachine.com\/faq-on-carpet-washing-machines\/\" \/>\n<meta property=\"og:site_name\" content=\"Lavadora de alfombras\" \/>\n<meta property=\"article:publisher\" content=\"http:\/\/www.facebook.com\/carpetwashingmachine\" \/>\n<meta property=\"article:modified_time\" content=\"2025-07-18T11:54:38+00:00\" \/>\n<meta property=\"og:image\" content=\"https:\/\/www.thecarpetwashingmachine.com\/wp-content\/uploads\/2025\/01\/hali-yikama-makinasi-kullanimi-1.jpg\" \/>\n\t<meta property=\"og:image:width\" content=\"826\" \/>\n\t<meta property=\"og:image:height\" content=\"390\" \/>\n\t<meta property=\"og:image:type\" content=\"image\/jpeg\" \/>\n<meta name=\"twitter:card\" content=\"summary_large_image\" \/>\n<meta name=\"twitter:label1\" content=\"Tiempo de lectura\" \/>\n\t<meta name=\"twitter:data1\" content=\"5 minutos\" \/>\n<script type=\"application\/ld+json\" class=\"yoast-schema-graph\">{\"@context\":\"https:\/\/schema.org\",\"@graph\":[{\"@type\":\"WebPage\",\"@id\":\"https:\/\/www.thecarpetwashingmachine.com\/faq-on-carpet-washing-machines\/\",\"url\":\"https:\/\/www.thecarpetwashingmachine.com\/faq-on-carpet-washing-machines\/\",\"name\":\"H\u00e4ufig gestellte Fragen zu Teppichwaschmaschinen - Lavadora de alfombras\",\"isPartOf\":{\"@id\":\"https:\/\/www.thecarpetwashingmachine.com\/#website\"},\"primaryImageOfPage\":{\"@id\":\"https:\/\/www.thecarpetwashingmachine.com\/faq-on-carpet-washing-machines\/#primaryimage\"},\"image\":{\"@id\":\"https:\/\/www.thecarpetwashingmachine.com\/faq-on-carpet-washing-machines\/#primaryimage\"},\"thumbnailUrl\":\"https:\/\/www.thecarpetwashingmachine.com\/wp-content\/uploads\/2025\/01\/hali-yikama-makinasi-kullanimi-1.jpg\",\"datePublished\":\"2025-01-30T13:00:47+00:00\",\"dateModified\":\"2025-07-18T11:54:38+00:00\",\"description\":\"Was kostet eine Teppichwaschmaschine? Wie hoch ist der Strom- und Wasserverbrauch einer Teppichwaschmaschine?\",\"breadcrumb\":{\"@id\":\"https:\/\/www.thecarpetwashingmachine.com\/faq-on-carpet-washing-machines\/#breadcrumb\"},\"inLanguage\":\"es\",\"potentialAction\":[{\"@type\":\"ReadAction\",\"target\":[\"https:\/\/www.thecarpetwashingmachine.com\/faq-on-carpet-washing-machines\/\"]}]},{\"@type\":\"ImageObject\",\"inLanguage\":\"es\",\"@id\":\"https:\/\/www.thecarpetwashingmachine.com\/faq-on-carpet-washing-machines\/#primaryimage\",\"url\":\"https:\/\/www.thecarpetwashingmachine.com\/wp-content\/uploads\/2025\/01\/hali-yikama-makinasi-kullanimi-1.jpg\",\"contentUrl\":\"https:\/\/www.thecarpetwashingmachine.com\/wp-content\/uploads\/2025\/01\/hali-yikama-makinasi-kullanimi-1.jpg\"},{\"@type\":\"BreadcrumbList\",\"@id\":\"https:\/\/www.thecarpetwashingmachine.com\/faq-on-carpet-washing-machines\/#breadcrumb\",\"itemListElement\":[{\"@type\":\"ListItem\",\"position\":1,\"name\":\"Home\",\"item\":\"https:\/\/www.thecarpetwashingmachine.com\/\"},{\"@type\":\"ListItem\",\"position\":2,\"name\":\"Frequently Asked Questions on Carpet Washing Machines\"}]},{\"@type\":\"WebSite\",\"@id\":\"https:\/\/www.thecarpetwashingmachine.com\/#website\",\"url\":\"https:\/\/www.thecarpetwashingmachine.com\/\",\"name\":\"Lavadora de alfombras\",\"description\":\"\u00a1La lavadora de alfombras est\u00e1 en todo el mundo!\",\"potentialAction\":[{\"@type\":\"SearchAction\",\"target\":{\"@type\":\"EntryPoint\",\"urlTemplate\":\"https:\/\/www.thecarpetwashingmachine.com\/?s={search_term_string}\"},\"query-input\":{\"@type\":\"PropertyValueSpecification\",\"valueRequired\":true,\"valueName\":\"search_term_string\"}}],\"inLanguage\":\"es\"}]}<\/script>\n<!-- \/ Yoast SEO plugin. -->","yoast_head_json":{"title":"Preguntas frecuentes sobre lavadoras de alfombras - Lavadora de alfombras","description":"\u00bfCu\u00e1l es el precio de una lavadora de alfombras? \u00bfCu\u00e1nto consume de electricidad y agua una m\u00e1quina lavadora de alfombras?","robots":{"index":"index","follow":"follow","max-snippet":"max-snippet:-1","max-image-preview":"max-image-preview:large","max-video-preview":"max-video-preview:-1"},"canonical":"https:\/\/www.thecarpetwashingmachine.com\/faq-on-carpet-washing-machines\/","og_locale":"es_ES","og_type":"article","og_title":"Preguntas frecuentes sobre lavadoras de alfombras - Lavadora de alfombras","og_description":"\u00bfCu\u00e1l es el precio de una lavadora de alfombras? \u00bfCu\u00e1nto consume de electricidad y agua una m\u00e1quina lavadora de alfombras?","og_url":"https:\/\/www.thecarpetwashingmachine.com\/faq-on-carpet-washing-machines\/","og_site_name":"Lavadora de alfombras","article_publisher":"http:\/\/www.facebook.com\/carpetwashingmachine","article_modified_time":"2025-07-18T11:54:38+00:00","og_image":[{"width":826,"height":390,"url":"https:\/\/www.thecarpetwashingmachine.com\/wp-content\/uploads\/2025\/01\/hali-yikama-makinasi-kullanimi-1.jpg","type":"image\/jpeg"}],"twitter_card":"summary_large_image","twitter_misc":{"Tiempo de lectura":"5 minutos"},"schema":{"@context":"https:\/\/schema.org","@graph":[{"@type":"WebPage","@id":"https:\/\/www.thecarpetwashingmachine.com\/faq-on-carpet-washing-machines\/","url":"https:\/\/www.thecarpetwashingmachine.com\/faq-on-carpet-washing-machines\/","name":"H\u00e4ufig gestellte Fragen zu Teppichwaschmaschinen - Lavadora de alfombras","isPartOf":{"@id":"https:\/\/www.thecarpetwashingmachine.com\/#website"},"primaryImageOfPage":{"@id":"https:\/\/www.thecarpetwashingmachine.com\/faq-on-carpet-washing-machines\/#primaryimage"},"image":{"@id":"https:\/\/www.thecarpetwashingmachine.com\/faq-on-carpet-washing-machines\/#primaryimage"},"thumbnailUrl":"https:\/\/www.thecarpetwashingmachine.com\/wp-content\/uploads\/2025\/01\/hali-yikama-makinasi-kullanimi-1.jpg","datePublished":"2025-01-30T13:00:47+00:00","dateModified":"2025-07-18T11:54:38+00:00","description":"Was kostet eine Teppichwaschmaschine? Wie hoch ist der Strom- und Wasserverbrauch einer Teppichwaschmaschine?","breadcrumb":{"@id":"https:\/\/www.thecarpetwashingmachine.com\/faq-on-carpet-washing-machines\/#breadcrumb"},"inLanguage":"es","potentialAction":[{"@type":"ReadAction","target":["https:\/\/www.thecarpetwashingmachine.com\/faq-on-carpet-washing-machines\/"]}]},{"@type":"ImageObject","inLanguage":"es","@id":"https:\/\/www.thecarpetwashingmachine.com\/faq-on-carpet-washing-machines\/#primaryimage","url":"https:\/\/www.thecarpetwashingmachine.com\/wp-content\/uploads\/2025\/01\/hali-yikama-makinasi-kullanimi-1.jpg","contentUrl":"https:\/\/www.thecarpetwashingmachine.com\/wp-content\/uploads\/2025\/01\/hali-yikama-makinasi-kullanimi-1.jpg"},{"@type":"BreadcrumbList","@id":"https:\/\/www.thecarpetwashingmachine.com\/faq-on-carpet-washing-machines\/#breadcrumb","itemListElement":[{"@type":"ListItem","position":1,"name":"Home","item":"https:\/\/www.thecarpetwashingmachine.com\/"},{"@type":"ListItem","position":2,"name":"Frequently Asked Questions on Carpet Washing Machines"}]},{"@type":"WebSite","@id":"https:\/\/www.thecarpetwashingmachine.com\/#website","url":"https:\/\/www.thecarpetwashingmachine.com\/","name":"Lavadora de alfombras","description":"\u00a1La lavadora de alfombras est\u00e1 en todo el mundo!","potentialAction":[{"@type":"SearchAction","target":{"@type":"EntryPoint","urlTemplate":"https:\/\/www.thecarpetwashingmachine.com\/?s={search_term_string}"},"query-input":{"@type":"PropertyValueSpecification","valueRequired":true,"valueName":"search_term_string"}}],"inLanguage":"es"}]}},"_links":{"self":[{"href":"https:\/\/www.thecarpetwashingmachine.com\/es\/wp-json\/wp\/v2\/pages\/383","targetHints":{"allow":["GET"]}}],"collection":[{"href":"https:\/\/www.thecarpetwashingmachine.com\/es\/wp-json\/wp\/v2\/pages"}],"about":[{"href":"https:\/\/www.thecarpetwashingmachine.com\/es\/wp-json\/wp\/v2\/types\/page"}],"author":[{"embeddable":true,"href":"https:\/\/www.thecarpetwashingmachine.com\/es\/wp-json\/wp\/v2\/users\/1"}],"replies":[{"embeddable":true,"href":"https:\/\/www.thecarpetwashingmachine.com\/es\/wp-json\/wp\/v2\/comments?post=383"}],"version-history":[{"count":48,"href":"https:\/\/www.thecarpetwashingmachine.com\/es\/wp-json\/wp\/v2\/pages\/383\/revisions"}],"predecessor-version":[{"id":2462,"href":"https:\/\/www.thecarpetwashingmachine.com\/es\/wp-json\/wp\/v2\/pages\/383\/revisions\/2462"}],"wp:attachment":[{"href":"https:\/\/www.thecarpetwashingmachine.com\/es\/wp-json\/wp\/v2\/media?parent=383"}],"curies":[{"name":"wp","href":"https:\/\/api.w.org\/{rel}","templated":true}]}}