{"id":370,"date":"2025-01-16T11:18:51","date_gmt":"2025-01-16T11:18:51","guid":{"rendered":"https:\/\/www.thecarpetwashingmachine.com\/?page_id=370"},"modified":"2025-07-14T13:18:29","modified_gmt":"2025-07-14T13:18:29","slug":"carpet-finishing-machine","status":"publish","type":"page","link":"https:\/\/www.thecarpetwashingmachine.com\/es\/carpet-finishing-machine\/","title":{"rendered":"M\u00e1quina de acabado de alfombras"},"content":{"rendered":"<p><iframe loading=\"lazy\" title=\"New HPM Rug and Carpet Finishing Machine\" width=\"843\" height=\"474\" src=\"https:\/\/www.youtube.com\/embed\/QJ1NfUuUeOw?feature=oembed\" frameborder=\"0\" allow=\"accelerometer; autoplay; clipboard-write; encrypted-media; gyroscope; picture-in-picture; web-share\" referrerpolicy=\"strict-origin-when-cross-origin\" allowfullscreen><\/iframe><\/p>\n<ul data-sourcepos=\"9:1-13:0\">\n<li data-sourcepos=\"17:1-18:0\">\n<p data-sourcepos=\"2:1-2:175\">Esta m\u00e1quina, conocida como <strong>m\u00e1quina de acabado de alfombras<\/strong>, tambi\u00e9n tiene otros nombres como <strong>m\u00e1quina de empaquetado de alfombras<\/strong> y <strong>m\u00e1quina barredora de alfombras<\/strong>.<\/p>\n<p data-sourcepos=\"4:1-4:199\">Su funci\u00f3n principal es realizar un <strong>cepillado final y aspirado de la superficie de la alfombra<\/strong> antes de enrollarla y empaquetarla. A diferencia de nuestras <a href=\"http:\/\/thecarpetwashingmachine.com\/es\/how-to-choose-the-right-carpet-washing-machine\/\">otras m\u00e1quinas<\/a>, esta no lava alfombras.<\/p>\n<h3 data-sourcepos=\"7:1-7:27\">Dise\u00f1o y funcionalidad:<\/h3>\n<p data-sourcepos=\"9:1-9:177\">Nuestro sistema cuenta con un <strong>cepillo cil\u00edndrico grande y paralelo<\/strong> en la parte delantera, complementado por <strong>cuatro cepillos cil\u00edndricos m\u00e1s peque\u00f1os<\/strong> en la parte trasera.<\/p>\n<p data-sourcepos=\"11:1-11:238\">La alfombra pasa inicialmente por debajo del sistema de cepillos cil\u00edndricos. Un <strong>mecanismo neum\u00e1tico<\/strong> baja el sistema para barrer eficazmente la superficie de la alfombra. La presi\u00f3n ejercida por el cepillo cil\u00edndrico es <strong>ajustable<\/strong>.<\/p>\n<p data-sourcepos=\"13:1-13:175\">Opcionalmente, este cepillo cil\u00edndrico puede equiparse con un <strong>sistema de vac\u00edo<\/strong>, similar a los que se encuentran en nuestras m\u00e1quinas tradicionales de acabado de alfombras.<\/p>\n<p data-sourcepos=\"15:1-15:474\">Los cuatro cepillos cil\u00edndricos m\u00e1s peque\u00f1os, ubicados en la parte trasera, funcionan de manera similar a los cepillos de disco utilizados en las m\u00e1quinas de lavado de alfombras o en las aspiradoras dom\u00e9sticas. Estos cepillos barren la alfombra de izquierda a derecha. Cabe destacar que el <strong>sistema de vac\u00edo est\u00e1 integrado en el sistema lineal<\/strong>, lo que elimina la necesidad de una unidad separada. Adem\u00e1s, la presi\u00f3n de estos cepillos cil\u00edndricos tambi\u00e9n es <strong>ajustable<\/strong>.<\/p>\n<p data-sourcepos=\"17:1-17:154\">Despu\u00e9s de la etapa inicial de cepillado, la alfombra puede detenerse para el empaquetado o regresar a la parte delantera para un ciclo de limpieza final.<\/p>\n<p data-sourcepos=\"19:1-19:138\">Si el cliente opta por la opci\u00f3n de retorno, la alfombra pasa por todas las etapas una vez m\u00e1s antes de ser preparada para el empaquetado.<\/p>\n<p data-sourcepos=\"21:1-21:129\">Adem\u00e1s de para el acabado, la m\u00e1quina tambi\u00e9n puede utilizarse para el <strong>desempolvado de alfombras antes del proceso de lavado<\/strong>.<\/p>\n<\/li>\n<\/ul>\n","protected":false},"excerpt":{"rendered":"<p>Esta m\u00e1quina, conocida como m\u00e1quina de acabado de alfombras, tambi\u00e9n tiene otros nombres como m\u00e1quina de empaquetado de alfombras y m\u00e1quina barredora de alfombras. Su&hellip;<\/p>\n","protected":false},"author":1,"featured_media":0,"parent":0,"menu_order":0,"comment_status":"closed","ping_status":"closed","template":"","meta":{"footnotes":""},"class_list":["post-370","page","type-page","status-publish","hentry"],"translation":{"provider":"WPGlobus","version":"3.0.0","language":"es","enabled_languages":["en","tr","fr","ar","es","de","pt","ru"],"languages":{"en":{"title":true,"content":true,"excerpt":false},"tr":{"title":true,"content":true,"excerpt":false},"fr":{"title":true,"content":true,"excerpt":false},"ar":{"title":true,"content":true,"excerpt":false},"es":{"title":true,"content":true,"excerpt":false},"de":{"title":true,"content":true,"excerpt":false},"pt":{"title":true,"content":true,"excerpt":false},"ru":{"title":true,"content":true,"excerpt":false}}},"yoast_head":"<!-- This site is optimized with the Yoast SEO plugin v24.7 - https:\/\/yoast.com\/wordpress\/plugins\/seo\/ -->\n<title>M\u00e1quina de acabado de alfombras - Lavadora de alfombras<\/title>\n<meta name=\"description\" content=\"M\u00e1quina de Acabado de Alfombras: Se usa principalmente tras la limpieza. Cepilla, barre y aspira alfombras despu\u00e9s del secado.\" \/>\n<meta name=\"robots\" content=\"index, follow, max-snippet:-1, max-image-preview:large, max-video-preview:-1\" \/>\n<link rel=\"canonical\" href=\"https:\/\/www.thecarpetwashingmachine.com\/carpet-finishing-machine\/\" \/>\n<meta property=\"og:locale\" content=\"es_ES\" \/>\n<meta property=\"og:type\" content=\"article\" \/>\n<meta property=\"og:title\" content=\"M\u00e1quina de acabado de alfombras - Lavadora de alfombras\" \/>\n<meta property=\"og:description\" content=\"M\u00e1quina de Acabado de Alfombras: Se usa principalmente tras la limpieza. Cepilla, barre y aspira alfombras despu\u00e9s del secado.\" \/>\n<meta property=\"og:url\" content=\"https:\/\/www.thecarpetwashingmachine.com\/carpet-finishing-machine\/\" \/>\n<meta property=\"og:site_name\" content=\"Lavadora de alfombras\" \/>\n<meta property=\"article:publisher\" content=\"http:\/\/www.facebook.com\/carpetwashingmachine\" \/>\n<meta property=\"article:modified_time\" content=\"2025-07-14T13:18:29+00:00\" \/>\n<meta name=\"twitter:card\" content=\"summary_large_image\" \/>\n<meta name=\"twitter:label1\" content=\"Tiempo de lectura\" \/>\n\t<meta name=\"twitter:data1\" content=\"2 minutos\" \/>\n<script type=\"application\/ld+json\" class=\"yoast-schema-graph\">{\"@context\":\"https:\/\/schema.org\",\"@graph\":[{\"@type\":\"WebPage\",\"@id\":\"https:\/\/www.thecarpetwashingmachine.com\/carpet-finishing-machine\/\",\"url\":\"https:\/\/www.thecarpetwashingmachine.com\/carpet-finishing-machine\/\",\"name\":\"Machine de finition de tapis - Lavadora de alfombras\",\"isPartOf\":{\"@id\":\"https:\/\/www.thecarpetwashingmachine.com\/#website\"},\"datePublished\":\"2025-01-16T11:18:51+00:00\",\"dateModified\":\"2025-07-14T13:18:29+00:00\",\"description\":\"La machine de finition de tapis est principalement utilis\u00e9e apr\u00e8s le nettoyage. Elle brosse, balaie et aspire les tapis apr\u00e8s le s\u00e9chage.\",\"breadcrumb\":{\"@id\":\"https:\/\/www.thecarpetwashingmachine.com\/carpet-finishing-machine\/#breadcrumb\"},\"inLanguage\":\"es\",\"potentialAction\":[{\"@type\":\"ReadAction\",\"target\":[\"https:\/\/www.thecarpetwashingmachine.com\/carpet-finishing-machine\/\"]}]},{\"@type\":\"BreadcrumbList\",\"@id\":\"https:\/\/www.thecarpetwashingmachine.com\/carpet-finishing-machine\/#breadcrumb\",\"itemListElement\":[{\"@type\":\"ListItem\",\"position\":1,\"name\":\"Home\",\"item\":\"https:\/\/www.thecarpetwashingmachine.com\/\"},{\"@type\":\"ListItem\",\"position\":2,\"name\":\"Carpet Finishing Machine\"}]},{\"@type\":\"WebSite\",\"@id\":\"https:\/\/www.thecarpetwashingmachine.com\/#website\",\"url\":\"https:\/\/www.thecarpetwashingmachine.com\/\",\"name\":\"Lavadora de alfombras\",\"description\":\"\u00a1La lavadora de alfombras est\u00e1 en todo el mundo!\",\"potentialAction\":[{\"@type\":\"SearchAction\",\"target\":{\"@type\":\"EntryPoint\",\"urlTemplate\":\"https:\/\/www.thecarpetwashingmachine.com\/?s={search_term_string}\"},\"query-input\":{\"@type\":\"PropertyValueSpecification\",\"valueRequired\":true,\"valueName\":\"search_term_string\"}}],\"inLanguage\":\"es\"}]}<\/script>\n<!-- \/ Yoast SEO plugin. -->","yoast_head_json":{"title":"M\u00e1quina de acabado de alfombras - Lavadora de alfombras","description":"M\u00e1quina de Acabado de Alfombras: Se usa principalmente tras la limpieza. Cepilla, barre y aspira alfombras despu\u00e9s del secado.","robots":{"index":"index","follow":"follow","max-snippet":"max-snippet:-1","max-image-preview":"max-image-preview:large","max-video-preview":"max-video-preview:-1"},"canonical":"https:\/\/www.thecarpetwashingmachine.com\/carpet-finishing-machine\/","og_locale":"es_ES","og_type":"article","og_title":"M\u00e1quina de acabado de alfombras - Lavadora de alfombras","og_description":"M\u00e1quina de Acabado de Alfombras: Se usa principalmente tras la limpieza. Cepilla, barre y aspira alfombras despu\u00e9s del secado.","og_url":"https:\/\/www.thecarpetwashingmachine.com\/carpet-finishing-machine\/","og_site_name":"Lavadora de alfombras","article_publisher":"http:\/\/www.facebook.com\/carpetwashingmachine","article_modified_time":"2025-07-14T13:18:29+00:00","twitter_card":"summary_large_image","twitter_misc":{"Tiempo de lectura":"2 minutos"},"schema":{"@context":"https:\/\/schema.org","@graph":[{"@type":"WebPage","@id":"https:\/\/www.thecarpetwashingmachine.com\/carpet-finishing-machine\/","url":"https:\/\/www.thecarpetwashingmachine.com\/carpet-finishing-machine\/","name":"Machine de finition de tapis - Lavadora de alfombras","isPartOf":{"@id":"https:\/\/www.thecarpetwashingmachine.com\/#website"},"datePublished":"2025-01-16T11:18:51+00:00","dateModified":"2025-07-14T13:18:29+00:00","description":"La machine de finition de tapis est principalement utilis\u00e9e apr\u00e8s le nettoyage. Elle brosse, balaie et aspire les tapis apr\u00e8s le s\u00e9chage.","breadcrumb":{"@id":"https:\/\/www.thecarpetwashingmachine.com\/carpet-finishing-machine\/#breadcrumb"},"inLanguage":"es","potentialAction":[{"@type":"ReadAction","target":["https:\/\/www.thecarpetwashingmachine.com\/carpet-finishing-machine\/"]}]},{"@type":"BreadcrumbList","@id":"https:\/\/www.thecarpetwashingmachine.com\/carpet-finishing-machine\/#breadcrumb","itemListElement":[{"@type":"ListItem","position":1,"name":"Home","item":"https:\/\/www.thecarpetwashingmachine.com\/"},{"@type":"ListItem","position":2,"name":"Carpet Finishing Machine"}]},{"@type":"WebSite","@id":"https:\/\/www.thecarpetwashingmachine.com\/#website","url":"https:\/\/www.thecarpetwashingmachine.com\/","name":"Lavadora de alfombras","description":"\u00a1La lavadora de alfombras est\u00e1 en todo el mundo!","potentialAction":[{"@type":"SearchAction","target":{"@type":"EntryPoint","urlTemplate":"https:\/\/www.thecarpetwashingmachine.com\/?s={search_term_string}"},"query-input":{"@type":"PropertyValueSpecification","valueRequired":true,"valueName":"search_term_string"}}],"inLanguage":"es"}]}},"_links":{"self":[{"href":"https:\/\/www.thecarpetwashingmachine.com\/es\/wp-json\/wp\/v2\/pages\/370","targetHints":{"allow":["GET"]}}],"collection":[{"href":"https:\/\/www.thecarpetwashingmachine.com\/es\/wp-json\/wp\/v2\/pages"}],"about":[{"href":"https:\/\/www.thecarpetwashingmachine.com\/es\/wp-json\/wp\/v2\/types\/page"}],"author":[{"embeddable":true,"href":"https:\/\/www.thecarpetwashingmachine.com\/es\/wp-json\/wp\/v2\/users\/1"}],"replies":[{"embeddable":true,"href":"https:\/\/www.thecarpetwashingmachine.com\/es\/wp-json\/wp\/v2\/comments?post=370"}],"version-history":[{"count":34,"href":"https:\/\/www.thecarpetwashingmachine.com\/es\/wp-json\/wp\/v2\/pages\/370\/revisions"}],"predecessor-version":[{"id":2444,"href":"https:\/\/www.thecarpetwashingmachine.com\/es\/wp-json\/wp\/v2\/pages\/370\/revisions\/2444"}],"wp:attachment":[{"href":"https:\/\/www.thecarpetwashingmachine.com\/es\/wp-json\/wp\/v2\/media?parent=370"}],"curies":[{"name":"wp","href":"https:\/\/api.w.org\/{rel}","templated":true}]}}