{"id":25,"date":"2018-05-18T15:20:44","date_gmt":"2018-05-18T15:20:44","guid":{"rendered":"http:\/\/thecarpetwashingmachine.com\/?page_id=25"},"modified":"2025-06-18T10:54:10","modified_gmt":"2025-06-18T10:54:10","slug":"carpet-washing-machine-2","status":"publish","type":"page","link":"https:\/\/www.thecarpetwashingmachine.com\/es\/carpet-washing-machine-2\/","title":{"rendered":"Preguntas Sobre La Lavadora De Alfombras"},"content":{"rendered":"<h3><img loading=\"lazy\" decoding=\"async\" class=\"alignnone wp-image-39 size-full\" src=\"https:\/\/www.thecarpetwashingmachine.com\/wp-content\/uploads\/2018\/05\/high-quality-carpet-washing-machine.jpg\" alt=\"M\u00e1quina de Lavado de Alfombras\n\" width=\"500\" height=\"278\" srcset=\"https:\/\/www.thecarpetwashingmachine.com\/wp-content\/uploads\/2018\/05\/high-quality-carpet-washing-machine.jpg 500w, https:\/\/www.thecarpetwashingmachine.com\/wp-content\/uploads\/2018\/05\/high-quality-carpet-washing-machine-300x167.jpg 300w\" sizes=\"auto, (max-width: 500px) 100vw, 500px\" \/><\/h3>\n<h3><strong>Lavadora de alfombras, \u00bfqu\u00e9 es?<\/strong><\/h3>\n<p>Las lavadoras de alfombras son los mecanismos que consumen agua, electricidad y champ\u00fa para la limpieza de alfombras. Usualmente trabajan con rodamientos, motores, cepillos, cintas transportadoras y sistemas operados por aire.<\/p>\n<h4><strong>\u00bfQu\u00e9 es una lavadora de alfombras completamente autom\u00e1tica?<\/strong><\/h4>\n<p>Este tipo de m\u00e1quinas tienen PLC y sensores dentro de sus sistemas. Las alfombras son reconocidas por la m\u00e1quina autom\u00e1ticamente, las m\u00e1quinas no desperdician agua innecesaria o champ\u00fa en la cinta transportadora. Las m\u00e1quinas funcionan de manera diferente para diferentes tipos de alfombras y detienen sus sistemas cuando no hay alfombra.<\/p>\n<h4><strong>\u00bfPor qu\u00e9 una lavadora de alfombras debe ser de acero inoxidable?<\/strong><\/h4>\n<p>Las m\u00e1quinas de acero galvanizado y recubierto de epoxi son materiales muy comunes en el sector de las lavadoras de alfombras. Sin embargo, cient\u00edficamente en el sector de la limpieza, se utilizan muchos productos qu\u00edmicos, con diferentes valores de pH. En la limpieza de alfombras, no se puede lavar alfombras sin champ\u00fas para alfombras. Los champ\u00fas para alfombras tienen un valor de pH m\u00e1s alto \/ m\u00e1s bajo que 7 (neutro). Si estos valores de pH hubieran sido neutros, se podr\u00eda usar acero galvanizado o recubierto con epoxi durante mucho tiempo. Pero esto es imposible. Un material de acero galvanizado o recubierto de epoxi solo puede durar de 2 a 3 a\u00f1os. Algunos limpiadores de alfombras incluso usan productos qu\u00edmicos extremos, como el hiposulfito de potasio y la soda c\u00e1ustica. Una vez que una m\u00e1quina tiene \u00f3xido en su cuerpo y partes, esa m\u00e1quina ya no se puede usar para limpiar.<\/p>\n<h4><strong>\u00bfQu\u00e9 marcas el\u00e9ctricas son buenas para las lavadoras de alfombras?<\/strong><\/h4>\n<p>Las piezas el\u00e9ctricas en las lavadoras de alfombras deben ser marcas mundialmente conocidas, como Siemens, Schneider y Mitsubishi. Puede ver docenas de fabricantes que tienen piezas el\u00e9ctricas de baja calidad en sus m\u00e1quinas, principalmente de China. A largo plazo, las piezas chinas pueden causar problemas en los componentes el\u00e9ctricos y mec\u00e1nicos de las m\u00e1quinas.<\/p>\n<h4><strong>\u00bfQu\u00e9 es el sistema PLC?<\/strong><\/h4>\n<p>Controlador l\u00f3gico programable, para reformular cerebro de las lavadoras de alfombras totalmente autom\u00e1ticas. Las m\u00e1quinas equipadas con unidades PLC de alta calidad pueden lavar cualquier tipo de alfombra en el mundo. Pueden lavar las alfombras adecuadamente seg\u00fan el tama\u00f1o y el tiempo sin desperdicio superfluo de agua, productos qu\u00edmicos, tiempo, electricidad y mano de obra. Con sistemas PLC de buena calidad, el fabricante puede resolver sus problemas de forma remota, lo que tambi\u00e9n hace posible agregar nuevos tipos de alfombras y programas de lavado.<\/p>\n<h4><strong>\u00bfCu\u00e1l es la mejor lavadora de alfombras?<\/strong><\/h4>\n<p>Esto realmente depende de sus requisitos. Si el 80-90% de las alfombras que lava tiene 2 m ancho, puede elegir una lavadora de alfombras con un m\u00e1ximo de 2.2 m de ancho de alfombra. Cada m\u00e1quina debe tener un espacio de 10 cm a cada lado de la cinta transportadora para las normas de seguridad. Si la mayor\u00eda de las veces tiene alfombras de 4 m de ancho, necesitar\u00e1 una m\u00e1quina con un m\u00e1ximo de 4.2 m \u00a0ancho de alfombra. La mejor lavadora de alfombras es obviamente de acero inoxidable, como lo mencionamos en el p\u00e1rrafo anterior. Es completamente autom\u00e1tico y puede lavar cualquier tipo de alfombra sin problema.<\/p>\n","protected":false},"excerpt":{"rendered":"<p>Lavadora de alfombras, \u00bfqu\u00e9 es? Las lavadoras de alfombras son los mecanismos que consumen agua, electricidad y champ\u00fa para la limpieza de alfombras. Usualmente trabajan&hellip;<\/p>\n","protected":false},"author":1,"featured_media":0,"parent":0,"menu_order":0,"comment_status":"closed","ping_status":"closed","template":"","meta":{"footnotes":""},"class_list":["post-25","page","type-page","status-publish","hentry"],"translation":{"provider":"WPGlobus","version":"3.0.0","language":"es","enabled_languages":["en","tr","fr","ar","es","de","pt","ru"],"languages":{"en":{"title":true,"content":true,"excerpt":false},"tr":{"title":true,"content":true,"excerpt":false},"fr":{"title":true,"content":true,"excerpt":false},"ar":{"title":true,"content":true,"excerpt":false},"es":{"title":true,"content":true,"excerpt":false},"de":{"title":true,"content":true,"excerpt":false},"pt":{"title":true,"content":true,"excerpt":false},"ru":{"title":true,"content":true,"excerpt":false}}},"yoast_head":"<!-- This site is optimized with the Yoast SEO plugin v24.7 - https:\/\/yoast.com\/wordpress\/plugins\/seo\/ -->\n<title>Preguntas Sobre La Lavadora De Alfombras - Lavadora de alfombras<\/title>\n<meta name=\"description\" content=\"Aprende lo b\u00e1sico sobre m\u00e1quinas lavadoras de alfombras: qu\u00e9 son, opciones autom\u00e1ticas y c\u00f3mo hallar la mejor para ti.\" \/>\n<meta name=\"robots\" content=\"index, follow, max-snippet:-1, max-image-preview:large, max-video-preview:-1\" \/>\n<link rel=\"canonical\" href=\"https:\/\/www.thecarpetwashingmachine.com\/\" \/>\n<meta property=\"og:locale\" content=\"es_ES\" \/>\n<meta property=\"og:type\" content=\"article\" \/>\n<meta property=\"og:title\" content=\"Preguntas Sobre La Lavadora De Alfombras - Lavadora de alfombras\" \/>\n<meta property=\"og:description\" content=\"Aprende lo b\u00e1sico sobre m\u00e1quinas lavadoras de alfombras: qu\u00e9 son, opciones autom\u00e1ticas y c\u00f3mo hallar la mejor para ti.\" \/>\n<meta property=\"og:url\" content=\"https:\/\/www.thecarpetwashingmachine.com\/\" \/>\n<meta property=\"og:site_name\" content=\"Lavadora de alfombras\" \/>\n<meta property=\"article:publisher\" content=\"http:\/\/www.facebook.com\/carpetwashingmachine\" \/>\n<meta property=\"article:modified_time\" content=\"2025-06-18T10:54:10+00:00\" \/>\n<meta property=\"og:image\" content=\"https:\/\/www.thecarpetwashingmachine.com\/wp-content\/uploads\/2018\/05\/high-quality-carpet-washing-machine.jpg\" \/>\n\t<meta property=\"og:image:width\" content=\"500\" \/>\n\t<meta property=\"og:image:height\" content=\"278\" \/>\n\t<meta property=\"og:image:type\" content=\"image\/jpeg\" \/>\n<meta name=\"twitter:card\" content=\"summary_large_image\" \/>\n<meta name=\"twitter:label1\" content=\"Tiempo de lectura\" \/>\n\t<meta name=\"twitter:data1\" content=\"3 minutos\" \/>\n<script type=\"application\/ld+json\" class=\"yoast-schema-graph\">{\"@context\":\"https:\/\/schema.org\",\"@graph\":[{\"@type\":\"WebPage\",\"@id\":\"https:\/\/www.thecarpetwashingmachine.com\/\",\"url\":\"https:\/\/www.thecarpetwashingmachine.com\/\",\"name\":\"Questions About Carpet Washing Machine - Lavadora de alfombras\",\"isPartOf\":{\"@id\":\"https:\/\/www.thecarpetwashingmachine.com\/#website\"},\"primaryImageOfPage\":{\"@id\":\"https:\/\/www.thecarpetwashingmachine.com\/#primaryimage\"},\"image\":{\"@id\":\"https:\/\/www.thecarpetwashingmachine.com\/#primaryimage\"},\"thumbnailUrl\":\"http:\/\/thecarpetwashingmachine.com\/wp-content\/uploads\/2018\/05\/high-quality-carpet-washing-machine.jpg\",\"datePublished\":\"2018-05-18T15:20:44+00:00\",\"dateModified\":\"2025-06-18T10:54:10+00:00\",\"description\":\"Learn the basics of carpet washing machines: What they are, fully automatic options, and how to find the best one for your needs.\",\"breadcrumb\":{\"@id\":\"https:\/\/www.thecarpetwashingmachine.com\/#breadcrumb\"},\"inLanguage\":\"es\",\"potentialAction\":[{\"@type\":\"ReadAction\",\"target\":[\"https:\/\/www.thecarpetwashingmachine.com\/\"]}]},{\"@type\":\"ImageObject\",\"inLanguage\":\"es\",\"@id\":\"https:\/\/www.thecarpetwashingmachine.com\/#primaryimage\",\"url\":\"http:\/\/thecarpetwashingmachine.com\/wp-content\/uploads\/2018\/05\/high-quality-carpet-washing-machine.jpg\",\"contentUrl\":\"http:\/\/thecarpetwashingmachine.com\/wp-content\/uploads\/2018\/05\/high-quality-carpet-washing-machine.jpg\"},{\"@type\":\"BreadcrumbList\",\"@id\":\"https:\/\/www.thecarpetwashingmachine.com\/#breadcrumb\",\"itemListElement\":[{\"@type\":\"ListItem\",\"position\":1,\"name\":\"Home\",\"item\":\"https:\/\/www.thecarpetwashingmachine.com\/\"},{\"@type\":\"ListItem\",\"position\":2,\"name\":\"Questions About Carpet Washing Machine\"}]},{\"@type\":\"WebSite\",\"@id\":\"https:\/\/www.thecarpetwashingmachine.com\/#website\",\"url\":\"https:\/\/www.thecarpetwashingmachine.com\/\",\"name\":\"Lavadora de alfombras\",\"description\":\"\u00a1La lavadora de alfombras est\u00e1 en todo el mundo!\",\"potentialAction\":[{\"@type\":\"SearchAction\",\"target\":{\"@type\":\"EntryPoint\",\"urlTemplate\":\"https:\/\/www.thecarpetwashingmachine.com\/?s={search_term_string}\"},\"query-input\":{\"@type\":\"PropertyValueSpecification\",\"valueRequired\":true,\"valueName\":\"search_term_string\"}}],\"inLanguage\":\"es\"}]}<\/script>\n<!-- \/ Yoast SEO plugin. -->","yoast_head_json":{"title":"Preguntas Sobre La Lavadora De Alfombras - Lavadora de alfombras","description":"Aprende lo b\u00e1sico sobre m\u00e1quinas lavadoras de alfombras: qu\u00e9 son, opciones autom\u00e1ticas y c\u00f3mo hallar la mejor para ti.","robots":{"index":"index","follow":"follow","max-snippet":"max-snippet:-1","max-image-preview":"max-image-preview:large","max-video-preview":"max-video-preview:-1"},"canonical":"https:\/\/www.thecarpetwashingmachine.com\/","og_locale":"es_ES","og_type":"article","og_title":"Preguntas Sobre La Lavadora De Alfombras - Lavadora de alfombras","og_description":"Aprende lo b\u00e1sico sobre m\u00e1quinas lavadoras de alfombras: qu\u00e9 son, opciones autom\u00e1ticas y c\u00f3mo hallar la mejor para ti.","og_url":"https:\/\/www.thecarpetwashingmachine.com\/","og_site_name":"Lavadora de alfombras","article_publisher":"http:\/\/www.facebook.com\/carpetwashingmachine","article_modified_time":"2025-06-18T10:54:10+00:00","og_image":[{"width":500,"height":278,"url":"https:\/\/www.thecarpetwashingmachine.com\/wp-content\/uploads\/2018\/05\/high-quality-carpet-washing-machine.jpg","type":"image\/jpeg"}],"twitter_card":"summary_large_image","twitter_misc":{"Tiempo de lectura":"3 minutos"},"schema":{"@context":"https:\/\/schema.org","@graph":[{"@type":"WebPage","@id":"https:\/\/www.thecarpetwashingmachine.com\/","url":"https:\/\/www.thecarpetwashingmachine.com\/","name":"Questions About Carpet Washing Machine - Lavadora de alfombras","isPartOf":{"@id":"https:\/\/www.thecarpetwashingmachine.com\/#website"},"primaryImageOfPage":{"@id":"https:\/\/www.thecarpetwashingmachine.com\/#primaryimage"},"image":{"@id":"https:\/\/www.thecarpetwashingmachine.com\/#primaryimage"},"thumbnailUrl":"http:\/\/thecarpetwashingmachine.com\/wp-content\/uploads\/2018\/05\/high-quality-carpet-washing-machine.jpg","datePublished":"2018-05-18T15:20:44+00:00","dateModified":"2025-06-18T10:54:10+00:00","description":"Learn the basics of carpet washing machines: What they are, fully automatic options, and how to find the best one for your needs.","breadcrumb":{"@id":"https:\/\/www.thecarpetwashingmachine.com\/#breadcrumb"},"inLanguage":"es","potentialAction":[{"@type":"ReadAction","target":["https:\/\/www.thecarpetwashingmachine.com\/"]}]},{"@type":"ImageObject","inLanguage":"es","@id":"https:\/\/www.thecarpetwashingmachine.com\/#primaryimage","url":"http:\/\/thecarpetwashingmachine.com\/wp-content\/uploads\/2018\/05\/high-quality-carpet-washing-machine.jpg","contentUrl":"http:\/\/thecarpetwashingmachine.com\/wp-content\/uploads\/2018\/05\/high-quality-carpet-washing-machine.jpg"},{"@type":"BreadcrumbList","@id":"https:\/\/www.thecarpetwashingmachine.com\/#breadcrumb","itemListElement":[{"@type":"ListItem","position":1,"name":"Home","item":"https:\/\/www.thecarpetwashingmachine.com\/"},{"@type":"ListItem","position":2,"name":"Questions About Carpet Washing Machine"}]},{"@type":"WebSite","@id":"https:\/\/www.thecarpetwashingmachine.com\/#website","url":"https:\/\/www.thecarpetwashingmachine.com\/","name":"Lavadora de alfombras","description":"\u00a1La lavadora de alfombras est\u00e1 en todo el mundo!","potentialAction":[{"@type":"SearchAction","target":{"@type":"EntryPoint","urlTemplate":"https:\/\/www.thecarpetwashingmachine.com\/?s={search_term_string}"},"query-input":{"@type":"PropertyValueSpecification","valueRequired":true,"valueName":"search_term_string"}}],"inLanguage":"es"}]}},"_links":{"self":[{"href":"https:\/\/www.thecarpetwashingmachine.com\/es\/wp-json\/wp\/v2\/pages\/25","targetHints":{"allow":["GET"]}}],"collection":[{"href":"https:\/\/www.thecarpetwashingmachine.com\/es\/wp-json\/wp\/v2\/pages"}],"about":[{"href":"https:\/\/www.thecarpetwashingmachine.com\/es\/wp-json\/wp\/v2\/types\/page"}],"author":[{"embeddable":true,"href":"https:\/\/www.thecarpetwashingmachine.com\/es\/wp-json\/wp\/v2\/users\/1"}],"replies":[{"embeddable":true,"href":"https:\/\/www.thecarpetwashingmachine.com\/es\/wp-json\/wp\/v2\/comments?post=25"}],"version-history":[{"count":60,"href":"https:\/\/www.thecarpetwashingmachine.com\/es\/wp-json\/wp\/v2\/pages\/25\/revisions"}],"predecessor-version":[{"id":961,"href":"https:\/\/www.thecarpetwashingmachine.com\/es\/wp-json\/wp\/v2\/pages\/25\/revisions\/961"}],"wp:attachment":[{"href":"https:\/\/www.thecarpetwashingmachine.com\/es\/wp-json\/wp\/v2\/media?parent=25"}],"curies":[{"name":"wp","href":"https:\/\/api.w.org\/{rel}","templated":true}]}}