{"id":2269,"date":"2025-07-14T08:11:10","date_gmt":"2025-07-14T08:11:10","guid":{"rendered":"https:\/\/www.thecarpetwashingmachine.com\/?page_id=2269"},"modified":"2025-07-28T14:08:58","modified_gmt":"2025-07-28T14:08:58","slug":"hpm-4200","status":"publish","type":"page","link":"https:\/\/www.thecarpetwashingmachine.com\/es\/hpm-4200\/","title":{"rendered":"M\u00e1quina de acabado de alfombras &#8211; HPM 4200"},"content":{"rendered":"\n<figure class=\"wp-block-image aligncenter size-large\"><img loading=\"lazy\" decoding=\"async\" width=\"1024\" height=\"465\" src=\"https:\/\/www.thecarpetwashingmachine.com\/wp-content\/uploads\/2025\/07\/Untitled-design-15-1024x465.png\" alt=\"M\u00e1quina de acabado de alfombras\n\" class=\"wp-image-2044\" srcset=\"https:\/\/www.thecarpetwashingmachine.com\/wp-content\/uploads\/2025\/07\/Untitled-design-15-1024x465.png 1024w, https:\/\/www.thecarpetwashingmachine.com\/wp-content\/uploads\/2025\/07\/Untitled-design-15-300x136.png 300w, https:\/\/www.thecarpetwashingmachine.com\/wp-content\/uploads\/2025\/07\/Untitled-design-15-768x349.png 768w, https:\/\/www.thecarpetwashingmachine.com\/wp-content\/uploads\/2025\/07\/Untitled-design-15.png 1100w\" sizes=\"auto, (max-width: 1024px) 100vw, 1024px\" \/><\/figure>\n\n\n\n<p><\/p>\n\n\n\n<p>Consiga un acabado profesional inigualable para sus alfombras m\u00e1s grandes con la M\u00e1quina de Acabado de Alfombras HPM 4200. Dise\u00f1ada para las exigencias industriales, esta potente unidad maneja con maestr\u00eda anchos de alfombra de hasta unos impresionantes 4 metros, asegurando que incluso sus piezas m\u00e1s grandes reciban una atenci\u00f3n minuciosa.<\/p>\n\n\n\n<p>La HPM 4200 est\u00e1 equipada con un avanzado sistema de 4 cepillos cil\u00edndricos, cada uno de 70 cm, creado para un cepillado extenso y uniforme. Su inteligente sistema operativo PLC proporciona un control preciso y sin esfuerzo sobre cada paso del proceso de acabado. Para mantener un espacio de trabajo siempre limpio, la m\u00e1quina integra una potente aspiradora incorporada y un eficiente sistema de recolecci\u00f3n de polvo. El flujo operativo se optimiza con el movimiento inverso autom\u00e1tico y un sensor clave de detecci\u00f3n de alfombras, todo ello protegido por robustas salvaguardas del motor. Personalice a\u00fan m\u00e1s la HPM 4200 con funciones opcionales como un cepillo cil\u00edndrico paralelo, una aspiradora adicional para el cepillo, una pr\u00e1ctica tina frontal, ruedas para mayor movilidad y un frente extendido para control de calidad, adapt\u00e1ndola perfectamente a sus operaciones de alto volumen.<\/p>\n\n\n\n<p><\/p>\n\n\n\n<figure class=\"wp-block-embed aligncenter is-type-video is-provider-youtube wp-block-embed-youtube wp-embed-aspect-16-9 wp-has-aspect-ratio\"><div class=\"wp-block-embed__wrapper\">\n<iframe loading=\"lazy\" title=\"New HPM Rug and Carpet Finishing Machine\" width=\"843\" height=\"474\" src=\"https:\/\/www.youtube.com\/embed\/QJ1NfUuUeOw?start=2&#038;feature=oembed\" frameborder=\"0\" allow=\"accelerometer; autoplay; clipboard-write; encrypted-media; gyroscope; picture-in-picture; web-share\" referrerpolicy=\"strict-origin-when-cross-origin\" allowfullscreen><\/iframe>\n<\/div><\/figure>\n","protected":false},"excerpt":{"rendered":"<p>Consiga un acabado profesional inigualable para sus alfombras m\u00e1s grandes con la M\u00e1quina de Acabado de Alfombras HPM 4200. Dise\u00f1ada para las exigencias industriales, esta&hellip;<\/p>\n","protected":false},"author":1,"featured_media":0,"parent":0,"menu_order":0,"comment_status":"closed","ping_status":"closed","template":"","meta":{"footnotes":""},"class_list":["post-2269","page","type-page","status-publish","hentry"],"translation":{"provider":"WPGlobus","version":"3.0.0","language":"es","enabled_languages":["en","tr","fr","ar","es","de","pt","ru"],"languages":{"en":{"title":true,"content":true,"excerpt":false},"tr":{"title":true,"content":true,"excerpt":false},"fr":{"title":true,"content":true,"excerpt":false},"ar":{"title":true,"content":true,"excerpt":false},"es":{"title":true,"content":true,"excerpt":false},"de":{"title":true,"content":true,"excerpt":false},"pt":{"title":true,"content":true,"excerpt":false},"ru":{"title":true,"content":true,"excerpt":false}}},"yoast_head":"<!-- This site is optimized with the Yoast SEO plugin v24.7 - https:\/\/yoast.com\/wordpress\/plugins\/seo\/ -->\n<title>M\u00e1quina de acabado de alfombras - HPM 4200 - M\u00e1quina de acabado de alfombras<\/title>\n<meta name=\"description\" content=\"HPM 4200: Acabado profesional para alfombras gigantes. 4m de ancho, 4 cepillos de 70cm, PLC, aspiraci\u00f3n integrada. \u00a1Ideal para industria!\" \/>\n<meta name=\"robots\" content=\"index, follow, max-snippet:-1, max-image-preview:large, max-video-preview:-1\" \/>\n<link rel=\"canonical\" href=\"https:\/\/www.thecarpetwashingmachine.com\/hpm-4200\/\" \/>\n<meta property=\"og:locale\" content=\"es_ES\" \/>\n<meta property=\"og:type\" content=\"article\" \/>\n<meta property=\"og:title\" content=\"M\u00e1quina de acabado de alfombras - HPM 4200 - M\u00e1quina de acabado de alfombras\" \/>\n<meta property=\"og:description\" content=\"HPM 4200: Acabado profesional para alfombras gigantes. 4m de ancho, 4 cepillos de 70cm, PLC, aspiraci\u00f3n integrada. \u00a1Ideal para industria!\" \/>\n<meta property=\"og:url\" content=\"https:\/\/www.thecarpetwashingmachine.com\/hpm-4200\/\" \/>\n<meta property=\"og:site_name\" content=\"Lavadora de alfombras\" \/>\n<meta property=\"article:publisher\" content=\"http:\/\/www.facebook.com\/carpetwashingmachine\" \/>\n<meta property=\"article:modified_time\" content=\"2025-07-28T14:08:58+00:00\" \/>\n<meta property=\"og:image\" content=\"https:\/\/www.thecarpetwashingmachine.com\/wp-content\/uploads\/2025\/07\/Untitled-design-15.png\" \/>\n\t<meta property=\"og:image:width\" content=\"1100\" \/>\n\t<meta property=\"og:image:height\" content=\"500\" \/>\n\t<meta property=\"og:image:type\" content=\"image\/png\" \/>\n<meta name=\"twitter:card\" content=\"summary_large_image\" \/>\n<meta name=\"twitter:label1\" content=\"Tiempo de lectura\" \/>\n\t<meta name=\"twitter:data1\" content=\"1 minuto\" \/>\n<script type=\"application\/ld+json\" class=\"yoast-schema-graph\">{\"@context\":\"https:\/\/schema.org\",\"@graph\":[{\"@type\":\"WebPage\",\"@id\":\"https:\/\/www.thecarpetwashingmachine.com\/hpm-4200\/\",\"url\":\"https:\/\/www.thecarpetwashingmachine.com\/hpm-4200\/\",\"name\":\"M\u00e1quina de acabado de alfombras - HPM 4200 - Carpet Finishing Machine\",\"isPartOf\":{\"@id\":\"https:\/\/www.thecarpetwashingmachine.com\/#website\"},\"primaryImageOfPage\":{\"@id\":\"https:\/\/www.thecarpetwashingmachine.com\/hpm-4200\/#primaryimage\"},\"image\":{\"@id\":\"https:\/\/www.thecarpetwashingmachine.com\/hpm-4200\/#primaryimage\"},\"thumbnailUrl\":\"https:\/\/www.thecarpetwashingmachine.com\/wp-content\/uploads\/2025\/07\/Untitled-design-15-1024x465.png\",\"datePublished\":\"2025-07-14T08:11:10+00:00\",\"dateModified\":\"2025-07-28T14:08:58+00:00\",\"description\":\"HPM 4200: Ultimate finishing for 4m carpets. Features 4x70cm brushes, PLC control, built-in vacuum, ensures professional results.\",\"breadcrumb\":{\"@id\":\"https:\/\/www.thecarpetwashingmachine.com\/hpm-4200\/#breadcrumb\"},\"inLanguage\":\"es\",\"potentialAction\":[{\"@type\":\"ReadAction\",\"target\":[\"https:\/\/www.thecarpetwashingmachine.com\/hpm-4200\/\"]}]},{\"@type\":\"ImageObject\",\"inLanguage\":\"es\",\"@id\":\"https:\/\/www.thecarpetwashingmachine.com\/hpm-4200\/#primaryimage\",\"url\":\"https:\/\/www.thecarpetwashingmachine.com\/wp-content\/uploads\/2025\/07\/Untitled-design-15-1024x465.png\",\"contentUrl\":\"https:\/\/www.thecarpetwashingmachine.com\/wp-content\/uploads\/2025\/07\/Untitled-design-15-1024x465.png\"},{\"@type\":\"BreadcrumbList\",\"@id\":\"https:\/\/www.thecarpetwashingmachine.com\/hpm-4200\/#breadcrumb\",\"itemListElement\":[{\"@type\":\"ListItem\",\"position\":1,\"name\":\"Home\",\"item\":\"https:\/\/www.thecarpetwashingmachine.com\/\"},{\"@type\":\"ListItem\",\"position\":2,\"name\":\"Carpet Finishing Machine &#8211; HPM 4200\"}]},{\"@type\":\"WebSite\",\"@id\":\"https:\/\/www.thecarpetwashingmachine.com\/#website\",\"url\":\"https:\/\/www.thecarpetwashingmachine.com\/\",\"name\":\"Lavadora de alfombras\",\"description\":\"\u00a1La lavadora de alfombras est\u00e1 en todo el mundo!\",\"potentialAction\":[{\"@type\":\"SearchAction\",\"target\":{\"@type\":\"EntryPoint\",\"urlTemplate\":\"https:\/\/www.thecarpetwashingmachine.com\/?s={search_term_string}\"},\"query-input\":{\"@type\":\"PropertyValueSpecification\",\"valueRequired\":true,\"valueName\":\"search_term_string\"}}],\"inLanguage\":\"es\"}]}<\/script>\n<!-- \/ Yoast SEO plugin. -->","yoast_head_json":{"title":"M\u00e1quina de acabado de alfombras - HPM 4200 - M\u00e1quina de acabado de alfombras","description":"HPM 4200: Acabado profesional para alfombras gigantes. 4m de ancho, 4 cepillos de 70cm, PLC, aspiraci\u00f3n integrada. \u00a1Ideal para industria!","robots":{"index":"index","follow":"follow","max-snippet":"max-snippet:-1","max-image-preview":"max-image-preview:large","max-video-preview":"max-video-preview:-1"},"canonical":"https:\/\/www.thecarpetwashingmachine.com\/hpm-4200\/","og_locale":"es_ES","og_type":"article","og_title":"M\u00e1quina de acabado de alfombras - HPM 4200 - M\u00e1quina de acabado de alfombras","og_description":"HPM 4200: Acabado profesional para alfombras gigantes. 4m de ancho, 4 cepillos de 70cm, PLC, aspiraci\u00f3n integrada. \u00a1Ideal para industria!","og_url":"https:\/\/www.thecarpetwashingmachine.com\/hpm-4200\/","og_site_name":"Lavadora de alfombras","article_publisher":"http:\/\/www.facebook.com\/carpetwashingmachine","article_modified_time":"2025-07-28T14:08:58+00:00","og_image":[{"width":1100,"height":500,"url":"https:\/\/www.thecarpetwashingmachine.com\/wp-content\/uploads\/2025\/07\/Untitled-design-15.png","type":"image\/png"}],"twitter_card":"summary_large_image","twitter_misc":{"Tiempo de lectura":"1 minuto"},"schema":{"@context":"https:\/\/schema.org","@graph":[{"@type":"WebPage","@id":"https:\/\/www.thecarpetwashingmachine.com\/hpm-4200\/","url":"https:\/\/www.thecarpetwashingmachine.com\/hpm-4200\/","name":"M\u00e1quina de acabado de alfombras - HPM 4200 - Carpet Finishing Machine","isPartOf":{"@id":"https:\/\/www.thecarpetwashingmachine.com\/#website"},"primaryImageOfPage":{"@id":"https:\/\/www.thecarpetwashingmachine.com\/hpm-4200\/#primaryimage"},"image":{"@id":"https:\/\/www.thecarpetwashingmachine.com\/hpm-4200\/#primaryimage"},"thumbnailUrl":"https:\/\/www.thecarpetwashingmachine.com\/wp-content\/uploads\/2025\/07\/Untitled-design-15-1024x465.png","datePublished":"2025-07-14T08:11:10+00:00","dateModified":"2025-07-28T14:08:58+00:00","description":"HPM 4200: Ultimate finishing for 4m carpets. Features 4x70cm brushes, PLC control, built-in vacuum, ensures professional results.","breadcrumb":{"@id":"https:\/\/www.thecarpetwashingmachine.com\/hpm-4200\/#breadcrumb"},"inLanguage":"es","potentialAction":[{"@type":"ReadAction","target":["https:\/\/www.thecarpetwashingmachine.com\/hpm-4200\/"]}]},{"@type":"ImageObject","inLanguage":"es","@id":"https:\/\/www.thecarpetwashingmachine.com\/hpm-4200\/#primaryimage","url":"https:\/\/www.thecarpetwashingmachine.com\/wp-content\/uploads\/2025\/07\/Untitled-design-15-1024x465.png","contentUrl":"https:\/\/www.thecarpetwashingmachine.com\/wp-content\/uploads\/2025\/07\/Untitled-design-15-1024x465.png"},{"@type":"BreadcrumbList","@id":"https:\/\/www.thecarpetwashingmachine.com\/hpm-4200\/#breadcrumb","itemListElement":[{"@type":"ListItem","position":1,"name":"Home","item":"https:\/\/www.thecarpetwashingmachine.com\/"},{"@type":"ListItem","position":2,"name":"Carpet Finishing Machine &#8211; HPM 4200"}]},{"@type":"WebSite","@id":"https:\/\/www.thecarpetwashingmachine.com\/#website","url":"https:\/\/www.thecarpetwashingmachine.com\/","name":"Lavadora de alfombras","description":"\u00a1La lavadora de alfombras est\u00e1 en todo el mundo!","potentialAction":[{"@type":"SearchAction","target":{"@type":"EntryPoint","urlTemplate":"https:\/\/www.thecarpetwashingmachine.com\/?s={search_term_string}"},"query-input":{"@type":"PropertyValueSpecification","valueRequired":true,"valueName":"search_term_string"}}],"inLanguage":"es"}]}},"_links":{"self":[{"href":"https:\/\/www.thecarpetwashingmachine.com\/es\/wp-json\/wp\/v2\/pages\/2269","targetHints":{"allow":["GET"]}}],"collection":[{"href":"https:\/\/www.thecarpetwashingmachine.com\/es\/wp-json\/wp\/v2\/pages"}],"about":[{"href":"https:\/\/www.thecarpetwashingmachine.com\/es\/wp-json\/wp\/v2\/types\/page"}],"author":[{"embeddable":true,"href":"https:\/\/www.thecarpetwashingmachine.com\/es\/wp-json\/wp\/v2\/users\/1"}],"replies":[{"embeddable":true,"href":"https:\/\/www.thecarpetwashingmachine.com\/es\/wp-json\/wp\/v2\/comments?post=2269"}],"version-history":[{"count":15,"href":"https:\/\/www.thecarpetwashingmachine.com\/es\/wp-json\/wp\/v2\/pages\/2269\/revisions"}],"predecessor-version":[{"id":2513,"href":"https:\/\/www.thecarpetwashingmachine.com\/es\/wp-json\/wp\/v2\/pages\/2269\/revisions\/2513"}],"wp:attachment":[{"href":"https:\/\/www.thecarpetwashingmachine.com\/es\/wp-json\/wp\/v2\/media?parent=2269"}],"curies":[{"name":"wp","href":"https:\/\/api.w.org\/{rel}","templated":true}]}}