{"id":2267,"date":"2025-07-14T08:55:40","date_gmt":"2025-07-14T08:55:40","guid":{"rendered":"https:\/\/www.thecarpetwashingmachine.com\/?page_id=2267"},"modified":"2025-07-28T14:07:44","modified_gmt":"2025-07-28T14:07:44","slug":"hpm-3200","status":"publish","type":"page","link":"https:\/\/www.thecarpetwashingmachine.com\/es\/hpm-3200\/","title":{"rendered":"M\u00e1quina de acabado de alfombras &#8211; HPM 3200"},"content":{"rendered":"\n<figure class=\"wp-block-image aligncenter size-full\"><img loading=\"lazy\" decoding=\"async\" width=\"750\" height=\"500\" src=\"https:\/\/www.thecarpetwashingmachine.com\/wp-content\/uploads\/2025\/06\/hali-paketleme-makinasi-urun.jpg\" alt=\"M\u00e1quina de acabado de alfombras\n\" class=\"wp-image-1027\" srcset=\"https:\/\/www.thecarpetwashingmachine.com\/wp-content\/uploads\/2025\/06\/hali-paketleme-makinasi-urun.jpg 750w, https:\/\/www.thecarpetwashingmachine.com\/wp-content\/uploads\/2025\/06\/hali-paketleme-makinasi-urun-300x200.jpg 300w\" sizes=\"auto, (max-width: 750px) 100vw, 750px\" \/><\/figure>\n\n\n\n<p><\/p>\n\n\n\n<p>La M\u00e1quina de Acabado de Alfombras HPM 3200 ofrece un tratamiento potente y eficiente para una amplia gama de alfombras, brindando tanto una limpieza exhaustiva como un acabado preciso. Dise\u00f1ada para acomodar sin esfuerzo alfombras de hasta 3 metros (3000 mm) de ancho, esta m\u00e1quina es una soluci\u00f3n vers\u00e1til para operaciones que manejan diversos tama\u00f1os de alfombras.<\/p>\n\n\n\n<p>En su n\u00facleo, la HPM 3200 cuenta con un robusto sistema de cepillos cil\u00edndricos que trabaja eficazmente sobre las fibras de la alfombra, asegurando una limpieza profunda y un peinado consistente. Su intuitivo sistema operativo de rel\u00e9 de tiempo (Time Relay) proporciona un control sencillo sobre las funciones de la m\u00e1quina. Para una mayor comodidad y eficiencia, la unidad incluye operaci\u00f3n de reversa autom\u00e1tica y operaci\u00f3n de avance-retroceso, simplificando el manejo de la alfombra.<\/p>\n\n\n\n<p>Mantener un ambiente de trabajo limpio es f\u00e1cil con el sistema de aspiraci\u00f3n integrado y el sistema de recolecci\u00f3n de polvo, que capturan eficientemente las part\u00edculas desprendidas. Caracter\u00edsticas esenciales de seguridad y operaci\u00f3n como un sensor de detecci\u00f3n de alfombras y una protecci\u00f3n integral del motor son est\u00e1ndar. Para personalizar a\u00fan m\u00e1s su flujo de trabajo, hay disponibles caracter\u00edsticas opcionales como el ajuste de velocidad de la correa, una cubeta frontal, ruedas para la movilidad y transferencia autom\u00e1tica a la cubeta, lo que permite que la HPM 3200 se integre perfectamente en las necesidades espec\u00edficas de su instalaci\u00f3n.<\/p>\n","protected":false},"excerpt":{"rendered":"<p>La M\u00e1quina de Acabado de Alfombras HPM 3200 ofrece un tratamiento potente y eficiente para una amplia gama de alfombras, brindando tanto una limpieza exhaustiva&hellip;<\/p>\n","protected":false},"author":1,"featured_media":0,"parent":0,"menu_order":0,"comment_status":"closed","ping_status":"closed","template":"","meta":{"footnotes":""},"class_list":["post-2267","page","type-page","status-publish","hentry"],"translation":{"provider":"WPGlobus","version":"3.0.0","language":"es","enabled_languages":["en","tr","fr","ar","es","de","pt","ru"],"languages":{"en":{"title":true,"content":true,"excerpt":false},"tr":{"title":true,"content":true,"excerpt":false},"fr":{"title":true,"content":true,"excerpt":false},"ar":{"title":true,"content":true,"excerpt":false},"es":{"title":true,"content":true,"excerpt":false},"de":{"title":true,"content":true,"excerpt":false},"pt":{"title":true,"content":true,"excerpt":false},"ru":{"title":true,"content":true,"excerpt":false}}},"yoast_head":"<!-- This site is optimized with the Yoast SEO plugin v24.7 - https:\/\/yoast.com\/wordpress\/plugins\/seo\/ -->\n<title>M\u00e1quina de acabado de alfombras - HPM 3200 - M\u00e1quina de acabado de alfombras<\/title>\n<meta name=\"description\" content=\"HPM 3200: M\u00e1quina para acabado de alfombras. 3m de ancho, cepillos cil\u00edndricos, control por rel\u00e9, aspiraci\u00f3n y automatizaci\u00f3n para eficiencia.\" \/>\n<meta name=\"robots\" content=\"index, follow, max-snippet:-1, max-image-preview:large, max-video-preview:-1\" \/>\n<link rel=\"canonical\" href=\"https:\/\/www.thecarpetwashingmachine.com\/hpm-3200\/\" \/>\n<meta property=\"og:locale\" content=\"es_ES\" \/>\n<meta property=\"og:type\" content=\"article\" \/>\n<meta property=\"og:title\" content=\"M\u00e1quina de acabado de alfombras - HPM 3200 - M\u00e1quina de acabado de alfombras\" \/>\n<meta property=\"og:description\" content=\"HPM 3200: M\u00e1quina para acabado de alfombras. 3m de ancho, cepillos cil\u00edndricos, control por rel\u00e9, aspiraci\u00f3n y automatizaci\u00f3n para eficiencia.\" \/>\n<meta property=\"og:url\" content=\"https:\/\/www.thecarpetwashingmachine.com\/hpm-3200\/\" \/>\n<meta property=\"og:site_name\" content=\"Lavadora de alfombras\" \/>\n<meta property=\"article:publisher\" content=\"http:\/\/www.facebook.com\/carpetwashingmachine\" \/>\n<meta property=\"article:modified_time\" content=\"2025-07-28T14:07:44+00:00\" \/>\n<meta property=\"og:image\" content=\"https:\/\/www.thecarpetwashingmachine.com\/wp-content\/uploads\/2025\/06\/hali-paketleme-makinasi-urun.jpg\" \/>\n\t<meta property=\"og:image:width\" content=\"750\" \/>\n\t<meta property=\"og:image:height\" content=\"500\" \/>\n\t<meta property=\"og:image:type\" content=\"image\/jpeg\" \/>\n<meta name=\"twitter:card\" content=\"summary_large_image\" \/>\n<meta name=\"twitter:label1\" content=\"Tiempo de lectura\" \/>\n\t<meta name=\"twitter:data1\" content=\"1 minuto\" \/>\n<script type=\"application\/ld+json\" class=\"yoast-schema-graph\">{\"@context\":\"https:\/\/schema.org\",\"@graph\":[{\"@type\":\"WebPage\",\"@id\":\"https:\/\/www.thecarpetwashingmachine.com\/hpm-3200\/\",\"url\":\"https:\/\/www.thecarpetwashingmachine.com\/hpm-3200\/\",\"name\":\"M\u00e1quina de acabado de alfombras - HPM 3200 - Carpet Finishing Machine\",\"isPartOf\":{\"@id\":\"https:\/\/www.thecarpetwashingmachine.com\/#website\"},\"primaryImageOfPage\":{\"@id\":\"https:\/\/www.thecarpetwashingmachine.com\/hpm-3200\/#primaryimage\"},\"image\":{\"@id\":\"https:\/\/www.thecarpetwashingmachine.com\/hpm-3200\/#primaryimage\"},\"thumbnailUrl\":\"https:\/\/www.thecarpetwashingmachine.com\/wp-content\/uploads\/2025\/06\/hali-paketleme-makinasi-urun.jpg\",\"datePublished\":\"2025-07-14T08:55:40+00:00\",\"dateModified\":\"2025-07-28T14:07:44+00:00\",\"description\":\"HPM 3200 Carpet finishing machine : Processes 3m widths with powerful cylindrical brushes, integrated vacuum, and smart automation.\",\"breadcrumb\":{\"@id\":\"https:\/\/www.thecarpetwashingmachine.com\/hpm-3200\/#breadcrumb\"},\"inLanguage\":\"es\",\"potentialAction\":[{\"@type\":\"ReadAction\",\"target\":[\"https:\/\/www.thecarpetwashingmachine.com\/hpm-3200\/\"]}]},{\"@type\":\"ImageObject\",\"inLanguage\":\"es\",\"@id\":\"https:\/\/www.thecarpetwashingmachine.com\/hpm-3200\/#primaryimage\",\"url\":\"https:\/\/www.thecarpetwashingmachine.com\/wp-content\/uploads\/2025\/06\/hali-paketleme-makinasi-urun.jpg\",\"contentUrl\":\"https:\/\/www.thecarpetwashingmachine.com\/wp-content\/uploads\/2025\/06\/hali-paketleme-makinasi-urun.jpg\"},{\"@type\":\"BreadcrumbList\",\"@id\":\"https:\/\/www.thecarpetwashingmachine.com\/hpm-3200\/#breadcrumb\",\"itemListElement\":[{\"@type\":\"ListItem\",\"position\":1,\"name\":\"Home\",\"item\":\"https:\/\/www.thecarpetwashingmachine.com\/\"},{\"@type\":\"ListItem\",\"position\":2,\"name\":\"Carpet Finishing Machine &#8211; HPM 3200\"}]},{\"@type\":\"WebSite\",\"@id\":\"https:\/\/www.thecarpetwashingmachine.com\/#website\",\"url\":\"https:\/\/www.thecarpetwashingmachine.com\/\",\"name\":\"Lavadora de alfombras\",\"description\":\"\u00a1La lavadora de alfombras est\u00e1 en todo el mundo!\",\"potentialAction\":[{\"@type\":\"SearchAction\",\"target\":{\"@type\":\"EntryPoint\",\"urlTemplate\":\"https:\/\/www.thecarpetwashingmachine.com\/?s={search_term_string}\"},\"query-input\":{\"@type\":\"PropertyValueSpecification\",\"valueRequired\":true,\"valueName\":\"search_term_string\"}}],\"inLanguage\":\"es\"}]}<\/script>\n<!-- \/ Yoast SEO plugin. -->","yoast_head_json":{"title":"M\u00e1quina de acabado de alfombras - HPM 3200 - M\u00e1quina de acabado de alfombras","description":"HPM 3200: M\u00e1quina para acabado de alfombras. 3m de ancho, cepillos cil\u00edndricos, control por rel\u00e9, aspiraci\u00f3n y automatizaci\u00f3n para eficiencia.","robots":{"index":"index","follow":"follow","max-snippet":"max-snippet:-1","max-image-preview":"max-image-preview:large","max-video-preview":"max-video-preview:-1"},"canonical":"https:\/\/www.thecarpetwashingmachine.com\/hpm-3200\/","og_locale":"es_ES","og_type":"article","og_title":"M\u00e1quina de acabado de alfombras - HPM 3200 - M\u00e1quina de acabado de alfombras","og_description":"HPM 3200: M\u00e1quina para acabado de alfombras. 3m de ancho, cepillos cil\u00edndricos, control por rel\u00e9, aspiraci\u00f3n y automatizaci\u00f3n para eficiencia.","og_url":"https:\/\/www.thecarpetwashingmachine.com\/hpm-3200\/","og_site_name":"Lavadora de alfombras","article_publisher":"http:\/\/www.facebook.com\/carpetwashingmachine","article_modified_time":"2025-07-28T14:07:44+00:00","og_image":[{"width":750,"height":500,"url":"https:\/\/www.thecarpetwashingmachine.com\/wp-content\/uploads\/2025\/06\/hali-paketleme-makinasi-urun.jpg","type":"image\/jpeg"}],"twitter_card":"summary_large_image","twitter_misc":{"Tiempo de lectura":"1 minuto"},"schema":{"@context":"https:\/\/schema.org","@graph":[{"@type":"WebPage","@id":"https:\/\/www.thecarpetwashingmachine.com\/hpm-3200\/","url":"https:\/\/www.thecarpetwashingmachine.com\/hpm-3200\/","name":"M\u00e1quina de acabado de alfombras - HPM 3200 - Carpet Finishing Machine","isPartOf":{"@id":"https:\/\/www.thecarpetwashingmachine.com\/#website"},"primaryImageOfPage":{"@id":"https:\/\/www.thecarpetwashingmachine.com\/hpm-3200\/#primaryimage"},"image":{"@id":"https:\/\/www.thecarpetwashingmachine.com\/hpm-3200\/#primaryimage"},"thumbnailUrl":"https:\/\/www.thecarpetwashingmachine.com\/wp-content\/uploads\/2025\/06\/hali-paketleme-makinasi-urun.jpg","datePublished":"2025-07-14T08:55:40+00:00","dateModified":"2025-07-28T14:07:44+00:00","description":"HPM 3200 Carpet finishing machine : Processes 3m widths with powerful cylindrical brushes, integrated vacuum, and smart automation.","breadcrumb":{"@id":"https:\/\/www.thecarpetwashingmachine.com\/hpm-3200\/#breadcrumb"},"inLanguage":"es","potentialAction":[{"@type":"ReadAction","target":["https:\/\/www.thecarpetwashingmachine.com\/hpm-3200\/"]}]},{"@type":"ImageObject","inLanguage":"es","@id":"https:\/\/www.thecarpetwashingmachine.com\/hpm-3200\/#primaryimage","url":"https:\/\/www.thecarpetwashingmachine.com\/wp-content\/uploads\/2025\/06\/hali-paketleme-makinasi-urun.jpg","contentUrl":"https:\/\/www.thecarpetwashingmachine.com\/wp-content\/uploads\/2025\/06\/hali-paketleme-makinasi-urun.jpg"},{"@type":"BreadcrumbList","@id":"https:\/\/www.thecarpetwashingmachine.com\/hpm-3200\/#breadcrumb","itemListElement":[{"@type":"ListItem","position":1,"name":"Home","item":"https:\/\/www.thecarpetwashingmachine.com\/"},{"@type":"ListItem","position":2,"name":"Carpet Finishing Machine &#8211; HPM 3200"}]},{"@type":"WebSite","@id":"https:\/\/www.thecarpetwashingmachine.com\/#website","url":"https:\/\/www.thecarpetwashingmachine.com\/","name":"Lavadora de alfombras","description":"\u00a1La lavadora de alfombras est\u00e1 en todo el mundo!","potentialAction":[{"@type":"SearchAction","target":{"@type":"EntryPoint","urlTemplate":"https:\/\/www.thecarpetwashingmachine.com\/?s={search_term_string}"},"query-input":{"@type":"PropertyValueSpecification","valueRequired":true,"valueName":"search_term_string"}}],"inLanguage":"es"}]}},"_links":{"self":[{"href":"https:\/\/www.thecarpetwashingmachine.com\/es\/wp-json\/wp\/v2\/pages\/2267","targetHints":{"allow":["GET"]}}],"collection":[{"href":"https:\/\/www.thecarpetwashingmachine.com\/es\/wp-json\/wp\/v2\/pages"}],"about":[{"href":"https:\/\/www.thecarpetwashingmachine.com\/es\/wp-json\/wp\/v2\/types\/page"}],"author":[{"embeddable":true,"href":"https:\/\/www.thecarpetwashingmachine.com\/es\/wp-json\/wp\/v2\/users\/1"}],"replies":[{"embeddable":true,"href":"https:\/\/www.thecarpetwashingmachine.com\/es\/wp-json\/wp\/v2\/comments?post=2267"}],"version-history":[{"count":13,"href":"https:\/\/www.thecarpetwashingmachine.com\/es\/wp-json\/wp\/v2\/pages\/2267\/revisions"}],"predecessor-version":[{"id":2512,"href":"https:\/\/www.thecarpetwashingmachine.com\/es\/wp-json\/wp\/v2\/pages\/2267\/revisions\/2512"}],"wp:attachment":[{"href":"https:\/\/www.thecarpetwashingmachine.com\/es\/wp-json\/wp\/v2\/media?parent=2267"}],"curies":[{"name":"wp","href":"https:\/\/api.w.org\/{rel}","templated":true}]}}