{"id":2263,"date":"2025-07-14T07:51:05","date_gmt":"2025-07-14T07:51:05","guid":{"rendered":"https:\/\/www.thecarpetwashingmachine.com\/?page_id=2263"},"modified":"2025-07-28T14:13:09","modified_gmt":"2025-07-28T14:13:09","slug":"htm-4200","status":"publish","type":"page","link":"https:\/\/www.thecarpetwashingmachine.com\/es\/htm-4200\/","title":{"rendered":"M\u00e1quina de sacudir alfombras &#8211; HTM 4200"},"content":{"rendered":"\n<figure class=\"wp-block-image aligncenter size-full\"><img loading=\"lazy\" decoding=\"async\" width=\"750\" height=\"500\" src=\"https:\/\/www.thecarpetwashingmachine.com\/wp-content\/uploads\/2025\/02\/hali-toz-alma-makinasi-urun.jpg\" alt=\"M\u00e1quina para quitar el polvo de alfombras\n\" class=\"wp-image-395\" srcset=\"https:\/\/www.thecarpetwashingmachine.com\/wp-content\/uploads\/2025\/02\/hali-toz-alma-makinasi-urun.jpg 750w, https:\/\/www.thecarpetwashingmachine.com\/wp-content\/uploads\/2025\/02\/hali-toz-alma-makinasi-urun-300x200.jpg 300w\" sizes=\"auto, (max-width: 750px) 100vw, 750px\" \/><\/figure>\n\n\n\n<p><\/p>\n\n\n\n<p>Eleve su limpieza de alfombras con la M\u00e1quina Despolvoreadora de Alfombras HTM 4200. Esta unidad de alto rendimiento est\u00e1 dise\u00f1ada espec\u00edficamente para manejar incluso las alfombras m\u00e1s grandes, adapt\u00e1ndose a anchos de alfombra de hasta 4200 mm. Su robusta construcci\u00f3n garantiza fiabilidad para un uso continuo y exigente.<\/p>\n\n\n\n<p>En su n\u00facleo, un formidable sistema de batido de 3+3=6 cilindros trabaja vigorosamente para desalojar y extraer la suciedad, el polvo y los escombros profundamente incrustados en las fibras de la alfombra. El funcionamiento es notablemente suave gracias a la capacidad de la alfombra para volver autom\u00e1ticamente a su posici\u00f3n de carga inicial, facilitando una operaci\u00f3n eficiente por una sola persona. Para un nivel de limpieza inigualable, un potente sistema de aspiraci\u00f3n est\u00e1 disponible como un complemento opcional.<\/p>\n","protected":false},"excerpt":{"rendered":"<p>Eleve su limpieza de alfombras con la M\u00e1quina Despolvoreadora de Alfombras HTM 4200. Esta unidad de alto rendimiento est\u00e1 dise\u00f1ada espec\u00edficamente para manejar incluso las&hellip;<\/p>\n","protected":false},"author":1,"featured_media":0,"parent":0,"menu_order":0,"comment_status":"closed","ping_status":"closed","template":"","meta":{"footnotes":""},"class_list":["post-2263","page","type-page","status-publish","hentry"],"translation":{"provider":"WPGlobus","version":"3.0.0","language":"es","enabled_languages":["en","tr","fr","ar","es","de","pt","ru"],"languages":{"en":{"title":true,"content":true,"excerpt":false},"tr":{"title":true,"content":true,"excerpt":false},"fr":{"title":true,"content":true,"excerpt":false},"ar":{"title":true,"content":true,"excerpt":false},"es":{"title":true,"content":true,"excerpt":false},"de":{"title":true,"content":true,"excerpt":false},"pt":{"title":true,"content":true,"excerpt":false},"ru":{"title":true,"content":true,"excerpt":false}}},"yoast_head":"<!-- This site is optimized with the Yoast SEO plugin v24.7 - https:\/\/yoast.com\/wordpress\/plugins\/seo\/ -->\n<title>M\u00e1quina de sacudir alfombras - HTM 4200 - M\u00e1quina para quitar el polvo de alfombras<\/title>\n<meta name=\"description\" content=\"HTM 4200: Potente despolvoreadora para alfombras grandes. 4200mm de ancho, sistema de 6 cilindros y aspiraci\u00f3n opcional para limpieza superior.\" \/>\n<meta name=\"robots\" content=\"index, follow, max-snippet:-1, max-image-preview:large, max-video-preview:-1\" \/>\n<link rel=\"canonical\" href=\"https:\/\/www.thecarpetwashingmachine.com\/htm-4200\/\" \/>\n<meta property=\"og:locale\" content=\"es_ES\" \/>\n<meta property=\"og:type\" content=\"article\" \/>\n<meta property=\"og:title\" content=\"M\u00e1quina de sacudir alfombras - HTM 4200 - M\u00e1quina para quitar el polvo de alfombras\" \/>\n<meta property=\"og:description\" content=\"HTM 4200: Potente despolvoreadora para alfombras grandes. 4200mm de ancho, sistema de 6 cilindros y aspiraci\u00f3n opcional para limpieza superior.\" \/>\n<meta property=\"og:url\" content=\"https:\/\/www.thecarpetwashingmachine.com\/htm-4200\/\" \/>\n<meta property=\"og:site_name\" content=\"Lavadora de alfombras\" \/>\n<meta property=\"article:publisher\" content=\"http:\/\/www.facebook.com\/carpetwashingmachine\" \/>\n<meta property=\"article:modified_time\" content=\"2025-07-28T14:13:09+00:00\" \/>\n<meta property=\"og:image\" content=\"https:\/\/www.thecarpetwashingmachine.com\/wp-content\/uploads\/2025\/02\/hali-toz-alma-makinasi-urun.jpg\" \/>\n\t<meta property=\"og:image:width\" content=\"750\" \/>\n\t<meta property=\"og:image:height\" content=\"500\" \/>\n\t<meta property=\"og:image:type\" content=\"image\/jpeg\" \/>\n<meta name=\"twitter:card\" content=\"summary_large_image\" \/>\n<meta name=\"twitter:label1\" content=\"Tiempo de lectura\" \/>\n\t<meta name=\"twitter:data1\" content=\"1 minuto\" \/>\n<script type=\"application\/ld+json\" class=\"yoast-schema-graph\">{\"@context\":\"https:\/\/schema.org\",\"@graph\":[{\"@type\":\"WebPage\",\"@id\":\"https:\/\/www.thecarpetwashingmachine.com\/htm-4200\/\",\"url\":\"https:\/\/www.thecarpetwashingmachine.com\/htm-4200\/\",\"name\":\"M\u00e1quina de sacudir alfombras - HTM 4200 - Carpet Dusting Machine\",\"isPartOf\":{\"@id\":\"https:\/\/www.thecarpetwashingmachine.com\/#website\"},\"primaryImageOfPage\":{\"@id\":\"https:\/\/www.thecarpetwashingmachine.com\/htm-4200\/#primaryimage\"},\"image\":{\"@id\":\"https:\/\/www.thecarpetwashingmachine.com\/htm-4200\/#primaryimage\"},\"thumbnailUrl\":\"https:\/\/www.thecarpetwashingmachine.com\/wp-content\/uploads\/2025\/02\/hali-toz-alma-makinasi-urun.jpg\",\"datePublished\":\"2025-07-14T07:51:05+00:00\",\"dateModified\":\"2025-07-28T14:13:09+00:00\",\"description\":\"HTM 4200: Heavy-duty carpet dusting machine. Features 4200mm width, 6-cylinder beating, and optional vacuum for ultimate dust removal.\",\"breadcrumb\":{\"@id\":\"https:\/\/www.thecarpetwashingmachine.com\/htm-4200\/#breadcrumb\"},\"inLanguage\":\"es\",\"potentialAction\":[{\"@type\":\"ReadAction\",\"target\":[\"https:\/\/www.thecarpetwashingmachine.com\/htm-4200\/\"]}]},{\"@type\":\"ImageObject\",\"inLanguage\":\"es\",\"@id\":\"https:\/\/www.thecarpetwashingmachine.com\/htm-4200\/#primaryimage\",\"url\":\"https:\/\/www.thecarpetwashingmachine.com\/wp-content\/uploads\/2025\/02\/hali-toz-alma-makinasi-urun.jpg\",\"contentUrl\":\"https:\/\/www.thecarpetwashingmachine.com\/wp-content\/uploads\/2025\/02\/hali-toz-alma-makinasi-urun.jpg\"},{\"@type\":\"BreadcrumbList\",\"@id\":\"https:\/\/www.thecarpetwashingmachine.com\/htm-4200\/#breadcrumb\",\"itemListElement\":[{\"@type\":\"ListItem\",\"position\":1,\"name\":\"Home\",\"item\":\"https:\/\/www.thecarpetwashingmachine.com\/\"},{\"@type\":\"ListItem\",\"position\":2,\"name\":\"Carpet Dusting Machine &#8211; HTM 4200\"}]},{\"@type\":\"WebSite\",\"@id\":\"https:\/\/www.thecarpetwashingmachine.com\/#website\",\"url\":\"https:\/\/www.thecarpetwashingmachine.com\/\",\"name\":\"Lavadora de alfombras\",\"description\":\"\u00a1La lavadora de alfombras est\u00e1 en todo el mundo!\",\"potentialAction\":[{\"@type\":\"SearchAction\",\"target\":{\"@type\":\"EntryPoint\",\"urlTemplate\":\"https:\/\/www.thecarpetwashingmachine.com\/?s={search_term_string}\"},\"query-input\":{\"@type\":\"PropertyValueSpecification\",\"valueRequired\":true,\"valueName\":\"search_term_string\"}}],\"inLanguage\":\"es\"}]}<\/script>\n<!-- \/ Yoast SEO plugin. -->","yoast_head_json":{"title":"M\u00e1quina de sacudir alfombras - HTM 4200 - M\u00e1quina para quitar el polvo de alfombras","description":"HTM 4200: Potente despolvoreadora para alfombras grandes. 4200mm de ancho, sistema de 6 cilindros y aspiraci\u00f3n opcional para limpieza superior.","robots":{"index":"index","follow":"follow","max-snippet":"max-snippet:-1","max-image-preview":"max-image-preview:large","max-video-preview":"max-video-preview:-1"},"canonical":"https:\/\/www.thecarpetwashingmachine.com\/htm-4200\/","og_locale":"es_ES","og_type":"article","og_title":"M\u00e1quina de sacudir alfombras - HTM 4200 - M\u00e1quina para quitar el polvo de alfombras","og_description":"HTM 4200: Potente despolvoreadora para alfombras grandes. 4200mm de ancho, sistema de 6 cilindros y aspiraci\u00f3n opcional para limpieza superior.","og_url":"https:\/\/www.thecarpetwashingmachine.com\/htm-4200\/","og_site_name":"Lavadora de alfombras","article_publisher":"http:\/\/www.facebook.com\/carpetwashingmachine","article_modified_time":"2025-07-28T14:13:09+00:00","og_image":[{"width":750,"height":500,"url":"https:\/\/www.thecarpetwashingmachine.com\/wp-content\/uploads\/2025\/02\/hali-toz-alma-makinasi-urun.jpg","type":"image\/jpeg"}],"twitter_card":"summary_large_image","twitter_misc":{"Tiempo de lectura":"1 minuto"},"schema":{"@context":"https:\/\/schema.org","@graph":[{"@type":"WebPage","@id":"https:\/\/www.thecarpetwashingmachine.com\/htm-4200\/","url":"https:\/\/www.thecarpetwashingmachine.com\/htm-4200\/","name":"M\u00e1quina de sacudir alfombras - HTM 4200 - Carpet Dusting Machine","isPartOf":{"@id":"https:\/\/www.thecarpetwashingmachine.com\/#website"},"primaryImageOfPage":{"@id":"https:\/\/www.thecarpetwashingmachine.com\/htm-4200\/#primaryimage"},"image":{"@id":"https:\/\/www.thecarpetwashingmachine.com\/htm-4200\/#primaryimage"},"thumbnailUrl":"https:\/\/www.thecarpetwashingmachine.com\/wp-content\/uploads\/2025\/02\/hali-toz-alma-makinasi-urun.jpg","datePublished":"2025-07-14T07:51:05+00:00","dateModified":"2025-07-28T14:13:09+00:00","description":"HTM 4200: Heavy-duty carpet dusting machine. Features 4200mm width, 6-cylinder beating, and optional vacuum for ultimate dust removal.","breadcrumb":{"@id":"https:\/\/www.thecarpetwashingmachine.com\/htm-4200\/#breadcrumb"},"inLanguage":"es","potentialAction":[{"@type":"ReadAction","target":["https:\/\/www.thecarpetwashingmachine.com\/htm-4200\/"]}]},{"@type":"ImageObject","inLanguage":"es","@id":"https:\/\/www.thecarpetwashingmachine.com\/htm-4200\/#primaryimage","url":"https:\/\/www.thecarpetwashingmachine.com\/wp-content\/uploads\/2025\/02\/hali-toz-alma-makinasi-urun.jpg","contentUrl":"https:\/\/www.thecarpetwashingmachine.com\/wp-content\/uploads\/2025\/02\/hali-toz-alma-makinasi-urun.jpg"},{"@type":"BreadcrumbList","@id":"https:\/\/www.thecarpetwashingmachine.com\/htm-4200\/#breadcrumb","itemListElement":[{"@type":"ListItem","position":1,"name":"Home","item":"https:\/\/www.thecarpetwashingmachine.com\/"},{"@type":"ListItem","position":2,"name":"Carpet Dusting Machine &#8211; HTM 4200"}]},{"@type":"WebSite","@id":"https:\/\/www.thecarpetwashingmachine.com\/#website","url":"https:\/\/www.thecarpetwashingmachine.com\/","name":"Lavadora de alfombras","description":"\u00a1La lavadora de alfombras est\u00e1 en todo el mundo!","potentialAction":[{"@type":"SearchAction","target":{"@type":"EntryPoint","urlTemplate":"https:\/\/www.thecarpetwashingmachine.com\/?s={search_term_string}"},"query-input":{"@type":"PropertyValueSpecification","valueRequired":true,"valueName":"search_term_string"}}],"inLanguage":"es"}]}},"_links":{"self":[{"href":"https:\/\/www.thecarpetwashingmachine.com\/es\/wp-json\/wp\/v2\/pages\/2263","targetHints":{"allow":["GET"]}}],"collection":[{"href":"https:\/\/www.thecarpetwashingmachine.com\/es\/wp-json\/wp\/v2\/pages"}],"about":[{"href":"https:\/\/www.thecarpetwashingmachine.com\/es\/wp-json\/wp\/v2\/types\/page"}],"author":[{"embeddable":true,"href":"https:\/\/www.thecarpetwashingmachine.com\/es\/wp-json\/wp\/v2\/users\/1"}],"replies":[{"embeddable":true,"href":"https:\/\/www.thecarpetwashingmachine.com\/es\/wp-json\/wp\/v2\/comments?post=2263"}],"version-history":[{"count":19,"href":"https:\/\/www.thecarpetwashingmachine.com\/es\/wp-json\/wp\/v2\/pages\/2263\/revisions"}],"predecessor-version":[{"id":2516,"href":"https:\/\/www.thecarpetwashingmachine.com\/es\/wp-json\/wp\/v2\/pages\/2263\/revisions\/2516"}],"wp:attachment":[{"href":"https:\/\/www.thecarpetwashingmachine.com\/es\/wp-json\/wp\/v2\/media?parent=2263"}],"curies":[{"name":"wp","href":"https:\/\/api.w.org\/{rel}","templated":true}]}}