{"id":191,"date":"2022-11-02T06:32:43","date_gmt":"2022-11-02T06:32:43","guid":{"rendered":"https:\/\/www.thecarpetwashingmachine.com\/?page_id=191"},"modified":"2025-07-07T10:34:22","modified_gmt":"2025-07-07T10:34:22","slug":"how-to-contact-a-carpet-washing-machines-supplier","status":"publish","type":"page","link":"https:\/\/www.thecarpetwashingmachine.com\/es\/how-to-contact-a-carpet-washing-machines-supplier\/","title":{"rendered":"\u00bfC\u00f3mo contactar con un proveedor de m\u00e1quinas lavadoras de alfombras?"},"content":{"rendered":"<div class=\"wp-block-image\">\n<figure class=\"aligncenter size-full\"><img loading=\"lazy\" decoding=\"async\" width=\"826\" height=\"390\" src=\"https:\/\/www.thecarpetwashingmachine.com\/wp-content\/uploads\/2025\/01\/hali-yikama-makinasi-kullanimi-1.jpg\" alt=\"\" class=\"wp-image-384\" srcset=\"https:\/\/www.thecarpetwashingmachine.com\/wp-content\/uploads\/2025\/01\/hali-yikama-makinasi-kullanimi-1.jpg 826w, https:\/\/www.thecarpetwashingmachine.com\/wp-content\/uploads\/2025\/01\/hali-yikama-makinasi-kullanimi-1-300x142.jpg 300w, https:\/\/www.thecarpetwashingmachine.com\/wp-content\/uploads\/2025\/01\/hali-yikama-makinasi-kullanimi-1-768x363.jpg 768w\" sizes=\"auto, (max-width: 826px) 100vw, 826px\" \/><\/figure><\/div>\n\n\n<p><\/p>\n\n\n\n<h2 class=\"wp-block-heading\">\u00bfEres nuevo por aqu\u00ed?<\/h2>\n\n\n\n<p>Si eres nuevo en el negocio de lavado de alfombras (si no conoces las m\u00e1quinas o si simplemente est\u00e1s considerando iniciar un nuevo negocio de lavado de alfombras), lo primero que probablemente querr\u00e1s saber es el precio de las m\u00e1quinas. Aunque el precio es importante, la forma en que te comunicas con el proveedor tambi\u00e9n lo es.<\/p>\n\n\n\n<h2 class=\"wp-block-heading\">\u00bfCu\u00e1nto cuesta una m\u00e1quina de lavar alfombras?<\/h2>\n\n\n\n<p>\u00ab\u00bfCu\u00e1nto cuesta una m\u00e1quina de lavar alfombras?\u00bb no es una buena manera de hacerle saber al proveedor que est\u00e1s interesado. El proveedor pensar\u00e1 inmediatamente que no sabes nada de estas m\u00e1quinas y, si es un proveedor con malas intenciones, te ofrecer\u00e1 la m\u00e1quina de lavar alfombras m\u00e1s barata (y muy probablemente la menos \u00fatil) para obtener tu dinero. Esto es bastante com\u00fan en nuestra industria.<\/p>\n\n\n\n<p>Sin embargo, un proveedor que realmente quiere ayudarte necesita m\u00e1s que la pregunta \u00ab\u00bfCu\u00e1nto cuesta una m\u00e1quina de lavar alfombras?\u00bb.<\/p>\n\n\n\n<h2 class=\"wp-block-heading\">Perfil de la empresa<\/h2>\n\n\n\n<p>La mejor manera de empezar, despu\u00e9s de presentarte por tu nombre, es presentar tu empresa: tu perfil de empresa, la antig\u00fcedad de tu empresa, tu ubicaci\u00f3n, tus servicios y, por supuesto, tu proyecto en detalle (detalles del local donde se instalar\u00e1n las m\u00e1quinas, un dibujo si es posible y lo que necesitar\u00e1s para el negocio). Si eres una empresa intermediaria, debes informar al proveedor de antemano. Ser\u00eda lo mejor si env\u00edas tus correos electr\u00f3nicos a trav\u00e9s de una direcci\u00f3n de correo electr\u00f3nico comercial (no GMail, Yahoo, Outlook, sino una direcci\u00f3n de correo electr\u00f3nico que termine con el dominio de tu sitio web). Esto dejar\u00e1 una buena impresi\u00f3n en el proveedor.<\/p>\n\n\n\n<h2 class=\"wp-block-heading\">Un nuevo emprendedor<\/h2>\n\n\n\n<p>Si eres nuevo en este negocio y no tienes una empresa, debes explicar tus intenciones claramente. Algunas de las preguntas explicadas anteriormente tambi\u00e9n son v\u00e1lidas aqu\u00ed: d\u00f3nde est\u00e1s ubicado y d\u00f3nde inicias tu proyecto, haci\u00e9ndoles saber si tienes un local adecuado para el negocio (debes agregar detalles como el \u00e1rea, la red el\u00e9ctrica). Como no tienes una direcci\u00f3n de correo electr\u00f3nico comercial, el proveedor puede pedirte otras formas de comunicarte (Whatsapp, Messenger, etc.). Esto no deber\u00eda ser un problema para ti porque en la mayor\u00eda de los casos, los correos electr\u00f3nicos nunca llegan a su direcci\u00f3n real y, por lo tanto, no se leen. El proveedor quiere saber que recibiste ese correo electr\u00f3nico.<\/p>\n\n\n\n<h2 class=\"wp-block-heading\">Productos<\/h2>\n\n\n\n<p>Un proveedor puede tener un gran n\u00famero de productos, desde una m\u00e1quina industrial de lavado de alfombras completamente autom\u00e1tica hasta hidroextractores. En este caso, debes explicar qu\u00e9 m\u00e1quinas te interesan espec\u00edficamente. Esto te permitir\u00e1 obtener un presupuesto m\u00e1s r\u00e1pido. El proveedor te enviar\u00e1 un cat\u00e1logo por correo electr\u00f3nico o por otros medios. En este cat\u00e1logo, las m\u00e1quinas probablemente se presentan en diferentes modelos. Cabe recordar que los n\u00fameros de modelo suelen indicar el tama\u00f1o (por ejemplo, si el n\u00famero de modelo de una m\u00e1quina de lavar alfombras es 3200, significa que es para alfombras de hasta 3,2 metros de ancho, la longitud no suele importar para las m\u00e1quinas de lavar alfombras). Si especificas cada m\u00e1quina que necesitas una por una (por ejemplo: lavadora de alfombras completamente autom\u00e1tica 4200 con 4+4=8 cepillos de disco y 1 cepillo cil\u00edndrico, escurridora de alfombras 4200 con 450 mm de di\u00e1metro y sistema de frenado), esto significar\u00e1 que le\u00edste el cat\u00e1logo del proveedor en detalle y prestaste atenci\u00f3n a cada detalle.<\/p>\n","protected":false},"excerpt":{"rendered":"<p>\u00bfEres nuevo por aqu\u00ed? Si eres nuevo en el negocio de lavado de alfombras (si no conoces las m\u00e1quinas o si simplemente est\u00e1s considerando iniciar&hellip;<\/p>\n","protected":false},"author":1,"featured_media":0,"parent":0,"menu_order":0,"comment_status":"closed","ping_status":"closed","template":"","meta":{"footnotes":""},"class_list":["post-191","page","type-page","status-publish","hentry"],"translation":{"provider":"WPGlobus","version":"3.0.0","language":"es","enabled_languages":["en","tr","fr","ar","es","de","pt","ru"],"languages":{"en":{"title":true,"content":true,"excerpt":false},"tr":{"title":true,"content":true,"excerpt":false},"fr":{"title":true,"content":true,"excerpt":false},"ar":{"title":true,"content":true,"excerpt":false},"es":{"title":true,"content":true,"excerpt":false},"de":{"title":true,"content":true,"excerpt":false},"pt":{"title":true,"content":true,"excerpt":false},"ru":{"title":true,"content":true,"excerpt":false}}},"yoast_head":"<!-- This site is optimized with the Yoast SEO plugin v24.7 - https:\/\/yoast.com\/wordpress\/plugins\/seo\/ -->\n<title>\u00bfC\u00f3mo contactar con un proveedor de m\u00e1quinas lavadoras de alfombras? - Lavadora de alfombras<\/title>\n<meta name=\"description\" content=\"\u00bfNecesita contactar un proveedor de m\u00e1quinas de lavado de alfombras? Descubra consejos expertos para conectar y obtener cotizaciones.\" \/>\n<meta name=\"robots\" content=\"index, follow, max-snippet:-1, max-image-preview:large, max-video-preview:-1\" \/>\n<link rel=\"canonical\" href=\"https:\/\/www.thecarpetwashingmachine.com\/how-to-contact-a-carpet-washing-machines-supplier\/\" \/>\n<meta property=\"og:locale\" content=\"es_ES\" \/>\n<meta property=\"og:type\" content=\"article\" \/>\n<meta property=\"og:title\" content=\"\u00bfC\u00f3mo contactar con un proveedor de m\u00e1quinas lavadoras de alfombras? - Lavadora de alfombras\" \/>\n<meta property=\"og:description\" content=\"\u00bfNecesita contactar un proveedor de m\u00e1quinas de lavado de alfombras? Descubra consejos expertos para conectar y obtener cotizaciones.\" \/>\n<meta property=\"og:url\" content=\"https:\/\/www.thecarpetwashingmachine.com\/how-to-contact-a-carpet-washing-machines-supplier\/\" \/>\n<meta property=\"og:site_name\" content=\"Lavadora de alfombras\" \/>\n<meta property=\"article:publisher\" content=\"http:\/\/www.facebook.com\/carpetwashingmachine\" \/>\n<meta property=\"article:modified_time\" content=\"2025-07-07T10:34:22+00:00\" \/>\n<meta property=\"og:image\" content=\"https:\/\/www.thecarpetwashingmachine.com\/wp-content\/uploads\/2025\/01\/hali-yikama-makinasi-kullanimi-1.jpg\" \/>\n\t<meta property=\"og:image:width\" content=\"826\" \/>\n\t<meta property=\"og:image:height\" content=\"390\" \/>\n\t<meta property=\"og:image:type\" content=\"image\/jpeg\" \/>\n<meta name=\"twitter:card\" content=\"summary_large_image\" \/>\n<meta name=\"twitter:label1\" content=\"Tiempo de lectura\" \/>\n\t<meta name=\"twitter:data1\" content=\"3 minutos\" \/>\n<script type=\"application\/ld+json\" class=\"yoast-schema-graph\">{\"@context\":\"https:\/\/schema.org\",\"@graph\":[{\"@type\":\"WebPage\",\"@id\":\"https:\/\/www.thecarpetwashingmachine.com\/how-to-contact-a-carpet-washing-machines-supplier\/\",\"url\":\"https:\/\/www.thecarpetwashingmachine.com\/how-to-contact-a-carpet-washing-machines-supplier\/\",\"name\":\"\u041a\u0430\u043a \u0441\u0432\u044f\u0437\u0430\u0442\u044c\u0441\u044f \u0441 \u043f\u043e\u0441\u0442\u0430\u0432\u0449\u0438\u043a\u043e\u043c \u043c\u0430\u0448\u0438\u043d \u0434\u043b\u044f \u0441\u0442\u0438\u0440\u043a\u0438 \u043a\u043e\u0432\u0440\u043e\u0432? - Lavadora de alfombras\",\"isPartOf\":{\"@id\":\"https:\/\/www.thecarpetwashingmachine.com\/#website\"},\"primaryImageOfPage\":{\"@id\":\"https:\/\/www.thecarpetwashingmachine.com\/how-to-contact-a-carpet-washing-machines-supplier\/#primaryimage\"},\"image\":{\"@id\":\"https:\/\/www.thecarpetwashingmachine.com\/how-to-contact-a-carpet-washing-machines-supplier\/#primaryimage\"},\"thumbnailUrl\":\"https:\/\/www.thecarpetwashingmachine.com\/wp-content\/uploads\/2025\/01\/hali-yikama-makinasi-kullanimi-1.jpg\",\"datePublished\":\"2022-11-02T06:32:43+00:00\",\"dateModified\":\"2025-07-07T10:34:22+00:00\",\"description\":\"\u041d\u0443\u0436\u043d\u043e \u0441\u0432\u044f\u0437\u0430\u0442\u044c\u0441\u044f \u0441 \u043f\u043e\u0441\u0442\u0430\u0432\u0449\u0438\u043a\u043e\u043c \u043c\u0430\u0448\u0438\u043d \u0434\u043b\u044f \u0441\u0442\u0438\u0440\u043a\u0438 \u043a\u043e\u0432\u0440\u043e\u0432? \u041e\u0442\u043a\u0440\u043e\u0439\u0442\u0435 \u0434\u043b\u044f \u0441\u0435\u0431\u044f \u0441\u043e\u0432\u0435\u0442\u044b \u044d\u043a\u0441\u043f\u0435\u0440\u0442\u043e\u0432, \u0447\u0442\u043e\u0431\u044b \u043d\u0430\u043b\u0430\u0434\u0438\u0442\u044c \u0441\u0432\u044f\u0437\u044c \u0438 \u043f\u043e\u043b\u0443\u0447\u0438\u0442\u044c \u043f\u0440\u0435\u0434\u043b\u043e\u0436\u0435\u043d\u0438\u044f.\",\"breadcrumb\":{\"@id\":\"https:\/\/www.thecarpetwashingmachine.com\/how-to-contact-a-carpet-washing-machines-supplier\/#breadcrumb\"},\"inLanguage\":\"es\",\"potentialAction\":[{\"@type\":\"ReadAction\",\"target\":[\"https:\/\/www.thecarpetwashingmachine.com\/how-to-contact-a-carpet-washing-machines-supplier\/\"]}]},{\"@type\":\"ImageObject\",\"inLanguage\":\"es\",\"@id\":\"https:\/\/www.thecarpetwashingmachine.com\/how-to-contact-a-carpet-washing-machines-supplier\/#primaryimage\",\"url\":\"https:\/\/www.thecarpetwashingmachine.com\/wp-content\/uploads\/2025\/01\/hali-yikama-makinasi-kullanimi-1.jpg\",\"contentUrl\":\"https:\/\/www.thecarpetwashingmachine.com\/wp-content\/uploads\/2025\/01\/hali-yikama-makinasi-kullanimi-1.jpg\"},{\"@type\":\"BreadcrumbList\",\"@id\":\"https:\/\/www.thecarpetwashingmachine.com\/how-to-contact-a-carpet-washing-machines-supplier\/#breadcrumb\",\"itemListElement\":[{\"@type\":\"ListItem\",\"position\":1,\"name\":\"Home\",\"item\":\"https:\/\/www.thecarpetwashingmachine.com\/\"},{\"@type\":\"ListItem\",\"position\":2,\"name\":\"How to Contact a Carpet Washing Machines Supplier?\"}]},{\"@type\":\"WebSite\",\"@id\":\"https:\/\/www.thecarpetwashingmachine.com\/#website\",\"url\":\"https:\/\/www.thecarpetwashingmachine.com\/\",\"name\":\"Lavadora de alfombras\",\"description\":\"\u00a1La lavadora de alfombras est\u00e1 en todo el mundo!\",\"potentialAction\":[{\"@type\":\"SearchAction\",\"target\":{\"@type\":\"EntryPoint\",\"urlTemplate\":\"https:\/\/www.thecarpetwashingmachine.com\/?s={search_term_string}\"},\"query-input\":{\"@type\":\"PropertyValueSpecification\",\"valueRequired\":true,\"valueName\":\"search_term_string\"}}],\"inLanguage\":\"es\"}]}<\/script>\n<!-- \/ Yoast SEO plugin. -->","yoast_head_json":{"title":"\u00bfC\u00f3mo contactar con un proveedor de m\u00e1quinas lavadoras de alfombras? - Lavadora de alfombras","description":"\u00bfNecesita contactar un proveedor de m\u00e1quinas de lavado de alfombras? Descubra consejos expertos para conectar y obtener cotizaciones.","robots":{"index":"index","follow":"follow","max-snippet":"max-snippet:-1","max-image-preview":"max-image-preview:large","max-video-preview":"max-video-preview:-1"},"canonical":"https:\/\/www.thecarpetwashingmachine.com\/how-to-contact-a-carpet-washing-machines-supplier\/","og_locale":"es_ES","og_type":"article","og_title":"\u00bfC\u00f3mo contactar con un proveedor de m\u00e1quinas lavadoras de alfombras? - Lavadora de alfombras","og_description":"\u00bfNecesita contactar un proveedor de m\u00e1quinas de lavado de alfombras? Descubra consejos expertos para conectar y obtener cotizaciones.","og_url":"https:\/\/www.thecarpetwashingmachine.com\/how-to-contact-a-carpet-washing-machines-supplier\/","og_site_name":"Lavadora de alfombras","article_publisher":"http:\/\/www.facebook.com\/carpetwashingmachine","article_modified_time":"2025-07-07T10:34:22+00:00","og_image":[{"width":826,"height":390,"url":"https:\/\/www.thecarpetwashingmachine.com\/wp-content\/uploads\/2025\/01\/hali-yikama-makinasi-kullanimi-1.jpg","type":"image\/jpeg"}],"twitter_card":"summary_large_image","twitter_misc":{"Tiempo de lectura":"3 minutos"},"schema":{"@context":"https:\/\/schema.org","@graph":[{"@type":"WebPage","@id":"https:\/\/www.thecarpetwashingmachine.com\/how-to-contact-a-carpet-washing-machines-supplier\/","url":"https:\/\/www.thecarpetwashingmachine.com\/how-to-contact-a-carpet-washing-machines-supplier\/","name":"\u041a\u0430\u043a \u0441\u0432\u044f\u0437\u0430\u0442\u044c\u0441\u044f \u0441 \u043f\u043e\u0441\u0442\u0430\u0432\u0449\u0438\u043a\u043e\u043c \u043c\u0430\u0448\u0438\u043d \u0434\u043b\u044f \u0441\u0442\u0438\u0440\u043a\u0438 \u043a\u043e\u0432\u0440\u043e\u0432? - Lavadora de alfombras","isPartOf":{"@id":"https:\/\/www.thecarpetwashingmachine.com\/#website"},"primaryImageOfPage":{"@id":"https:\/\/www.thecarpetwashingmachine.com\/how-to-contact-a-carpet-washing-machines-supplier\/#primaryimage"},"image":{"@id":"https:\/\/www.thecarpetwashingmachine.com\/how-to-contact-a-carpet-washing-machines-supplier\/#primaryimage"},"thumbnailUrl":"https:\/\/www.thecarpetwashingmachine.com\/wp-content\/uploads\/2025\/01\/hali-yikama-makinasi-kullanimi-1.jpg","datePublished":"2022-11-02T06:32:43+00:00","dateModified":"2025-07-07T10:34:22+00:00","description":"\u041d\u0443\u0436\u043d\u043e \u0441\u0432\u044f\u0437\u0430\u0442\u044c\u0441\u044f \u0441 \u043f\u043e\u0441\u0442\u0430\u0432\u0449\u0438\u043a\u043e\u043c \u043c\u0430\u0448\u0438\u043d \u0434\u043b\u044f \u0441\u0442\u0438\u0440\u043a\u0438 \u043a\u043e\u0432\u0440\u043e\u0432? \u041e\u0442\u043a\u0440\u043e\u0439\u0442\u0435 \u0434\u043b\u044f \u0441\u0435\u0431\u044f \u0441\u043e\u0432\u0435\u0442\u044b \u044d\u043a\u0441\u043f\u0435\u0440\u0442\u043e\u0432, \u0447\u0442\u043e\u0431\u044b \u043d\u0430\u043b\u0430\u0434\u0438\u0442\u044c \u0441\u0432\u044f\u0437\u044c \u0438 \u043f\u043e\u043b\u0443\u0447\u0438\u0442\u044c \u043f\u0440\u0435\u0434\u043b\u043e\u0436\u0435\u043d\u0438\u044f.","breadcrumb":{"@id":"https:\/\/www.thecarpetwashingmachine.com\/how-to-contact-a-carpet-washing-machines-supplier\/#breadcrumb"},"inLanguage":"es","potentialAction":[{"@type":"ReadAction","target":["https:\/\/www.thecarpetwashingmachine.com\/how-to-contact-a-carpet-washing-machines-supplier\/"]}]},{"@type":"ImageObject","inLanguage":"es","@id":"https:\/\/www.thecarpetwashingmachine.com\/how-to-contact-a-carpet-washing-machines-supplier\/#primaryimage","url":"https:\/\/www.thecarpetwashingmachine.com\/wp-content\/uploads\/2025\/01\/hali-yikama-makinasi-kullanimi-1.jpg","contentUrl":"https:\/\/www.thecarpetwashingmachine.com\/wp-content\/uploads\/2025\/01\/hali-yikama-makinasi-kullanimi-1.jpg"},{"@type":"BreadcrumbList","@id":"https:\/\/www.thecarpetwashingmachine.com\/how-to-contact-a-carpet-washing-machines-supplier\/#breadcrumb","itemListElement":[{"@type":"ListItem","position":1,"name":"Home","item":"https:\/\/www.thecarpetwashingmachine.com\/"},{"@type":"ListItem","position":2,"name":"How to Contact a Carpet Washing Machines Supplier?"}]},{"@type":"WebSite","@id":"https:\/\/www.thecarpetwashingmachine.com\/#website","url":"https:\/\/www.thecarpetwashingmachine.com\/","name":"Lavadora de alfombras","description":"\u00a1La lavadora de alfombras est\u00e1 en todo el mundo!","potentialAction":[{"@type":"SearchAction","target":{"@type":"EntryPoint","urlTemplate":"https:\/\/www.thecarpetwashingmachine.com\/?s={search_term_string}"},"query-input":{"@type":"PropertyValueSpecification","valueRequired":true,"valueName":"search_term_string"}}],"inLanguage":"es"}]}},"_links":{"self":[{"href":"https:\/\/www.thecarpetwashingmachine.com\/es\/wp-json\/wp\/v2\/pages\/191","targetHints":{"allow":["GET"]}}],"collection":[{"href":"https:\/\/www.thecarpetwashingmachine.com\/es\/wp-json\/wp\/v2\/pages"}],"about":[{"href":"https:\/\/www.thecarpetwashingmachine.com\/es\/wp-json\/wp\/v2\/types\/page"}],"author":[{"embeddable":true,"href":"https:\/\/www.thecarpetwashingmachine.com\/es\/wp-json\/wp\/v2\/users\/1"}],"replies":[{"embeddable":true,"href":"https:\/\/www.thecarpetwashingmachine.com\/es\/wp-json\/wp\/v2\/comments?post=191"}],"version-history":[{"count":39,"href":"https:\/\/www.thecarpetwashingmachine.com\/es\/wp-json\/wp\/v2\/pages\/191\/revisions"}],"predecessor-version":[{"id":1974,"href":"https:\/\/www.thecarpetwashingmachine.com\/es\/wp-json\/wp\/v2\/pages\/191\/revisions\/1974"}],"wp:attachment":[{"href":"https:\/\/www.thecarpetwashingmachine.com\/es\/wp-json\/wp\/v2\/media?parent=191"}],"curies":[{"name":"wp","href":"https:\/\/api.w.org\/{rel}","templated":true}]}}