{"id":176,"date":"2023-05-22T07:29:39","date_gmt":"2023-05-22T07:29:39","guid":{"rendered":"https:\/\/www.thecarpetwashingmachine.com\/?page_id=176"},"modified":"2025-07-03T13:28:08","modified_gmt":"2025-07-03T13:28:08","slug":"how-can-i-prepare-a-carpet-cleaning-shop-project","status":"publish","type":"page","link":"https:\/\/www.thecarpetwashingmachine.com\/es\/how-can-i-prepare-a-carpet-cleaning-shop-project\/","title":{"rendered":"\u00bfC\u00f3mo puedo preparar un proyecto de limpieza de alfombras?"},"content":{"rendered":"<div class=\"wp-block-image\">\n<figure class=\"aligncenter size-full\"><img loading=\"lazy\" decoding=\"async\" width=\"750\" height=\"500\" src=\"https:\/\/www.thecarpetwashingmachine.com\/wp-content\/uploads\/2025\/07\/Untitled-design-10.png\" alt=\"Automatic carpet washing machine\" class=\"wp-image-1618\" srcset=\"https:\/\/www.thecarpetwashingmachine.com\/wp-content\/uploads\/2025\/07\/Untitled-design-10.png 750w, https:\/\/www.thecarpetwashingmachine.com\/wp-content\/uploads\/2025\/07\/Untitled-design-10-300x200.png 300w\" sizes=\"auto, (max-width: 750px) 100vw, 750px\" \/><\/figure><\/div>\n\n\n<p><\/p>\n\n\n\n<p>La limpieza de alfombras se ha convertido en uno de los proyectos de negocio m\u00e1s populares en los \u00faltimos 5 a\u00f1os (a partir de 2025). Dado que nuestra empresa recibe muchas solicitudes de cotizaci\u00f3n de muchas partes del mundo para m\u00e1quinas de limpieza de alfombras, consideramos necesario explicar a los emprendedores algunos factores importantes sobre el negocio de limpieza de alfombras.<\/p>\n\n\n\n<p>En las naciones de habla inglesa, este proyecto se conoce como proyecto de limpieza de alfombras.<\/p>\n\n\n\n<p>As\u00ed que, aqu\u00ed est\u00e1 el orden de cinco cosas diferentes a considerar cuando se inicia un proyecto de limpieza de alfombras:<\/p>\n\n\n\n<hr class=\"wp-block-separator has-alpha-channel-opacity is-style-wide\"\/>\n\n\n\n<h3 class=\"wp-block-heading\">1. Investigaci\u00f3n de Mercado<\/h3>\n\n\n\n<p>Debe estudiar los h\u00e1bitos de limpieza de la regi\u00f3n a la que ofrecer\u00e1 sus servicios, adem\u00e1s de la popularidad del uso de alfombras. A continuaci\u00f3n, se deben evaluar los tama\u00f1os de las alfombras, ya que las m\u00e1quinas necesarias cambiar\u00e1n seg\u00fan sus dimensiones. Esta <strong>investigaci\u00f3n detallada<\/strong> revelar\u00e1 en qu\u00e9 tipos de alfombras debe concentrarse y c\u00f3mo determinar la capacidad de su instalaci\u00f3n.<\/p>\n\n\n\n<h3 class=\"wp-block-heading\">2. B\u00fasqueda de un Local<\/h3>\n\n\n\n<p>Debe crearse un local donde se llevar\u00e1 a cabo este negocio. Esta instalaci\u00f3n debe ser <strong>adecuada a la escala de sus operaciones<\/strong>, permitiendo un flujo eficiente de las alfombras, desde su estado sucio hasta su limpieza. Considere factores como el acceso al agua, el drenaje, la ventilaci\u00f3n y el espacio suficiente para la colocaci\u00f3n de la maquinaria y el secado de las alfombras. La ubicaci\u00f3n tambi\u00e9n debe ser ventajosa en t\u00e9rminos de acceso para los clientes y comodidad log\u00edstica.<\/p>\n\n\n\n<h3 class=\"wp-block-heading\">3. Identificaci\u00f3n de la Maquinaria<\/h3>\n\n\n\n<p>Una vez que comprenda los tama\u00f1os y tipos de alfombras comunes en su mercado objetivo, podr\u00e1 identificar la <strong>maquinaria adecuada<\/strong>. Esto incluye lavadoras industriales, m\u00e1quinas de enjuague, centrifugadoras para la extracci\u00f3n de agua y sistemas de secado. La capacidad y las caracter\u00edsticas de estas m\u00e1quinas deben alinearse con su volumen de servicio proyectado y las necesidades de limpieza espec\u00edficas de las alfombras de su regi\u00f3n. La elecci\u00f3n correcta de la maquinaria afectar\u00e1 directamente su eficiencia y la calidad de la limpieza.<\/p>\n\n\n\n<h3 class=\"wp-block-heading\">4. Configuraci\u00f3n Operativa y Flujo de Trabajo<\/h3>\n\n\n\n<p>Despu\u00e9s de asegurar un local y la maquinaria, conc\u00e9ntrese en establecer un <strong>flujo de trabajo eficiente<\/strong>. Esto implica planificar la distribuci\u00f3n de su tienda para minimizar la manipulaci\u00f3n manual, establecer un proceso claro para la recepci\u00f3n, limpieza y entrega de alfombras, y crear un sistema para el seguimiento de pedidos e informaci\u00f3n de clientes. Considere tambi\u00e9n el abastecimiento de soluciones de limpieza y otros suministros necesarios.<\/p>\n\n\n\n<h3 class=\"wp-block-heading\">5. Marketing y Adquisici\u00f3n de Clientes<\/h3>\n\n\n\n<p>Con su configuraci\u00f3n f\u00edsica lista, es hora de llegar a sus clientes objetivo. Desarrolle una <strong>estrategia de marketing<\/strong> que incluya publicidad local, presencia en l\u00ednea (sitio web, redes sociales) y posiblemente asociaciones con dise\u00f1adores de interiores o agentes inmobiliarios. Destaque sus propuestas de venta \u00fanicas, como la limpieza ecol\u00f3gica, los tiempos de respuesta r\u00e1pidos o la eliminaci\u00f3n especializada de manchas. Construir una s\u00f3lida reputaci\u00f3n a trav\u00e9s de un excelente servicio y las opiniones de los clientes ser\u00e1 crucial para el \u00e9xito a largo plazo.<\/p>\n\n\n\n<hr class=\"wp-block-separator has-alpha-channel-opacity is-style-wide\"\/>\n","protected":false},"excerpt":{"rendered":"<p>La limpieza de alfombras se ha convertido en uno de los proyectos de negocio m\u00e1s populares en los \u00faltimos 5 a\u00f1os (a partir de 2025).&hellip;<\/p>\n","protected":false},"author":1,"featured_media":0,"parent":0,"menu_order":0,"comment_status":"closed","ping_status":"closed","template":"","meta":{"footnotes":""},"class_list":["post-176","page","type-page","status-publish","hentry"],"translation":{"provider":"WPGlobus","version":"3.0.0","language":"es","enabled_languages":["en","tr","fr","ar","es","de","pt","ru"],"languages":{"en":{"title":true,"content":true,"excerpt":false},"tr":{"title":true,"content":true,"excerpt":false},"fr":{"title":true,"content":true,"excerpt":false},"ar":{"title":true,"content":true,"excerpt":false},"es":{"title":true,"content":true,"excerpt":false},"de":{"title":true,"content":true,"excerpt":false},"pt":{"title":true,"content":true,"excerpt":false},"ru":{"title":true,"content":true,"excerpt":false}}},"yoast_head":"<!-- This site is optimized with the Yoast SEO plugin v24.7 - https:\/\/yoast.com\/wordpress\/plugins\/seo\/ -->\n<title>\u00bfC\u00f3mo puedo preparar un proyecto de limpieza de alfombras? - Lavadora de alfombras<\/title>\n<meta name=\"description\" content=\"\u00bfEst\u00e1 planificando una tienda de limpieza de alfombras? Obtenga orientaci\u00f3n experta sobre la instalaci\u00f3n y el equipo para el \u00e9xito.\" \/>\n<meta name=\"robots\" content=\"index, follow, max-snippet:-1, max-image-preview:large, max-video-preview:-1\" \/>\n<link rel=\"canonical\" href=\"https:\/\/www.thecarpetwashingmachine.com\/how-can-i-prepare-a-carpet-cleaning-shop-project\/\" \/>\n<meta property=\"og:locale\" content=\"es_ES\" \/>\n<meta property=\"og:type\" content=\"article\" \/>\n<meta property=\"og:title\" content=\"\u00bfC\u00f3mo puedo preparar un proyecto de limpieza de alfombras? - Lavadora de alfombras\" \/>\n<meta property=\"og:description\" content=\"\u00bfEst\u00e1 planificando una tienda de limpieza de alfombras? Obtenga orientaci\u00f3n experta sobre la instalaci\u00f3n y el equipo para el \u00e9xito.\" \/>\n<meta property=\"og:url\" content=\"https:\/\/www.thecarpetwashingmachine.com\/how-can-i-prepare-a-carpet-cleaning-shop-project\/\" \/>\n<meta property=\"og:site_name\" content=\"Lavadora de alfombras\" \/>\n<meta property=\"article:publisher\" content=\"http:\/\/www.facebook.com\/carpetwashingmachine\" \/>\n<meta property=\"article:modified_time\" content=\"2025-07-03T13:28:08+00:00\" \/>\n<meta property=\"og:image\" content=\"https:\/\/www.thecarpetwashingmachine.com\/wp-content\/uploads\/2025\/07\/Untitled-design-10.png\" \/>\n\t<meta property=\"og:image:width\" content=\"750\" \/>\n\t<meta property=\"og:image:height\" content=\"500\" \/>\n\t<meta property=\"og:image:type\" content=\"image\/png\" \/>\n<meta name=\"twitter:card\" content=\"summary_large_image\" \/>\n<meta name=\"twitter:label1\" content=\"Tiempo de lectura\" \/>\n\t<meta name=\"twitter:data1\" content=\"2 minutos\" \/>\n<script type=\"application\/ld+json\" class=\"yoast-schema-graph\">{\"@context\":\"https:\/\/schema.org\",\"@graph\":[{\"@type\":\"WebPage\",\"@id\":\"https:\/\/www.thecarpetwashingmachine.com\/how-can-i-prepare-a-carpet-cleaning-shop-project\/\",\"url\":\"https:\/\/www.thecarpetwashingmachine.com\/how-can-i-prepare-a-carpet-cleaning-shop-project\/\",\"name\":\"\u041a\u0430\u043a \u043f\u043e\u0434\u0433\u043e\u0442\u043e\u0432\u0438\u0442\u044c \u043f\u0440\u043e\u0435\u043a\u0442 \u043c\u0430\u0441\u0442\u0435\u0440\u0441\u043a\u043e\u0439 \u043f\u043e \u0447\u0438\u0441\u0442\u043a\u0435 \u043a\u043e\u0432\u0440\u043e\u0432 - Lavadora de alfombras\",\"isPartOf\":{\"@id\":\"https:\/\/www.thecarpetwashingmachine.com\/#website\"},\"primaryImageOfPage\":{\"@id\":\"https:\/\/www.thecarpetwashingmachine.com\/how-can-i-prepare-a-carpet-cleaning-shop-project\/#primaryimage\"},\"image\":{\"@id\":\"https:\/\/www.thecarpetwashingmachine.com\/how-can-i-prepare-a-carpet-cleaning-shop-project\/#primaryimage\"},\"thumbnailUrl\":\"https:\/\/www.thecarpetwashingmachine.com\/wp-content\/uploads\/2025\/07\/Untitled-design-10.png\",\"datePublished\":\"2023-05-22T07:29:39+00:00\",\"dateModified\":\"2025-07-03T13:28:08+00:00\",\"description\":\"\u041f\u043b\u0430\u043d\u0438\u0440\u0443\u0435\u0442\u0435 \u043c\u0430\u0433\u0430\u0437\u0438\u043d \u043f\u043e \u0447\u0438\u0441\u0442\u043a\u0435 \u043a\u043e\u0432\u0440\u043e\u0432? \u041f\u043e\u043b\u0443\u0447\u0438\u0442\u0435 \u044d\u043a\u0441\u043f\u0435\u0440\u0442\u043d\u0443\u044e \u043a\u043e\u043d\u0441\u0443\u043b\u044c\u0442\u0430\u0446\u0438\u044e \u043f\u043e \u043e\u0431\u0443\u0441\u0442\u0440\u043e\u0439\u0441\u0442\u0432\u0443 \u0438 \u043e\u0431\u043e\u0440\u0443\u0434\u043e\u0432\u0430\u043d\u0438\u044e \u0434\u043b\u044f \u0443\u0441\u043f\u0435\u0445\u0430.\",\"breadcrumb\":{\"@id\":\"https:\/\/www.thecarpetwashingmachine.com\/how-can-i-prepare-a-carpet-cleaning-shop-project\/#breadcrumb\"},\"inLanguage\":\"es\",\"potentialAction\":[{\"@type\":\"ReadAction\",\"target\":[\"https:\/\/www.thecarpetwashingmachine.com\/how-can-i-prepare-a-carpet-cleaning-shop-project\/\"]}]},{\"@type\":\"ImageObject\",\"inLanguage\":\"es\",\"@id\":\"https:\/\/www.thecarpetwashingmachine.com\/how-can-i-prepare-a-carpet-cleaning-shop-project\/#primaryimage\",\"url\":\"https:\/\/www.thecarpetwashingmachine.com\/wp-content\/uploads\/2025\/07\/Untitled-design-10.png\",\"contentUrl\":\"https:\/\/www.thecarpetwashingmachine.com\/wp-content\/uploads\/2025\/07\/Untitled-design-10.png\"},{\"@type\":\"BreadcrumbList\",\"@id\":\"https:\/\/www.thecarpetwashingmachine.com\/how-can-i-prepare-a-carpet-cleaning-shop-project\/#breadcrumb\",\"itemListElement\":[{\"@type\":\"ListItem\",\"position\":1,\"name\":\"Home\",\"item\":\"https:\/\/www.thecarpetwashingmachine.com\/\"},{\"@type\":\"ListItem\",\"position\":2,\"name\":\"How Can I Prepare a Carpet Cleaning Shop Project?\"}]},{\"@type\":\"WebSite\",\"@id\":\"https:\/\/www.thecarpetwashingmachine.com\/#website\",\"url\":\"https:\/\/www.thecarpetwashingmachine.com\/\",\"name\":\"Lavadora de alfombras\",\"description\":\"\u00a1La lavadora de alfombras est\u00e1 en todo el mundo!\",\"potentialAction\":[{\"@type\":\"SearchAction\",\"target\":{\"@type\":\"EntryPoint\",\"urlTemplate\":\"https:\/\/www.thecarpetwashingmachine.com\/?s={search_term_string}\"},\"query-input\":{\"@type\":\"PropertyValueSpecification\",\"valueRequired\":true,\"valueName\":\"search_term_string\"}}],\"inLanguage\":\"es\"}]}<\/script>\n<!-- \/ Yoast SEO plugin. -->","yoast_head_json":{"title":"\u00bfC\u00f3mo puedo preparar un proyecto de limpieza de alfombras? - Lavadora de alfombras","description":"\u00bfEst\u00e1 planificando una tienda de limpieza de alfombras? Obtenga orientaci\u00f3n experta sobre la instalaci\u00f3n y el equipo para el \u00e9xito.","robots":{"index":"index","follow":"follow","max-snippet":"max-snippet:-1","max-image-preview":"max-image-preview:large","max-video-preview":"max-video-preview:-1"},"canonical":"https:\/\/www.thecarpetwashingmachine.com\/how-can-i-prepare-a-carpet-cleaning-shop-project\/","og_locale":"es_ES","og_type":"article","og_title":"\u00bfC\u00f3mo puedo preparar un proyecto de limpieza de alfombras? - Lavadora de alfombras","og_description":"\u00bfEst\u00e1 planificando una tienda de limpieza de alfombras? Obtenga orientaci\u00f3n experta sobre la instalaci\u00f3n y el equipo para el \u00e9xito.","og_url":"https:\/\/www.thecarpetwashingmachine.com\/how-can-i-prepare-a-carpet-cleaning-shop-project\/","og_site_name":"Lavadora de alfombras","article_publisher":"http:\/\/www.facebook.com\/carpetwashingmachine","article_modified_time":"2025-07-03T13:28:08+00:00","og_image":[{"width":750,"height":500,"url":"https:\/\/www.thecarpetwashingmachine.com\/wp-content\/uploads\/2025\/07\/Untitled-design-10.png","type":"image\/png"}],"twitter_card":"summary_large_image","twitter_misc":{"Tiempo de lectura":"2 minutos"},"schema":{"@context":"https:\/\/schema.org","@graph":[{"@type":"WebPage","@id":"https:\/\/www.thecarpetwashingmachine.com\/how-can-i-prepare-a-carpet-cleaning-shop-project\/","url":"https:\/\/www.thecarpetwashingmachine.com\/how-can-i-prepare-a-carpet-cleaning-shop-project\/","name":"\u041a\u0430\u043a \u043f\u043e\u0434\u0433\u043e\u0442\u043e\u0432\u0438\u0442\u044c \u043f\u0440\u043e\u0435\u043a\u0442 \u043c\u0430\u0441\u0442\u0435\u0440\u0441\u043a\u043e\u0439 \u043f\u043e \u0447\u0438\u0441\u0442\u043a\u0435 \u043a\u043e\u0432\u0440\u043e\u0432 - Lavadora de alfombras","isPartOf":{"@id":"https:\/\/www.thecarpetwashingmachine.com\/#website"},"primaryImageOfPage":{"@id":"https:\/\/www.thecarpetwashingmachine.com\/how-can-i-prepare-a-carpet-cleaning-shop-project\/#primaryimage"},"image":{"@id":"https:\/\/www.thecarpetwashingmachine.com\/how-can-i-prepare-a-carpet-cleaning-shop-project\/#primaryimage"},"thumbnailUrl":"https:\/\/www.thecarpetwashingmachine.com\/wp-content\/uploads\/2025\/07\/Untitled-design-10.png","datePublished":"2023-05-22T07:29:39+00:00","dateModified":"2025-07-03T13:28:08+00:00","description":"\u041f\u043b\u0430\u043d\u0438\u0440\u0443\u0435\u0442\u0435 \u043c\u0430\u0433\u0430\u0437\u0438\u043d \u043f\u043e \u0447\u0438\u0441\u0442\u043a\u0435 \u043a\u043e\u0432\u0440\u043e\u0432? \u041f\u043e\u043b\u0443\u0447\u0438\u0442\u0435 \u044d\u043a\u0441\u043f\u0435\u0440\u0442\u043d\u0443\u044e \u043a\u043e\u043d\u0441\u0443\u043b\u044c\u0442\u0430\u0446\u0438\u044e \u043f\u043e \u043e\u0431\u0443\u0441\u0442\u0440\u043e\u0439\u0441\u0442\u0432\u0443 \u0438 \u043e\u0431\u043e\u0440\u0443\u0434\u043e\u0432\u0430\u043d\u0438\u044e \u0434\u043b\u044f \u0443\u0441\u043f\u0435\u0445\u0430.","breadcrumb":{"@id":"https:\/\/www.thecarpetwashingmachine.com\/how-can-i-prepare-a-carpet-cleaning-shop-project\/#breadcrumb"},"inLanguage":"es","potentialAction":[{"@type":"ReadAction","target":["https:\/\/www.thecarpetwashingmachine.com\/how-can-i-prepare-a-carpet-cleaning-shop-project\/"]}]},{"@type":"ImageObject","inLanguage":"es","@id":"https:\/\/www.thecarpetwashingmachine.com\/how-can-i-prepare-a-carpet-cleaning-shop-project\/#primaryimage","url":"https:\/\/www.thecarpetwashingmachine.com\/wp-content\/uploads\/2025\/07\/Untitled-design-10.png","contentUrl":"https:\/\/www.thecarpetwashingmachine.com\/wp-content\/uploads\/2025\/07\/Untitled-design-10.png"},{"@type":"BreadcrumbList","@id":"https:\/\/www.thecarpetwashingmachine.com\/how-can-i-prepare-a-carpet-cleaning-shop-project\/#breadcrumb","itemListElement":[{"@type":"ListItem","position":1,"name":"Home","item":"https:\/\/www.thecarpetwashingmachine.com\/"},{"@type":"ListItem","position":2,"name":"How Can I Prepare a Carpet Cleaning Shop Project?"}]},{"@type":"WebSite","@id":"https:\/\/www.thecarpetwashingmachine.com\/#website","url":"https:\/\/www.thecarpetwashingmachine.com\/","name":"Lavadora de alfombras","description":"\u00a1La lavadora de alfombras est\u00e1 en todo el mundo!","potentialAction":[{"@type":"SearchAction","target":{"@type":"EntryPoint","urlTemplate":"https:\/\/www.thecarpetwashingmachine.com\/?s={search_term_string}"},"query-input":{"@type":"PropertyValueSpecification","valueRequired":true,"valueName":"search_term_string"}}],"inLanguage":"es"}]}},"_links":{"self":[{"href":"https:\/\/www.thecarpetwashingmachine.com\/es\/wp-json\/wp\/v2\/pages\/176","targetHints":{"allow":["GET"]}}],"collection":[{"href":"https:\/\/www.thecarpetwashingmachine.com\/es\/wp-json\/wp\/v2\/pages"}],"about":[{"href":"https:\/\/www.thecarpetwashingmachine.com\/es\/wp-json\/wp\/v2\/types\/page"}],"author":[{"embeddable":true,"href":"https:\/\/www.thecarpetwashingmachine.com\/es\/wp-json\/wp\/v2\/users\/1"}],"replies":[{"embeddable":true,"href":"https:\/\/www.thecarpetwashingmachine.com\/es\/wp-json\/wp\/v2\/comments?post=176"}],"version-history":[{"count":51,"href":"https:\/\/www.thecarpetwashingmachine.com\/es\/wp-json\/wp\/v2\/pages\/176\/revisions"}],"predecessor-version":[{"id":1785,"href":"https:\/\/www.thecarpetwashingmachine.com\/es\/wp-json\/wp\/v2\/pages\/176\/revisions\/1785"}],"wp:attachment":[{"href":"https:\/\/www.thecarpetwashingmachine.com\/es\/wp-json\/wp\/v2\/media?parent=176"}],"curies":[{"name":"wp","href":"https:\/\/api.w.org\/{rel}","templated":true}]}}