{"id":114,"date":"2019-03-09T07:09:19","date_gmt":"2019-03-09T07:09:19","guid":{"rendered":"http:\/\/www.thecarpetwashingmachine.com\/?page_id=114"},"modified":"2025-07-18T13:23:01","modified_gmt":"2025-07-18T13:23:01","slug":"how-to-choose-the-right-carpet-washing-machine","status":"publish","type":"page","link":"https:\/\/www.thecarpetwashingmachine.com\/es\/how-to-choose-the-right-carpet-washing-machine\/","title":{"rendered":"\u00bfC\u00f3mo elegir la lavadora de alfombras adecuada?"},"content":{"rendered":"<div class=\"wp-block-image\">\n<figure class=\"aligncenter\"><img loading=\"lazy\" decoding=\"async\" width=\"826\" height=\"390\" src=\"https:\/\/www.thecarpetwashingmachine.com\/wp-content\/uploads\/2025\/01\/hali-yikama-makinasi-kullanimi-1.jpg\" alt=\"Elegir M\u00e1quina de Lavado de Alfombras\" class=\"wp-image-384\" srcset=\"https:\/\/www.thecarpetwashingmachine.com\/wp-content\/uploads\/2025\/01\/hali-yikama-makinasi-kullanimi-1.jpg 826w, https:\/\/www.thecarpetwashingmachine.com\/wp-content\/uploads\/2025\/01\/hali-yikama-makinasi-kullanimi-1-300x142.jpg 300w, https:\/\/www.thecarpetwashingmachine.com\/wp-content\/uploads\/2025\/01\/hali-yikama-makinasi-kullanimi-1-768x363.jpg 768w\" sizes=\"auto, (max-width: 826px) 100vw, 826px\" \/><\/figure><\/div>\n\n\n<p><\/p>\n\n\n\n<h3 class=\"wp-block-heading\"><strong>\u00bfC\u00d3MO ELEGIR EL EQUIPO ADECUADO PARA SU PA\u00cdS?<\/strong><\/h3>\n\n\n\n<p>Muchos empresarios, principiantes y experimentados abordan este punto desde diferentes \u00e1ngulos. Primero prefiera elegir opciones m\u00e1s baratas y accesibles. Mientras tanto, los emprendedores experimentados consideran varios objetivos: invertir su dinero en un equipo confiable y bien recomendado en todo el mundo, ahorrar dinero para publicidad, minimizar los costos de env\u00edo, los costos de boletos t\u00e9cnicos si es necesario, encontrar un fabricante adecuado para convi\u00e9rt\u0131rse en un distribuidor en el futuro y desarrolle negocios en esta rama tambi\u00e9n, participe en varias esferas del negocio de lavado de alfombras.<\/p>\n\n\n\n<p>Sin embargo, ambas partes deben elegir el equipo que sea adecuado y corresponda a las tendencias de estos pa\u00edses. Aqu\u00ed hay algunas recomendaciones para que pueda obtener una mejor visi\u00f3n profesional de su negocio actual o futuro. Para los principiantes, en primer lugar, se recomienda analizar los tama\u00f1os de alfombra m\u00e1s t\u00edpicos en su pa\u00eds. Esta investigaci\u00f3n determinar\u00e1 el \u00e9xito de su empresa en el futuro. Estudie las alfombras en su propia casa, puede visitar las tiendas de alfombras y averiguar qu\u00e9 alfombras se venden con m\u00e1s frecuencia. Explicamos este caso porque comprar m\u00e1quinas seg\u00fan el tama\u00f1o de las alfombras es extremadamente significativo. Como ejemplo, algunos de nuestros clientes potenciales preguntan si pueden comprar la centr\u00edfuga m\u00e1s grande y exprimir todas las alfombras sin tener en cuenta sus tama\u00f1os. Esa es la imagen completamente incorrecta de c\u00f3mo funciona la centr\u00edfuga y por qu\u00e9 los tama\u00f1os de las m\u00e1quinas correspondientes son tan importantes. Si coloca una alfombra de dos a tres en una m\u00e1quina con un ancho de 420 cm, la m\u00e1quina saltar\u00e1, la alfombra se desenrollar\u00e1, la vibraci\u00f3n puede crecer y causar que la m\u00e1quina se rompa. Para eliminar eso, debe ser responsable y solicitar al fabricante recomendaciones y su experiencia previa en la exportaci\u00f3n de m\u00e1quinas en los pa\u00edses. As\u00ed, por ejemplo, para evitar una situaci\u00f3n tan desagradable, puede enrollar 2 alfombras juntas y cargarlas en una centr\u00edfuga m\u00e1s grande. Como resultado, los rodamientos de su centr\u00edfuga, los sistemas autom\u00e1ticos no tendr\u00e1n presi\u00f3n ni vibraci\u00f3n adicionales y prolongar\u00e1n la vida \u00fatil de la m\u00e1quina.<\/p>\n\n\n\n<p>Para empresas de lavado de alfombras que ya est\u00e1n bien desarrolladas, le recomendamos comprar centr\u00edfugas de tama\u00f1os peque\u00f1os, si es muy necesario. Por lo tanto, su empresa mejorar\u00e1 la productividad y simplificar\u00e1 las operaciones.<\/p>\n\n\n\n<p>Una lavadora de alfombras es la inversi\u00f3n, que se pagar\u00e1 solo en caso de encontrar una buena y digna. Los principiantes y empresarios experimentados est\u00e1n tentados a encontrar una opci\u00f3n m\u00e1s barata y ahorrar sus ganancias o capital inicial. Pero la situaci\u00f3n es la misma aqu\u00ed: un centavo paga dos veces. La m\u00e1quina elegida no de acuerdo con los requisitos de su pa\u00eds puede arruinar su negocio: despu\u00e9s de una compra, puede enfrentar fallas, lo que costar\u00e1 m\u00e1s para reparar. Mientras tanto, la calificaci\u00f3n no ser\u00e1 buena ya que muchos clientes ser\u00e1n rechazados debido a la falla de la m\u00e1quina. En cuanto al tama\u00f1o de las alfombras, todo se vuelve simple: puede lavar todas las alfombras en ER 4200 hasta que el ancho sea superior a 420 cm.<\/p>\n\n\n\n<p>Siempre tenga en cuenta las caracter\u00edsticas de las m\u00e1quinas. Una buena centr\u00edfuga debe tener rodamientos pesados \u200b\u200bconfiables, los tambores deben estar balanceados y hechos de acero inoxidable, la puerta debe ser neum\u00e1tica, el n\u00famero de RPM debe estar alrededor de 1200 &#8211; 1300.<\/p>\n\n\n\n<p>Aqu\u00ed hay varias reglas para entender que una lavadora de alfombras es cualitativa:<\/p>\n\n\n\n<p>Tiene dos filas de pinceles con pinceles m\u00e1s duros y m\u00e1s suaves;<\/p>\n\n\n\n<p>Tiene una variedad de programas para diferentes materiales de alfombra;<\/p>\n\n\n\n<p>Limpia la alfombra en 2,5 \u2500 3 minutos;<\/p>\n\n\n\n<p>Hecho de acero inoxidable;<\/p>\n\n\n\n<p>La caja el\u00e9ctrica est\u00e1 protegida con un panel especial;<\/p>\n\n\n\n<p>La cinta transportadora consta de una superficie completa;<\/p>\n\n\n\n<p>Lava una alfombra al 100% de todos los productos qu\u00edmicos.<\/p>\n\n\n\n<p>Si vino a comprar una m\u00e1quina, p\u00eddale a un fabricante que vaya a una tienda de lavado de alfombras donde use este equipo. Aqu\u00ed puede ver lo siguiente: si el fabricante vende sus m\u00e1quinas a nivel local (en estas regiones), su reputaci\u00f3n es limpia e impecable en la mayor\u00eda de los casos. Cuidado, cu\u00e1nto tiempo trabaja esta compa\u00f1\u00eda en este equipo, cu\u00e1ntas veces tuvieron algunos problemas con este equipo. Tambi\u00e9n puede preguntar cu\u00e1nto tiempo trabaja el productor en este sector. Tambi\u00e9n ver\u00e1, si todas las funciones y operaciones reclamadas se llevan a cabo como debe ser y como se le explic\u00f3 anteriormente. Pedir referencias de su propio pa\u00eds tambi\u00e9n puede ser un buen paso para encontrar la verdad que le har\u00e1 elegir el equipo adecuado.<\/p>\n","protected":false},"excerpt":{"rendered":"<p>\u00bfC\u00d3MO ELEGIR EL EQUIPO ADECUADO PARA SU PA\u00cdS? Muchos empresarios, principiantes y experimentados abordan este punto desde diferentes \u00e1ngulos. Primero prefiera elegir opciones m\u00e1s baratas&hellip;<\/p>\n","protected":false},"author":1,"featured_media":0,"parent":0,"menu_order":0,"comment_status":"closed","ping_status":"closed","template":"","meta":{"footnotes":""},"class_list":["post-114","page","type-page","status-publish","hentry"],"translation":{"provider":"WPGlobus","version":"3.0.0","language":"es","enabled_languages":["en","tr","fr","ar","es","de","pt","ru"],"languages":{"en":{"title":true,"content":true,"excerpt":false},"tr":{"title":true,"content":true,"excerpt":false},"fr":{"title":true,"content":true,"excerpt":false},"ar":{"title":true,"content":true,"excerpt":false},"es":{"title":true,"content":true,"excerpt":false},"de":{"title":true,"content":true,"excerpt":false},"pt":{"title":true,"content":true,"excerpt":false},"ru":{"title":true,"content":true,"excerpt":false}}},"yoast_head":"<!-- This site is optimized with the Yoast SEO plugin v24.7 - https:\/\/yoast.com\/wordpress\/plugins\/seo\/ -->\n<title>\u00bfC\u00f3mo elegir la lavadora de alfombras adecuada? - Lavadora de alfombras<\/title>\n<meta name=\"description\" content=\"Elegir la m\u00e1quina lavadora de alfombras adecuada es clave. Aprende consejos esenciales para seleccionar la mejor m\u00e1quina para tu negocio.\" \/>\n<meta name=\"robots\" content=\"index, follow, max-snippet:-1, max-image-preview:large, max-video-preview:-1\" \/>\n<link rel=\"canonical\" href=\"https:\/\/www.thecarpetwashingmachine.com\/how-to-choose-the-right-carpet-washing-machine\/\" \/>\n<meta property=\"og:locale\" content=\"es_ES\" \/>\n<meta property=\"og:type\" content=\"article\" \/>\n<meta property=\"og:title\" content=\"\u00bfC\u00f3mo elegir la lavadora de alfombras adecuada? - Lavadora de alfombras\" \/>\n<meta property=\"og:description\" content=\"Elegir la m\u00e1quina lavadora de alfombras adecuada es clave. Aprende consejos esenciales para seleccionar la mejor m\u00e1quina para tu negocio.\" \/>\n<meta property=\"og:url\" content=\"https:\/\/www.thecarpetwashingmachine.com\/how-to-choose-the-right-carpet-washing-machine\/\" \/>\n<meta property=\"og:site_name\" content=\"Lavadora de alfombras\" \/>\n<meta property=\"article:publisher\" content=\"http:\/\/www.facebook.com\/carpetwashingmachine\" \/>\n<meta property=\"article:modified_time\" content=\"2025-07-18T13:23:01+00:00\" \/>\n<meta property=\"og:image\" content=\"https:\/\/www.thecarpetwashingmachine.com\/wp-content\/uploads\/2025\/01\/hali-yikama-makinasi-kullanimi-1.jpg\" \/>\n\t<meta property=\"og:image:width\" content=\"826\" \/>\n\t<meta property=\"og:image:height\" content=\"390\" \/>\n\t<meta property=\"og:image:type\" content=\"image\/jpeg\" \/>\n<meta name=\"twitter:card\" content=\"summary_large_image\" \/>\n<meta name=\"twitter:label1\" content=\"Tiempo de lectura\" \/>\n\t<meta name=\"twitter:data1\" content=\"3 minutos\" \/>\n<script type=\"application\/ld+json\" class=\"yoast-schema-graph\">{\"@context\":\"https:\/\/schema.org\",\"@graph\":[{\"@type\":\"WebPage\",\"@id\":\"https:\/\/www.thecarpetwashingmachine.com\/how-to-choose-the-right-carpet-washing-machine\/\",\"url\":\"https:\/\/www.thecarpetwashingmachine.com\/how-to-choose-the-right-carpet-washing-machine\/\",\"name\":\"\u041a\u0430\u043a \u0432\u044b\u0431\u0440\u0430\u0442\u044c \u043f\u043e\u0434\u0445\u043e\u0434\u044f\u0449\u0443\u044e \u0434\u043b\u044f \u0432\u0430\u0441 \u043c\u0430\u0448\u0438\u043d\u0443 \u0434\u043b\u044f \u0441\u0442\u0438\u0440\u043a\u0438 \u043a\u043e\u0432\u0440\u043e\u0432? - Lavadora de alfombras\",\"isPartOf\":{\"@id\":\"https:\/\/www.thecarpetwashingmachine.com\/#website\"},\"primaryImageOfPage\":{\"@id\":\"https:\/\/www.thecarpetwashingmachine.com\/how-to-choose-the-right-carpet-washing-machine\/#primaryimage\"},\"image\":{\"@id\":\"https:\/\/www.thecarpetwashingmachine.com\/how-to-choose-the-right-carpet-washing-machine\/#primaryimage\"},\"thumbnailUrl\":\"https:\/\/www.thecarpetwashingmachine.com\/wp-content\/uploads\/2025\/01\/hali-yikama-makinasi-kullanimi-1.jpg\",\"datePublished\":\"2019-03-09T07:09:19+00:00\",\"dateModified\":\"2025-07-18T13:23:01+00:00\",\"description\":\"\u0412\u044b\u0431\u043e\u0440 \u043f\u0440\u0430\u0432\u0438\u043b\u044c\u043d\u043e\u0439 \u043c\u0430\u0448\u0438\u043d\u044b \u0434\u043b\u044f \u0441\u0442\u0438\u0440\u043a\u0438 \u043a\u043e\u0432\u0440\u043e\u0432 \u043a\u0440\u0430\u0439\u043d\u0435 \u0432\u0430\u0436\u0435\u043d. \u0423\u0437\u043d\u0430\u0439\u0442\u0435 \u0432\u0430\u0436\u043d\u044b\u0435 \u0441\u043e\u0432\u0435\u0442\u044b, \u0447\u0442\u043e\u0431\u044b \u0432\u044b\u0431\u0440\u0430\u0442\u044c \u043b\u0443\u0447\u0448\u0443\u044e \u0434\u043b\u044f \u0432\u0430\u0448\u0435\u0433\u043e \u0431\u0438\u0437\u043d\u0435\u0441\u0430.\",\"breadcrumb\":{\"@id\":\"https:\/\/www.thecarpetwashingmachine.com\/how-to-choose-the-right-carpet-washing-machine\/#breadcrumb\"},\"inLanguage\":\"es\",\"potentialAction\":[{\"@type\":\"ReadAction\",\"target\":[\"https:\/\/www.thecarpetwashingmachine.com\/how-to-choose-the-right-carpet-washing-machine\/\"]}]},{\"@type\":\"ImageObject\",\"inLanguage\":\"es\",\"@id\":\"https:\/\/www.thecarpetwashingmachine.com\/how-to-choose-the-right-carpet-washing-machine\/#primaryimage\",\"url\":\"https:\/\/www.thecarpetwashingmachine.com\/wp-content\/uploads\/2025\/01\/hali-yikama-makinasi-kullanimi-1.jpg\",\"contentUrl\":\"https:\/\/www.thecarpetwashingmachine.com\/wp-content\/uploads\/2025\/01\/hali-yikama-makinasi-kullanimi-1.jpg\"},{\"@type\":\"BreadcrumbList\",\"@id\":\"https:\/\/www.thecarpetwashingmachine.com\/how-to-choose-the-right-carpet-washing-machine\/#breadcrumb\",\"itemListElement\":[{\"@type\":\"ListItem\",\"position\":1,\"name\":\"Home\",\"item\":\"https:\/\/www.thecarpetwashingmachine.com\/\"},{\"@type\":\"ListItem\",\"position\":2,\"name\":\"How to Choose the Right Carpet Washing Machine?\"}]},{\"@type\":\"WebSite\",\"@id\":\"https:\/\/www.thecarpetwashingmachine.com\/#website\",\"url\":\"https:\/\/www.thecarpetwashingmachine.com\/\",\"name\":\"Lavadora de alfombras\",\"description\":\"\u00a1La lavadora de alfombras est\u00e1 en todo el mundo!\",\"potentialAction\":[{\"@type\":\"SearchAction\",\"target\":{\"@type\":\"EntryPoint\",\"urlTemplate\":\"https:\/\/www.thecarpetwashingmachine.com\/?s={search_term_string}\"},\"query-input\":{\"@type\":\"PropertyValueSpecification\",\"valueRequired\":true,\"valueName\":\"search_term_string\"}}],\"inLanguage\":\"es\"}]}<\/script>\n<!-- \/ Yoast SEO plugin. -->","yoast_head_json":{"title":"\u00bfC\u00f3mo elegir la lavadora de alfombras adecuada? - Lavadora de alfombras","description":"Elegir la m\u00e1quina lavadora de alfombras adecuada es clave. Aprende consejos esenciales para seleccionar la mejor m\u00e1quina para tu negocio.","robots":{"index":"index","follow":"follow","max-snippet":"max-snippet:-1","max-image-preview":"max-image-preview:large","max-video-preview":"max-video-preview:-1"},"canonical":"https:\/\/www.thecarpetwashingmachine.com\/how-to-choose-the-right-carpet-washing-machine\/","og_locale":"es_ES","og_type":"article","og_title":"\u00bfC\u00f3mo elegir la lavadora de alfombras adecuada? - Lavadora de alfombras","og_description":"Elegir la m\u00e1quina lavadora de alfombras adecuada es clave. Aprende consejos esenciales para seleccionar la mejor m\u00e1quina para tu negocio.","og_url":"https:\/\/www.thecarpetwashingmachine.com\/how-to-choose-the-right-carpet-washing-machine\/","og_site_name":"Lavadora de alfombras","article_publisher":"http:\/\/www.facebook.com\/carpetwashingmachine","article_modified_time":"2025-07-18T13:23:01+00:00","og_image":[{"width":826,"height":390,"url":"https:\/\/www.thecarpetwashingmachine.com\/wp-content\/uploads\/2025\/01\/hali-yikama-makinasi-kullanimi-1.jpg","type":"image\/jpeg"}],"twitter_card":"summary_large_image","twitter_misc":{"Tiempo de lectura":"3 minutos"},"schema":{"@context":"https:\/\/schema.org","@graph":[{"@type":"WebPage","@id":"https:\/\/www.thecarpetwashingmachine.com\/how-to-choose-the-right-carpet-washing-machine\/","url":"https:\/\/www.thecarpetwashingmachine.com\/how-to-choose-the-right-carpet-washing-machine\/","name":"\u041a\u0430\u043a \u0432\u044b\u0431\u0440\u0430\u0442\u044c \u043f\u043e\u0434\u0445\u043e\u0434\u044f\u0449\u0443\u044e \u0434\u043b\u044f \u0432\u0430\u0441 \u043c\u0430\u0448\u0438\u043d\u0443 \u0434\u043b\u044f \u0441\u0442\u0438\u0440\u043a\u0438 \u043a\u043e\u0432\u0440\u043e\u0432? - Lavadora de alfombras","isPartOf":{"@id":"https:\/\/www.thecarpetwashingmachine.com\/#website"},"primaryImageOfPage":{"@id":"https:\/\/www.thecarpetwashingmachine.com\/how-to-choose-the-right-carpet-washing-machine\/#primaryimage"},"image":{"@id":"https:\/\/www.thecarpetwashingmachine.com\/how-to-choose-the-right-carpet-washing-machine\/#primaryimage"},"thumbnailUrl":"https:\/\/www.thecarpetwashingmachine.com\/wp-content\/uploads\/2025\/01\/hali-yikama-makinasi-kullanimi-1.jpg","datePublished":"2019-03-09T07:09:19+00:00","dateModified":"2025-07-18T13:23:01+00:00","description":"\u0412\u044b\u0431\u043e\u0440 \u043f\u0440\u0430\u0432\u0438\u043b\u044c\u043d\u043e\u0439 \u043c\u0430\u0448\u0438\u043d\u044b \u0434\u043b\u044f \u0441\u0442\u0438\u0440\u043a\u0438 \u043a\u043e\u0432\u0440\u043e\u0432 \u043a\u0440\u0430\u0439\u043d\u0435 \u0432\u0430\u0436\u0435\u043d. \u0423\u0437\u043d\u0430\u0439\u0442\u0435 \u0432\u0430\u0436\u043d\u044b\u0435 \u0441\u043e\u0432\u0435\u0442\u044b, \u0447\u0442\u043e\u0431\u044b \u0432\u044b\u0431\u0440\u0430\u0442\u044c \u043b\u0443\u0447\u0448\u0443\u044e \u0434\u043b\u044f \u0432\u0430\u0448\u0435\u0433\u043e \u0431\u0438\u0437\u043d\u0435\u0441\u0430.","breadcrumb":{"@id":"https:\/\/www.thecarpetwashingmachine.com\/how-to-choose-the-right-carpet-washing-machine\/#breadcrumb"},"inLanguage":"es","potentialAction":[{"@type":"ReadAction","target":["https:\/\/www.thecarpetwashingmachine.com\/how-to-choose-the-right-carpet-washing-machine\/"]}]},{"@type":"ImageObject","inLanguage":"es","@id":"https:\/\/www.thecarpetwashingmachine.com\/how-to-choose-the-right-carpet-washing-machine\/#primaryimage","url":"https:\/\/www.thecarpetwashingmachine.com\/wp-content\/uploads\/2025\/01\/hali-yikama-makinasi-kullanimi-1.jpg","contentUrl":"https:\/\/www.thecarpetwashingmachine.com\/wp-content\/uploads\/2025\/01\/hali-yikama-makinasi-kullanimi-1.jpg"},{"@type":"BreadcrumbList","@id":"https:\/\/www.thecarpetwashingmachine.com\/how-to-choose-the-right-carpet-washing-machine\/#breadcrumb","itemListElement":[{"@type":"ListItem","position":1,"name":"Home","item":"https:\/\/www.thecarpetwashingmachine.com\/"},{"@type":"ListItem","position":2,"name":"How to Choose the Right Carpet Washing Machine?"}]},{"@type":"WebSite","@id":"https:\/\/www.thecarpetwashingmachine.com\/#website","url":"https:\/\/www.thecarpetwashingmachine.com\/","name":"Lavadora de alfombras","description":"\u00a1La lavadora de alfombras est\u00e1 en todo el mundo!","potentialAction":[{"@type":"SearchAction","target":{"@type":"EntryPoint","urlTemplate":"https:\/\/www.thecarpetwashingmachine.com\/?s={search_term_string}"},"query-input":{"@type":"PropertyValueSpecification","valueRequired":true,"valueName":"search_term_string"}}],"inLanguage":"es"}]}},"_links":{"self":[{"href":"https:\/\/www.thecarpetwashingmachine.com\/es\/wp-json\/wp\/v2\/pages\/114","targetHints":{"allow":["GET"]}}],"collection":[{"href":"https:\/\/www.thecarpetwashingmachine.com\/es\/wp-json\/wp\/v2\/pages"}],"about":[{"href":"https:\/\/www.thecarpetwashingmachine.com\/es\/wp-json\/wp\/v2\/types\/page"}],"author":[{"embeddable":true,"href":"https:\/\/www.thecarpetwashingmachine.com\/es\/wp-json\/wp\/v2\/users\/1"}],"replies":[{"embeddable":true,"href":"https:\/\/www.thecarpetwashingmachine.com\/es\/wp-json\/wp\/v2\/comments?post=114"}],"version-history":[{"count":59,"href":"https:\/\/www.thecarpetwashingmachine.com\/es\/wp-json\/wp\/v2\/pages\/114\/revisions"}],"predecessor-version":[{"id":2469,"href":"https:\/\/www.thecarpetwashingmachine.com\/es\/wp-json\/wp\/v2\/pages\/114\/revisions\/2469"}],"wp:attachment":[{"href":"https:\/\/www.thecarpetwashingmachine.com\/es\/wp-json\/wp\/v2\/media?parent=114"}],"curies":[{"name":"wp","href":"https:\/\/api.w.org\/{rel}","templated":true}]}}