{"id":1016,"date":"2025-06-30T06:43:50","date_gmt":"2025-06-30T06:43:50","guid":{"rendered":"https:\/\/www.thecarpetwashingmachine.com\/?page_id=1016"},"modified":"2025-07-11T09:38:30","modified_gmt":"2025-07-11T09:38:30","slug":"about-us","status":"publish","type":"page","link":"https:\/\/www.thecarpetwashingmachine.com\/es\/about-us\/","title":{"rendered":"Qui\u00e9nes Somos &#8211; Ergin Machinery"},"content":{"rendered":"\n<p>Desde 1968, Ergin Makina ha experimentado un crecimiento constante, impulsado por un compromiso inquebrantable con la innovaci\u00f3n y la calidad. En 2017, expandimos nuestras operaciones a una instalaci\u00f3n dedicada de 8.000 m\u00b2 en la Zona Industrial Organizada de Pancar. Hoy, nuestras confiables m\u00e1quinas operan en m\u00e1s de 80 pa\u00edses, desde Australia hasta Estados Unidos, potenciando a los profesionales de la limpieza de alfombras en todo el mundo. Combinamos m\u00e1s de 50 a\u00f1os de experiencia con nuestra pasi\u00f3n por el progreso, garantizando una calidad inigualable. Nuestro enfoque en la \u00faltima tecnolog\u00eda, la ergonom\u00eda superior y el m\u00e1ximo rendimiento nos distingue. M\u00e1s all\u00e1 de la limpieza, nuestras m\u00e1quinas ahorran recursos valiosos. La satisfacci\u00f3n del cliente es la base de nuestro \u00e9xito.<\/p>\n\n\n<div class=\"wp-block-image\">\n<figure class=\"aligncenter size-large\"><img loading=\"lazy\" decoding=\"async\" width=\"1024\" height=\"479\" src=\"https:\/\/www.thecarpetwashingmachine.com\/wp-content\/uploads\/2025\/06\/ergin-makina-hali-yikama-makinalari-fabrikasi-2-1024x479.jpg\" alt=\"Ergin Machinery f\u00e1brica de m\u00e1quinas de lavado de alfombras\" class=\"wp-image-1019\" srcset=\"https:\/\/www.thecarpetwashingmachine.com\/wp-content\/uploads\/2025\/06\/ergin-makina-hali-yikama-makinalari-fabrikasi-2-1024x479.jpg 1024w, https:\/\/www.thecarpetwashingmachine.com\/wp-content\/uploads\/2025\/06\/ergin-makina-hali-yikama-makinalari-fabrikasi-2-300x140.jpg 300w, https:\/\/www.thecarpetwashingmachine.com\/wp-content\/uploads\/2025\/06\/ergin-makina-hali-yikama-makinalari-fabrikasi-2-768x360.jpg 768w, https:\/\/www.thecarpetwashingmachine.com\/wp-content\/uploads\/2025\/06\/ergin-makina-hali-yikama-makinalari-fabrikasi-2-1536x719.jpg 1536w, https:\/\/www.thecarpetwashingmachine.com\/wp-content\/uploads\/2025\/06\/ergin-makina-hali-yikama-makinalari-fabrikasi-2-2048x959.jpg 2048w, https:\/\/www.thecarpetwashingmachine.com\/wp-content\/uploads\/2025\/06\/ergin-makina-hali-yikama-makinalari-fabrikasi-2-1200x562.jpg 1200w\" sizes=\"auto, (max-width: 1024px) 100vw, 1024px\" \/><\/figure><\/div>","protected":false},"excerpt":{"rendered":"<p>Desde 1968, Ergin Makina ha experimentado un crecimiento constante, impulsado por un compromiso inquebrantable con la innovaci\u00f3n y la calidad. En 2017, expandimos nuestras operaciones&hellip;<\/p>\n","protected":false},"author":1,"featured_media":0,"parent":0,"menu_order":0,"comment_status":"closed","ping_status":"closed","template":"","meta":{"footnotes":""},"class_list":["post-1016","page","type-page","status-publish","hentry"],"translation":{"provider":"WPGlobus","version":"3.0.0","language":"es","enabled_languages":["en","tr","fr","ar","es","de","pt","ru"],"languages":{"en":{"title":true,"content":true,"excerpt":false},"tr":{"title":true,"content":true,"excerpt":false},"fr":{"title":true,"content":true,"excerpt":false},"ar":{"title":true,"content":true,"excerpt":false},"es":{"title":true,"content":true,"excerpt":false},"de":{"title":true,"content":true,"excerpt":false},"pt":{"title":true,"content":true,"excerpt":false},"ru":{"title":true,"content":true,"excerpt":false}}},"yoast_head":"<!-- This site is optimized with the Yoast SEO plugin v24.7 - https:\/\/yoast.com\/wordpress\/plugins\/seo\/ -->\n<title>Qui\u00e9nes Somos - Ergin Machinery<\/title>\n<meta name=\"description\" content=\"Ergin Makina: L\u00edder en m\u00e1quinas de limpieza de alfombras desde 1968. Calidad e innovaci\u00f3n para +80 pa\u00edses. Ahorre recursos.\" \/>\n<meta name=\"robots\" content=\"index, follow, max-snippet:-1, max-image-preview:large, max-video-preview:-1\" \/>\n<link rel=\"canonical\" href=\"https:\/\/www.thecarpetwashingmachine.com\/about-us\/\" \/>\n<meta property=\"og:locale\" content=\"es_ES\" \/>\n<meta property=\"og:type\" content=\"article\" \/>\n<meta property=\"og:title\" content=\"Qui\u00e9nes Somos - Ergin Machinery\" \/>\n<meta property=\"og:description\" content=\"Ergin Makina: L\u00edder en m\u00e1quinas de limpieza de alfombras desde 1968. Calidad e innovaci\u00f3n para +80 pa\u00edses. Ahorre recursos.\" \/>\n<meta property=\"og:url\" content=\"https:\/\/www.thecarpetwashingmachine.com\/about-us\/\" \/>\n<meta property=\"og:site_name\" content=\"Lavadora de alfombras\" \/>\n<meta property=\"article:publisher\" content=\"http:\/\/www.facebook.com\/carpetwashingmachine\" \/>\n<meta property=\"article:modified_time\" content=\"2025-07-11T09:38:30+00:00\" \/>\n<meta property=\"og:image\" content=\"https:\/\/www.thecarpetwashingmachine.com\/wp-content\/uploads\/2025\/06\/ergin-makina-hali-yikama-makinalari-fabrikasi-2-scaled.jpg\" \/>\n\t<meta property=\"og:image:width\" content=\"2560\" \/>\n\t<meta property=\"og:image:height\" content=\"1199\" \/>\n\t<meta property=\"og:image:type\" content=\"image\/jpeg\" \/>\n<meta name=\"twitter:card\" content=\"summary_large_image\" \/>\n<meta name=\"twitter:label1\" content=\"Tiempo de lectura\" \/>\n\t<meta name=\"twitter:data1\" content=\"1 minuto\" \/>\n<script type=\"application\/ld+json\" class=\"yoast-schema-graph\">{\"@context\":\"https:\/\/schema.org\",\"@graph\":[{\"@type\":\"WebPage\",\"@id\":\"https:\/\/www.thecarpetwashingmachine.com\/about-us\/\",\"url\":\"https:\/\/www.thecarpetwashingmachine.com\/about-us\/\",\"name\":\"Qui\u00e9nes Somos - Ergin Machinery\",\"isPartOf\":{\"@id\":\"https:\/\/www.thecarpetwashingmachine.com\/#website\"},\"primaryImageOfPage\":{\"@id\":\"https:\/\/www.thecarpetwashingmachine.com\/about-us\/#primaryimage\"},\"image\":{\"@id\":\"https:\/\/www.thecarpetwashingmachine.com\/about-us\/#primaryimage\"},\"thumbnailUrl\":\"https:\/\/www.thecarpetwashingmachine.com\/wp-content\/uploads\/2025\/06\/ergin-makina-hali-yikama-makinalari-fabrikasi-2-1024x479.jpg\",\"datePublished\":\"2025-06-30T06:43:50+00:00\",\"dateModified\":\"2025-07-11T09:38:30+00:00\",\"description\":\"Ergin Machinery: Since 1968, a global leader in innovative carpet washing machines. Trusted quality, performance, and customer satisfaction.\",\"breadcrumb\":{\"@id\":\"https:\/\/www.thecarpetwashingmachine.com\/about-us\/#breadcrumb\"},\"inLanguage\":\"es\",\"potentialAction\":[{\"@type\":\"ReadAction\",\"target\":[\"https:\/\/www.thecarpetwashingmachine.com\/about-us\/\"]}]},{\"@type\":\"ImageObject\",\"inLanguage\":\"es\",\"@id\":\"https:\/\/www.thecarpetwashingmachine.com\/about-us\/#primaryimage\",\"url\":\"https:\/\/www.thecarpetwashingmachine.com\/wp-content\/uploads\/2025\/06\/ergin-makina-hali-yikama-makinalari-fabrikasi-2-1024x479.jpg\",\"contentUrl\":\"https:\/\/www.thecarpetwashingmachine.com\/wp-content\/uploads\/2025\/06\/ergin-makina-hali-yikama-makinalari-fabrikasi-2-1024x479.jpg\"},{\"@type\":\"BreadcrumbList\",\"@id\":\"https:\/\/www.thecarpetwashingmachine.com\/about-us\/#breadcrumb\",\"itemListElement\":[{\"@type\":\"ListItem\",\"position\":1,\"name\":\"Home\",\"item\":\"https:\/\/www.thecarpetwashingmachine.com\/\"},{\"@type\":\"ListItem\",\"position\":2,\"name\":\"About us &#8211; Ergin Machinery\"}]},{\"@type\":\"WebSite\",\"@id\":\"https:\/\/www.thecarpetwashingmachine.com\/#website\",\"url\":\"https:\/\/www.thecarpetwashingmachine.com\/\",\"name\":\"Lavadora de alfombras\",\"description\":\"\u00a1La lavadora de alfombras est\u00e1 en todo el mundo!\",\"potentialAction\":[{\"@type\":\"SearchAction\",\"target\":{\"@type\":\"EntryPoint\",\"urlTemplate\":\"https:\/\/www.thecarpetwashingmachine.com\/?s={search_term_string}\"},\"query-input\":{\"@type\":\"PropertyValueSpecification\",\"valueRequired\":true,\"valueName\":\"search_term_string\"}}],\"inLanguage\":\"es\"}]}<\/script>\n<!-- \/ Yoast SEO plugin. -->","yoast_head_json":{"title":"Qui\u00e9nes Somos - Ergin Machinery","description":"Ergin Makina: L\u00edder en m\u00e1quinas de limpieza de alfombras desde 1968. Calidad e innovaci\u00f3n para +80 pa\u00edses. Ahorre recursos.","robots":{"index":"index","follow":"follow","max-snippet":"max-snippet:-1","max-image-preview":"max-image-preview:large","max-video-preview":"max-video-preview:-1"},"canonical":"https:\/\/www.thecarpetwashingmachine.com\/about-us\/","og_locale":"es_ES","og_type":"article","og_title":"Qui\u00e9nes Somos - Ergin Machinery","og_description":"Ergin Makina: L\u00edder en m\u00e1quinas de limpieza de alfombras desde 1968. Calidad e innovaci\u00f3n para +80 pa\u00edses. Ahorre recursos.","og_url":"https:\/\/www.thecarpetwashingmachine.com\/about-us\/","og_site_name":"Lavadora de alfombras","article_publisher":"http:\/\/www.facebook.com\/carpetwashingmachine","article_modified_time":"2025-07-11T09:38:30+00:00","og_image":[{"width":2560,"height":1199,"url":"https:\/\/www.thecarpetwashingmachine.com\/wp-content\/uploads\/2025\/06\/ergin-makina-hali-yikama-makinalari-fabrikasi-2-scaled.jpg","type":"image\/jpeg"}],"twitter_card":"summary_large_image","twitter_misc":{"Tiempo de lectura":"1 minuto"},"schema":{"@context":"https:\/\/schema.org","@graph":[{"@type":"WebPage","@id":"https:\/\/www.thecarpetwashingmachine.com\/about-us\/","url":"https:\/\/www.thecarpetwashingmachine.com\/about-us\/","name":"Qui\u00e9nes Somos - Ergin Machinery","isPartOf":{"@id":"https:\/\/www.thecarpetwashingmachine.com\/#website"},"primaryImageOfPage":{"@id":"https:\/\/www.thecarpetwashingmachine.com\/about-us\/#primaryimage"},"image":{"@id":"https:\/\/www.thecarpetwashingmachine.com\/about-us\/#primaryimage"},"thumbnailUrl":"https:\/\/www.thecarpetwashingmachine.com\/wp-content\/uploads\/2025\/06\/ergin-makina-hali-yikama-makinalari-fabrikasi-2-1024x479.jpg","datePublished":"2025-06-30T06:43:50+00:00","dateModified":"2025-07-11T09:38:30+00:00","description":"Ergin Machinery: Since 1968, a global leader in innovative carpet washing machines. Trusted quality, performance, and customer satisfaction.","breadcrumb":{"@id":"https:\/\/www.thecarpetwashingmachine.com\/about-us\/#breadcrumb"},"inLanguage":"es","potentialAction":[{"@type":"ReadAction","target":["https:\/\/www.thecarpetwashingmachine.com\/about-us\/"]}]},{"@type":"ImageObject","inLanguage":"es","@id":"https:\/\/www.thecarpetwashingmachine.com\/about-us\/#primaryimage","url":"https:\/\/www.thecarpetwashingmachine.com\/wp-content\/uploads\/2025\/06\/ergin-makina-hali-yikama-makinalari-fabrikasi-2-1024x479.jpg","contentUrl":"https:\/\/www.thecarpetwashingmachine.com\/wp-content\/uploads\/2025\/06\/ergin-makina-hali-yikama-makinalari-fabrikasi-2-1024x479.jpg"},{"@type":"BreadcrumbList","@id":"https:\/\/www.thecarpetwashingmachine.com\/about-us\/#breadcrumb","itemListElement":[{"@type":"ListItem","position":1,"name":"Home","item":"https:\/\/www.thecarpetwashingmachine.com\/"},{"@type":"ListItem","position":2,"name":"About us &#8211; Ergin Machinery"}]},{"@type":"WebSite","@id":"https:\/\/www.thecarpetwashingmachine.com\/#website","url":"https:\/\/www.thecarpetwashingmachine.com\/","name":"Lavadora de alfombras","description":"\u00a1La lavadora de alfombras est\u00e1 en todo el mundo!","potentialAction":[{"@type":"SearchAction","target":{"@type":"EntryPoint","urlTemplate":"https:\/\/www.thecarpetwashingmachine.com\/?s={search_term_string}"},"query-input":{"@type":"PropertyValueSpecification","valueRequired":true,"valueName":"search_term_string"}}],"inLanguage":"es"}]}},"_links":{"self":[{"href":"https:\/\/www.thecarpetwashingmachine.com\/es\/wp-json\/wp\/v2\/pages\/1016","targetHints":{"allow":["GET"]}}],"collection":[{"href":"https:\/\/www.thecarpetwashingmachine.com\/es\/wp-json\/wp\/v2\/pages"}],"about":[{"href":"https:\/\/www.thecarpetwashingmachine.com\/es\/wp-json\/wp\/v2\/types\/page"}],"author":[{"embeddable":true,"href":"https:\/\/www.thecarpetwashingmachine.com\/es\/wp-json\/wp\/v2\/users\/1"}],"replies":[{"embeddable":true,"href":"https:\/\/www.thecarpetwashingmachine.com\/es\/wp-json\/wp\/v2\/comments?post=1016"}],"version-history":[{"count":24,"href":"https:\/\/www.thecarpetwashingmachine.com\/es\/wp-json\/wp\/v2\/pages\/1016\/revisions"}],"predecessor-version":[{"id":2144,"href":"https:\/\/www.thecarpetwashingmachine.com\/es\/wp-json\/wp\/v2\/pages\/1016\/revisions\/2144"}],"wp:attachment":[{"href":"https:\/\/www.thecarpetwashingmachine.com\/es\/wp-json\/wp\/v2\/media?parent=1016"}],"curies":[{"name":"wp","href":"https:\/\/api.w.org\/{rel}","templated":true}]}}