{"id":68,"date":"2023-05-22T07:38:03","date_gmt":"2023-05-22T07:38:03","guid":{"rendered":"http:\/\/www.thecarpetwashingmachine.com\/?page_id=68"},"modified":"2025-07-07T13:50:16","modified_gmt":"2025-07-07T13:50:16","slug":"carpet-washing-machine-3-2-m","status":"publish","type":"page","link":"https:\/\/www.thecarpetwashingmachine.com\/de\/carpet-washing-machine-3-2-m\/","title":{"rendered":"Teppichreinigungsmaschine 3,2 m"},"content":{"rendered":"\n<figure class=\"wp-block-image aligncenter\"><img loading=\"lazy\" decoding=\"async\" width=\"500\" height=\"278\" src=\"https:\/\/www.thecarpetwashingmachine.com\/wp-content\/uploads\/2018\/06\/fully-automatic-carpet-washing-machine.jpg\" alt=\"Teppichwaschmaschine\n\" class=\"wp-image-70\" srcset=\"https:\/\/www.thecarpetwashingmachine.com\/wp-content\/uploads\/2018\/06\/fully-automatic-carpet-washing-machine.jpg 500w, https:\/\/www.thecarpetwashingmachine.com\/wp-content\/uploads\/2018\/06\/fully-automatic-carpet-washing-machine-300x167.jpg 300w\" sizes=\"auto, (max-width: 500px) 100vw, 500px\" \/><\/figure>\n\n\n\n<p><\/p>\n\n\n\n<p>Eine der meistverkauften Teppichreinigungsmaschinen mit 3,2 m Breite wird weltweit in vielen L\u00e4ndern h\u00e4ufig eingesetzt. Ihre Produktion geh\u00f6rt zu den h\u00f6chsten in der Branche. Die Maschine hat die F\u00e4higkeit, einen 9 m\u00b2 gro\u00dfen Teppich in nur 50 Sekunden zu reinigen, was sie zu einer der bevorzugtesten Maschinen macht. Besonders beliebt ist diese Maschine in Bulgarien, Serbien, Montenegro, Rum\u00e4nien, Polen, Ungarn, Deutschland, Griechenland, Persien, Marokko, Algerien, Tunesien, Usbekistan, Kasachstan, Turkmenistan, Malaysia, Brunei, Oman, Argentinien und Brasilien. Es ist bekannt, dass in diesen L\u00e4ndern Teppiche mit einer Gr\u00f6\u00dfe von 6, 9, 12 und 15 m\u00b2 \u00fcblich sind.<\/p>\n","protected":false},"excerpt":{"rendered":"<p>Eine der meistverkauften Teppichreinigungsmaschinen mit 3,2 m Breite wird weltweit in vielen L\u00e4ndern h\u00e4ufig eingesetzt. Ihre Produktion geh\u00f6rt zu den h\u00f6chsten in der Branche. Die&hellip;<\/p>\n","protected":false},"author":1,"featured_media":0,"parent":0,"menu_order":0,"comment_status":"closed","ping_status":"closed","template":"","meta":{"footnotes":""},"class_list":["post-68","page","type-page","status-publish","hentry"],"translation":{"provider":"WPGlobus","version":"3.0.0","language":"de","enabled_languages":["en","tr","fr","ar","es","de","pt","ru"],"languages":{"en":{"title":true,"content":true,"excerpt":false},"tr":{"title":true,"content":true,"excerpt":false},"fr":{"title":true,"content":true,"excerpt":false},"ar":{"title":true,"content":true,"excerpt":false},"es":{"title":true,"content":true,"excerpt":false},"de":{"title":true,"content":true,"excerpt":false},"pt":{"title":true,"content":true,"excerpt":false},"ru":{"title":true,"content":true,"excerpt":false}}},"yoast_head":"<!-- This site is optimized with the Yoast SEO plugin v24.7 - https:\/\/yoast.com\/wordpress\/plugins\/seo\/ -->\n<title>Teppichreinigungsmaschine 3,2 m - Teppichwaschmaschine<\/title>\n<meta name=\"description\" content=\"Die Teppichwaschmaschine, die in Bulgarien, Griechenland, Serbien, Malaysia, Argentinien usw. ben\u00f6tigt wird, muss eine maximale Teppichbreitenkapazit\u00e4t von 3 m haben.\" \/>\n<meta name=\"robots\" content=\"index, follow, max-snippet:-1, max-image-preview:large, max-video-preview:-1\" \/>\n<link rel=\"canonical\" href=\"https:\/\/www.thecarpetwashingmachine.com\/carpet-washing-machine-3-2-m\/\" \/>\n<meta property=\"og:locale\" content=\"de_DE\" \/>\n<meta property=\"og:type\" content=\"article\" \/>\n<meta property=\"og:title\" content=\"Teppichreinigungsmaschine 3,2 m - Teppichwaschmaschine\" \/>\n<meta property=\"og:description\" content=\"Die Teppichwaschmaschine, die in Bulgarien, Griechenland, Serbien, Malaysia, Argentinien usw. ben\u00f6tigt wird, muss eine maximale Teppichbreitenkapazit\u00e4t von 3 m haben.\" \/>\n<meta property=\"og:url\" content=\"https:\/\/www.thecarpetwashingmachine.com\/carpet-washing-machine-3-2-m\/\" \/>\n<meta property=\"og:site_name\" content=\"Teppichwaschmaschine\" \/>\n<meta property=\"article:publisher\" content=\"http:\/\/www.facebook.com\/carpetwashingmachine\" \/>\n<meta property=\"article:modified_time\" content=\"2025-07-07T13:50:16+00:00\" \/>\n<meta property=\"og:image\" content=\"https:\/\/www.thecarpetwashingmachine.com\/wp-content\/uploads\/2018\/06\/fully-automatic-carpet-washing-machine.jpg\" \/>\n\t<meta property=\"og:image:width\" content=\"500\" \/>\n\t<meta property=\"og:image:height\" content=\"278\" \/>\n\t<meta property=\"og:image:type\" content=\"image\/jpeg\" \/>\n<meta name=\"twitter:card\" content=\"summary_large_image\" \/>\n<meta name=\"twitter:label1\" content=\"Gesch\u00e4tzte Lesezeit\" \/>\n\t<meta name=\"twitter:data1\" content=\"1\u00a0Minute\" \/>\n<script type=\"application\/ld+json\" class=\"yoast-schema-graph\">{\"@context\":\"https:\/\/schema.org\",\"@graph\":[{\"@type\":\"WebPage\",\"@id\":\"https:\/\/www.thecarpetwashingmachine.com\/carpet-washing-machine-3-2-m\/\",\"url\":\"https:\/\/www.thecarpetwashingmachine.com\/carpet-washing-machine-3-2-m\/\",\"name\":\"\u041c\u0430\u0448\u0438\u043d\u0430 \u0434\u043b\u044f \u0441\u0442\u0438\u0440\u043a\u0438 \u043a\u043e\u0432\u0440\u043e\u0432 3,2 \u043c - \u041c\u0430\u0448\u0438\u043d\u0430 \u0434\u043b\u044f \u0441\u0442\u0438\u0440\u043a\u0438 \u043a\u043e\u0432\u0440\u043e\u0432\",\"isPartOf\":{\"@id\":\"https:\/\/www.thecarpetwashingmachine.com\/#website\"},\"primaryImageOfPage\":{\"@id\":\"https:\/\/www.thecarpetwashingmachine.com\/carpet-washing-machine-3-2-m\/#primaryimage\"},\"image\":{\"@id\":\"https:\/\/www.thecarpetwashingmachine.com\/carpet-washing-machine-3-2-m\/#primaryimage\"},\"thumbnailUrl\":\"https:\/\/www.thecarpetwashingmachine.com\/wp-content\/uploads\/2018\/06\/fully-automatic-carpet-washing-machine.jpg\",\"datePublished\":\"2023-05-22T07:38:03+00:00\",\"dateModified\":\"2025-07-07T13:50:16+00:00\",\"description\":\"\u041c\u0430\u0448\u0438\u043d\u0430 \u0434\u043b\u044f \u0441\u0442\u0438\u0440\u043a\u0438 \u043a\u043e\u0432\u0440\u043e\u0432, \u043d\u0435\u043e\u0431\u0445\u043e\u0434\u0438\u043c\u0430\u044f \u0432 \u0411\u043e\u043b\u0433\u0430\u0440\u0438\u0438, \u0413\u0440\u0435\u0446\u0438\u0438, \u0421\u0435\u0440\u0431\u0438\u0438, \u041c\u0430\u043b\u0430\u0439\u0437\u0438\u0438, \u0410\u0440\u0433\u0435\u043d\u0442\u0438\u043d\u0435 \u0438 \u0442.\u0434., \u0434\u043e\u043b\u0436\u043d\u0430 \u0438\u043c\u0435\u0442\u044c \u043c\u0430\u043a\u0441\u0438\u043c\u0430\u043b\u044c\u043d\u0443\u044e \u0448\u0438\u0440\u0438\u043d\u0443 \u043a\u043e\u0432\u0440\u0430 3 \u043c\u0435\u0442\u0440\u0430.\",\"breadcrumb\":{\"@id\":\"https:\/\/www.thecarpetwashingmachine.com\/carpet-washing-machine-3-2-m\/#breadcrumb\"},\"inLanguage\":\"de\",\"potentialAction\":[{\"@type\":\"ReadAction\",\"target\":[\"https:\/\/www.thecarpetwashingmachine.com\/carpet-washing-machine-3-2-m\/\"]}]},{\"@type\":\"ImageObject\",\"inLanguage\":\"de\",\"@id\":\"https:\/\/www.thecarpetwashingmachine.com\/carpet-washing-machine-3-2-m\/#primaryimage\",\"url\":\"https:\/\/www.thecarpetwashingmachine.com\/wp-content\/uploads\/2018\/06\/fully-automatic-carpet-washing-machine.jpg\",\"contentUrl\":\"https:\/\/www.thecarpetwashingmachine.com\/wp-content\/uploads\/2018\/06\/fully-automatic-carpet-washing-machine.jpg\"},{\"@type\":\"BreadcrumbList\",\"@id\":\"https:\/\/www.thecarpetwashingmachine.com\/carpet-washing-machine-3-2-m\/#breadcrumb\",\"itemListElement\":[{\"@type\":\"ListItem\",\"position\":1,\"name\":\"Home\",\"item\":\"https:\/\/www.thecarpetwashingmachine.com\/\"},{\"@type\":\"ListItem\",\"position\":2,\"name\":\"Carpet Washing Machine 3.2 m\"}]},{\"@type\":\"WebSite\",\"@id\":\"https:\/\/www.thecarpetwashingmachine.com\/#website\",\"url\":\"https:\/\/www.thecarpetwashingmachine.com\/\",\"name\":\"Teppichwaschmaschine\",\"description\":\"Die Teppichwaschmaschine gibt es auf der ganzen Welt!\",\"potentialAction\":[{\"@type\":\"SearchAction\",\"target\":{\"@type\":\"EntryPoint\",\"urlTemplate\":\"https:\/\/www.thecarpetwashingmachine.com\/?s={search_term_string}\"},\"query-input\":{\"@type\":\"PropertyValueSpecification\",\"valueRequired\":true,\"valueName\":\"search_term_string\"}}],\"inLanguage\":\"de\"}]}<\/script>\n<!-- \/ Yoast SEO plugin. -->","yoast_head_json":{"title":"Teppichreinigungsmaschine 3,2 m - Teppichwaschmaschine","description":"Die Teppichwaschmaschine, die in Bulgarien, Griechenland, Serbien, Malaysia, Argentinien usw. ben\u00f6tigt wird, muss eine maximale Teppichbreitenkapazit\u00e4t von 3 m haben.","robots":{"index":"index","follow":"follow","max-snippet":"max-snippet:-1","max-image-preview":"max-image-preview:large","max-video-preview":"max-video-preview:-1"},"canonical":"https:\/\/www.thecarpetwashingmachine.com\/carpet-washing-machine-3-2-m\/","og_locale":"de_DE","og_type":"article","og_title":"Teppichreinigungsmaschine 3,2 m - Teppichwaschmaschine","og_description":"Die Teppichwaschmaschine, die in Bulgarien, Griechenland, Serbien, Malaysia, Argentinien usw. ben\u00f6tigt wird, muss eine maximale Teppichbreitenkapazit\u00e4t von 3 m haben.","og_url":"https:\/\/www.thecarpetwashingmachine.com\/carpet-washing-machine-3-2-m\/","og_site_name":"Teppichwaschmaschine","article_publisher":"http:\/\/www.facebook.com\/carpetwashingmachine","article_modified_time":"2025-07-07T13:50:16+00:00","og_image":[{"width":500,"height":278,"url":"https:\/\/www.thecarpetwashingmachine.com\/wp-content\/uploads\/2018\/06\/fully-automatic-carpet-washing-machine.jpg","type":"image\/jpeg"}],"twitter_card":"summary_large_image","twitter_misc":{"Gesch\u00e4tzte Lesezeit":"1\u00a0Minute"},"schema":{"@context":"https:\/\/schema.org","@graph":[{"@type":"WebPage","@id":"https:\/\/www.thecarpetwashingmachine.com\/carpet-washing-machine-3-2-m\/","url":"https:\/\/www.thecarpetwashingmachine.com\/carpet-washing-machine-3-2-m\/","name":"\u041c\u0430\u0448\u0438\u043d\u0430 \u0434\u043b\u044f \u0441\u0442\u0438\u0440\u043a\u0438 \u043a\u043e\u0432\u0440\u043e\u0432 3,2 \u043c - \u041c\u0430\u0448\u0438\u043d\u0430 \u0434\u043b\u044f \u0441\u0442\u0438\u0440\u043a\u0438 \u043a\u043e\u0432\u0440\u043e\u0432","isPartOf":{"@id":"https:\/\/www.thecarpetwashingmachine.com\/#website"},"primaryImageOfPage":{"@id":"https:\/\/www.thecarpetwashingmachine.com\/carpet-washing-machine-3-2-m\/#primaryimage"},"image":{"@id":"https:\/\/www.thecarpetwashingmachine.com\/carpet-washing-machine-3-2-m\/#primaryimage"},"thumbnailUrl":"https:\/\/www.thecarpetwashingmachine.com\/wp-content\/uploads\/2018\/06\/fully-automatic-carpet-washing-machine.jpg","datePublished":"2023-05-22T07:38:03+00:00","dateModified":"2025-07-07T13:50:16+00:00","description":"\u041c\u0430\u0448\u0438\u043d\u0430 \u0434\u043b\u044f \u0441\u0442\u0438\u0440\u043a\u0438 \u043a\u043e\u0432\u0440\u043e\u0432, \u043d\u0435\u043e\u0431\u0445\u043e\u0434\u0438\u043c\u0430\u044f \u0432 \u0411\u043e\u043b\u0433\u0430\u0440\u0438\u0438, \u0413\u0440\u0435\u0446\u0438\u0438, \u0421\u0435\u0440\u0431\u0438\u0438, \u041c\u0430\u043b\u0430\u0439\u0437\u0438\u0438, \u0410\u0440\u0433\u0435\u043d\u0442\u0438\u043d\u0435 \u0438 \u0442.\u0434., \u0434\u043e\u043b\u0436\u043d\u0430 \u0438\u043c\u0435\u0442\u044c \u043c\u0430\u043a\u0441\u0438\u043c\u0430\u043b\u044c\u043d\u0443\u044e \u0448\u0438\u0440\u0438\u043d\u0443 \u043a\u043e\u0432\u0440\u0430 3 \u043c\u0435\u0442\u0440\u0430.","breadcrumb":{"@id":"https:\/\/www.thecarpetwashingmachine.com\/carpet-washing-machine-3-2-m\/#breadcrumb"},"inLanguage":"de","potentialAction":[{"@type":"ReadAction","target":["https:\/\/www.thecarpetwashingmachine.com\/carpet-washing-machine-3-2-m\/"]}]},{"@type":"ImageObject","inLanguage":"de","@id":"https:\/\/www.thecarpetwashingmachine.com\/carpet-washing-machine-3-2-m\/#primaryimage","url":"https:\/\/www.thecarpetwashingmachine.com\/wp-content\/uploads\/2018\/06\/fully-automatic-carpet-washing-machine.jpg","contentUrl":"https:\/\/www.thecarpetwashingmachine.com\/wp-content\/uploads\/2018\/06\/fully-automatic-carpet-washing-machine.jpg"},{"@type":"BreadcrumbList","@id":"https:\/\/www.thecarpetwashingmachine.com\/carpet-washing-machine-3-2-m\/#breadcrumb","itemListElement":[{"@type":"ListItem","position":1,"name":"Home","item":"https:\/\/www.thecarpetwashingmachine.com\/"},{"@type":"ListItem","position":2,"name":"Carpet Washing Machine 3.2 m"}]},{"@type":"WebSite","@id":"https:\/\/www.thecarpetwashingmachine.com\/#website","url":"https:\/\/www.thecarpetwashingmachine.com\/","name":"Teppichwaschmaschine","description":"Die Teppichwaschmaschine gibt es auf der ganzen Welt!","potentialAction":[{"@type":"SearchAction","target":{"@type":"EntryPoint","urlTemplate":"https:\/\/www.thecarpetwashingmachine.com\/?s={search_term_string}"},"query-input":{"@type":"PropertyValueSpecification","valueRequired":true,"valueName":"search_term_string"}}],"inLanguage":"de"}]}},"_links":{"self":[{"href":"https:\/\/www.thecarpetwashingmachine.com\/de\/wp-json\/wp\/v2\/pages\/68","targetHints":{"allow":["GET"]}}],"collection":[{"href":"https:\/\/www.thecarpetwashingmachine.com\/de\/wp-json\/wp\/v2\/pages"}],"about":[{"href":"https:\/\/www.thecarpetwashingmachine.com\/de\/wp-json\/wp\/v2\/types\/page"}],"author":[{"embeddable":true,"href":"https:\/\/www.thecarpetwashingmachine.com\/de\/wp-json\/wp\/v2\/users\/1"}],"replies":[{"embeddable":true,"href":"https:\/\/www.thecarpetwashingmachine.com\/de\/wp-json\/wp\/v2\/comments?post=68"}],"version-history":[{"count":31,"href":"https:\/\/www.thecarpetwashingmachine.com\/de\/wp-json\/wp\/v2\/pages\/68\/revisions"}],"predecessor-version":[{"id":2064,"href":"https:\/\/www.thecarpetwashingmachine.com\/de\/wp-json\/wp\/v2\/pages\/68\/revisions\/2064"}],"wp:attachment":[{"href":"https:\/\/www.thecarpetwashingmachine.com\/de\/wp-json\/wp\/v2\/media?parent=68"}],"curies":[{"name":"wp","href":"https:\/\/api.w.org\/{rel}","templated":true}]}}