{"id":663,"date":"2025-06-12T11:16:45","date_gmt":"2025-06-12T11:16:45","guid":{"rendered":"https:\/\/www.thecarpetwashingmachine.com\/?page_id=663"},"modified":"2025-07-03T13:05:37","modified_gmt":"2025-07-03T13:05:37","slug":"carpet-washing-as-a-highly-perspective-and-lucrative-business-2","status":"publish","type":"page","link":"https:\/\/www.thecarpetwashingmachine.com\/de\/carpet-washing-as-a-highly-perspective-and-lucrative-business-2\/","title":{"rendered":"Teppichw\u00e4sche als vielversprechendes und lukratives Gesch\u00e4ft."},"content":{"rendered":"<div class=\"wp-block-image\">\n<figure class=\"aligncenter size-full\"><img loading=\"lazy\" decoding=\"async\" width=\"750\" height=\"500\" src=\"https:\/\/www.thecarpetwashingmachine.com\/wp-content\/uploads\/2025\/07\/Untitled-design-10.png\" alt=\"Automatic carpet washing machine\" class=\"wp-image-1618\" srcset=\"https:\/\/www.thecarpetwashingmachine.com\/wp-content\/uploads\/2025\/07\/Untitled-design-10.png 750w, https:\/\/www.thecarpetwashingmachine.com\/wp-content\/uploads\/2025\/07\/Untitled-design-10-300x200.png 300w\" sizes=\"auto, (max-width: 750px) 100vw, 750px\" \/><\/figure><\/div>\n\n\n<hr class=\"wp-block-separator has-alpha-channel-opacity\"\/>\n\n\n\n<p><\/p>\n\n\n\n<p>In den letzten Jahren werden <strong>Teppichwaschdienste<\/strong> immer beliebter. Obwohl die Menschen vor einigen Jahren das Teppichwaschen noch selbst mit Haushaltsgegenst\u00e4nden erledigten, h\u00e4ngt dies haupts\u00e4chlich mit dem Aufkommen von <strong>Teppichwaschanlagen<\/strong> auf dem internationalen Markt zusammen, deren Beliebtheit von Land zu Land und von Region zu Region unterschiedlich ist. Was ist<sup><\/sup> der Grund, dass moderne Hausfrauen die Teppichreinigung nicht mehr selbst durchf\u00fchren m\u00f6chten? Offensichtlich ist die Antwort recht einfach: Es ist nicht m\u00f6glich, verschiedene Flecken, Milben und den gesamten im Teppich angesammelten Staub vollst\u00e4ndig zu entfernen. Wenn Sie angeblich spezialisierte chemische Produkte zum Teppichwaschen unter h\u00e4uslichen Bedingungen verwenden, gef\u00e4hrden Sie nicht nur Ihren Teppich, sondern auch sich selbst, da die Reinigungsfl\u00e4che ebenfalls betroffen ist. Man riskiert also: \u2013 chemische D\u00e4mpfe einzuatmen; \u2013 die Teppichstruktur zu besch\u00e4digen; \u2013 den Teppich auszubleichen; \u2013 dass die Farben stumpf werden. Alle oben genannten Gr\u00fcnde f\u00fchren zu Interesse und Nachfrage nach der <strong>professionellen Teppichw\u00e4sche<\/strong>, da sie das \u00e4u\u00dfere Erscheinungsbild des Teppichs bewahrt und Zeit spart.<\/p>\n\n\n\n<p>Derzeit nimmt die <strong>T\u00fcrkei die erste Position<\/strong> bei der Herstellung solcher Ger\u00e4te ein. Dies liegt auch daran, dass dieses Land weltbekannte Teppiche produziert, die jeder Tourist gerne kaufen w\u00fcrde. Dieses Gesch\u00e4ft floriert in der T\u00fcrkei seit mehr als 30 Jahren. Die Hersteller begannen ihre Produktion mit kleinen Hydro-Extraktoren. Mittlerweile produzieren sie brandneue<a href=\"https:\/\/www.thecarpetwashingmachine.com\/de\/automatic-carpet-washing-machine-er-4200\/\"> automatische Anlagen zum Teppichwaschen<\/a>. Daher erhielten Russland, Rum\u00e4nien, Polen und andere L\u00e4nder eine gro\u00dfartige M\u00f6glichkeit, diese Erfahrung zu \u00fcbernehmen und ein neues, noch nicht so popul\u00e4res Gesch\u00e4ft zu starten.<\/p>\n","protected":false},"excerpt":{"rendered":"<p>In den letzten Jahren werden Teppichwaschdienste immer beliebter. Obwohl die Menschen vor einigen Jahren das Teppichwaschen noch selbst mit Haushaltsgegenst\u00e4nden erledigten, h\u00e4ngt dies haupts\u00e4chlich mit&hellip;<\/p>\n","protected":false},"author":1,"featured_media":0,"parent":0,"menu_order":0,"comment_status":"closed","ping_status":"closed","template":"","meta":{"footnotes":""},"class_list":["post-663","page","type-page","status-publish","hentry"],"translation":{"provider":"WPGlobus","version":"3.0.0","language":"de","enabled_languages":["en","tr","fr","ar","es","de","pt","ru"],"languages":{"en":{"title":true,"content":true,"excerpt":false},"tr":{"title":true,"content":true,"excerpt":false},"fr":{"title":true,"content":true,"excerpt":false},"ar":{"title":true,"content":true,"excerpt":false},"es":{"title":true,"content":true,"excerpt":false},"de":{"title":true,"content":true,"excerpt":false},"pt":{"title":true,"content":true,"excerpt":false},"ru":{"title":true,"content":true,"excerpt":false}}},"yoast_head":"<!-- This site is optimized with the Yoast SEO plugin v24.7 - https:\/\/yoast.com\/wordpress\/plugins\/seo\/ -->\n<title>Teppichw\u00e4sche als vielversprechendes und lukratives Gesch\u00e4ft. - Teppichwaschmaschine<\/title>\n<meta name=\"description\" content=\"Teppichw\u00e4sche: Spart Zeit, sch\u00fctzt Teppiche! Keine Chemikalien mehr. Entdecken Sie T\u00fcrkische Expertise und automatische Waschanlagen.\" \/>\n<meta name=\"robots\" content=\"index, follow, max-snippet:-1, max-image-preview:large, max-video-preview:-1\" \/>\n<link rel=\"canonical\" href=\"https:\/\/www.thecarpetwashingmachine.com\/carpet-washing-as-a-highly-perspective-and-lucrative-business-2\/\" \/>\n<meta property=\"og:locale\" content=\"de_DE\" \/>\n<meta property=\"og:type\" content=\"article\" \/>\n<meta property=\"og:title\" content=\"Teppichw\u00e4sche als vielversprechendes und lukratives Gesch\u00e4ft. - Teppichwaschmaschine\" \/>\n<meta property=\"og:description\" content=\"Teppichw\u00e4sche: Spart Zeit, sch\u00fctzt Teppiche! Keine Chemikalien mehr. Entdecken Sie T\u00fcrkische Expertise und automatische Waschanlagen.\" \/>\n<meta property=\"og:url\" content=\"https:\/\/www.thecarpetwashingmachine.com\/carpet-washing-as-a-highly-perspective-and-lucrative-business-2\/\" \/>\n<meta property=\"og:site_name\" content=\"Teppichwaschmaschine\" \/>\n<meta property=\"article:publisher\" content=\"http:\/\/www.facebook.com\/carpetwashingmachine\" \/>\n<meta property=\"article:modified_time\" content=\"2025-07-03T13:05:37+00:00\" \/>\n<meta property=\"og:image\" content=\"https:\/\/www.thecarpetwashingmachine.com\/wp-content\/uploads\/2025\/07\/Untitled-design-10.png\" \/>\n\t<meta property=\"og:image:width\" content=\"750\" \/>\n\t<meta property=\"og:image:height\" content=\"500\" \/>\n\t<meta property=\"og:image:type\" content=\"image\/png\" \/>\n<meta name=\"twitter:card\" content=\"summary_large_image\" \/>\n<meta name=\"twitter:label1\" content=\"Gesch\u00e4tzte Lesezeit\" \/>\n\t<meta name=\"twitter:data1\" content=\"2\u00a0Minuten\" \/>\n<script type=\"application\/ld+json\" class=\"yoast-schema-graph\">{\"@context\":\"https:\/\/schema.org\",\"@graph\":[{\"@type\":\"WebPage\",\"@id\":\"https:\/\/www.thecarpetwashingmachine.com\/carpet-washing-as-a-highly-perspective-and-lucrative-business-2\/\",\"url\":\"https:\/\/www.thecarpetwashingmachine.com\/carpet-washing-as-a-highly-perspective-and-lucrative-business-2\/\",\"name\":\"Teppichw\u00e4sche als vielversprechendes und lukratives Gesch\u00e4ft. - Teppichwaschmaschine\",\"isPartOf\":{\"@id\":\"https:\/\/www.thecarpetwashingmachine.com\/#website\"},\"primaryImageOfPage\":{\"@id\":\"https:\/\/www.thecarpetwashingmachine.com\/carpet-washing-as-a-highly-perspective-and-lucrative-business-2\/#primaryimage\"},\"image\":{\"@id\":\"https:\/\/www.thecarpetwashingmachine.com\/carpet-washing-as-a-highly-perspective-and-lucrative-business-2\/#primaryimage\"},\"thumbnailUrl\":\"https:\/\/www.thecarpetwashingmachine.com\/wp-content\/uploads\/2025\/07\/Untitled-design-10.png\",\"datePublished\":\"2025-06-12T11:16:45+00:00\",\"dateModified\":\"2025-07-03T13:05:37+00:00\",\"description\":\"Professional carpet washing saves time and preserves your carpets! Avoid DIY damage. Discover Turkey's leading carpet cleaning equipment.\",\"breadcrumb\":{\"@id\":\"https:\/\/www.thecarpetwashingmachine.com\/carpet-washing-as-a-highly-perspective-and-lucrative-business-2\/#breadcrumb\"},\"inLanguage\":\"de\",\"potentialAction\":[{\"@type\":\"ReadAction\",\"target\":[\"https:\/\/www.thecarpetwashingmachine.com\/carpet-washing-as-a-highly-perspective-and-lucrative-business-2\/\"]}]},{\"@type\":\"ImageObject\",\"inLanguage\":\"de\",\"@id\":\"https:\/\/www.thecarpetwashingmachine.com\/carpet-washing-as-a-highly-perspective-and-lucrative-business-2\/#primaryimage\",\"url\":\"https:\/\/www.thecarpetwashingmachine.com\/wp-content\/uploads\/2025\/07\/Untitled-design-10.png\",\"contentUrl\":\"https:\/\/www.thecarpetwashingmachine.com\/wp-content\/uploads\/2025\/07\/Untitled-design-10.png\"},{\"@type\":\"BreadcrumbList\",\"@id\":\"https:\/\/www.thecarpetwashingmachine.com\/carpet-washing-as-a-highly-perspective-and-lucrative-business-2\/#breadcrumb\",\"itemListElement\":[{\"@type\":\"ListItem\",\"position\":1,\"name\":\"Home\",\"item\":\"https:\/\/www.thecarpetwashingmachine.com\/\"},{\"@type\":\"ListItem\",\"position\":2,\"name\":\"Carpet Washing as a Highly Perspective and Lucrative Business\"}]},{\"@type\":\"WebSite\",\"@id\":\"https:\/\/www.thecarpetwashingmachine.com\/#website\",\"url\":\"https:\/\/www.thecarpetwashingmachine.com\/\",\"name\":\"Teppichwaschmaschine\",\"description\":\"Die Teppichwaschmaschine gibt es auf der ganzen Welt!\",\"potentialAction\":[{\"@type\":\"SearchAction\",\"target\":{\"@type\":\"EntryPoint\",\"urlTemplate\":\"https:\/\/www.thecarpetwashingmachine.com\/?s={search_term_string}\"},\"query-input\":{\"@type\":\"PropertyValueSpecification\",\"valueRequired\":true,\"valueName\":\"search_term_string\"}}],\"inLanguage\":\"de\"}]}<\/script>\n<!-- \/ Yoast SEO plugin. -->","yoast_head_json":{"title":"Teppichw\u00e4sche als vielversprechendes und lukratives Gesch\u00e4ft. - Teppichwaschmaschine","description":"Teppichw\u00e4sche: Spart Zeit, sch\u00fctzt Teppiche! Keine Chemikalien mehr. Entdecken Sie T\u00fcrkische Expertise und automatische Waschanlagen.","robots":{"index":"index","follow":"follow","max-snippet":"max-snippet:-1","max-image-preview":"max-image-preview:large","max-video-preview":"max-video-preview:-1"},"canonical":"https:\/\/www.thecarpetwashingmachine.com\/carpet-washing-as-a-highly-perspective-and-lucrative-business-2\/","og_locale":"de_DE","og_type":"article","og_title":"Teppichw\u00e4sche als vielversprechendes und lukratives Gesch\u00e4ft. - Teppichwaschmaschine","og_description":"Teppichw\u00e4sche: Spart Zeit, sch\u00fctzt Teppiche! Keine Chemikalien mehr. Entdecken Sie T\u00fcrkische Expertise und automatische Waschanlagen.","og_url":"https:\/\/www.thecarpetwashingmachine.com\/carpet-washing-as-a-highly-perspective-and-lucrative-business-2\/","og_site_name":"Teppichwaschmaschine","article_publisher":"http:\/\/www.facebook.com\/carpetwashingmachine","article_modified_time":"2025-07-03T13:05:37+00:00","og_image":[{"width":750,"height":500,"url":"https:\/\/www.thecarpetwashingmachine.com\/wp-content\/uploads\/2025\/07\/Untitled-design-10.png","type":"image\/png"}],"twitter_card":"summary_large_image","twitter_misc":{"Gesch\u00e4tzte Lesezeit":"2\u00a0Minuten"},"schema":{"@context":"https:\/\/schema.org","@graph":[{"@type":"WebPage","@id":"https:\/\/www.thecarpetwashingmachine.com\/carpet-washing-as-a-highly-perspective-and-lucrative-business-2\/","url":"https:\/\/www.thecarpetwashingmachine.com\/carpet-washing-as-a-highly-perspective-and-lucrative-business-2\/","name":"Teppichw\u00e4sche als vielversprechendes und lukratives Gesch\u00e4ft. - Teppichwaschmaschine","isPartOf":{"@id":"https:\/\/www.thecarpetwashingmachine.com\/#website"},"primaryImageOfPage":{"@id":"https:\/\/www.thecarpetwashingmachine.com\/carpet-washing-as-a-highly-perspective-and-lucrative-business-2\/#primaryimage"},"image":{"@id":"https:\/\/www.thecarpetwashingmachine.com\/carpet-washing-as-a-highly-perspective-and-lucrative-business-2\/#primaryimage"},"thumbnailUrl":"https:\/\/www.thecarpetwashingmachine.com\/wp-content\/uploads\/2025\/07\/Untitled-design-10.png","datePublished":"2025-06-12T11:16:45+00:00","dateModified":"2025-07-03T13:05:37+00:00","description":"Professional carpet washing saves time and preserves your carpets! Avoid DIY damage. Discover Turkey's leading carpet cleaning equipment.","breadcrumb":{"@id":"https:\/\/www.thecarpetwashingmachine.com\/carpet-washing-as-a-highly-perspective-and-lucrative-business-2\/#breadcrumb"},"inLanguage":"de","potentialAction":[{"@type":"ReadAction","target":["https:\/\/www.thecarpetwashingmachine.com\/carpet-washing-as-a-highly-perspective-and-lucrative-business-2\/"]}]},{"@type":"ImageObject","inLanguage":"de","@id":"https:\/\/www.thecarpetwashingmachine.com\/carpet-washing-as-a-highly-perspective-and-lucrative-business-2\/#primaryimage","url":"https:\/\/www.thecarpetwashingmachine.com\/wp-content\/uploads\/2025\/07\/Untitled-design-10.png","contentUrl":"https:\/\/www.thecarpetwashingmachine.com\/wp-content\/uploads\/2025\/07\/Untitled-design-10.png"},{"@type":"BreadcrumbList","@id":"https:\/\/www.thecarpetwashingmachine.com\/carpet-washing-as-a-highly-perspective-and-lucrative-business-2\/#breadcrumb","itemListElement":[{"@type":"ListItem","position":1,"name":"Home","item":"https:\/\/www.thecarpetwashingmachine.com\/"},{"@type":"ListItem","position":2,"name":"Carpet Washing as a Highly Perspective and Lucrative Business"}]},{"@type":"WebSite","@id":"https:\/\/www.thecarpetwashingmachine.com\/#website","url":"https:\/\/www.thecarpetwashingmachine.com\/","name":"Teppichwaschmaschine","description":"Die Teppichwaschmaschine gibt es auf der ganzen Welt!","potentialAction":[{"@type":"SearchAction","target":{"@type":"EntryPoint","urlTemplate":"https:\/\/www.thecarpetwashingmachine.com\/?s={search_term_string}"},"query-input":{"@type":"PropertyValueSpecification","valueRequired":true,"valueName":"search_term_string"}}],"inLanguage":"de"}]}},"_links":{"self":[{"href":"https:\/\/www.thecarpetwashingmachine.com\/de\/wp-json\/wp\/v2\/pages\/663","targetHints":{"allow":["GET"]}}],"collection":[{"href":"https:\/\/www.thecarpetwashingmachine.com\/de\/wp-json\/wp\/v2\/pages"}],"about":[{"href":"https:\/\/www.thecarpetwashingmachine.com\/de\/wp-json\/wp\/v2\/types\/page"}],"author":[{"embeddable":true,"href":"https:\/\/www.thecarpetwashingmachine.com\/de\/wp-json\/wp\/v2\/users\/1"}],"replies":[{"embeddable":true,"href":"https:\/\/www.thecarpetwashingmachine.com\/de\/wp-json\/wp\/v2\/comments?post=663"}],"version-history":[{"count":44,"href":"https:\/\/www.thecarpetwashingmachine.com\/de\/wp-json\/wp\/v2\/pages\/663\/revisions"}],"predecessor-version":[{"id":1765,"href":"https:\/\/www.thecarpetwashingmachine.com\/de\/wp-json\/wp\/v2\/pages\/663\/revisions\/1765"}],"wp:attachment":[{"href":"https:\/\/www.thecarpetwashingmachine.com\/de\/wp-json\/wp\/v2\/media?parent=663"}],"curies":[{"name":"wp","href":"https:\/\/api.w.org\/{rel}","templated":true}]}}