{"id":56,"date":"2018-05-24T17:44:19","date_gmt":"2018-05-24T17:44:19","guid":{"rendered":"http:\/\/thecarpetwashingmachine.com\/?page_id=56"},"modified":"2025-07-07T13:56:34","modified_gmt":"2025-07-07T13:56:34","slug":"carpet-washing-machine-2-7-m","status":"publish","type":"page","link":"https:\/\/www.thecarpetwashingmachine.com\/de\/carpet-washing-machine-2-7-m\/","title":{"rendered":"Teppichwaschmaschinen 2,7 m"},"content":{"rendered":"\n<figure class=\"wp-block-image aligncenter\"><img loading=\"lazy\" decoding=\"async\" width=\"500\" height=\"278\" src=\"https:\/\/www.thecarpetwashingmachine.com\/wp-content\/uploads\/2018\/05\/carpet-washing-machine.png\" alt=\"Teppichwaschmaschinen\n\" class=\"wp-image-35\" srcset=\"https:\/\/www.thecarpetwashingmachine.com\/wp-content\/uploads\/2018\/05\/carpet-washing-machine.png 500w, https:\/\/www.thecarpetwashingmachine.com\/wp-content\/uploads\/2018\/05\/carpet-washing-machine-300x167.png 300w\" sizes=\"auto, (max-width: 500px) 100vw, 500px\" \/><\/figure>\n\n\n\n<p><\/p>\n\n\n\n<p>Teppichwaschmaschinen mit einer L\u00e4nge von 2,7 m sind in einigen L\u00e4ndern sehr verbreitet, beispielsweise in der T\u00fcrkei, Griechenland, Bulgarien, Deutschland, Niederlanden, Belgien, Frankreich, Schweden, Norwegen, D\u00e4nemark und Italien. Diese Maschinen k\u00f6nnen problemlos Teppiche bis zu 9 m\u00b2 waschen.<\/p>\n\n\n\n<h4 class=\"wp-block-heading\"><strong>Welche L\u00e4nder eignen sich f\u00fcr diese Art von Teppichwaschmaschinen?<\/strong><\/h4>\n\n\n\n<p>Diese Maschine wird besonders in L\u00e4ndern empfohlen, in denen mindestens 70 % bis 80 % der Teppiche eine L\u00e4nge von 2 m oder 2,5 m haben. Auf dem Markt ist es das am h\u00e4ufigsten vorgestellte Modell f\u00fcr Teppichwaschmaschinen und daf\u00fcr gibt es gute Gr\u00fcnde. Denn die meisten Teppichhersteller produzieren heutzutage keine Teppiche gr\u00f6\u00dfer als 6 m\u00b2 und wir leben heute in Wohnungen, die deutlich kleiner sind als die R\u00e4umlichkeiten, in denen wir fr\u00fcher gelebt haben. Allerdings haben einige traditionelle Teppiche normalerweise eine Breite von 2,5 m. Traditionelle Teppiche \u00f6stlicher Herkunft, wie t\u00fcrkische, persische, afghanische und turkmenische Teppiche, k\u00f6nnen sogar noch gr\u00f6\u00dfer sein, 3 Meter bis 4 Meter sind durchaus \u00fcblich.<\/p>\n\n\n\n<h4 class=\"wp-block-heading\">Wie soll eine 2,7 m Teppichwaschmaschine sein?<\/h4>\n\n\n\n<p>Diese Maschinen m\u00fcssen alle Spezifikationen haben, die wir in unserem Artikel &#8211; Grundlagen zu den <a href=\"http:\/\/thewashingmachine.com\/de\/\">Teppichwaschmaschinen<\/a> &#8211; angegeben haben. Um es zusammenzufassen, m\u00fcssen sie vollautomatisch sein, aus rostfreiem Stahl, mit hochwertigen elektrischen Teilen usw. ausgestattet sein. Au\u00dferdem m\u00fcssen diese Maschinen mindestens 3 Scheibenb\u00fcrsten besitzen. Die empfohlene Anzahl betr\u00e4gt 6 Scheibenb\u00fcrsten. Eine Walzenb\u00fcrste sollte vorhanden sein, gefolgt von einem Rakelsystem und Druckwasser. Druckwasser ist wichtig, um Staub, Schmutz und Materialien aus den Teppichen zu entfernen. M\u00f6glicherweise sehen Sie einige Maschinen mit Vakuumsystem. Das Vakuumsystem ist jedoch aus den folgenden Gr\u00fcnden nicht gut:<\/p>\n\n\n\n<ul class=\"wp-block-list\">\n<li>Die Teppiche m\u00fcssen vor dem Trocknen eingeweicht werden, um die Lebensdauer der Zentrifugenmaschinen zu erh\u00f6hen. Wie? Ein Vakuumsystem entfernt 30 &#8211; 40% des gesamten Wassers im Teppich, nicht alles. Dies bedeutet, dass sich die Maschine ohnehin im Zentrifugationsprozess befindet, da die Teppichschleudermaschinen 95 &#8211; 98% der Feuchtigkeit im Teppich entfernen. Vor dem Zentrifugieren sollte ein Teppich vollst\u00e4ndig eingeweicht sein. Wenn nicht, wird die Maschine beim schleudern wandern.<\/li>\n\n\n\n<li>Beim Wandern wird die Zentrifugenmaschine sehr stark gesch\u00fcttelt, was den Betrieb beeint\u00e4rchtigt. Ein zu langes Wandern der Maschine kann zu technischen Problemen f\u00fchren.<\/li>\n<\/ul>\n","protected":false},"excerpt":{"rendered":"<p>Teppichwaschmaschinen mit einer L\u00e4nge von 2,7 m sind in einigen L\u00e4ndern sehr verbreitet, beispielsweise in der T\u00fcrkei, Griechenland, Bulgarien, Deutschland, Niederlanden, Belgien, Frankreich, Schweden, Norwegen,&hellip;<\/p>\n","protected":false},"author":1,"featured_media":0,"parent":0,"menu_order":0,"comment_status":"closed","ping_status":"closed","template":"","meta":{"footnotes":""},"class_list":["post-56","page","type-page","status-publish","hentry"],"translation":{"provider":"WPGlobus","version":"3.0.0","language":"de","enabled_languages":["en","tr","fr","ar","es","de","pt","ru"],"languages":{"en":{"title":true,"content":true,"excerpt":false},"tr":{"title":true,"content":true,"excerpt":false},"fr":{"title":true,"content":true,"excerpt":false},"ar":{"title":true,"content":true,"excerpt":false},"es":{"title":true,"content":true,"excerpt":false},"de":{"title":true,"content":true,"excerpt":false},"pt":{"title":true,"content":true,"excerpt":false},"ru":{"title":true,"content":true,"excerpt":false}}},"yoast_head":"<!-- This site is optimized with the Yoast SEO plugin v24.7 - https:\/\/yoast.com\/wordpress\/plugins\/seo\/ -->\n<title>Teppichwaschmaschinen 2,7 m - Teppichwaschmaschine<\/title>\n<meta name=\"description\" content=\"Standard-Teppichwaschmaschinen haben \u00fcblicherweise eine F\u00f6rderbandbreite von 2,7 m, was auch als maximale Teppichbreite bezeichnet wird. Dies sind die meistverkauften Maschinen unter den Teppichw\u00e4schern.\" \/>\n<meta name=\"robots\" content=\"index, follow, max-snippet:-1, max-image-preview:large, max-video-preview:-1\" \/>\n<link rel=\"canonical\" href=\"https:\/\/www.thecarpetwashingmachine.com\/carpet-washing-machine-2-7-m\/\" \/>\n<meta property=\"og:locale\" content=\"de_DE\" \/>\n<meta property=\"og:type\" content=\"article\" \/>\n<meta property=\"og:title\" content=\"Teppichwaschmaschinen 2,7 m - Teppichwaschmaschine\" \/>\n<meta property=\"og:description\" content=\"Standard-Teppichwaschmaschinen haben \u00fcblicherweise eine F\u00f6rderbandbreite von 2,7 m, was auch als maximale Teppichbreite bezeichnet wird. Dies sind die meistverkauften Maschinen unter den Teppichw\u00e4schern.\" \/>\n<meta property=\"og:url\" content=\"https:\/\/www.thecarpetwashingmachine.com\/carpet-washing-machine-2-7-m\/\" \/>\n<meta property=\"og:site_name\" content=\"Teppichwaschmaschine\" \/>\n<meta property=\"article:publisher\" content=\"http:\/\/www.facebook.com\/carpetwashingmachine\" \/>\n<meta property=\"article:modified_time\" content=\"2025-07-07T13:56:34+00:00\" \/>\n<meta property=\"og:image\" content=\"https:\/\/www.thecarpetwashingmachine.com\/wp-content\/uploads\/2018\/05\/carpet-washing-machine.png\" \/>\n\t<meta property=\"og:image:width\" content=\"500\" \/>\n\t<meta property=\"og:image:height\" content=\"278\" \/>\n\t<meta property=\"og:image:type\" content=\"image\/png\" \/>\n<meta name=\"twitter:card\" content=\"summary_large_image\" \/>\n<meta name=\"twitter:label1\" content=\"Gesch\u00e4tzte Lesezeit\" \/>\n\t<meta name=\"twitter:data1\" content=\"2\u00a0Minuten\" \/>\n<script type=\"application\/ld+json\" class=\"yoast-schema-graph\">{\"@context\":\"https:\/\/schema.org\",\"@graph\":[{\"@type\":\"WebPage\",\"@id\":\"https:\/\/www.thecarpetwashingmachine.com\/carpet-washing-machine-2-7-m\/\",\"url\":\"https:\/\/www.thecarpetwashingmachine.com\/carpet-washing-machine-2-7-m\/\",\"name\":\"\u041a\u043e\u0432\u0440\u043e\u043c\u043e\u0435\u0447\u043d\u044b\u0435 \u043c\u0430\u0448\u0438\u043d\u044b 2.7 \u043c. - Teppichwaschmaschine\",\"isPartOf\":{\"@id\":\"https:\/\/www.thecarpetwashingmachine.com\/#website\"},\"primaryImageOfPage\":{\"@id\":\"https:\/\/www.thecarpetwashingmachine.com\/carpet-washing-machine-2-7-m\/#primaryimage\"},\"image\":{\"@id\":\"https:\/\/www.thecarpetwashingmachine.com\/carpet-washing-machine-2-7-m\/#primaryimage\"},\"thumbnailUrl\":\"https:\/\/www.thecarpetwashingmachine.com\/wp-content\/uploads\/2018\/05\/carpet-washing-machine.png\",\"datePublished\":\"2018-05-24T17:44:19+00:00\",\"dateModified\":\"2025-07-07T13:56:34+00:00\",\"description\":\"\u0421\u0442\u0430\u043d\u0434\u0430\u0440\u0442\u043d\u044b\u0435 \u043c\u0430\u0448\u0438\u043d\u044b \u0434\u043b\u044f \u0441\u0442\u0438\u0440\u043a\u0438 \u043a\u043e\u0432\u0440\u043e\u0432 \u043e\u0431\u044b\u0447\u043d\u043e \u0438\u043c\u0435\u044e\u0442 \u0448\u0438\u0440\u0438\u043d\u0443 \u043a\u043e\u043d\u0432\u0435\u0439\u0435\u0440\u043d\u043e\u0439 \u043b\u0435\u043d\u0442\u044b 2,7 \u043c, \u0442\u0430\u043a\u0436\u0435 \u0438\u0437\u0432\u0435\u0441\u0442\u043d\u0443\u044e \u043a\u0430\u043a \u043c\u0430\u043a\u0441\u0438\u043c\u0430\u043b\u044c\u043d\u0430\u044f \u0448\u0438\u0440\u0438\u043d\u0430 \u043a\u043e\u0432\u0440\u0430. \u042d\u0442\u043e \u0441\u0430\u043c\u044b\u0435 \u043f\u0440\u043e\u0434\u0430\u0432\u0430\u0435\u043c\u044b\u0435 \u043c\u0430\u0448\u0438\u043d\u044b \u0441\u0440\u0435\u0434\u0438 \u0442\u0435\u0445, \u043a\u0442\u043e \u0437\u0430\u043d\u0438\u043c\u0430\u0435\u0442\u0441\u044f \u0441\u0442\u0438\u0440\u043a\u043e\u0439 \u043a\u043e\u0432\u0440\u043e\u0432.\",\"breadcrumb\":{\"@id\":\"https:\/\/www.thecarpetwashingmachine.com\/carpet-washing-machine-2-7-m\/#breadcrumb\"},\"inLanguage\":\"de\",\"potentialAction\":[{\"@type\":\"ReadAction\",\"target\":[\"https:\/\/www.thecarpetwashingmachine.com\/carpet-washing-machine-2-7-m\/\"]}]},{\"@type\":\"ImageObject\",\"inLanguage\":\"de\",\"@id\":\"https:\/\/www.thecarpetwashingmachine.com\/carpet-washing-machine-2-7-m\/#primaryimage\",\"url\":\"https:\/\/www.thecarpetwashingmachine.com\/wp-content\/uploads\/2018\/05\/carpet-washing-machine.png\",\"contentUrl\":\"https:\/\/www.thecarpetwashingmachine.com\/wp-content\/uploads\/2018\/05\/carpet-washing-machine.png\"},{\"@type\":\"BreadcrumbList\",\"@id\":\"https:\/\/www.thecarpetwashingmachine.com\/carpet-washing-machine-2-7-m\/#breadcrumb\",\"itemListElement\":[{\"@type\":\"ListItem\",\"position\":1,\"name\":\"Home\",\"item\":\"https:\/\/www.thecarpetwashingmachine.com\/\"},{\"@type\":\"ListItem\",\"position\":2,\"name\":\"Carpet Washing Machine 2.7 m\"}]},{\"@type\":\"WebSite\",\"@id\":\"https:\/\/www.thecarpetwashingmachine.com\/#website\",\"url\":\"https:\/\/www.thecarpetwashingmachine.com\/\",\"name\":\"Teppichwaschmaschine\",\"description\":\"Die Teppichwaschmaschine gibt es auf der ganzen Welt!\",\"potentialAction\":[{\"@type\":\"SearchAction\",\"target\":{\"@type\":\"EntryPoint\",\"urlTemplate\":\"https:\/\/www.thecarpetwashingmachine.com\/?s={search_term_string}\"},\"query-input\":{\"@type\":\"PropertyValueSpecification\",\"valueRequired\":true,\"valueName\":\"search_term_string\"}}],\"inLanguage\":\"de\"}]}<\/script>\n<!-- \/ Yoast SEO plugin. -->","yoast_head_json":{"title":"Teppichwaschmaschinen 2,7 m - Teppichwaschmaschine","description":"Standard-Teppichwaschmaschinen haben \u00fcblicherweise eine F\u00f6rderbandbreite von 2,7 m, was auch als maximale Teppichbreite bezeichnet wird. Dies sind die meistverkauften Maschinen unter den Teppichw\u00e4schern.","robots":{"index":"index","follow":"follow","max-snippet":"max-snippet:-1","max-image-preview":"max-image-preview:large","max-video-preview":"max-video-preview:-1"},"canonical":"https:\/\/www.thecarpetwashingmachine.com\/carpet-washing-machine-2-7-m\/","og_locale":"de_DE","og_type":"article","og_title":"Teppichwaschmaschinen 2,7 m - Teppichwaschmaschine","og_description":"Standard-Teppichwaschmaschinen haben \u00fcblicherweise eine F\u00f6rderbandbreite von 2,7 m, was auch als maximale Teppichbreite bezeichnet wird. Dies sind die meistverkauften Maschinen unter den Teppichw\u00e4schern.","og_url":"https:\/\/www.thecarpetwashingmachine.com\/carpet-washing-machine-2-7-m\/","og_site_name":"Teppichwaschmaschine","article_publisher":"http:\/\/www.facebook.com\/carpetwashingmachine","article_modified_time":"2025-07-07T13:56:34+00:00","og_image":[{"width":500,"height":278,"url":"https:\/\/www.thecarpetwashingmachine.com\/wp-content\/uploads\/2018\/05\/carpet-washing-machine.png","type":"image\/png"}],"twitter_card":"summary_large_image","twitter_misc":{"Gesch\u00e4tzte Lesezeit":"2\u00a0Minuten"},"schema":{"@context":"https:\/\/schema.org","@graph":[{"@type":"WebPage","@id":"https:\/\/www.thecarpetwashingmachine.com\/carpet-washing-machine-2-7-m\/","url":"https:\/\/www.thecarpetwashingmachine.com\/carpet-washing-machine-2-7-m\/","name":"\u041a\u043e\u0432\u0440\u043e\u043c\u043e\u0435\u0447\u043d\u044b\u0435 \u043c\u0430\u0448\u0438\u043d\u044b 2.7 \u043c. - Teppichwaschmaschine","isPartOf":{"@id":"https:\/\/www.thecarpetwashingmachine.com\/#website"},"primaryImageOfPage":{"@id":"https:\/\/www.thecarpetwashingmachine.com\/carpet-washing-machine-2-7-m\/#primaryimage"},"image":{"@id":"https:\/\/www.thecarpetwashingmachine.com\/carpet-washing-machine-2-7-m\/#primaryimage"},"thumbnailUrl":"https:\/\/www.thecarpetwashingmachine.com\/wp-content\/uploads\/2018\/05\/carpet-washing-machine.png","datePublished":"2018-05-24T17:44:19+00:00","dateModified":"2025-07-07T13:56:34+00:00","description":"\u0421\u0442\u0430\u043d\u0434\u0430\u0440\u0442\u043d\u044b\u0435 \u043c\u0430\u0448\u0438\u043d\u044b \u0434\u043b\u044f \u0441\u0442\u0438\u0440\u043a\u0438 \u043a\u043e\u0432\u0440\u043e\u0432 \u043e\u0431\u044b\u0447\u043d\u043e \u0438\u043c\u0435\u044e\u0442 \u0448\u0438\u0440\u0438\u043d\u0443 \u043a\u043e\u043d\u0432\u0435\u0439\u0435\u0440\u043d\u043e\u0439 \u043b\u0435\u043d\u0442\u044b 2,7 \u043c, \u0442\u0430\u043a\u0436\u0435 \u0438\u0437\u0432\u0435\u0441\u0442\u043d\u0443\u044e \u043a\u0430\u043a \u043c\u0430\u043a\u0441\u0438\u043c\u0430\u043b\u044c\u043d\u0430\u044f \u0448\u0438\u0440\u0438\u043d\u0430 \u043a\u043e\u0432\u0440\u0430. \u042d\u0442\u043e \u0441\u0430\u043c\u044b\u0435 \u043f\u0440\u043e\u0434\u0430\u0432\u0430\u0435\u043c\u044b\u0435 \u043c\u0430\u0448\u0438\u043d\u044b \u0441\u0440\u0435\u0434\u0438 \u0442\u0435\u0445, \u043a\u0442\u043e \u0437\u0430\u043d\u0438\u043c\u0430\u0435\u0442\u0441\u044f \u0441\u0442\u0438\u0440\u043a\u043e\u0439 \u043a\u043e\u0432\u0440\u043e\u0432.","breadcrumb":{"@id":"https:\/\/www.thecarpetwashingmachine.com\/carpet-washing-machine-2-7-m\/#breadcrumb"},"inLanguage":"de","potentialAction":[{"@type":"ReadAction","target":["https:\/\/www.thecarpetwashingmachine.com\/carpet-washing-machine-2-7-m\/"]}]},{"@type":"ImageObject","inLanguage":"de","@id":"https:\/\/www.thecarpetwashingmachine.com\/carpet-washing-machine-2-7-m\/#primaryimage","url":"https:\/\/www.thecarpetwashingmachine.com\/wp-content\/uploads\/2018\/05\/carpet-washing-machine.png","contentUrl":"https:\/\/www.thecarpetwashingmachine.com\/wp-content\/uploads\/2018\/05\/carpet-washing-machine.png"},{"@type":"BreadcrumbList","@id":"https:\/\/www.thecarpetwashingmachine.com\/carpet-washing-machine-2-7-m\/#breadcrumb","itemListElement":[{"@type":"ListItem","position":1,"name":"Home","item":"https:\/\/www.thecarpetwashingmachine.com\/"},{"@type":"ListItem","position":2,"name":"Carpet Washing Machine 2.7 m"}]},{"@type":"WebSite","@id":"https:\/\/www.thecarpetwashingmachine.com\/#website","url":"https:\/\/www.thecarpetwashingmachine.com\/","name":"Teppichwaschmaschine","description":"Die Teppichwaschmaschine gibt es auf der ganzen Welt!","potentialAction":[{"@type":"SearchAction","target":{"@type":"EntryPoint","urlTemplate":"https:\/\/www.thecarpetwashingmachine.com\/?s={search_term_string}"},"query-input":{"@type":"PropertyValueSpecification","valueRequired":true,"valueName":"search_term_string"}}],"inLanguage":"de"}]}},"_links":{"self":[{"href":"https:\/\/www.thecarpetwashingmachine.com\/de\/wp-json\/wp\/v2\/pages\/56","targetHints":{"allow":["GET"]}}],"collection":[{"href":"https:\/\/www.thecarpetwashingmachine.com\/de\/wp-json\/wp\/v2\/pages"}],"about":[{"href":"https:\/\/www.thecarpetwashingmachine.com\/de\/wp-json\/wp\/v2\/types\/page"}],"author":[{"embeddable":true,"href":"https:\/\/www.thecarpetwashingmachine.com\/de\/wp-json\/wp\/v2\/users\/1"}],"replies":[{"embeddable":true,"href":"https:\/\/www.thecarpetwashingmachine.com\/de\/wp-json\/wp\/v2\/comments?post=56"}],"version-history":[{"count":53,"href":"https:\/\/www.thecarpetwashingmachine.com\/de\/wp-json\/wp\/v2\/pages\/56\/revisions"}],"predecessor-version":[{"id":2081,"href":"https:\/\/www.thecarpetwashingmachine.com\/de\/wp-json\/wp\/v2\/pages\/56\/revisions\/2081"}],"wp:attachment":[{"href":"https:\/\/www.thecarpetwashingmachine.com\/de\/wp-json\/wp\/v2\/media?parent=56"}],"curies":[{"name":"wp","href":"https:\/\/api.w.org\/{rel}","templated":true}]}}