{"id":47,"date":"2018-05-20T10:40:29","date_gmt":"2018-05-20T10:40:29","guid":{"rendered":"http:\/\/thecarpetwashingmachine.com\/?page_id=47"},"modified":"2025-07-07T13:54:05","modified_gmt":"2025-07-07T13:54:05","slug":"cheap-carpet-washing-machines-2-2-m","status":"publish","type":"page","link":"https:\/\/www.thecarpetwashingmachine.com\/de\/cheap-carpet-washing-machines-2-2-m\/","title":{"rendered":"G\u00fcnstige Teppichwaschmaschinen 2,2 m"},"content":{"rendered":"\n<figure class=\"wp-block-image aligncenter\"><img loading=\"lazy\" decoding=\"async\" width=\"500\" height=\"278\" src=\"https:\/\/www.thecarpetwashingmachine.com\/wp-content\/uploads\/2018\/05\/cheap-carpet-washing-machine.jpg\" alt=\"G\u00fcnstige Teppichwaschmaschinen\n\" class=\"wp-image-38\" srcset=\"https:\/\/www.thecarpetwashingmachine.com\/wp-content\/uploads\/2018\/05\/cheap-carpet-washing-machine.jpg 500w, https:\/\/www.thecarpetwashingmachine.com\/wp-content\/uploads\/2018\/05\/cheap-carpet-washing-machine-300x167.jpg 300w\" sizes=\"auto, (max-width: 500px) 100vw, 500px\" \/><\/figure>\n\n\n\n<p><\/p>\n\n\n\n<h4 class=\"wp-block-heading\">Welche Teppichwaschmaschinen sind g\u00fcnstig?<\/h4>\n\n\n\n<p>Dies sind die kleinsten und g\u00fcnstigsten Teppichwaschmaschinen, die auf dem gesamten Markt zum Verkauf angeboten werden. 2,2-m-Maschinen werden normalerweise in L\u00e4ndern mit sehr kleinen Teppichgr\u00f6\u00dfen (maximal 6 m\u00b2) oder L\u00e4ndern mit wenig Teppichkultur bevorzugt.<\/p>\n\n\n\n<p>Diese Maschinen haben normalerweise nicht viele B\u00fcrsten, 3 Scheibenb\u00fcrsten oder 2 Walzenb\u00fcrsten reichen aus, um eine gute Arbeit aufrechtzuerhalten. Diese Maschinen werden 2,2 m genannt, da die maximale Teppichbreite 2,2 m betr\u00e4gt. All diese Maschinen sind mit 2 m breiten F\u00f6rderb\u00e4ndern ausgestattet. Die L\u00e4nge der Teppiche ist unbegrenzt. Aufgrund der geringeren Anzahl von B\u00fcrsten und der geringeren Anzahl von F\u00f6rderb\u00e4ndern sind diese Maschinen g\u00fcnstiger als andere Maschinen mit gr\u00f6\u00dferem F\u00f6rderband und mehr B\u00fcrsten. Da es sich um kleinere Maschinen handelt, die viel tragbarer sind, k\u00f6nnen Sie sogar einige R\u00e4der unter die Maschine legen, um den Transport und die Verwaltung der Innenr\u00e4umen zu vereinfachen.<\/p>\n\n\n\n<p>Die Arbeitskapazit\u00e4t betr\u00e4gt rund 80 m\u00b2 Teppichboden pro Stunde. Dies ist eine durchschnittliche Menge, die je nach Teppichboden, Verschmutzungsgrad und verwendetem Shampoo variiert. Die Arbeitskapazit\u00e4t&nbsp; kann bei Teppichwaschmaschinen mit h\u00f6herer Leistung und einer maximalen Teppichbreite von 2,7 m relativ niedrig sein. Wie erw\u00e4hnt wurden diese Maschinen jedoch f\u00fcr bestimmte L\u00e4nder hergestellt. Wenn Ihr Unternehmen t\u00e4glich \u00fcber 300 &#8211; 1000 m\u00b2 Teppich reinigt, ben\u00f6tigen Sie eine <a href=\"http:\/\/thecarpetwashingmachine.com\/de\/carpet-washing-machines-2-7-m\/\">2,7-Meter-Teppichwaschmaschine.<\/a><\/p>\n\n\n\n<h4 class=\"wp-block-heading\">In welchem Bereich k\u00f6nnen g\u00fcnstige Teppichwaschmaschinen eingesetzt werden?<\/h4>\n\n\n\n<p>Da es g\u00fcnstig ist, ist es m\u00f6glicherweise die bessere Wahl f\u00fcr ein Start-up-Unternehmen, das Anfangs nicht viel investieren m\u00f6chte. Es k\u00f6nnte auch eine gute Wahl sein, wenn sich das Unternehmen in einer l\u00e4ndlichen Gegend befindet. G\u00fcnstige Teppichwaschmaschinen mit 2,2 m max. Teppichbreite sind &nbsp;auch n\u00fctzlich f\u00fcr Unternehmen, die Ihr Kerngesch\u00e4ft um neue Dienstleistungen erweitern m\u00f6chten. (z. B. W\u00e4schereien, Waschsalons).<\/p>\n","protected":false},"excerpt":{"rendered":"<p>Welche Teppichwaschmaschinen sind g\u00fcnstig? Dies sind die kleinsten und g\u00fcnstigsten Teppichwaschmaschinen, die auf dem gesamten Markt zum Verkauf angeboten werden. 2,2-m-Maschinen werden normalerweise in L\u00e4ndern&hellip;<\/p>\n","protected":false},"author":1,"featured_media":0,"parent":0,"menu_order":0,"comment_status":"closed","ping_status":"closed","template":"","meta":{"footnotes":""},"class_list":["post-47","page","type-page","status-publish","hentry"],"translation":{"provider":"WPGlobus","version":"3.0.0","language":"de","enabled_languages":["en","tr","fr","ar","es","de","pt","ru"],"languages":{"en":{"title":true,"content":true,"excerpt":false},"tr":{"title":true,"content":true,"excerpt":false},"fr":{"title":true,"content":true,"excerpt":false},"ar":{"title":true,"content":true,"excerpt":false},"es":{"title":true,"content":true,"excerpt":false},"de":{"title":true,"content":true,"excerpt":false},"pt":{"title":true,"content":true,"excerpt":false},"ru":{"title":true,"content":true,"excerpt":false}}},"yoast_head":"<!-- This site is optimized with the Yoast SEO plugin v24.7 - https:\/\/yoast.com\/wordpress\/plugins\/seo\/ -->\n<title>G\u00fcnstige Teppichwaschmaschinen 2,2 m - Teppichwaschmaschine<\/title>\n<meta name=\"description\" content=\"Die g\u00fcnstigen Teppichwaschmaschinen sind auch die kleinsten Teppichwaschmaschinen im Bereich der Teppichwaschmaschinen. Sie haben eine maximale Teppichbreite von 2,2 m.\" \/>\n<meta name=\"robots\" content=\"index, follow, max-snippet:-1, max-image-preview:large, max-video-preview:-1\" \/>\n<link rel=\"canonical\" href=\"https:\/\/www.thecarpetwashingmachine.com\/cheap-carpet-washing-machines-2-2-m\/\" \/>\n<meta property=\"og:locale\" content=\"de_DE\" \/>\n<meta property=\"og:type\" content=\"article\" \/>\n<meta property=\"og:title\" content=\"G\u00fcnstige Teppichwaschmaschinen 2,2 m - Teppichwaschmaschine\" \/>\n<meta property=\"og:description\" content=\"Die g\u00fcnstigen Teppichwaschmaschinen sind auch die kleinsten Teppichwaschmaschinen im Bereich der Teppichwaschmaschinen. Sie haben eine maximale Teppichbreite von 2,2 m.\" \/>\n<meta property=\"og:url\" content=\"https:\/\/www.thecarpetwashingmachine.com\/cheap-carpet-washing-machines-2-2-m\/\" \/>\n<meta property=\"og:site_name\" content=\"Teppichwaschmaschine\" \/>\n<meta property=\"article:publisher\" content=\"http:\/\/www.facebook.com\/carpetwashingmachine\" \/>\n<meta property=\"article:modified_time\" content=\"2025-07-07T13:54:05+00:00\" \/>\n<meta property=\"og:image\" content=\"https:\/\/www.thecarpetwashingmachine.com\/wp-content\/uploads\/2018\/05\/cheap-carpet-washing-machine.jpg\" \/>\n\t<meta property=\"og:image:width\" content=\"500\" \/>\n\t<meta property=\"og:image:height\" content=\"278\" \/>\n\t<meta property=\"og:image:type\" content=\"image\/jpeg\" \/>\n<meta name=\"twitter:card\" content=\"summary_large_image\" \/>\n<meta name=\"twitter:label1\" content=\"Gesch\u00e4tzte Lesezeit\" \/>\n\t<meta name=\"twitter:data1\" content=\"2\u00a0Minuten\" \/>\n<script type=\"application\/ld+json\" class=\"yoast-schema-graph\">{\"@context\":\"https:\/\/schema.org\",\"@graph\":[{\"@type\":\"WebPage\",\"@id\":\"https:\/\/www.thecarpetwashingmachine.com\/cheap-carpet-washing-machines-2-2-m\/\",\"url\":\"https:\/\/www.thecarpetwashingmachine.com\/cheap-carpet-washing-machines-2-2-m\/\",\"name\":\"\u041d\u0435\u0434\u043e\u0440\u043e\u0433\u0430\u044f \u043a\u043e\u0432\u0440\u043e\u043c\u043e\u0435\u0447\u043d\u0430\u044f \u043c\u0430\u0448\u0438\u043d\u0430 2.2 \u043c. - Teppichwaschmaschine\",\"isPartOf\":{\"@id\":\"https:\/\/www.thecarpetwashingmachine.com\/#website\"},\"primaryImageOfPage\":{\"@id\":\"https:\/\/www.thecarpetwashingmachine.com\/cheap-carpet-washing-machines-2-2-m\/#primaryimage\"},\"image\":{\"@id\":\"https:\/\/www.thecarpetwashingmachine.com\/cheap-carpet-washing-machines-2-2-m\/#primaryimage\"},\"thumbnailUrl\":\"https:\/\/www.thecarpetwashingmachine.com\/wp-content\/uploads\/2018\/05\/cheap-carpet-washing-machine.jpg\",\"datePublished\":\"2018-05-20T10:40:29+00:00\",\"dateModified\":\"2025-07-07T13:54:05+00:00\",\"description\":\"\u0414\u0435\u0448\u0435\u0432\u044b\u0435 \u043c\u0430\u0448\u0438\u043d\u044b \u0434\u043b\u044f \u0441\u0442\u0438\u0440\u043a\u0438 \u043a\u043e\u0432\u0440\u043e\u0432 \u0442\u0430\u043a\u0436\u0435 \u044f\u0432\u043b\u044f\u044e\u0442\u0441\u044f \u0441\u0430\u043c\u044b\u043c\u0438 \u043c\u0430\u043b\u0435\u043d\u044c\u043a\u0438\u043c\u0438 \u043c\u0430\u0448\u0438\u043d\u0430\u043c\u0438 \u0434\u043b\u044f \u0441\u0442\u0438\u0440\u043a\u0438 \u043a\u043e\u0432\u0440\u043e\u0432 \u0432 \u0441\u0435\u043a\u0442\u043e\u0440\u0435 \u043e\u0431\u043e\u0440\u0443\u0434\u043e\u0432\u0430\u043d\u0438\u044f \u0434\u043b\u044f \u0441\u0442\u0438\u0440\u043a\u0438 \u043a\u043e\u0432\u0440\u043e\u0432. \u041e\u043d\u0438 \u0438\u043c\u0435\u044e\u0442 \u043c\u0430\u043a\u0441\u0438\u043c\u0430\u043b\u044c\u043d\u0443\u044e \u0448\u0438\u0440\u0438\u043d\u0443 \u043a\u043e\u0432\u0440\u0430 2,2 \u043c.\",\"breadcrumb\":{\"@id\":\"https:\/\/www.thecarpetwashingmachine.com\/cheap-carpet-washing-machines-2-2-m\/#breadcrumb\"},\"inLanguage\":\"de\",\"potentialAction\":[{\"@type\":\"ReadAction\",\"target\":[\"https:\/\/www.thecarpetwashingmachine.com\/cheap-carpet-washing-machines-2-2-m\/\"]}]},{\"@type\":\"ImageObject\",\"inLanguage\":\"de\",\"@id\":\"https:\/\/www.thecarpetwashingmachine.com\/cheap-carpet-washing-machines-2-2-m\/#primaryimage\",\"url\":\"https:\/\/www.thecarpetwashingmachine.com\/wp-content\/uploads\/2018\/05\/cheap-carpet-washing-machine.jpg\",\"contentUrl\":\"https:\/\/www.thecarpetwashingmachine.com\/wp-content\/uploads\/2018\/05\/cheap-carpet-washing-machine.jpg\"},{\"@type\":\"BreadcrumbList\",\"@id\":\"https:\/\/www.thecarpetwashingmachine.com\/cheap-carpet-washing-machines-2-2-m\/#breadcrumb\",\"itemListElement\":[{\"@type\":\"ListItem\",\"position\":1,\"name\":\"Home\",\"item\":\"https:\/\/www.thecarpetwashingmachine.com\/\"},{\"@type\":\"ListItem\",\"position\":2,\"name\":\"Cheap Carpet Washing Machines 2.2 m\"}]},{\"@type\":\"WebSite\",\"@id\":\"https:\/\/www.thecarpetwashingmachine.com\/#website\",\"url\":\"https:\/\/www.thecarpetwashingmachine.com\/\",\"name\":\"Teppichwaschmaschine\",\"description\":\"Die Teppichwaschmaschine gibt es auf der ganzen Welt!\",\"potentialAction\":[{\"@type\":\"SearchAction\",\"target\":{\"@type\":\"EntryPoint\",\"urlTemplate\":\"https:\/\/www.thecarpetwashingmachine.com\/?s={search_term_string}\"},\"query-input\":{\"@type\":\"PropertyValueSpecification\",\"valueRequired\":true,\"valueName\":\"search_term_string\"}}],\"inLanguage\":\"de\"}]}<\/script>\n<!-- \/ Yoast SEO plugin. -->","yoast_head_json":{"title":"G\u00fcnstige Teppichwaschmaschinen 2,2 m - Teppichwaschmaschine","description":"Die g\u00fcnstigen Teppichwaschmaschinen sind auch die kleinsten Teppichwaschmaschinen im Bereich der Teppichwaschmaschinen. Sie haben eine maximale Teppichbreite von 2,2 m.","robots":{"index":"index","follow":"follow","max-snippet":"max-snippet:-1","max-image-preview":"max-image-preview:large","max-video-preview":"max-video-preview:-1"},"canonical":"https:\/\/www.thecarpetwashingmachine.com\/cheap-carpet-washing-machines-2-2-m\/","og_locale":"de_DE","og_type":"article","og_title":"G\u00fcnstige Teppichwaschmaschinen 2,2 m - Teppichwaschmaschine","og_description":"Die g\u00fcnstigen Teppichwaschmaschinen sind auch die kleinsten Teppichwaschmaschinen im Bereich der Teppichwaschmaschinen. Sie haben eine maximale Teppichbreite von 2,2 m.","og_url":"https:\/\/www.thecarpetwashingmachine.com\/cheap-carpet-washing-machines-2-2-m\/","og_site_name":"Teppichwaschmaschine","article_publisher":"http:\/\/www.facebook.com\/carpetwashingmachine","article_modified_time":"2025-07-07T13:54:05+00:00","og_image":[{"width":500,"height":278,"url":"https:\/\/www.thecarpetwashingmachine.com\/wp-content\/uploads\/2018\/05\/cheap-carpet-washing-machine.jpg","type":"image\/jpeg"}],"twitter_card":"summary_large_image","twitter_misc":{"Gesch\u00e4tzte Lesezeit":"2\u00a0Minuten"},"schema":{"@context":"https:\/\/schema.org","@graph":[{"@type":"WebPage","@id":"https:\/\/www.thecarpetwashingmachine.com\/cheap-carpet-washing-machines-2-2-m\/","url":"https:\/\/www.thecarpetwashingmachine.com\/cheap-carpet-washing-machines-2-2-m\/","name":"\u041d\u0435\u0434\u043e\u0440\u043e\u0433\u0430\u044f \u043a\u043e\u0432\u0440\u043e\u043c\u043e\u0435\u0447\u043d\u0430\u044f \u043c\u0430\u0448\u0438\u043d\u0430 2.2 \u043c. - Teppichwaschmaschine","isPartOf":{"@id":"https:\/\/www.thecarpetwashingmachine.com\/#website"},"primaryImageOfPage":{"@id":"https:\/\/www.thecarpetwashingmachine.com\/cheap-carpet-washing-machines-2-2-m\/#primaryimage"},"image":{"@id":"https:\/\/www.thecarpetwashingmachine.com\/cheap-carpet-washing-machines-2-2-m\/#primaryimage"},"thumbnailUrl":"https:\/\/www.thecarpetwashingmachine.com\/wp-content\/uploads\/2018\/05\/cheap-carpet-washing-machine.jpg","datePublished":"2018-05-20T10:40:29+00:00","dateModified":"2025-07-07T13:54:05+00:00","description":"\u0414\u0435\u0448\u0435\u0432\u044b\u0435 \u043c\u0430\u0448\u0438\u043d\u044b \u0434\u043b\u044f \u0441\u0442\u0438\u0440\u043a\u0438 \u043a\u043e\u0432\u0440\u043e\u0432 \u0442\u0430\u043a\u0436\u0435 \u044f\u0432\u043b\u044f\u044e\u0442\u0441\u044f \u0441\u0430\u043c\u044b\u043c\u0438 \u043c\u0430\u043b\u0435\u043d\u044c\u043a\u0438\u043c\u0438 \u043c\u0430\u0448\u0438\u043d\u0430\u043c\u0438 \u0434\u043b\u044f \u0441\u0442\u0438\u0440\u043a\u0438 \u043a\u043e\u0432\u0440\u043e\u0432 \u0432 \u0441\u0435\u043a\u0442\u043e\u0440\u0435 \u043e\u0431\u043e\u0440\u0443\u0434\u043e\u0432\u0430\u043d\u0438\u044f \u0434\u043b\u044f \u0441\u0442\u0438\u0440\u043a\u0438 \u043a\u043e\u0432\u0440\u043e\u0432. \u041e\u043d\u0438 \u0438\u043c\u0435\u044e\u0442 \u043c\u0430\u043a\u0441\u0438\u043c\u0430\u043b\u044c\u043d\u0443\u044e \u0448\u0438\u0440\u0438\u043d\u0443 \u043a\u043e\u0432\u0440\u0430 2,2 \u043c.","breadcrumb":{"@id":"https:\/\/www.thecarpetwashingmachine.com\/cheap-carpet-washing-machines-2-2-m\/#breadcrumb"},"inLanguage":"de","potentialAction":[{"@type":"ReadAction","target":["https:\/\/www.thecarpetwashingmachine.com\/cheap-carpet-washing-machines-2-2-m\/"]}]},{"@type":"ImageObject","inLanguage":"de","@id":"https:\/\/www.thecarpetwashingmachine.com\/cheap-carpet-washing-machines-2-2-m\/#primaryimage","url":"https:\/\/www.thecarpetwashingmachine.com\/wp-content\/uploads\/2018\/05\/cheap-carpet-washing-machine.jpg","contentUrl":"https:\/\/www.thecarpetwashingmachine.com\/wp-content\/uploads\/2018\/05\/cheap-carpet-washing-machine.jpg"},{"@type":"BreadcrumbList","@id":"https:\/\/www.thecarpetwashingmachine.com\/cheap-carpet-washing-machines-2-2-m\/#breadcrumb","itemListElement":[{"@type":"ListItem","position":1,"name":"Home","item":"https:\/\/www.thecarpetwashingmachine.com\/"},{"@type":"ListItem","position":2,"name":"Cheap Carpet Washing Machines 2.2 m"}]},{"@type":"WebSite","@id":"https:\/\/www.thecarpetwashingmachine.com\/#website","url":"https:\/\/www.thecarpetwashingmachine.com\/","name":"Teppichwaschmaschine","description":"Die Teppichwaschmaschine gibt es auf der ganzen Welt!","potentialAction":[{"@type":"SearchAction","target":{"@type":"EntryPoint","urlTemplate":"https:\/\/www.thecarpetwashingmachine.com\/?s={search_term_string}"},"query-input":{"@type":"PropertyValueSpecification","valueRequired":true,"valueName":"search_term_string"}}],"inLanguage":"de"}]}},"_links":{"self":[{"href":"https:\/\/www.thecarpetwashingmachine.com\/de\/wp-json\/wp\/v2\/pages\/47","targetHints":{"allow":["GET"]}}],"collection":[{"href":"https:\/\/www.thecarpetwashingmachine.com\/de\/wp-json\/wp\/v2\/pages"}],"about":[{"href":"https:\/\/www.thecarpetwashingmachine.com\/de\/wp-json\/wp\/v2\/types\/page"}],"author":[{"embeddable":true,"href":"https:\/\/www.thecarpetwashingmachine.com\/de\/wp-json\/wp\/v2\/users\/1"}],"replies":[{"embeddable":true,"href":"https:\/\/www.thecarpetwashingmachine.com\/de\/wp-json\/wp\/v2\/comments?post=47"}],"version-history":[{"count":54,"href":"https:\/\/www.thecarpetwashingmachine.com\/de\/wp-json\/wp\/v2\/pages\/47\/revisions"}],"predecessor-version":[{"id":2073,"href":"https:\/\/www.thecarpetwashingmachine.com\/de\/wp-json\/wp\/v2\/pages\/47\/revisions\/2073"}],"wp:attachment":[{"href":"https:\/\/www.thecarpetwashingmachine.com\/de\/wp-json\/wp\/v2\/media?parent=47"}],"curies":[{"name":"wp","href":"https:\/\/api.w.org\/{rel}","templated":true}]}}