{"id":414,"date":"2025-04-02T08:58:31","date_gmt":"2025-04-02T08:58:31","guid":{"rendered":"https:\/\/www.thecarpetwashingmachine.com\/?page_id=414"},"modified":"2025-06-13T06:24:03","modified_gmt":"2025-06-13T06:24:03","slug":"what-machines-are-needed-for-a-carpet-washing-shop","status":"publish","type":"page","link":"https:\/\/www.thecarpetwashingmachine.com\/de\/what-machines-are-needed-for-a-carpet-washing-shop\/","title":{"rendered":"Welche Maschinen werden f\u00fcr eine Teppichw\u00e4scherei ben\u00f6tigt?"},"content":{"rendered":"<p data-sourcepos=\"1:1-1:461\">Die ben\u00f6tigten Maschinen f\u00fcr eine Teppichw\u00e4scherei variieren je nach den spezifischen Gesch\u00e4ftsanforderungen. Zuvor<a href=\"https:\/\/www.thecarpetwashingmachine.com\/de\/faq-on-carpet-washing-machines\/\"> haben wir h\u00e4ufig gestellte Fragen zu Teppichwaschmaschinen und verwandten Themen behandelt<\/a>. Wir haben k\u00fcrzlich einen deutlichen Anstieg der Anfragen speziell zu &#8222;Teppichwaschmaschinen&#8220; beobachtet. Es ist jedoch wichtig zu beachten, dass dies m\u00f6glicherweise nicht die einzige ben\u00f6tigte Ausr\u00fcstung ist. Zur Verdeutlichung betrachten Sie Folgendes:<\/p>\n<p data-sourcepos=\"3:1-3:29\"><strong>Teppichreinigungsprozesse<\/strong><\/p>\n<p data-sourcepos=\"5:1-5:133\">Eine effektive Teppichreinigung umfasst mehrere Phasen. Nachfolgend eine Darstellung eines idealen Layouts f\u00fcr eine Teppichw\u00e4scherei:<\/p>\n<figure id=\"attachment_426\" aria-describedby=\"caption-attachment-426\" style=\"width: 800px\" class=\"wp-caption alignnone\"><img loading=\"lazy\" decoding=\"async\" class=\"wp-image-426\" src=\"https:\/\/www.thecarpetwashingmachine.com\/wp-content\/uploads\/2025\/05\/layout.png\" alt=\"Teppichw\u00e4scherei\" width=\"800\" height=\"384\" srcset=\"https:\/\/www.thecarpetwashingmachine.com\/wp-content\/uploads\/2025\/05\/layout.png 995w, https:\/\/www.thecarpetwashingmachine.com\/wp-content\/uploads\/2025\/05\/layout-300x144.png 300w, https:\/\/www.thecarpetwashingmachine.com\/wp-content\/uploads\/2025\/05\/layout-768x368.png 768w\" sizes=\"auto, (max-width: 800px) 100vw, 800px\" \/><figcaption id=\"caption-attachment-426\" class=\"wp-caption-text\">Eine ideale Teppichw\u00e4scherei mit verschiedenen Maschinen.<\/figcaption><\/figure>\n<p data-sourcepos=\"1:1-1:189\">Wie dargestellt, zeigt das Layout f\u00fcnf Maschinen, die einen Teppichreinigungsbetrieb mit hohem Durchsatz repr\u00e4sentieren. Nachfolgend erl\u00e4utern wir die Funktion und Bedeutung jeder Maschine:<\/p>\n<p data-sourcepos=\"3:1-3:24\"><strong>Teppichkehrmaschine:<\/strong><\/p>\n<p data-sourcepos=\"5:1-8:94\">Wie in unserem vorherigen Artikel \u00fcber<a href=\"https:\/\/www.thecarpetwashingmachine.com\/de\/carpet-dusting-machine\/\"> Teppichkehrmaschinen<\/a> ausf\u00fchrlich beschrieben, ist dies die erste Maschine, die in einer professionellen Teppichreinigungsanlage eingesetzt wird. Das Vorwasch-Entstauben verbessert die Effizienz und Effektivit\u00e4t des Waschprozesses erheblich. Obwohl nicht universell unerl\u00e4sslich, wird ihre Implementierung dringend empfohlen. Umfassende Informationen zu Teppichkehrmaschinen finden Sie in unserem entsprechenden Artikel.<\/p>\n<p data-sourcepos=\"10:1-10:25\"><strong>Teppichwaschmaschine:<\/strong><\/p>\n<p data-sourcepos=\"12:1-15:106\">Diese Maschine ist Gegenstand der h\u00e4ufigsten Anfragen. Der aktuelle Arbeitskr\u00e4ftemangel und die mit der manuellen Teppichreinigung verbundenen Zeitbeschr\u00e4nkungen machen ihre Anschaffung in modernen Reinigungsbetrieben notwendig. Unsere vollautomatischen Teppichwaschmaschinen l\u00f6sen diese Herausforderungen effektiv. Umfassende Informationen zum <a href=\"https:\/\/www.thecarpetwashingmachine.com\/de\/equipment-purchasing-and-its-import\/\">Preis von<\/a> <a href=\"https:\/\/www.thecarpetwashingmachine.com\/de\/equipment-purchasing-and-its-import\/\">Teppichwaschmaschinen<\/a> finden Sie in unserem entsprechenden Artikel.<\/p>\n<p data-sourcepos=\"17:1-17:42\"><strong>Teppichschleudermaschine (Zentrifuge):<\/strong><\/p>\n<p data-sourcepos=\"19:1-23:99\">Obwohl manchmal \u00fcbersehen, ist die Teppichschleudermaschine ebenso entscheidend wie die Teppichwaschmaschine, um eine ordnungsgem\u00e4\u00dfe und schnelle Teppichtrocknung zu gew\u00e4hrleisten. Sie ist eine zwingende Erg\u00e4nzung zur Teppichwaschmaschine f\u00fcr neue Unternehmen. Wie im Layout dargestellt, k\u00f6nnen mehrere Einheiten erforderlich sein. Dies dient der Optimierung der Ausgabekapazit\u00e4t der Teppichwaschmaschine und der Anpassung an unterschiedliche Teppichgr\u00f6\u00dfen, da die Bearbeitung kleinerer Teppiche in \u00fcberm\u00e4\u00dfig gro\u00dfen Maschinen ineffizient sein kann. Umfassende Informationen zu <a href=\"https:\/\/www.thecarpetwashingmachine.com\/de\/carpet-wringing-machine\/\">Teppichschleudermaschinen<\/a> finden Sie in unserem entsprechenden Artikel.<\/p>\n<p data-sourcepos=\"25:1-25:26\"><strong>Teppichfinishmaschine:<\/strong><\/p>\n<p data-sourcepos=\"27:1-29:99\">Diese Maschine gewinnt in wettbewerbsorientierten Teppichreinigungsm\u00e4rkten zunehmend an Bedeutung. Diese Maschine verbessert die Wahrnehmung der Teppiche durch den Kunden erheblich und f\u00fchrt zu einem merklich verbesserten und erneuerten Aussehen. Umfassende Informationen zu <a href=\"https:\/\/www.thecarpetwashingmachine.com\/de\/carpet-finishing-machine\/\">Teppichschleudermaschinen<\/a> finden Sie in unserem entsprechenden Artikel.<\/p>\n<p data-sourcepos=\"31:1-31:12\"><strong>Achtung:<\/strong><\/p>\n<p data-sourcepos=\"33:1-33:239\">Wenn Ihnen dieser Artikel per E-Mail oder WhatsApp zugesandt wurde, lesen Sie bitte die Seite mit den h\u00e4ufig gestellten Fragen und die aktuelle Seite. Nachdem Sie die richtigen Maschinen ausgew\u00e4hlt haben, kontaktieren Sie uns bitte erneut.<\/p>\n<p>&nbsp;<\/p>\n","protected":false},"excerpt":{"rendered":"<p>Die ben\u00f6tigten Maschinen f\u00fcr eine Teppichw\u00e4scherei variieren je nach den spezifischen Gesch\u00e4ftsanforderungen. Zuvor haben wir h\u00e4ufig gestellte Fragen zu Teppichwaschmaschinen und verwandten Themen behandelt. Wir&hellip;<\/p>\n","protected":false},"author":1,"featured_media":0,"parent":0,"menu_order":0,"comment_status":"closed","ping_status":"closed","template":"","meta":{"footnotes":""},"class_list":["post-414","page","type-page","status-publish","hentry"],"translation":{"provider":"WPGlobus","version":"3.0.0","language":"de","enabled_languages":["en","tr","fr","ar","es","de","pt","ru"],"languages":{"en":{"title":true,"content":true,"excerpt":false},"tr":{"title":true,"content":true,"excerpt":false},"fr":{"title":true,"content":true,"excerpt":false},"ar":{"title":true,"content":true,"excerpt":false},"es":{"title":true,"content":true,"excerpt":false},"de":{"title":true,"content":true,"excerpt":false},"pt":{"title":true,"content":true,"excerpt":false},"ru":{"title":true,"content":true,"excerpt":false}}},"yoast_head":"<!-- This site is optimized with the Yoast SEO plugin v24.7 - https:\/\/yoast.com\/wordpress\/plugins\/seo\/ -->\n<title>Welche Maschinen werden f\u00fcr eine Teppichw\u00e4scherei ben\u00f6tigt? - Teppichwaschmaschine<\/title>\n<meta name=\"description\" content=\"Obwohl die Teppichwaschmaschine wichtig ist, denken Sie daran, dass die Teppichentw\u00e4sserungsmaschine f\u00fcr einen optimalen Betrieb ebenfalls entscheidend ist.\" \/>\n<meta name=\"robots\" content=\"index, follow, max-snippet:-1, max-image-preview:large, max-video-preview:-1\" \/>\n<link rel=\"canonical\" href=\"https:\/\/www.thecarpetwashingmachine.com\/what-machines-are-needed-for-a-carpet-washing-shop\/\" \/>\n<meta property=\"og:locale\" content=\"de_DE\" \/>\n<meta property=\"og:type\" content=\"article\" \/>\n<meta property=\"og:title\" content=\"Welche Maschinen werden f\u00fcr eine Teppichw\u00e4scherei ben\u00f6tigt? - Teppichwaschmaschine\" \/>\n<meta property=\"og:description\" content=\"Obwohl die Teppichwaschmaschine wichtig ist, denken Sie daran, dass die Teppichentw\u00e4sserungsmaschine f\u00fcr einen optimalen Betrieb ebenfalls entscheidend ist.\" \/>\n<meta property=\"og:url\" content=\"https:\/\/www.thecarpetwashingmachine.com\/what-machines-are-needed-for-a-carpet-washing-shop\/\" \/>\n<meta property=\"og:site_name\" content=\"Teppichwaschmaschine\" \/>\n<meta property=\"article:publisher\" content=\"http:\/\/www.facebook.com\/carpetwashingmachine\" \/>\n<meta property=\"article:modified_time\" content=\"2025-06-13T06:24:03+00:00\" \/>\n<meta property=\"og:image\" content=\"https:\/\/www.thecarpetwashingmachine.com\/wp-content\/uploads\/2025\/03\/layout.png\" \/>\n\t<meta property=\"og:image:width\" content=\"995\" \/>\n\t<meta property=\"og:image:height\" content=\"477\" \/>\n\t<meta property=\"og:image:type\" content=\"image\/png\" \/>\n<meta name=\"twitter:card\" content=\"summary_large_image\" \/>\n<meta name=\"twitter:label1\" content=\"Gesch\u00e4tzte Lesezeit\" \/>\n\t<meta name=\"twitter:data1\" content=\"3\u00a0Minuten\" \/>\n<script type=\"application\/ld+json\" class=\"yoast-schema-graph\">{\"@context\":\"https:\/\/schema.org\",\"@graph\":[{\"@type\":\"WebPage\",\"@id\":\"https:\/\/www.thecarpetwashingmachine.com\/what-machines-are-needed-for-a-carpet-washing-shop\/\",\"url\":\"https:\/\/www.thecarpetwashingmachine.com\/what-machines-are-needed-for-a-carpet-washing-shop\/\",\"name\":\"\u041a\u0430\u043a\u0438\u0435 \u043c\u0430\u0448\u0438\u043d\u044b \u043d\u0443\u0436\u043d\u044b \u0434\u043b\u044f \u043a\u043e\u0432\u0440\u043e\u043c\u043e\u044e\u0449\u0435\u0439 \u043c\u0430\u0441\u0442\u0435\u0440\u0441\u043a\u043e\u0439? - Teppichwaschmaschine\",\"isPartOf\":{\"@id\":\"https:\/\/www.thecarpetwashingmachine.com\/#website\"},\"primaryImageOfPage\":{\"@id\":\"https:\/\/www.thecarpetwashingmachine.com\/what-machines-are-needed-for-a-carpet-washing-shop\/#primaryimage\"},\"image\":{\"@id\":\"https:\/\/www.thecarpetwashingmachine.com\/what-machines-are-needed-for-a-carpet-washing-shop\/#primaryimage\"},\"thumbnailUrl\":\"https:\/\/www.thecarpetwashingmachine.com\/wp-content\/uploads\/2025\/03\/layout.png\",\"datePublished\":\"2025-04-02T08:58:31+00:00\",\"dateModified\":\"2025-06-13T06:24:03+00:00\",\"description\":\"\u0425\u043e\u0442\u044f \u0441\u0442\u0438\u0440\u0430\u043b\u044c\u043d\u0430\u044f \u043c\u0430\u0448\u0438\u043d\u0430 \u0434\u043b\u044f \u043a\u043e\u0432\u0440\u043e\u0432 \u0432\u0430\u0436\u043d\u0430, \u043f\u043e\u043c\u043d\u0438\u0442\u0435, \u0447\u0442\u043e \u043e\u0442\u0436\u0438\u043c\u043d\u0430\u044f \u043c\u0430\u0448\u0438\u043d\u0430 \u0442\u0430\u043a\u0436\u0435 \u0436\u0438\u0437\u043d\u0435\u043d\u043d\u043e \u0432\u0430\u0436\u043d\u0430 \u0434\u043b\u044f \u043e\u043f\u0442\u0438\u043c\u0430\u043b\u044c\u043d\u043e\u0439 \u0440\u0430\u0431\u043e\u0442\u044b.\",\"breadcrumb\":{\"@id\":\"https:\/\/www.thecarpetwashingmachine.com\/what-machines-are-needed-for-a-carpet-washing-shop\/#breadcrumb\"},\"inLanguage\":\"de\",\"potentialAction\":[{\"@type\":\"ReadAction\",\"target\":[\"https:\/\/www.thecarpetwashingmachine.com\/what-machines-are-needed-for-a-carpet-washing-shop\/\"]}]},{\"@type\":\"ImageObject\",\"inLanguage\":\"de\",\"@id\":\"https:\/\/www.thecarpetwashingmachine.com\/what-machines-are-needed-for-a-carpet-washing-shop\/#primaryimage\",\"url\":\"https:\/\/www.thecarpetwashingmachine.com\/wp-content\/uploads\/2025\/03\/layout.png\",\"contentUrl\":\"https:\/\/www.thecarpetwashingmachine.com\/wp-content\/uploads\/2025\/03\/layout.png\"},{\"@type\":\"BreadcrumbList\",\"@id\":\"https:\/\/www.thecarpetwashingmachine.com\/what-machines-are-needed-for-a-carpet-washing-shop\/#breadcrumb\",\"itemListElement\":[{\"@type\":\"ListItem\",\"position\":1,\"name\":\"Home\",\"item\":\"https:\/\/www.thecarpetwashingmachine.com\/\"},{\"@type\":\"ListItem\",\"position\":2,\"name\":\"What Machines are Needed for a Carpet Washing Shop?\"}]},{\"@type\":\"WebSite\",\"@id\":\"https:\/\/www.thecarpetwashingmachine.com\/#website\",\"url\":\"https:\/\/www.thecarpetwashingmachine.com\/\",\"name\":\"Teppichwaschmaschine\",\"description\":\"Die Teppichwaschmaschine gibt es auf der ganzen Welt!\",\"potentialAction\":[{\"@type\":\"SearchAction\",\"target\":{\"@type\":\"EntryPoint\",\"urlTemplate\":\"https:\/\/www.thecarpetwashingmachine.com\/?s={search_term_string}\"},\"query-input\":{\"@type\":\"PropertyValueSpecification\",\"valueRequired\":true,\"valueName\":\"search_term_string\"}}],\"inLanguage\":\"de\"}]}<\/script>\n<!-- \/ Yoast SEO plugin. -->","yoast_head_json":{"title":"Welche Maschinen werden f\u00fcr eine Teppichw\u00e4scherei ben\u00f6tigt? - Teppichwaschmaschine","description":"Obwohl die Teppichwaschmaschine wichtig ist, denken Sie daran, dass die Teppichentw\u00e4sserungsmaschine f\u00fcr einen optimalen Betrieb ebenfalls entscheidend ist.","robots":{"index":"index","follow":"follow","max-snippet":"max-snippet:-1","max-image-preview":"max-image-preview:large","max-video-preview":"max-video-preview:-1"},"canonical":"https:\/\/www.thecarpetwashingmachine.com\/what-machines-are-needed-for-a-carpet-washing-shop\/","og_locale":"de_DE","og_type":"article","og_title":"Welche Maschinen werden f\u00fcr eine Teppichw\u00e4scherei ben\u00f6tigt? - Teppichwaschmaschine","og_description":"Obwohl die Teppichwaschmaschine wichtig ist, denken Sie daran, dass die Teppichentw\u00e4sserungsmaschine f\u00fcr einen optimalen Betrieb ebenfalls entscheidend ist.","og_url":"https:\/\/www.thecarpetwashingmachine.com\/what-machines-are-needed-for-a-carpet-washing-shop\/","og_site_name":"Teppichwaschmaschine","article_publisher":"http:\/\/www.facebook.com\/carpetwashingmachine","article_modified_time":"2025-06-13T06:24:03+00:00","og_image":[{"width":995,"height":477,"url":"https:\/\/www.thecarpetwashingmachine.com\/wp-content\/uploads\/2025\/03\/layout.png","type":"image\/png"}],"twitter_card":"summary_large_image","twitter_misc":{"Gesch\u00e4tzte Lesezeit":"3\u00a0Minuten"},"schema":{"@context":"https:\/\/schema.org","@graph":[{"@type":"WebPage","@id":"https:\/\/www.thecarpetwashingmachine.com\/what-machines-are-needed-for-a-carpet-washing-shop\/","url":"https:\/\/www.thecarpetwashingmachine.com\/what-machines-are-needed-for-a-carpet-washing-shop\/","name":"\u041a\u0430\u043a\u0438\u0435 \u043c\u0430\u0448\u0438\u043d\u044b \u043d\u0443\u0436\u043d\u044b \u0434\u043b\u044f \u043a\u043e\u0432\u0440\u043e\u043c\u043e\u044e\u0449\u0435\u0439 \u043c\u0430\u0441\u0442\u0435\u0440\u0441\u043a\u043e\u0439? - Teppichwaschmaschine","isPartOf":{"@id":"https:\/\/www.thecarpetwashingmachine.com\/#website"},"primaryImageOfPage":{"@id":"https:\/\/www.thecarpetwashingmachine.com\/what-machines-are-needed-for-a-carpet-washing-shop\/#primaryimage"},"image":{"@id":"https:\/\/www.thecarpetwashingmachine.com\/what-machines-are-needed-for-a-carpet-washing-shop\/#primaryimage"},"thumbnailUrl":"https:\/\/www.thecarpetwashingmachine.com\/wp-content\/uploads\/2025\/03\/layout.png","datePublished":"2025-04-02T08:58:31+00:00","dateModified":"2025-06-13T06:24:03+00:00","description":"\u0425\u043e\u0442\u044f \u0441\u0442\u0438\u0440\u0430\u043b\u044c\u043d\u0430\u044f \u043c\u0430\u0448\u0438\u043d\u0430 \u0434\u043b\u044f \u043a\u043e\u0432\u0440\u043e\u0432 \u0432\u0430\u0436\u043d\u0430, \u043f\u043e\u043c\u043d\u0438\u0442\u0435, \u0447\u0442\u043e \u043e\u0442\u0436\u0438\u043c\u043d\u0430\u044f \u043c\u0430\u0448\u0438\u043d\u0430 \u0442\u0430\u043a\u0436\u0435 \u0436\u0438\u0437\u043d\u0435\u043d\u043d\u043e \u0432\u0430\u0436\u043d\u0430 \u0434\u043b\u044f \u043e\u043f\u0442\u0438\u043c\u0430\u043b\u044c\u043d\u043e\u0439 \u0440\u0430\u0431\u043e\u0442\u044b.","breadcrumb":{"@id":"https:\/\/www.thecarpetwashingmachine.com\/what-machines-are-needed-for-a-carpet-washing-shop\/#breadcrumb"},"inLanguage":"de","potentialAction":[{"@type":"ReadAction","target":["https:\/\/www.thecarpetwashingmachine.com\/what-machines-are-needed-for-a-carpet-washing-shop\/"]}]},{"@type":"ImageObject","inLanguage":"de","@id":"https:\/\/www.thecarpetwashingmachine.com\/what-machines-are-needed-for-a-carpet-washing-shop\/#primaryimage","url":"https:\/\/www.thecarpetwashingmachine.com\/wp-content\/uploads\/2025\/03\/layout.png","contentUrl":"https:\/\/www.thecarpetwashingmachine.com\/wp-content\/uploads\/2025\/03\/layout.png"},{"@type":"BreadcrumbList","@id":"https:\/\/www.thecarpetwashingmachine.com\/what-machines-are-needed-for-a-carpet-washing-shop\/#breadcrumb","itemListElement":[{"@type":"ListItem","position":1,"name":"Home","item":"https:\/\/www.thecarpetwashingmachine.com\/"},{"@type":"ListItem","position":2,"name":"What Machines are Needed for a Carpet Washing Shop?"}]},{"@type":"WebSite","@id":"https:\/\/www.thecarpetwashingmachine.com\/#website","url":"https:\/\/www.thecarpetwashingmachine.com\/","name":"Teppichwaschmaschine","description":"Die Teppichwaschmaschine gibt es auf der ganzen Welt!","potentialAction":[{"@type":"SearchAction","target":{"@type":"EntryPoint","urlTemplate":"https:\/\/www.thecarpetwashingmachine.com\/?s={search_term_string}"},"query-input":{"@type":"PropertyValueSpecification","valueRequired":true,"valueName":"search_term_string"}}],"inLanguage":"de"}]}},"_links":{"self":[{"href":"https:\/\/www.thecarpetwashingmachine.com\/de\/wp-json\/wp\/v2\/pages\/414","targetHints":{"allow":["GET"]}}],"collection":[{"href":"https:\/\/www.thecarpetwashingmachine.com\/de\/wp-json\/wp\/v2\/pages"}],"about":[{"href":"https:\/\/www.thecarpetwashingmachine.com\/de\/wp-json\/wp\/v2\/types\/page"}],"author":[{"embeddable":true,"href":"https:\/\/www.thecarpetwashingmachine.com\/de\/wp-json\/wp\/v2\/users\/1"}],"replies":[{"embeddable":true,"href":"https:\/\/www.thecarpetwashingmachine.com\/de\/wp-json\/wp\/v2\/comments?post=414"}],"version-history":[{"count":22,"href":"https:\/\/www.thecarpetwashingmachine.com\/de\/wp-json\/wp\/v2\/pages\/414\/revisions"}],"predecessor-version":[{"id":839,"href":"https:\/\/www.thecarpetwashingmachine.com\/de\/wp-json\/wp\/v2\/pages\/414\/revisions\/839"}],"wp:attachment":[{"href":"https:\/\/www.thecarpetwashingmachine.com\/de\/wp-json\/wp\/v2\/media?parent=414"}],"curies":[{"name":"wp","href":"https:\/\/api.w.org\/{rel}","templated":true}]}}