{"id":407,"date":"2025-03-14T08:45:31","date_gmt":"2025-03-14T08:45:31","guid":{"rendered":"https:\/\/www.thecarpetwashingmachine.com\/?page_id=407"},"modified":"2025-07-11T09:55:15","modified_gmt":"2025-07-11T09:55:15","slug":"er-5200-rug-washing-machine","status":"publish","type":"page","link":"https:\/\/www.thecarpetwashingmachine.com\/de\/er-5200-rug-washing-machine\/","title":{"rendered":"Teppichwaschmaschine ER 5200"},"content":{"rendered":"<div class=\"wp-block-image alignnone wp-image-410\">\n<figure class=\"aligncenter size-full\"><img loading=\"lazy\" decoding=\"async\" width=\"750\" height=\"500\" src=\"https:\/\/www.thecarpetwashingmachine.com\/wp-content\/uploads\/2025\/07\/Untitled-design-10.png\" alt=\"Teppichwaschmaschine ER 5200\" class=\"wp-image-1618\" srcset=\"https:\/\/www.thecarpetwashingmachine.com\/wp-content\/uploads\/2025\/07\/Untitled-design-10.png 750w, https:\/\/www.thecarpetwashingmachine.com\/wp-content\/uploads\/2025\/07\/Untitled-design-10-300x200.png 300w\" sizes=\"auto, (max-width: 750px) 100vw, 750px\" \/><figcaption class=\"wp-element-caption\">Teppichwaschmaschine<\/figcaption><\/figure><\/div>\n\n\n<p>Die automatische Teppichwaschmaschine <strong>ER 5200<\/strong> ist die gr\u00f6\u00dfte Teppichreinigungsmaschine, die wir als Standardmodell produzieren. <span class=\"citation-2\">Sie hat eine maximale Teppichbreite von <\/span><strong><span class=\"citation-2\">5,2 Metern (17 Fu\u00df)<\/span><\/strong><span class=\"citation-2\"> und ist je nach Modell mit <\/span><strong><span class=\"citation-2\">8 (4+4) oder 12 (6+6) Scheibenb\u00fcrsten<\/span><\/strong><span class=\"citation-2 citation-end-2\"> ausgestattet.<\/span> Sie wird direkt nach dem Entstauben der Teppiche mit einer <a href=\"https:\/\/www.thecarpetwashingmachine.com\/de\/carpet-dusting-machine\/\">automatischen Teppichentstaubungsmaschine verwendet.<\/a><\/p>\n\n\n\n<div class=\"source-inline-chip-container ng-star-inserted\">&nbsp;<\/div>\n\n\n\n<p>Diese kommerzielle Teppichwaschmaschine wurde f\u00fcr <strong>extrem gro\u00dfe Teppiche<\/strong> wie 5 x 6 Meter, 5 x 8 Meter und sogar 5 x 12 Meter entwickelt. Es ist auch m\u00f6glich, <strong>mehrere Teppiche nebeneinander<\/strong> zu waschen, genau wie bei unseren anderen professionellen Teppichwaschmaschinen.<\/p>\n\n\n\n<p>Die Teppiche werden zuerst in eine <strong>gro\u00dfe Wanne<\/strong> gelegt (diese Wanne ist im Vergleich zu den Teppichwaschmaschinenmodellen ER 4200 oder <a href=\"http:\/\/thecarpetwashingmachine.com\/de\/carpet-washing-machine-3-2-m\/\">ER 3200<\/a> nicht nur in der Breite, sondern auch in der L\u00e4nge viel gr\u00f6\u00dfer). Sobald die Teppiche eingeweicht sind, sind sie bereit f\u00fcr den Waschvorgang in der Teppichwaschmaschine. Der Prozess funktioniert wie bei allen unseren industriellen Teppichreinigungsmaschinen. Zuerst werden die Teppiche geb\u00fcrstet, w\u00e4hrend das Teppichshampoo aufgetragen wird, und dann mit einem <strong>Hochdrucksystem<\/strong> gesp\u00fclt. Wie bei all unseren Teppichwaschmaschinen sind alle Prozesse <strong>automatisch<\/strong> und erfordern nur sehr geringen Eingriff der Bediener.<\/p>\n\n\n\n<p>Die Teppichwaschmaschine <strong>ER 5200<\/strong> wird vollst\u00e4ndig aus <strong>Edelstahl der G\u00fcteklasse 304<\/strong> hergestellt. Sie weist eine hohe Korrosionsbest\u00e4ndigkeit auf, insbesondere gegen\u00fcber Wasser und Chemikalien, die bei der Teppichreinigung verwendet werden, wie Teppichshampoo, \u00c4tznatron und Bleichmittel. Im Vergleich zu Teppichwaschmaschinen aus feuerverzinktem Stahl oder epoxidbeschichtetem Stahl hat sie eine <strong>viel l\u00e4ngere Lebensdauer<\/strong>.<\/p>\n\n\n\n<p>Die Teppichwaschmaschine <strong>ER 5200<\/strong> wird mit einer Zubeh\u00f6rliste geliefert: <strong>1 gro\u00dfe Teppichwanne<\/strong> zum Einweichen der Teppiche, <strong>1 Hochdruckpumpe mit 150 bar<\/strong> und <strong>2 Teppichwagen<\/strong> (ein gro\u00dfer und ein mittelgro\u00dfer), um Teppiche im Gesch\u00e4ft zu bewegen.<\/p>\n\n\n\n<p>&nbsp;<\/p>\n","protected":false},"excerpt":{"rendered":"<p>Die automatische Teppichwaschmaschine ER 5200 ist die gr\u00f6\u00dfte Teppichreinigungsmaschine, die wir als Standardmodell produzieren. Sie hat eine maximale Teppichbreite von 5,2 Metern (17 Fu\u00df) und&hellip;<\/p>\n","protected":false},"author":1,"featured_media":0,"parent":0,"menu_order":0,"comment_status":"closed","ping_status":"closed","template":"","meta":{"footnotes":""},"class_list":["post-407","page","type-page","status-publish","hentry"],"translation":{"provider":"WPGlobus","version":"3.0.0","language":"de","enabled_languages":["en","tr","fr","ar","es","de","pt","ru"],"languages":{"en":{"title":true,"content":true,"excerpt":false},"tr":{"title":true,"content":true,"excerpt":false},"fr":{"title":true,"content":true,"excerpt":false},"ar":{"title":true,"content":true,"excerpt":false},"es":{"title":true,"content":true,"excerpt":false},"de":{"title":true,"content":true,"excerpt":false},"pt":{"title":true,"content":true,"excerpt":false},"ru":{"title":true,"content":true,"excerpt":false}}},"yoast_head":"<!-- This site is optimized with the Yoast SEO plugin v24.7 - https:\/\/yoast.com\/wordpress\/plugins\/seo\/ -->\n<title>Teppichwaschmaschine ER 5200 - Teppichwaschmaschine<\/title>\n<meta name=\"description\" content=\"Die ER 5200, eine automatische Maschine, wird zum Reinigen der gr\u00f6\u00dften Teppiche in kommerziellen Waschbetrieben eingesetzt.\" \/>\n<meta name=\"robots\" content=\"index, follow, max-snippet:-1, max-image-preview:large, max-video-preview:-1\" \/>\n<link rel=\"canonical\" href=\"https:\/\/www.thecarpetwashingmachine.com\/er-5200-rug-washing-machine\/\" \/>\n<meta property=\"og:locale\" content=\"de_DE\" \/>\n<meta property=\"og:type\" content=\"article\" \/>\n<meta property=\"og:title\" content=\"Teppichwaschmaschine ER 5200 - Teppichwaschmaschine\" \/>\n<meta property=\"og:description\" content=\"Die ER 5200, eine automatische Maschine, wird zum Reinigen der gr\u00f6\u00dften Teppiche in kommerziellen Waschbetrieben eingesetzt.\" \/>\n<meta property=\"og:url\" content=\"https:\/\/www.thecarpetwashingmachine.com\/er-5200-rug-washing-machine\/\" \/>\n<meta property=\"og:site_name\" content=\"Teppichwaschmaschine\" \/>\n<meta property=\"article:publisher\" content=\"http:\/\/www.facebook.com\/carpetwashingmachine\" \/>\n<meta property=\"article:modified_time\" content=\"2025-07-11T09:55:15+00:00\" \/>\n<meta property=\"og:image\" content=\"https:\/\/www.thecarpetwashingmachine.com\/wp-content\/uploads\/2025\/07\/Untitled-design-10.png\" \/>\n\t<meta property=\"og:image:width\" content=\"750\" \/>\n\t<meta property=\"og:image:height\" content=\"500\" \/>\n\t<meta property=\"og:image:type\" content=\"image\/png\" \/>\n<meta name=\"twitter:card\" content=\"summary_large_image\" \/>\n<meta name=\"twitter:label1\" content=\"Gesch\u00e4tzte Lesezeit\" \/>\n\t<meta name=\"twitter:data1\" content=\"2\u00a0Minuten\" \/>\n<script type=\"application\/ld+json\" class=\"yoast-schema-graph\">{\"@context\":\"https:\/\/schema.org\",\"@graph\":[{\"@type\":\"WebPage\",\"@id\":\"https:\/\/www.thecarpetwashingmachine.com\/er-5200-rug-washing-machine\/\",\"url\":\"https:\/\/www.thecarpetwashingmachine.com\/er-5200-rug-washing-machine\/\",\"name\":\"\u041c\u0430\u0448\u0438\u043d\u0430 \u0434\u043b\u044f \u0441\u0442\u0438\u0440\u043a\u0438 \u043a\u043e\u0432\u0440\u043e\u0432 ER 5200 - Teppichwaschmaschine\",\"isPartOf\":{\"@id\":\"https:\/\/www.thecarpetwashingmachine.com\/#website\"},\"primaryImageOfPage\":{\"@id\":\"https:\/\/www.thecarpetwashingmachine.com\/er-5200-rug-washing-machine\/#primaryimage\"},\"image\":{\"@id\":\"https:\/\/www.thecarpetwashingmachine.com\/er-5200-rug-washing-machine\/#primaryimage\"},\"thumbnailUrl\":\"https:\/\/www.thecarpetwashingmachine.com\/wp-content\/uploads\/2025\/07\/Untitled-design-10.png\",\"datePublished\":\"2025-03-14T08:45:31+00:00\",\"dateModified\":\"2025-07-11T09:55:15+00:00\",\"description\":\"ER 5200, \u0430\u0432\u0442\u043e\u043c\u0430\u0442\u0438\u0447\u0435\u0441\u043a\u0430\u044f \u043c\u0430\u0448\u0438\u043d\u0430, \u0438\u0441\u043f\u043e\u043b\u044c\u0437\u0443\u0435\u0442\u0441\u044f \u0434\u043b\u044f \u0447\u0438\u0441\u0442\u043a\u0438 \u0441\u0430\u043c\u044b\u0445 \u0431\u043e\u043b\u044c\u0448\u0438\u0445 \u043a\u043e\u0432\u0440\u043e\u0432 \u0432 \u043a\u043e\u043c\u043c\u0435\u0440\u0447\u0435\u0441\u043a\u0438\u0445 \u043f\u0440\u0430\u0447\u0435\u0447\u043d\u044b\u0445.\",\"breadcrumb\":{\"@id\":\"https:\/\/www.thecarpetwashingmachine.com\/er-5200-rug-washing-machine\/#breadcrumb\"},\"inLanguage\":\"de\",\"potentialAction\":[{\"@type\":\"ReadAction\",\"target\":[\"https:\/\/www.thecarpetwashingmachine.com\/er-5200-rug-washing-machine\/\"]}]},{\"@type\":\"ImageObject\",\"inLanguage\":\"de\",\"@id\":\"https:\/\/www.thecarpetwashingmachine.com\/er-5200-rug-washing-machine\/#primaryimage\",\"url\":\"https:\/\/www.thecarpetwashingmachine.com\/wp-content\/uploads\/2025\/07\/Untitled-design-10.png\",\"contentUrl\":\"https:\/\/www.thecarpetwashingmachine.com\/wp-content\/uploads\/2025\/07\/Untitled-design-10.png\"},{\"@type\":\"BreadcrumbList\",\"@id\":\"https:\/\/www.thecarpetwashingmachine.com\/er-5200-rug-washing-machine\/#breadcrumb\",\"itemListElement\":[{\"@type\":\"ListItem\",\"position\":1,\"name\":\"Home\",\"item\":\"https:\/\/www.thecarpetwashingmachine.com\/\"},{\"@type\":\"ListItem\",\"position\":2,\"name\":\"Rug Washing Machine ER 5200\"}]},{\"@type\":\"WebSite\",\"@id\":\"https:\/\/www.thecarpetwashingmachine.com\/#website\",\"url\":\"https:\/\/www.thecarpetwashingmachine.com\/\",\"name\":\"Teppichwaschmaschine\",\"description\":\"Die Teppichwaschmaschine gibt es auf der ganzen Welt!\",\"potentialAction\":[{\"@type\":\"SearchAction\",\"target\":{\"@type\":\"EntryPoint\",\"urlTemplate\":\"https:\/\/www.thecarpetwashingmachine.com\/?s={search_term_string}\"},\"query-input\":{\"@type\":\"PropertyValueSpecification\",\"valueRequired\":true,\"valueName\":\"search_term_string\"}}],\"inLanguage\":\"de\"}]}<\/script>\n<!-- \/ Yoast SEO plugin. -->","yoast_head_json":{"title":"Teppichwaschmaschine ER 5200 - Teppichwaschmaschine","description":"Die ER 5200, eine automatische Maschine, wird zum Reinigen der gr\u00f6\u00dften Teppiche in kommerziellen Waschbetrieben eingesetzt.","robots":{"index":"index","follow":"follow","max-snippet":"max-snippet:-1","max-image-preview":"max-image-preview:large","max-video-preview":"max-video-preview:-1"},"canonical":"https:\/\/www.thecarpetwashingmachine.com\/er-5200-rug-washing-machine\/","og_locale":"de_DE","og_type":"article","og_title":"Teppichwaschmaschine ER 5200 - Teppichwaschmaschine","og_description":"Die ER 5200, eine automatische Maschine, wird zum Reinigen der gr\u00f6\u00dften Teppiche in kommerziellen Waschbetrieben eingesetzt.","og_url":"https:\/\/www.thecarpetwashingmachine.com\/er-5200-rug-washing-machine\/","og_site_name":"Teppichwaschmaschine","article_publisher":"http:\/\/www.facebook.com\/carpetwashingmachine","article_modified_time":"2025-07-11T09:55:15+00:00","og_image":[{"width":750,"height":500,"url":"https:\/\/www.thecarpetwashingmachine.com\/wp-content\/uploads\/2025\/07\/Untitled-design-10.png","type":"image\/png"}],"twitter_card":"summary_large_image","twitter_misc":{"Gesch\u00e4tzte Lesezeit":"2\u00a0Minuten"},"schema":{"@context":"https:\/\/schema.org","@graph":[{"@type":"WebPage","@id":"https:\/\/www.thecarpetwashingmachine.com\/er-5200-rug-washing-machine\/","url":"https:\/\/www.thecarpetwashingmachine.com\/er-5200-rug-washing-machine\/","name":"\u041c\u0430\u0448\u0438\u043d\u0430 \u0434\u043b\u044f \u0441\u0442\u0438\u0440\u043a\u0438 \u043a\u043e\u0432\u0440\u043e\u0432 ER 5200 - Teppichwaschmaschine","isPartOf":{"@id":"https:\/\/www.thecarpetwashingmachine.com\/#website"},"primaryImageOfPage":{"@id":"https:\/\/www.thecarpetwashingmachine.com\/er-5200-rug-washing-machine\/#primaryimage"},"image":{"@id":"https:\/\/www.thecarpetwashingmachine.com\/er-5200-rug-washing-machine\/#primaryimage"},"thumbnailUrl":"https:\/\/www.thecarpetwashingmachine.com\/wp-content\/uploads\/2025\/07\/Untitled-design-10.png","datePublished":"2025-03-14T08:45:31+00:00","dateModified":"2025-07-11T09:55:15+00:00","description":"ER 5200, \u0430\u0432\u0442\u043e\u043c\u0430\u0442\u0438\u0447\u0435\u0441\u043a\u0430\u044f \u043c\u0430\u0448\u0438\u043d\u0430, \u0438\u0441\u043f\u043e\u043b\u044c\u0437\u0443\u0435\u0442\u0441\u044f \u0434\u043b\u044f \u0447\u0438\u0441\u0442\u043a\u0438 \u0441\u0430\u043c\u044b\u0445 \u0431\u043e\u043b\u044c\u0448\u0438\u0445 \u043a\u043e\u0432\u0440\u043e\u0432 \u0432 \u043a\u043e\u043c\u043c\u0435\u0440\u0447\u0435\u0441\u043a\u0438\u0445 \u043f\u0440\u0430\u0447\u0435\u0447\u043d\u044b\u0445.","breadcrumb":{"@id":"https:\/\/www.thecarpetwashingmachine.com\/er-5200-rug-washing-machine\/#breadcrumb"},"inLanguage":"de","potentialAction":[{"@type":"ReadAction","target":["https:\/\/www.thecarpetwashingmachine.com\/er-5200-rug-washing-machine\/"]}]},{"@type":"ImageObject","inLanguage":"de","@id":"https:\/\/www.thecarpetwashingmachine.com\/er-5200-rug-washing-machine\/#primaryimage","url":"https:\/\/www.thecarpetwashingmachine.com\/wp-content\/uploads\/2025\/07\/Untitled-design-10.png","contentUrl":"https:\/\/www.thecarpetwashingmachine.com\/wp-content\/uploads\/2025\/07\/Untitled-design-10.png"},{"@type":"BreadcrumbList","@id":"https:\/\/www.thecarpetwashingmachine.com\/er-5200-rug-washing-machine\/#breadcrumb","itemListElement":[{"@type":"ListItem","position":1,"name":"Home","item":"https:\/\/www.thecarpetwashingmachine.com\/"},{"@type":"ListItem","position":2,"name":"Rug Washing Machine ER 5200"}]},{"@type":"WebSite","@id":"https:\/\/www.thecarpetwashingmachine.com\/#website","url":"https:\/\/www.thecarpetwashingmachine.com\/","name":"Teppichwaschmaschine","description":"Die Teppichwaschmaschine gibt es auf der ganzen Welt!","potentialAction":[{"@type":"SearchAction","target":{"@type":"EntryPoint","urlTemplate":"https:\/\/www.thecarpetwashingmachine.com\/?s={search_term_string}"},"query-input":{"@type":"PropertyValueSpecification","valueRequired":true,"valueName":"search_term_string"}}],"inLanguage":"de"}]}},"_links":{"self":[{"href":"https:\/\/www.thecarpetwashingmachine.com\/de\/wp-json\/wp\/v2\/pages\/407","targetHints":{"allow":["GET"]}}],"collection":[{"href":"https:\/\/www.thecarpetwashingmachine.com\/de\/wp-json\/wp\/v2\/pages"}],"about":[{"href":"https:\/\/www.thecarpetwashingmachine.com\/de\/wp-json\/wp\/v2\/types\/page"}],"author":[{"embeddable":true,"href":"https:\/\/www.thecarpetwashingmachine.com\/de\/wp-json\/wp\/v2\/users\/1"}],"replies":[{"embeddable":true,"href":"https:\/\/www.thecarpetwashingmachine.com\/de\/wp-json\/wp\/v2\/comments?post=407"}],"version-history":[{"count":57,"href":"https:\/\/www.thecarpetwashingmachine.com\/de\/wp-json\/wp\/v2\/pages\/407\/revisions"}],"predecessor-version":[{"id":2176,"href":"https:\/\/www.thecarpetwashingmachine.com\/de\/wp-json\/wp\/v2\/pages\/407\/revisions\/2176"}],"wp:attachment":[{"href":"https:\/\/www.thecarpetwashingmachine.com\/de\/wp-json\/wp\/v2\/media?parent=407"}],"curies":[{"name":"wp","href":"https:\/\/api.w.org\/{rel}","templated":true}]}}