{"id":394,"date":"2025-02-25T11:39:52","date_gmt":"2025-02-25T11:39:52","guid":{"rendered":"https:\/\/www.thecarpetwashingmachine.com\/?page_id=394"},"modified":"2025-07-07T07:18:21","modified_gmt":"2025-07-07T07:18:21","slug":"carpet-dusting-machine","status":"publish","type":"page","link":"https:\/\/www.thecarpetwashingmachine.com\/de\/carpet-dusting-machine\/","title":{"rendered":"Teppichstaubmaschine"},"content":{"rendered":"\n<figure class=\"wp-block-image aligncenter\"><img loading=\"lazy\" decoding=\"async\" width=\"750\" height=\"500\" src=\"https:\/\/www.thecarpetwashingmachine.com\/wp-content\/uploads\/2025\/02\/hali-toz-alma-makinasi-urun.jpg\" alt=\"Teppich-Staubentfernungsmaschine\n\" class=\"wp-image-395\" srcset=\"https:\/\/www.thecarpetwashingmachine.com\/wp-content\/uploads\/2025\/02\/hali-toz-alma-makinasi-urun.jpg 750w, https:\/\/www.thecarpetwashingmachine.com\/wp-content\/uploads\/2025\/02\/hali-toz-alma-makinasi-urun-300x200.jpg 300w\" sizes=\"auto, (max-width: 750px) 100vw, 750px\" \/><\/figure>\n\n\n\n<p><\/p>\n\n\n\n<p>Die <strong>Teppich-Entstaubungsmaschine<\/strong> ist unerl\u00e4sslich f\u00fcr die Vorstufe der professionellen Teppichreinigung, insbesondere vor dem <a href=\"http:\/\/thewashingmachine.com\/de\/\">Waschen<\/a> und Einweichen. Wenn Teppiche in einem Reinigungsbetrieb ankommen, werden sie zuerst durch diese Maschine bearbeitet, um tief sitzenden trockenen Schmutz, Staub und Ablagerungen zu entfernen. Die Kernfunktion beinhaltet eine <strong>kraftvolle mechanische Aktion<\/strong>: Der Teppich wird durch die Maschine gef\u00fchrt und von rotierenden Zylindern, die sowohl oben als auch unten positioniert sind, geklopft. Diese Agitation l\u00f6st hartn\u00e4ckigen Schmutz, Sand, Tierhaare und andere Partikel, die durch herk\u00f6mmliches Staubsaugen nicht effektiv entfernt werden k\u00f6nnen.<\/p>\n\n\n\n<p>Die gel\u00f6sten Ablagerungen werden dann \u00fcber ein Vakuumsystem gesammelt und in einen Beutel \u00fcberf\u00fchrt. Der gereinigte Teppich wird nach vorne zur\u00fcckgef\u00fchrt, bereit f\u00fcr die n\u00e4chste Reinigungsstufe. Dieser Prozess entfernt nicht nur Staub und Materialien, die in den Teppichfasern eingeschlossen sind, sondern <strong>macht den Teppich auch erheblich weicher<\/strong>, wodurch seine Gesamttextur verbessert wird.<\/p>\n\n\n\n<p>Dar\u00fcber hinaus f\u00fchrt die <strong>erhebliche Reduzierung von trockenem Schmutz<\/strong> durch die Teppich-Entstaubungsmaschine zu einem <strong>deutlichen R\u00fcckgang der ben\u00f6tigten Teppichshampoo-Menge<\/strong> w\u00e4hrend der nachfolgenden Waschprozesse. Branchenexperten weisen darauf hin, dass dieser Vorreinigungsschritt den Shampoo-Verbrauch um bis zu <strong>40 % reduzieren kann<\/strong>, was zu <strong>Kosteneinsparungen und einer verringerten Umweltbelastung<\/strong> f\u00fchrt. Zus\u00e4tzlich tr\u00e4gt der Entstaubungsprozess durch die Entfernung von abrasivem Splitt zur <strong>Langlebigkeit des Teppichs<\/strong> bei und verhindert vorzeitigen Verschlei\u00df. Er <strong>verbessert auch das Aussehen des Teppichs<\/strong>, da lebendige Farben durch die Entfernung von Materialien wie Schmutz von der Oberfl\u00e4che der Teppichfasern wiederbelebt werden. Die Beseitigung gro\u00dfer Staubmengen <strong>verbessert die Raumluftqualit\u00e4t erheblich<\/strong>. In gewerblichen Umgebungen, wo gro\u00dfe Mengen Teppiche gereinigt werden, sind diese Maschinen <strong>unverzichtbar f\u00fcr optimale Reinigungsergebnisse und betriebliche Effizienz<\/strong>.<\/p>\n\n\n\n<p>Teppich-Entstaubungsmaschinen werden in <strong>verschiedenen Typen<\/strong> hergestellt. Die abgebildete Maschine ist ein <strong>Flachbettmodell<\/strong>, auch bekannt als <strong>automatische Teppich-Entstaubungsmaschine<\/strong>. Es gibt auch <strong>Trommelentstauber<\/strong> (gro\u00dfe rotierende Trommeln, manchmal als &#8218;Dolap&#8216; bezeichnet) und <strong>manuelle Maschinen<\/strong>.<\/p>\n","protected":false},"excerpt":{"rendered":"<p>Die Teppich-Entstaubungsmaschine ist unerl\u00e4sslich f\u00fcr die Vorstufe der professionellen Teppichreinigung, insbesondere vor dem Waschen und Einweichen. Wenn Teppiche in einem Reinigungsbetrieb ankommen, werden sie zuerst&hellip;<\/p>\n","protected":false},"author":1,"featured_media":0,"parent":0,"menu_order":0,"comment_status":"closed","ping_status":"closed","template":"","meta":{"footnotes":""},"class_list":["post-394","page","type-page","status-publish","hentry"],"translation":{"provider":"WPGlobus","version":"3.0.0","language":"de","enabled_languages":["en","tr","fr","ar","es","de","pt","ru"],"languages":{"en":{"title":true,"content":true,"excerpt":false},"tr":{"title":true,"content":true,"excerpt":false},"fr":{"title":true,"content":true,"excerpt":false},"ar":{"title":true,"content":true,"excerpt":false},"es":{"title":true,"content":true,"excerpt":false},"de":{"title":true,"content":true,"excerpt":false},"pt":{"title":true,"content":true,"excerpt":false},"ru":{"title":true,"content":true,"excerpt":false}}},"yoast_head":"<!-- This site is optimized with the Yoast SEO plugin v24.7 - https:\/\/yoast.com\/wordpress\/plugins\/seo\/ -->\n<title>Teppichstaubmaschine - Teppichwaschmaschine<\/title>\n<meta name=\"description\" content=\"Die Teppich-Entstaubungsmaschine wird zur Entfernung von Staub, Schmutz und anderen Materialien vor dem Waschvorgang eingesetzt.\" \/>\n<meta name=\"robots\" content=\"index, follow, max-snippet:-1, max-image-preview:large, max-video-preview:-1\" \/>\n<link rel=\"canonical\" href=\"https:\/\/www.thecarpetwashingmachine.com\/carpet-dusting-machine\/\" \/>\n<meta property=\"og:locale\" content=\"de_DE\" \/>\n<meta property=\"og:type\" content=\"article\" \/>\n<meta property=\"og:title\" content=\"Teppichstaubmaschine - Teppichwaschmaschine\" \/>\n<meta property=\"og:description\" content=\"Die Teppich-Entstaubungsmaschine wird zur Entfernung von Staub, Schmutz und anderen Materialien vor dem Waschvorgang eingesetzt.\" \/>\n<meta property=\"og:url\" content=\"https:\/\/www.thecarpetwashingmachine.com\/carpet-dusting-machine\/\" \/>\n<meta property=\"og:site_name\" content=\"Teppichwaschmaschine\" \/>\n<meta property=\"article:publisher\" content=\"http:\/\/www.facebook.com\/carpetwashingmachine\" \/>\n<meta property=\"article:modified_time\" content=\"2025-07-07T07:18:21+00:00\" \/>\n<meta property=\"og:image\" content=\"https:\/\/www.thecarpetwashingmachine.com\/wp-content\/uploads\/2025\/02\/hali-toz-alma-makinasi-urun.jpg\" \/>\n\t<meta property=\"og:image:width\" content=\"750\" \/>\n\t<meta property=\"og:image:height\" content=\"500\" \/>\n\t<meta property=\"og:image:type\" content=\"image\/jpeg\" \/>\n<meta name=\"twitter:card\" content=\"summary_large_image\" \/>\n<meta name=\"twitter:label1\" content=\"Gesch\u00e4tzte Lesezeit\" \/>\n\t<meta name=\"twitter:data1\" content=\"2\u00a0Minuten\" \/>\n<script type=\"application\/ld+json\" class=\"yoast-schema-graph\">{\"@context\":\"https:\/\/schema.org\",\"@graph\":[{\"@type\":\"WebPage\",\"@id\":\"https:\/\/www.thecarpetwashingmachine.com\/carpet-dusting-machine\/\",\"url\":\"https:\/\/www.thecarpetwashingmachine.com\/carpet-dusting-machine\/\",\"name\":\"M\u00e1quina de tirar p\u00f3 de carpetes - Teppichwaschmaschine\",\"isPartOf\":{\"@id\":\"https:\/\/www.thecarpetwashingmachine.com\/#website\"},\"primaryImageOfPage\":{\"@id\":\"https:\/\/www.thecarpetwashingmachine.com\/carpet-dusting-machine\/#primaryimage\"},\"image\":{\"@id\":\"https:\/\/www.thecarpetwashingmachine.com\/carpet-dusting-machine\/#primaryimage\"},\"thumbnailUrl\":\"https:\/\/www.thecarpetwashingmachine.com\/wp-content\/uploads\/2025\/02\/hali-toz-alma-makinasi-urun.jpg\",\"datePublished\":\"2025-02-25T11:39:52+00:00\",\"dateModified\":\"2025-07-07T07:18:21+00:00\",\"description\":\"A m\u00e1quina de sacudir tapetes \u00e9 usada para remover poeira, detritos e outros materiais antes do processo de lavagem.\",\"breadcrumb\":{\"@id\":\"https:\/\/www.thecarpetwashingmachine.com\/carpet-dusting-machine\/#breadcrumb\"},\"inLanguage\":\"de\",\"potentialAction\":[{\"@type\":\"ReadAction\",\"target\":[\"https:\/\/www.thecarpetwashingmachine.com\/carpet-dusting-machine\/\"]}]},{\"@type\":\"ImageObject\",\"inLanguage\":\"de\",\"@id\":\"https:\/\/www.thecarpetwashingmachine.com\/carpet-dusting-machine\/#primaryimage\",\"url\":\"https:\/\/www.thecarpetwashingmachine.com\/wp-content\/uploads\/2025\/02\/hali-toz-alma-makinasi-urun.jpg\",\"contentUrl\":\"https:\/\/www.thecarpetwashingmachine.com\/wp-content\/uploads\/2025\/02\/hali-toz-alma-makinasi-urun.jpg\"},{\"@type\":\"BreadcrumbList\",\"@id\":\"https:\/\/www.thecarpetwashingmachine.com\/carpet-dusting-machine\/#breadcrumb\",\"itemListElement\":[{\"@type\":\"ListItem\",\"position\":1,\"name\":\"Home\",\"item\":\"https:\/\/www.thecarpetwashingmachine.com\/\"},{\"@type\":\"ListItem\",\"position\":2,\"name\":\"Carpet Dusting Machine\"}]},{\"@type\":\"WebSite\",\"@id\":\"https:\/\/www.thecarpetwashingmachine.com\/#website\",\"url\":\"https:\/\/www.thecarpetwashingmachine.com\/\",\"name\":\"Teppichwaschmaschine\",\"description\":\"Die Teppichwaschmaschine gibt es auf der ganzen Welt!\",\"potentialAction\":[{\"@type\":\"SearchAction\",\"target\":{\"@type\":\"EntryPoint\",\"urlTemplate\":\"https:\/\/www.thecarpetwashingmachine.com\/?s={search_term_string}\"},\"query-input\":{\"@type\":\"PropertyValueSpecification\",\"valueRequired\":true,\"valueName\":\"search_term_string\"}}],\"inLanguage\":\"de\"}]}<\/script>\n<!-- \/ Yoast SEO plugin. -->","yoast_head_json":{"title":"Teppichstaubmaschine - Teppichwaschmaschine","description":"Die Teppich-Entstaubungsmaschine wird zur Entfernung von Staub, Schmutz und anderen Materialien vor dem Waschvorgang eingesetzt.","robots":{"index":"index","follow":"follow","max-snippet":"max-snippet:-1","max-image-preview":"max-image-preview:large","max-video-preview":"max-video-preview:-1"},"canonical":"https:\/\/www.thecarpetwashingmachine.com\/carpet-dusting-machine\/","og_locale":"de_DE","og_type":"article","og_title":"Teppichstaubmaschine - Teppichwaschmaschine","og_description":"Die Teppich-Entstaubungsmaschine wird zur Entfernung von Staub, Schmutz und anderen Materialien vor dem Waschvorgang eingesetzt.","og_url":"https:\/\/www.thecarpetwashingmachine.com\/carpet-dusting-machine\/","og_site_name":"Teppichwaschmaschine","article_publisher":"http:\/\/www.facebook.com\/carpetwashingmachine","article_modified_time":"2025-07-07T07:18:21+00:00","og_image":[{"width":750,"height":500,"url":"https:\/\/www.thecarpetwashingmachine.com\/wp-content\/uploads\/2025\/02\/hali-toz-alma-makinasi-urun.jpg","type":"image\/jpeg"}],"twitter_card":"summary_large_image","twitter_misc":{"Gesch\u00e4tzte Lesezeit":"2\u00a0Minuten"},"schema":{"@context":"https:\/\/schema.org","@graph":[{"@type":"WebPage","@id":"https:\/\/www.thecarpetwashingmachine.com\/carpet-dusting-machine\/","url":"https:\/\/www.thecarpetwashingmachine.com\/carpet-dusting-machine\/","name":"M\u00e1quina de tirar p\u00f3 de carpetes - Teppichwaschmaschine","isPartOf":{"@id":"https:\/\/www.thecarpetwashingmachine.com\/#website"},"primaryImageOfPage":{"@id":"https:\/\/www.thecarpetwashingmachine.com\/carpet-dusting-machine\/#primaryimage"},"image":{"@id":"https:\/\/www.thecarpetwashingmachine.com\/carpet-dusting-machine\/#primaryimage"},"thumbnailUrl":"https:\/\/www.thecarpetwashingmachine.com\/wp-content\/uploads\/2025\/02\/hali-toz-alma-makinasi-urun.jpg","datePublished":"2025-02-25T11:39:52+00:00","dateModified":"2025-07-07T07:18:21+00:00","description":"A m\u00e1quina de sacudir tapetes \u00e9 usada para remover poeira, detritos e outros materiais antes do processo de lavagem.","breadcrumb":{"@id":"https:\/\/www.thecarpetwashingmachine.com\/carpet-dusting-machine\/#breadcrumb"},"inLanguage":"de","potentialAction":[{"@type":"ReadAction","target":["https:\/\/www.thecarpetwashingmachine.com\/carpet-dusting-machine\/"]}]},{"@type":"ImageObject","inLanguage":"de","@id":"https:\/\/www.thecarpetwashingmachine.com\/carpet-dusting-machine\/#primaryimage","url":"https:\/\/www.thecarpetwashingmachine.com\/wp-content\/uploads\/2025\/02\/hali-toz-alma-makinasi-urun.jpg","contentUrl":"https:\/\/www.thecarpetwashingmachine.com\/wp-content\/uploads\/2025\/02\/hali-toz-alma-makinasi-urun.jpg"},{"@type":"BreadcrumbList","@id":"https:\/\/www.thecarpetwashingmachine.com\/carpet-dusting-machine\/#breadcrumb","itemListElement":[{"@type":"ListItem","position":1,"name":"Home","item":"https:\/\/www.thecarpetwashingmachine.com\/"},{"@type":"ListItem","position":2,"name":"Carpet Dusting Machine"}]},{"@type":"WebSite","@id":"https:\/\/www.thecarpetwashingmachine.com\/#website","url":"https:\/\/www.thecarpetwashingmachine.com\/","name":"Teppichwaschmaschine","description":"Die Teppichwaschmaschine gibt es auf der ganzen Welt!","potentialAction":[{"@type":"SearchAction","target":{"@type":"EntryPoint","urlTemplate":"https:\/\/www.thecarpetwashingmachine.com\/?s={search_term_string}"},"query-input":{"@type":"PropertyValueSpecification","valueRequired":true,"valueName":"search_term_string"}}],"inLanguage":"de"}]}},"_links":{"self":[{"href":"https:\/\/www.thecarpetwashingmachine.com\/de\/wp-json\/wp\/v2\/pages\/394","targetHints":{"allow":["GET"]}}],"collection":[{"href":"https:\/\/www.thecarpetwashingmachine.com\/de\/wp-json\/wp\/v2\/pages"}],"about":[{"href":"https:\/\/www.thecarpetwashingmachine.com\/de\/wp-json\/wp\/v2\/types\/page"}],"author":[{"embeddable":true,"href":"https:\/\/www.thecarpetwashingmachine.com\/de\/wp-json\/wp\/v2\/users\/1"}],"replies":[{"embeddable":true,"href":"https:\/\/www.thecarpetwashingmachine.com\/de\/wp-json\/wp\/v2\/comments?post=394"}],"version-history":[{"count":42,"href":"https:\/\/www.thecarpetwashingmachine.com\/de\/wp-json\/wp\/v2\/pages\/394\/revisions"}],"predecessor-version":[{"id":1836,"href":"https:\/\/www.thecarpetwashingmachine.com\/de\/wp-json\/wp\/v2\/pages\/394\/revisions\/1836"}],"wp:attachment":[{"href":"https:\/\/www.thecarpetwashingmachine.com\/de\/wp-json\/wp\/v2\/media?parent=394"}],"curies":[{"name":"wp","href":"https:\/\/api.w.org\/{rel}","templated":true}]}}