{"id":383,"date":"2025-01-30T13:00:47","date_gmt":"2025-01-30T13:00:47","guid":{"rendered":"https:\/\/www.thecarpetwashingmachine.com\/?page_id=383"},"modified":"2025-07-18T11:54:38","modified_gmt":"2025-07-18T11:54:38","slug":"faq-on-carpet-washing-machines","status":"publish","type":"page","link":"https:\/\/www.thecarpetwashingmachine.com\/de\/faq-on-carpet-washing-machines\/","title":{"rendered":"H\u00e4ufig gestellte Fragen zu Teppichwaschmaschinen"},"content":{"rendered":"<div class=\"wp-block-image\">\n<figure class=\"aligncenter\"><img loading=\"lazy\" decoding=\"async\" width=\"826\" height=\"390\" src=\"https:\/\/www.thecarpetwashingmachine.com\/wp-content\/uploads\/2025\/01\/hali-yikama-makinasi-kullanimi-1.jpg\" alt=\"Teppichwaschmaschinenpreis\" class=\"wp-image-384\" srcset=\"https:\/\/www.thecarpetwashingmachine.com\/wp-content\/uploads\/2025\/01\/hali-yikama-makinasi-kullanimi-1.jpg 826w, https:\/\/www.thecarpetwashingmachine.com\/wp-content\/uploads\/2025\/01\/hali-yikama-makinasi-kullanimi-1-300x142.jpg 300w, https:\/\/www.thecarpetwashingmachine.com\/wp-content\/uploads\/2025\/01\/hali-yikama-makinasi-kullanimi-1-768x363.jpg 768w\" sizes=\"auto, (max-width: 826px) 100vw, 826px\" \/><\/figure><\/div>\n\n\n<p><\/p>\n\n\n\n<ul class=\"wp-block-list\">\n<li><p data-sourcepos=\"339:1-339:3\">Wie hoch ist der Stromverbrauch der Maschine? <\/p><\/li>\n<\/ul>\n\n\n\n<p>Die genaue Messung des Stromverbrauchs unserer Teppichwaschmaschinen ist aus mehreren Gr\u00fcnden schwierig:<\/p>\n\n\n\n<ol class=\"wp-block-list\">\n<li>Vollautomatischer Betrieb: Nicht alle Maschinensysteme laufen gleichzeitig. Sie werden nur aktiviert, wenn ein Teppich vorhanden ist.                                                                                                                                                                  <\/li>\n\n\n\n<li>Variable Laufzeit und Verbrauch: Mehrere Faktoren beeinflussen die Betriebszeit und den Energieverbrauch der Maschine, darunter:                                                                                                                                          <\/li>\n\n\n\n<li>Verschmutzungsgrad des Teppichs: Stark verschmutzte Teppiche erfordern l\u00e4ngere Reinigungszyklen.                <\/li>\n\n\n\n<li>Teppichgr\u00f6\u00dfe: Gr\u00f6\u00dfere Teppiche ben\u00f6tigen mehr Zeit und Energie f\u00fcr die Reinigung.                                <\/li>\n\n\n\n<li>Reinigungschemikalien: Verschiedene Chemikalien haben unterschiedliche Auswirkungen auf die Reinigung. <\/li>\n\n\n\n<li>Wasserqualit\u00e4t: Hartes Wasser kann f\u00fcr eine effektive Reinigung zus\u00e4tzliche Aufbereitung erfordern. <\/li>\n\n\n\n<li>Bandgeschwindigkeit des F\u00f6rderbands: Die vom Bediener gew\u00e4hlte Geschwindigkeitseinstellung beeinflusst den Energieverbrauch.<\/li>\n<\/ol>\n\n\n\n<ul class=\"wp-block-list\">\n<li>Wie hoch ist die maximale Reinigungsleistung der Maschine pro Stunde?<\/li>\n<\/ul>\n\n\n\n<p>Viele der Variablen, die den Stromverbrauch beeinflussen, wirken sich auch auf die Kapazit\u00e4t aus, darunter:<br><\/p>\n\n\n\n<ol class=\"wp-block-list\">\n<li>Verschmutzungsgrad des Teppichs: Stark verschmutzte Teppiche erfordern l\u00e4ngere Reinigungszeiten, was die Stundenleistung beeintr\u00e4chtigt.                                                                                                                    <\/li>\n\n\n\n<li>Bandgeschwindigkeit des F\u00f6rderbands: Obwohl Ihre Maschinen einstellbare Geschwindigkeiten bieten, ist die Wahl der schnellsten Einstellung nicht immer optimal f\u00fcr stark verschmutzte Teppiche. <\/li>\n<\/ol>\n\n\n\n<p>Zur Veranschaulichung betrachten wir das folgende Szenario:<br><\/p>\n\n\n\n<ol class=\"wp-block-list\">\n<li>Maximale Teppichbreite: 3 Meter                                                                                                                              <\/li>\n\n\n\n<li>Teppichgr\u00f6\u00dfe: 3 Meter bis 4 Meter                                                                                                               <\/li>\n\n\n\n<li>Bandgeschwindigkeit: 1 Meter pro Minute                                                                                                                         <\/li>\n\n\n\n<li>Anzahl der B\u00fcrsten: 4+4=8 Scheibenb\u00fcrsten                                                                                                             <\/li>\n\n\n\n<li>Teppichtyp: Durchschnittlich verschmutzter, maschinell gefertigter Synthetikteppich <\/li>\n<\/ol>\n\n\n\n<p>In diesem Szenario sch\u00e4tzen wir eine Stundenleistung von ca. 180 Quadratmetern.<br><\/p>\n\n\n\n<ul class=\"wp-block-list\">\n<li>Wie hoch ist der Wasserverbrauch der Maschine? <\/li>\n<\/ul>\n\n\n\n<p>Unsere Maschinen zeichnen sich dank eines leistungsstarken Drucksystems durch eine hohe Wassereffizienz aus und verbrauchen nur 15-17 Liter pro Minute. Dar\u00fcber hinaus arbeitet das automatische Sp\u00fclsystem effizient und vermeidet unn\u00f6tigen Wasserverbrauch.<br><\/p>\n\n\n\n<ul class=\"wp-block-list\">\n<li>Welche Art von Geb\u00e4ude empfehlen Sie? <\/li>\n<\/ul>\n\n\n\n<p><p data-sourcepos=\"367:1-368:21\">Mindestanforderungen:<\/p><\/p>\n\n\n\n<ol class=\"wp-block-list\">\n<li>Grundfl\u00e4che: 100 Quadratmeter (einschlie\u00dflich Platz f\u00fcr Maschinen und Betrieb)                                                      <\/li>\n\n\n\n<li>Strom: Drehstrom                                                                                                                                             <\/li>\n\n\n\n<li>Wasserversorgung: St\u00e4dtische Infrastruktur oder Unterwasserbrunnen                                                        <\/li>\n\n\n\n<li>Luftkompressor: 100 Liter Fassungsverm\u00f6gen                                                                                                          <\/li>\n\n\n\n<li>Wassertank: 300 Liter Fassungsverm\u00f6gen                                                                                                                <\/li>\n\n\n\n<li>Shampoo-Mischtank: 100 Liter Fassungsverm\u00f6gen <\/li>\n<\/ol>\n\n\n\n<p>Empfohlene Anforderungen:<br><\/p>\n\n\n\n<ol class=\"wp-block-list\">\n<li>Grundfl\u00e4che: 250 Quadratmeter (erh\u00f6ht Effizienz und Flexibilit\u00e4t)                                                                       <\/li>\n\n\n\n<li>Luftkompressor: 150 Liter Fassungsverm\u00f6gen (bietet zus\u00e4tzliche Leistung f\u00fcr andere Ger\u00e4te)                              <\/li>\n\n\n\n<li>Wassertank: 2 Tonnen Fassungsverm\u00f6gen (gew\u00e4hrleistet ausreichend Wasser f\u00fcr l\u00e4ngere Nutzung)                  <\/li>\n\n\n\n<li>Shampoo-Mischtank: 1 Tonne Fassungsverm\u00f6gen (reduziert die Nachf\u00fcllh\u00e4ufigkeit) <\/li>\n<\/ol>\n\n\n\n<p>Hinweis: Dies sind allgemeine Empfehlungen. Ihre spezifischen Bed\u00fcrfnisse k\u00f6nnen je nach Gesch\u00e4ftsplan und erwartetem Volumen variieren.<br><\/p>\n\n\n\n<ul class=\"wp-block-list\">\n<li>Wie hoch sind die Versandkosten? <\/li>\n<\/ul>\n\n\n\n<p>Um Ihre Versandkosten zu sch\u00e4tzen, geben Sie uns bitte Folgendes an:<br><\/p>\n\n\n\n<ol class=\"wp-block-list\">\n<li>Ihre vollst\u00e4ndige Adresse                                                                                                                                                  <\/li>\n\n\n\n<li>Der Name des n\u00e4chstgelegenen Handelshafens <\/li>\n<\/ol>\n\n\n\n<p>Bitte beachten Sie, dass die von uns angebotene Sch\u00e4tzung der Versandkosten nur ungef\u00e4hr ist und zum Zeitpunkt des tats\u00e4chlichen Versands abweichen kann.<br><\/p>\n\n\n\n<ul class=\"wp-block-list\">\n<li>Ich sollte die gr\u00f6\u00dfte Maschine kaufen, damit ich alle Gr\u00f6\u00dfen waschen kann. Richtig? <\/li>\n<\/ul>\n\n\n\n<p>Es mag verlockend erscheinen, die gr\u00f6\u00dften Teppichwaschmaschinen zu kaufen, um jede Gr\u00f6\u00dfe zu bearbeiten, aber das ist nicht immer die beste Strategie. <\/p>\n\n\n\n<p>Hier ist der Grund:<br><\/p>\n\n\n\n<ol class=\"wp-block-list\">\n<li>Konzentrieren Sie sich auf Ihren typischen Kunden: Analysieren Sie die Teppiche, die Sie normalerweise reinigen, wie die von Freunden, Familie oder fr\u00fcheren Kunden. Wenn Sie haupts\u00e4chlich Wohngebiete bedienen, sind die meisten Teppiche kleiner.                                                                                                                                                               <\/li>\n\n\n\n<li>Recherchieren Sie beliebte Gr\u00f6\u00dfen: Wenden Sie sich an Teppichlieferanten oder Gesch\u00e4fte, um die g\u00e4ngigsten Gr\u00f6\u00dfen und Typen zu erfahren, die Kunden w\u00fcnschen.                                                                                                                   <\/li>\n\n\n\n<li>Zielen Sie auf bestimmte M\u00e4rkte ab: Wenn Sie Hotels oder B\u00fcros bedienen m\u00f6chten, wenden Sie sich direkt an diese, um deren Bed\u00fcrfnisse zu verstehen. <\/li>\n<\/ol>\n\n\n\n<p>Zum Beispiel w\u00e4re es in Izmir, T\u00fcrkei, nicht praktisch, eine riesige Maschine mit einer maximalen Teppichbreite von 4 Metern zu besitzen. Teppichgr\u00f6\u00dfen \u00fcberschreiten selten 9 Quadratmeter, und Sie w\u00fcrden nur wenige davon pro Monat finden. Kleinere Teppiche, wie 3, 4 und 6 Quadratmeter, zusammen mit L\u00e4ufern, sind viel h\u00e4ufiger. <\/p>\n\n\n\n<p>Durch die Wahl der richtigen Maschinengr\u00f6\u00dfe basierend auf Ihrem Zielmarkt und Ihren typischen Bed\u00fcrfnissen sparen Sie Geld und vermeiden unn\u00f6tige Ressourcen.<br><\/p>\n\n\n\n<ul class=\"wp-block-list\">\n<li>Wie viel kostet die Teppichwaschmaschine? <\/li>\n<\/ul>\n\n\n\n<p>Bevor wir \u00fcber den Preis sprechen, m\u00fcssen wir verstehen, was Sie brauchen. Verschiedene Maschinen haben unterschiedliche F\u00e4higkeiten und dementsprechend unterschiedliche Kosten. Wir bieten 5 Hauptmodelle an, jedes mit unterschiedlichen F\u00f6rderbandgr\u00f6\u00dfen. Zus\u00e4tzlich haben einige Modelle weitere Variationen, sogenannte Untermodelle. Au\u00dferdem k\u00f6nnen Sie optionale Funktionen w\u00e4hlen, um Ihre Maschine anzupassen. <\/p>\n\n\n\n<p>Um sicherzustellen, dass Sie den besten Wert erhalten, beachten Sie diese Schl\u00fcsselfaktoren:<br><\/p>\n\n\n\n<ol class=\"wp-block-list\">\n<li>Breite des F\u00f6rderbands: Dies bestimmt die maximale Breite der Teppiche, die Ihre Maschine verarbeiten kann. \u00dcberlegen Sie, welche Teppichgr\u00f6\u00dfen Sie am h\u00e4ufigsten reinigen m\u00f6chten.                                                              <\/li>\n\n\n\n<li>Anzahl der B\u00fcrsten: W\u00e4hrend 3+3=6 B\u00fcrsten f\u00fcr kleinere Maschinen (Modell mit maximal 2 Metern Teppichbreite) ausreichen k\u00f6nnten, ben\u00f6tigen gr\u00f6\u00dfere Maschinen in der Regel mehr B\u00fcrsten f\u00fcr eine schnellere Reinigung. <\/li>\n<\/ol>\n\n\n\n<p>Sobald Sie eine bessere Vorstellung von Ihren Bed\u00fcrfnissen haben, k\u00f6nnen wir Ihnen spezifische Preise und Modellvorschl\u00e4ge unterbreiten. F\u00fchlen Sie sich frei, alle Fragen zu stellen, die Sie haben!<br><\/p>\n\n\n\n<p>Was macht eine Maschine qualitativ hochwertig? <\/p>\n\n\n<p>Wenn Sie eine qualitativ hochwertige Teppichwaschmaschine suchen, m\u00fcssen Sie auf Folgendes achten:<\/p>\n<p data-sourcepos=\"412:1-412:94\">\u00a0<\/p>\n\n\n<p>Chassis-Material, Schrauben, Muttern, Lager usw.: Alle Metallkomponenten sollten aus Edelstahl der G\u00fcteklasse 304 bestehen. Diese G\u00fcteklasse bietet eine \u00fcberlegene Korrosionsbest\u00e4ndigkeit im Vergleich zu G\u00fcteklassen 430 oder niedriger. Feuerverzinkter Stahl ist ebenfalls unzureichend, da es sich im Wesentlichen um kohlenstoffhaltigen Stahl handelt, der mit Zink beschichtet ist, was in dieser Branche zu einer kurzen Lebensdauer f\u00fchrt.<br><\/p>\n\n\n\n<p>Schaltschrank: Entscheiden Sie sich f\u00fcr weltweit anerkannte Marken wie Mitsubishi, Siemens oder Schneider. Vermeiden Sie unbekannte Marken, da die Beschaffung von Ersatzteilen und technischem Support schwierig sein kann, insbesondere f\u00fcr SPS (speicherprogrammierbare Steuerungen) und Frequenzumrichter.<br><\/p>\n\n\n\n<p>B\u00fcrsten: Streben Sie mindestens sechs B\u00fcrsten (3+3=6) an. Einzeilige Konfigurationen (3 oder 4 B\u00fcrsten) werden aufgrund ihrer begrenzten Kapazit\u00e4t und Reinigungsleistung nicht empfohlen. Doppellinien (3+3=6, 4+4=8 oder 6+6=12) sind optimal f\u00fcr eine effektive Reinigung.<br><\/p>\n\n\n\n<p>Vielseitigkeit: Die Programmierung der Maschine sollte vielseitig genug sein, um verschiedene Teppicharten, Fransen und verschiedene Gr\u00f6\u00dfen zu ber\u00fccksichtigen.<br><br><br>Herstellerbewertung<br><br>Bei der Auswahl eines Herstellers f\u00fcr Ihre Maschine sind folgende Punkte zu beachten:<br><\/p>\n\n\n\n<p>Erfahrung: W\u00e4hlen Sie einen etablierten Hersteller mit nachgewiesener Erfolgsbilanz bei der L\u00f6sung von Problemen und der Bereitstellung zuverl\u00e4ssiger Produkte. Dies gew\u00e4hrleistet einen besseren Kundendienst und Fachwissen.<br><\/p>\n\n\n\n<p>Referenzen: Ein seri\u00f6ses Unternehmen sollte problemlos Referenzen vorlegen k\u00f6nnen, die zufriedene Kunden weltweit zeigen.<br><\/p>\n\n\n\n<p>Englischer Support: Stellen Sie sicher, dass das Unternehmen englischsprachigen Kundendienst anbietet. Einige Unternehmen bieten englischsprachigen Support nur f\u00fcr den Verkauf, nicht jedoch f\u00fcr den technischen Support an.<br><\/p>\n","protected":false},"excerpt":{"rendered":"<p>Die genaue Messung des Stromverbrauchs unserer Teppichwaschmaschinen ist aus mehreren Gr\u00fcnden schwierig: Viele der Variablen, die den Stromverbrauch beeinflussen, wirken sich auch auf die Kapazit\u00e4t&hellip;<\/p>\n","protected":false},"author":1,"featured_media":0,"parent":0,"menu_order":0,"comment_status":"closed","ping_status":"closed","template":"","meta":{"footnotes":""},"class_list":["post-383","page","type-page","status-publish","hentry"],"translation":{"provider":"WPGlobus","version":"3.0.0","language":"de","enabled_languages":["en","tr","fr","ar","es","de","pt","ru"],"languages":{"en":{"title":true,"content":true,"excerpt":false},"tr":{"title":true,"content":true,"excerpt":false},"fr":{"title":true,"content":true,"excerpt":false},"ar":{"title":true,"content":true,"excerpt":false},"es":{"title":true,"content":true,"excerpt":false},"de":{"title":true,"content":true,"excerpt":false},"pt":{"title":true,"content":true,"excerpt":false},"ru":{"title":true,"content":true,"excerpt":false}}},"yoast_head":"<!-- This site is optimized with the Yoast SEO plugin v24.7 - https:\/\/yoast.com\/wordpress\/plugins\/seo\/ -->\n<title>H\u00e4ufig gestellte Fragen zu Teppichwaschmaschinen - Teppichwaschmaschine<\/title>\n<meta name=\"description\" content=\"Was kostet eine Teppichwaschmaschine? Wie hoch ist der Strom- und Wasserverbrauch einer Teppichwaschmaschine?\" \/>\n<meta name=\"robots\" content=\"index, follow, max-snippet:-1, max-image-preview:large, max-video-preview:-1\" \/>\n<link rel=\"canonical\" href=\"https:\/\/www.thecarpetwashingmachine.com\/faq-on-carpet-washing-machines\/\" \/>\n<meta property=\"og:locale\" content=\"de_DE\" \/>\n<meta property=\"og:type\" content=\"article\" \/>\n<meta property=\"og:title\" content=\"H\u00e4ufig gestellte Fragen zu Teppichwaschmaschinen - Teppichwaschmaschine\" \/>\n<meta property=\"og:description\" content=\"Was kostet eine Teppichwaschmaschine? Wie hoch ist der Strom- und Wasserverbrauch einer Teppichwaschmaschine?\" \/>\n<meta property=\"og:url\" content=\"https:\/\/www.thecarpetwashingmachine.com\/faq-on-carpet-washing-machines\/\" \/>\n<meta property=\"og:site_name\" content=\"Teppichwaschmaschine\" \/>\n<meta property=\"article:publisher\" content=\"http:\/\/www.facebook.com\/carpetwashingmachine\" \/>\n<meta property=\"article:modified_time\" content=\"2025-07-18T11:54:38+00:00\" \/>\n<meta property=\"og:image\" content=\"https:\/\/www.thecarpetwashingmachine.com\/wp-content\/uploads\/2025\/01\/hali-yikama-makinasi-kullanimi-1.jpg\" \/>\n\t<meta property=\"og:image:width\" content=\"826\" \/>\n\t<meta property=\"og:image:height\" content=\"390\" \/>\n\t<meta property=\"og:image:type\" content=\"image\/jpeg\" \/>\n<meta name=\"twitter:card\" content=\"summary_large_image\" \/>\n<meta name=\"twitter:label1\" content=\"Gesch\u00e4tzte Lesezeit\" \/>\n\t<meta name=\"twitter:data1\" content=\"5\u00a0Minuten\" \/>\n<script type=\"application\/ld+json\" class=\"yoast-schema-graph\">{\"@context\":\"https:\/\/schema.org\",\"@graph\":[{\"@type\":\"WebPage\",\"@id\":\"https:\/\/www.thecarpetwashingmachine.com\/faq-on-carpet-washing-machines\/\",\"url\":\"https:\/\/www.thecarpetwashingmachine.com\/faq-on-carpet-washing-machines\/\",\"name\":\"H\u00e4ufig gestellte Fragen zu Teppichwaschmaschinen - Teppichwaschmaschine\",\"isPartOf\":{\"@id\":\"https:\/\/www.thecarpetwashingmachine.com\/#website\"},\"primaryImageOfPage\":{\"@id\":\"https:\/\/www.thecarpetwashingmachine.com\/faq-on-carpet-washing-machines\/#primaryimage\"},\"image\":{\"@id\":\"https:\/\/www.thecarpetwashingmachine.com\/faq-on-carpet-washing-machines\/#primaryimage\"},\"thumbnailUrl\":\"https:\/\/www.thecarpetwashingmachine.com\/wp-content\/uploads\/2025\/01\/hali-yikama-makinasi-kullanimi-1.jpg\",\"datePublished\":\"2025-01-30T13:00:47+00:00\",\"dateModified\":\"2025-07-18T11:54:38+00:00\",\"description\":\"Was kostet eine Teppichwaschmaschine? Wie hoch ist der Strom- und Wasserverbrauch einer Teppichwaschmaschine?\",\"breadcrumb\":{\"@id\":\"https:\/\/www.thecarpetwashingmachine.com\/faq-on-carpet-washing-machines\/#breadcrumb\"},\"inLanguage\":\"de\",\"potentialAction\":[{\"@type\":\"ReadAction\",\"target\":[\"https:\/\/www.thecarpetwashingmachine.com\/faq-on-carpet-washing-machines\/\"]}]},{\"@type\":\"ImageObject\",\"inLanguage\":\"de\",\"@id\":\"https:\/\/www.thecarpetwashingmachine.com\/faq-on-carpet-washing-machines\/#primaryimage\",\"url\":\"https:\/\/www.thecarpetwashingmachine.com\/wp-content\/uploads\/2025\/01\/hali-yikama-makinasi-kullanimi-1.jpg\",\"contentUrl\":\"https:\/\/www.thecarpetwashingmachine.com\/wp-content\/uploads\/2025\/01\/hali-yikama-makinasi-kullanimi-1.jpg\"},{\"@type\":\"BreadcrumbList\",\"@id\":\"https:\/\/www.thecarpetwashingmachine.com\/faq-on-carpet-washing-machines\/#breadcrumb\",\"itemListElement\":[{\"@type\":\"ListItem\",\"position\":1,\"name\":\"Home\",\"item\":\"https:\/\/www.thecarpetwashingmachine.com\/\"},{\"@type\":\"ListItem\",\"position\":2,\"name\":\"Frequently Asked Questions on Carpet Washing Machines\"}]},{\"@type\":\"WebSite\",\"@id\":\"https:\/\/www.thecarpetwashingmachine.com\/#website\",\"url\":\"https:\/\/www.thecarpetwashingmachine.com\/\",\"name\":\"Teppichwaschmaschine\",\"description\":\"Die Teppichwaschmaschine gibt es auf der ganzen Welt!\",\"potentialAction\":[{\"@type\":\"SearchAction\",\"target\":{\"@type\":\"EntryPoint\",\"urlTemplate\":\"https:\/\/www.thecarpetwashingmachine.com\/?s={search_term_string}\"},\"query-input\":{\"@type\":\"PropertyValueSpecification\",\"valueRequired\":true,\"valueName\":\"search_term_string\"}}],\"inLanguage\":\"de\"}]}<\/script>\n<!-- \/ Yoast SEO plugin. -->","yoast_head_json":{"title":"H\u00e4ufig gestellte Fragen zu Teppichwaschmaschinen - Teppichwaschmaschine","description":"Was kostet eine Teppichwaschmaschine? Wie hoch ist der Strom- und Wasserverbrauch einer Teppichwaschmaschine?","robots":{"index":"index","follow":"follow","max-snippet":"max-snippet:-1","max-image-preview":"max-image-preview:large","max-video-preview":"max-video-preview:-1"},"canonical":"https:\/\/www.thecarpetwashingmachine.com\/faq-on-carpet-washing-machines\/","og_locale":"de_DE","og_type":"article","og_title":"H\u00e4ufig gestellte Fragen zu Teppichwaschmaschinen - Teppichwaschmaschine","og_description":"Was kostet eine Teppichwaschmaschine? Wie hoch ist der Strom- und Wasserverbrauch einer Teppichwaschmaschine?","og_url":"https:\/\/www.thecarpetwashingmachine.com\/faq-on-carpet-washing-machines\/","og_site_name":"Teppichwaschmaschine","article_publisher":"http:\/\/www.facebook.com\/carpetwashingmachine","article_modified_time":"2025-07-18T11:54:38+00:00","og_image":[{"width":826,"height":390,"url":"https:\/\/www.thecarpetwashingmachine.com\/wp-content\/uploads\/2025\/01\/hali-yikama-makinasi-kullanimi-1.jpg","type":"image\/jpeg"}],"twitter_card":"summary_large_image","twitter_misc":{"Gesch\u00e4tzte Lesezeit":"5\u00a0Minuten"},"schema":{"@context":"https:\/\/schema.org","@graph":[{"@type":"WebPage","@id":"https:\/\/www.thecarpetwashingmachine.com\/faq-on-carpet-washing-machines\/","url":"https:\/\/www.thecarpetwashingmachine.com\/faq-on-carpet-washing-machines\/","name":"H\u00e4ufig gestellte Fragen zu Teppichwaschmaschinen - Teppichwaschmaschine","isPartOf":{"@id":"https:\/\/www.thecarpetwashingmachine.com\/#website"},"primaryImageOfPage":{"@id":"https:\/\/www.thecarpetwashingmachine.com\/faq-on-carpet-washing-machines\/#primaryimage"},"image":{"@id":"https:\/\/www.thecarpetwashingmachine.com\/faq-on-carpet-washing-machines\/#primaryimage"},"thumbnailUrl":"https:\/\/www.thecarpetwashingmachine.com\/wp-content\/uploads\/2025\/01\/hali-yikama-makinasi-kullanimi-1.jpg","datePublished":"2025-01-30T13:00:47+00:00","dateModified":"2025-07-18T11:54:38+00:00","description":"Was kostet eine Teppichwaschmaschine? Wie hoch ist der Strom- und Wasserverbrauch einer Teppichwaschmaschine?","breadcrumb":{"@id":"https:\/\/www.thecarpetwashingmachine.com\/faq-on-carpet-washing-machines\/#breadcrumb"},"inLanguage":"de","potentialAction":[{"@type":"ReadAction","target":["https:\/\/www.thecarpetwashingmachine.com\/faq-on-carpet-washing-machines\/"]}]},{"@type":"ImageObject","inLanguage":"de","@id":"https:\/\/www.thecarpetwashingmachine.com\/faq-on-carpet-washing-machines\/#primaryimage","url":"https:\/\/www.thecarpetwashingmachine.com\/wp-content\/uploads\/2025\/01\/hali-yikama-makinasi-kullanimi-1.jpg","contentUrl":"https:\/\/www.thecarpetwashingmachine.com\/wp-content\/uploads\/2025\/01\/hali-yikama-makinasi-kullanimi-1.jpg"},{"@type":"BreadcrumbList","@id":"https:\/\/www.thecarpetwashingmachine.com\/faq-on-carpet-washing-machines\/#breadcrumb","itemListElement":[{"@type":"ListItem","position":1,"name":"Home","item":"https:\/\/www.thecarpetwashingmachine.com\/"},{"@type":"ListItem","position":2,"name":"Frequently Asked Questions on Carpet Washing Machines"}]},{"@type":"WebSite","@id":"https:\/\/www.thecarpetwashingmachine.com\/#website","url":"https:\/\/www.thecarpetwashingmachine.com\/","name":"Teppichwaschmaschine","description":"Die Teppichwaschmaschine gibt es auf der ganzen Welt!","potentialAction":[{"@type":"SearchAction","target":{"@type":"EntryPoint","urlTemplate":"https:\/\/www.thecarpetwashingmachine.com\/?s={search_term_string}"},"query-input":{"@type":"PropertyValueSpecification","valueRequired":true,"valueName":"search_term_string"}}],"inLanguage":"de"}]}},"_links":{"self":[{"href":"https:\/\/www.thecarpetwashingmachine.com\/de\/wp-json\/wp\/v2\/pages\/383","targetHints":{"allow":["GET"]}}],"collection":[{"href":"https:\/\/www.thecarpetwashingmachine.com\/de\/wp-json\/wp\/v2\/pages"}],"about":[{"href":"https:\/\/www.thecarpetwashingmachine.com\/de\/wp-json\/wp\/v2\/types\/page"}],"author":[{"embeddable":true,"href":"https:\/\/www.thecarpetwashingmachine.com\/de\/wp-json\/wp\/v2\/users\/1"}],"replies":[{"embeddable":true,"href":"https:\/\/www.thecarpetwashingmachine.com\/de\/wp-json\/wp\/v2\/comments?post=383"}],"version-history":[{"count":48,"href":"https:\/\/www.thecarpetwashingmachine.com\/de\/wp-json\/wp\/v2\/pages\/383\/revisions"}],"predecessor-version":[{"id":2462,"href":"https:\/\/www.thecarpetwashingmachine.com\/de\/wp-json\/wp\/v2\/pages\/383\/revisions\/2462"}],"wp:attachment":[{"href":"https:\/\/www.thecarpetwashingmachine.com\/de\/wp-json\/wp\/v2\/media?parent=383"}],"curies":[{"name":"wp","href":"https:\/\/api.w.org\/{rel}","templated":true}]}}