{"id":370,"date":"2025-01-16T11:18:51","date_gmt":"2025-01-16T11:18:51","guid":{"rendered":"https:\/\/www.thecarpetwashingmachine.com\/?page_id=370"},"modified":"2025-07-14T13:18:29","modified_gmt":"2025-07-14T13:18:29","slug":"carpet-finishing-machine","status":"publish","type":"page","link":"https:\/\/www.thecarpetwashingmachine.com\/de\/carpet-finishing-machine\/","title":{"rendered":"Teppichveredelungsmaschine"},"content":{"rendered":"<p><iframe loading=\"lazy\" title=\"New HPM Rug and Carpet Finishing Machine\" width=\"843\" height=\"474\" src=\"https:\/\/www.youtube.com\/embed\/QJ1NfUuUeOw?feature=oembed\" frameborder=\"0\" allow=\"accelerometer; autoplay; clipboard-write; encrypted-media; gyroscope; picture-in-picture; web-share\" referrerpolicy=\"strict-origin-when-cross-origin\" allowfullscreen><\/iframe><\/p>\n<ul data-sourcepos=\"9:1-13:0\">\n<li data-sourcepos=\"17:1-18:0\">\n<p data-sourcepos=\"2:1-2:397\">Diese Maschine, bekannt als <strong>Teppich-Finishing-Maschine<\/strong>, hat auch mehrere alternative Bezeichnungen, darunter <strong>Teppich-Verpackungsmaschine<\/strong> und <strong>Teppich-Kehrmaschine<\/strong>. Ihre Hauptfunktion ist es, die Teppichoberfl\u00e4che vor dem Rollen und Verpacken einer <strong>abschlie\u00dfenden B\u00fcrsten- und Staubsaugerbehandlung<\/strong> zu unterziehen. Im Gegensatz zu unseren <a href=\"http:\/\/thecarpetwashingmachine.com\/de\/how-to-choose-the-right-carpet-washing-machine\/\">anderen Maschinen<\/a> w\u00e4scht sie keine Teppiche.<\/p>\n<h3 data-sourcepos=\"5:1-5:30\">Design und Funktionalit\u00e4t:<\/h3>\n<p data-sourcepos=\"7:1-7:151\">Unser System verf\u00fcgt \u00fcber eine <strong>gro\u00dfe, parallele Zylinderb\u00fcrste<\/strong>, die vorne positioniert ist, erg\u00e4nzt durch <strong>vier kleinere Zylinderb\u00fcrsten<\/strong> hinten.<\/p>\n<p data-sourcepos=\"9:1-9:240\">Der Teppich wird zun\u00e4chst unter das Zylinderb\u00fcrstensystem gef\u00fchrt. Ein <strong>pneumatischer Mechanismus<\/strong> senkt das System ab, um die Teppichoberfl\u00e4che effektiv zu kehren. Der Druck, der von der Zylinderb\u00fcrste ausge\u00fcbt wird, ist <strong>einstellbar<\/strong>.<\/p>\n<p data-sourcepos=\"11:1-11:170\">Optional kann diese Zylinderb\u00fcrste mit einem <strong>Vakuumsystem<\/strong> ausgestattet werden, \u00e4hnlich denen, die in unseren herk\u00f6mmlichen Teppich-Finishing-Maschinen zu finden sind.<\/p>\n<p data-sourcepos=\"13:1-13:457\">Die vier kleineren Zylinderb\u00fcrsten, die auf der R\u00fcckseite positioniert sind, funktionieren \u00e4hnlich wie die Scheibenb\u00fcrsten, die in Teppichwaschmaschinen oder Haushaltsstaubsaugern verwendet werden. Diese B\u00fcrsten kehren den Teppich von links nach rechts. Bemerkenswert ist, dass das <strong>Vakuumsystem in das Linearsystem integriert<\/strong> ist, wodurch eine separate Einheit \u00fcberfl\u00fcssig wird. Zus\u00e4tzlich ist der Druck dieser Zylinderb\u00fcrsten ebenfalls <strong>einstellbar<\/strong>.<\/p>\n<p data-sourcepos=\"15:1-15:156\">Nach der anf\u00e4nglichen B\u00fcrstphase kann der Teppich entweder zum Verpacken angehalten oder f\u00fcr einen letzten Reinigungszyklus nach vorne zur\u00fcckgef\u00fchrt werden.<\/p>\n<p data-sourcepos=\"17:1-17:135\">Wenn der Kunde die R\u00fcckgabeoption w\u00e4hlt, wird der Teppich erneut alle Phasen durchlaufen, bevor er f\u00fcr die Verpackung vorbereitet wird.<\/p>\n<p data-sourcepos=\"19:1-19:108\">Neben dem Finishing kann die Maschine auch zur <strong>Teppichentstaubung vor dem Waschvorgang<\/strong> verwendet werden.<\/p>\n<\/li>\n<\/ul>\n","protected":false},"excerpt":{"rendered":"<p>Diese Maschine, bekannt als Teppich-Finishing-Maschine, hat auch mehrere alternative Bezeichnungen, darunter Teppich-Verpackungsmaschine und Teppich-Kehrmaschine. Ihre Hauptfunktion ist es, die Teppichoberfl\u00e4che vor dem Rollen und Verpacken&hellip;<\/p>\n","protected":false},"author":1,"featured_media":0,"parent":0,"menu_order":0,"comment_status":"closed","ping_status":"closed","template":"","meta":{"footnotes":""},"class_list":["post-370","page","type-page","status-publish","hentry"],"translation":{"provider":"WPGlobus","version":"3.0.0","language":"de","enabled_languages":["en","tr","fr","ar","es","de","pt","ru"],"languages":{"en":{"title":true,"content":true,"excerpt":false},"tr":{"title":true,"content":true,"excerpt":false},"fr":{"title":true,"content":true,"excerpt":false},"ar":{"title":true,"content":true,"excerpt":false},"es":{"title":true,"content":true,"excerpt":false},"de":{"title":true,"content":true,"excerpt":false},"pt":{"title":true,"content":true,"excerpt":false},"ru":{"title":true,"content":true,"excerpt":false}}},"yoast_head":"<!-- This site is optimized with the Yoast SEO plugin v24.7 - https:\/\/yoast.com\/wordpress\/plugins\/seo\/ -->\n<title>Teppichveredelungsmaschine - Teppichwaschmaschine<\/title>\n<meta name=\"description\" content=\"Teppich-Finish-Maschine: Wird haupts\u00e4chlich nach der Reinigung eingesetzt. Sie b\u00fcrstet, kehrt und saugt die Teppiche nach der Trocknung.\" \/>\n<meta name=\"robots\" content=\"index, follow, max-snippet:-1, max-image-preview:large, max-video-preview:-1\" \/>\n<link rel=\"canonical\" href=\"https:\/\/www.thecarpetwashingmachine.com\/carpet-finishing-machine\/\" \/>\n<meta property=\"og:locale\" content=\"de_DE\" \/>\n<meta property=\"og:type\" content=\"article\" \/>\n<meta property=\"og:title\" content=\"Teppichveredelungsmaschine - Teppichwaschmaschine\" \/>\n<meta property=\"og:description\" content=\"Teppich-Finish-Maschine: Wird haupts\u00e4chlich nach der Reinigung eingesetzt. Sie b\u00fcrstet, kehrt und saugt die Teppiche nach der Trocknung.\" \/>\n<meta property=\"og:url\" content=\"https:\/\/www.thecarpetwashingmachine.com\/carpet-finishing-machine\/\" \/>\n<meta property=\"og:site_name\" content=\"Teppichwaschmaschine\" \/>\n<meta property=\"article:publisher\" content=\"http:\/\/www.facebook.com\/carpetwashingmachine\" \/>\n<meta property=\"article:modified_time\" content=\"2025-07-14T13:18:29+00:00\" \/>\n<meta name=\"twitter:card\" content=\"summary_large_image\" \/>\n<meta name=\"twitter:label1\" content=\"Gesch\u00e4tzte Lesezeit\" \/>\n\t<meta name=\"twitter:data1\" content=\"2\u00a0Minuten\" \/>\n<script type=\"application\/ld+json\" class=\"yoast-schema-graph\">{\"@context\":\"https:\/\/schema.org\",\"@graph\":[{\"@type\":\"WebPage\",\"@id\":\"https:\/\/www.thecarpetwashingmachine.com\/carpet-finishing-machine\/\",\"url\":\"https:\/\/www.thecarpetwashingmachine.com\/carpet-finishing-machine\/\",\"name\":\"Machine de finition de tapis - Teppichwaschmaschine\",\"isPartOf\":{\"@id\":\"https:\/\/www.thecarpetwashingmachine.com\/#website\"},\"datePublished\":\"2025-01-16T11:18:51+00:00\",\"dateModified\":\"2025-07-14T13:18:29+00:00\",\"description\":\"La machine de finition de tapis est principalement utilis\u00e9e apr\u00e8s le nettoyage. Elle brosse, balaie et aspire les tapis apr\u00e8s le s\u00e9chage.\",\"breadcrumb\":{\"@id\":\"https:\/\/www.thecarpetwashingmachine.com\/carpet-finishing-machine\/#breadcrumb\"},\"inLanguage\":\"de\",\"potentialAction\":[{\"@type\":\"ReadAction\",\"target\":[\"https:\/\/www.thecarpetwashingmachine.com\/carpet-finishing-machine\/\"]}]},{\"@type\":\"BreadcrumbList\",\"@id\":\"https:\/\/www.thecarpetwashingmachine.com\/carpet-finishing-machine\/#breadcrumb\",\"itemListElement\":[{\"@type\":\"ListItem\",\"position\":1,\"name\":\"Home\",\"item\":\"https:\/\/www.thecarpetwashingmachine.com\/\"},{\"@type\":\"ListItem\",\"position\":2,\"name\":\"Carpet Finishing Machine\"}]},{\"@type\":\"WebSite\",\"@id\":\"https:\/\/www.thecarpetwashingmachine.com\/#website\",\"url\":\"https:\/\/www.thecarpetwashingmachine.com\/\",\"name\":\"Teppichwaschmaschine\",\"description\":\"Die Teppichwaschmaschine gibt es auf der ganzen Welt!\",\"potentialAction\":[{\"@type\":\"SearchAction\",\"target\":{\"@type\":\"EntryPoint\",\"urlTemplate\":\"https:\/\/www.thecarpetwashingmachine.com\/?s={search_term_string}\"},\"query-input\":{\"@type\":\"PropertyValueSpecification\",\"valueRequired\":true,\"valueName\":\"search_term_string\"}}],\"inLanguage\":\"de\"}]}<\/script>\n<!-- \/ Yoast SEO plugin. -->","yoast_head_json":{"title":"Teppichveredelungsmaschine - Teppichwaschmaschine","description":"Teppich-Finish-Maschine: Wird haupts\u00e4chlich nach der Reinigung eingesetzt. Sie b\u00fcrstet, kehrt und saugt die Teppiche nach der Trocknung.","robots":{"index":"index","follow":"follow","max-snippet":"max-snippet:-1","max-image-preview":"max-image-preview:large","max-video-preview":"max-video-preview:-1"},"canonical":"https:\/\/www.thecarpetwashingmachine.com\/carpet-finishing-machine\/","og_locale":"de_DE","og_type":"article","og_title":"Teppichveredelungsmaschine - Teppichwaschmaschine","og_description":"Teppich-Finish-Maschine: Wird haupts\u00e4chlich nach der Reinigung eingesetzt. Sie b\u00fcrstet, kehrt und saugt die Teppiche nach der Trocknung.","og_url":"https:\/\/www.thecarpetwashingmachine.com\/carpet-finishing-machine\/","og_site_name":"Teppichwaschmaschine","article_publisher":"http:\/\/www.facebook.com\/carpetwashingmachine","article_modified_time":"2025-07-14T13:18:29+00:00","twitter_card":"summary_large_image","twitter_misc":{"Gesch\u00e4tzte Lesezeit":"2\u00a0Minuten"},"schema":{"@context":"https:\/\/schema.org","@graph":[{"@type":"WebPage","@id":"https:\/\/www.thecarpetwashingmachine.com\/carpet-finishing-machine\/","url":"https:\/\/www.thecarpetwashingmachine.com\/carpet-finishing-machine\/","name":"Machine de finition de tapis - Teppichwaschmaschine","isPartOf":{"@id":"https:\/\/www.thecarpetwashingmachine.com\/#website"},"datePublished":"2025-01-16T11:18:51+00:00","dateModified":"2025-07-14T13:18:29+00:00","description":"La machine de finition de tapis est principalement utilis\u00e9e apr\u00e8s le nettoyage. Elle brosse, balaie et aspire les tapis apr\u00e8s le s\u00e9chage.","breadcrumb":{"@id":"https:\/\/www.thecarpetwashingmachine.com\/carpet-finishing-machine\/#breadcrumb"},"inLanguage":"de","potentialAction":[{"@type":"ReadAction","target":["https:\/\/www.thecarpetwashingmachine.com\/carpet-finishing-machine\/"]}]},{"@type":"BreadcrumbList","@id":"https:\/\/www.thecarpetwashingmachine.com\/carpet-finishing-machine\/#breadcrumb","itemListElement":[{"@type":"ListItem","position":1,"name":"Home","item":"https:\/\/www.thecarpetwashingmachine.com\/"},{"@type":"ListItem","position":2,"name":"Carpet Finishing Machine"}]},{"@type":"WebSite","@id":"https:\/\/www.thecarpetwashingmachine.com\/#website","url":"https:\/\/www.thecarpetwashingmachine.com\/","name":"Teppichwaschmaschine","description":"Die Teppichwaschmaschine gibt es auf der ganzen Welt!","potentialAction":[{"@type":"SearchAction","target":{"@type":"EntryPoint","urlTemplate":"https:\/\/www.thecarpetwashingmachine.com\/?s={search_term_string}"},"query-input":{"@type":"PropertyValueSpecification","valueRequired":true,"valueName":"search_term_string"}}],"inLanguage":"de"}]}},"_links":{"self":[{"href":"https:\/\/www.thecarpetwashingmachine.com\/de\/wp-json\/wp\/v2\/pages\/370","targetHints":{"allow":["GET"]}}],"collection":[{"href":"https:\/\/www.thecarpetwashingmachine.com\/de\/wp-json\/wp\/v2\/pages"}],"about":[{"href":"https:\/\/www.thecarpetwashingmachine.com\/de\/wp-json\/wp\/v2\/types\/page"}],"author":[{"embeddable":true,"href":"https:\/\/www.thecarpetwashingmachine.com\/de\/wp-json\/wp\/v2\/users\/1"}],"replies":[{"embeddable":true,"href":"https:\/\/www.thecarpetwashingmachine.com\/de\/wp-json\/wp\/v2\/comments?post=370"}],"version-history":[{"count":34,"href":"https:\/\/www.thecarpetwashingmachine.com\/de\/wp-json\/wp\/v2\/pages\/370\/revisions"}],"predecessor-version":[{"id":2444,"href":"https:\/\/www.thecarpetwashingmachine.com\/de\/wp-json\/wp\/v2\/pages\/370\/revisions\/2444"}],"wp:attachment":[{"href":"https:\/\/www.thecarpetwashingmachine.com\/de\/wp-json\/wp\/v2\/media?parent=370"}],"curies":[{"name":"wp","href":"https:\/\/api.w.org\/{rel}","templated":true}]}}