{"id":25,"date":"2018-05-18T15:20:44","date_gmt":"2018-05-18T15:20:44","guid":{"rendered":"http:\/\/thecarpetwashingmachine.com\/?page_id=25"},"modified":"2025-06-18T10:54:10","modified_gmt":"2025-06-18T10:54:10","slug":"carpet-washing-machine-2","status":"publish","type":"page","link":"https:\/\/www.thecarpetwashingmachine.com\/de\/carpet-washing-machine-2\/","title":{"rendered":"Fragen zur Teppichwaschmaschine"},"content":{"rendered":"<h3><img loading=\"lazy\" decoding=\"async\" class=\"alignnone wp-image-39 size-full\" src=\"https:\/\/www.thecarpetwashingmachine.com\/wp-content\/uploads\/2018\/05\/high-quality-carpet-washing-machine.jpg\" alt=\"Teppichwaschmaschine\" width=\"500\" height=\"278\" srcset=\"https:\/\/www.thecarpetwashingmachine.com\/wp-content\/uploads\/2018\/05\/high-quality-carpet-washing-machine.jpg 500w, https:\/\/www.thecarpetwashingmachine.com\/wp-content\/uploads\/2018\/05\/high-quality-carpet-washing-machine-300x167.jpg 300w\" sizes=\"auto, (max-width: 500px) 100vw, 500px\" \/><\/h3>\n<h3><\/h3>\n<h3><strong>Teppichwaschmaschine, was ist das?<\/strong><\/h3>\n<p>Teppichwaschmaschinen nutzen Wasser, Strom und Seife f\u00fcr die Reinigung der Teppiche. Sie arbeiten in der Regel mit Lagern, Motoren, B\u00fcrsten, F\u00f6rderb\u00e4ndern und luftbetriebenen Systemen.<\/p>\n<h4><strong>Was ist eine vollautomatisierte Teppichwaschmaschine?<\/strong><\/h4>\n<p>Diese Art von Maschinen besitzen SPS und Sensoren in ihren Systemen. Die Maschinen erkennen die Teppiche automatisch und sind sparsam bei der Verwendung von Wasser oder Seife. F\u00fcr jede Teppichart gibt es eine eigene Arbeitsweise. Das System schaltet sich aus, wenn das F\u00f6rderband leer ist.<\/p>\n<h5><strong>Warum muss eine Teppichwaschmaschine aus Edelstahl sein?<\/strong><\/h5>\n<p>Maschinen aus verzinktem und epoxidbeschichtetem Stahl sind in der Teppichwaschmaschinen Branche weit verbreitet. Wissenschaftlich gesehen werden im Reinigungssektor jedoch viele Chemikalien mit unterschiedlichen pH-Werten verwendet. Bei der Reinigung k\u00f6nnen Teppiche nicht ohne Teppichwaschmittel gewaschen werden. Teppichwaschmittel haben einen h\u00f6heren oder einen niedrigeren pH-Wert als 7, somit nicht neutral. Aufgrund dessen, k\u00f6nnen nicht \u00fcber eine lange Zeit verzinktes oder epoxidbeschichtetes Stahl verwendet werden. Ein verzinkter oder epoxidbeschichteter Stahl h\u00e4lt maximal 2<span style=\"font-size: 16px;\">-3 Jahre. Einige Teppichreiniger verwenden sogar extreme Chemikalien wie Kaliumhyposulfit und \u00c4tznatron. Sobald eine Maschine rostet, kann sie nicht mehr zum Reinigen verwendet werden.<\/span><\/p>\n<h5><strong>Welche Elektronikmarken eignen sich f\u00fcr Teppichwaschmaschinen?<\/strong><\/h5>\n<p>Marken wie Siemens, Schneider und Mitsubishi geh\u00f6ren zu den weltweit bekanntesten Herstellern von elektrischen Teilen in Teppichwaschmaschinen. Anderseits gibt es auch zahlreiche Unternehmen die geringwertigere Teile f\u00fcr ihre Maschinen benutzen, die haupts\u00e4chlich aus China exportiert werden.\u00a0Langfristig gesehen k\u00f6nnen chinesische Teile Probleme an den elektrischen und mechanischen Komponenten der Maschinen verursachen.<\/p>\n<h5>Was ist ein SPS-System?<\/h5>\n<p>Es ist eine programmierbare Steuerung. Um es anders zu formulieren, das Gehirn der vollautomatischen Teppichwaschmaschinen. Maschinen, die mit hochwertigen SPS-Einheiten ausgestattet sind, k\u00f6nnen weltweit alle Arten von Teppichen waschen. Sie k\u00f6nnen die Teppiche je nach Gr\u00f6\u00dfe und Dauer waschen, ohne dabei unn\u00f6tig Wasser, Chemikalien, Zeit, Strom und Arbeitskr\u00e4fte zu verschwenden. Mit hochwertigen SPS-Systemen kann der Hersteller Ihre Probleme aus der Ferne l\u00f6sen, was auch das Hinzuf\u00fcgen neuer Teppicharten und Waschprogramme erm\u00f6glicht.<\/p>\n<h4><strong>Welche ist die beste Teppichwaschmaschine?<\/strong><\/h4>\n<p>Das h\u00e4ngt von Ihren Anforderungen ab. Wenn 80 &#8211; 90 % der Teppiche, die Sie waschen, 2 m breit sind, k\u00f6nnen Sie eine Teppichwaschmaschine mit max. 2,2 m Teppichbreite w\u00e4hlen. Jede Maschine muss aus Sicherheitsgr\u00fcnden auf jeder Seite des F\u00f6rderbands 10 cm Platz haben. Wenn Sie \u00fcberwiegend Teppiche mit 4 m Breite erhalten, ben\u00f6tigen Sie eine Maschine mit max. 4,2 m Teppichbreite. Die beste Teppichwaschmaschine besteht nat\u00fcrlich aus Edelstahl. Es ist vollautomatisch und kann jede Art von Teppich problemlos reinigen.<\/p>\n","protected":false},"excerpt":{"rendered":"<p>Teppichwaschmaschine, was ist das? Teppichwaschmaschinen nutzen Wasser, Strom und Seife f\u00fcr die Reinigung der Teppiche. Sie arbeiten in der Regel mit Lagern, Motoren, B\u00fcrsten, F\u00f6rderb\u00e4ndern&hellip;<\/p>\n","protected":false},"author":1,"featured_media":0,"parent":0,"menu_order":0,"comment_status":"closed","ping_status":"closed","template":"","meta":{"footnotes":""},"class_list":["post-25","page","type-page","status-publish","hentry"],"translation":{"provider":"WPGlobus","version":"3.0.0","language":"de","enabled_languages":["en","tr","fr","ar","es","de","pt","ru"],"languages":{"en":{"title":true,"content":true,"excerpt":false},"tr":{"title":true,"content":true,"excerpt":false},"fr":{"title":true,"content":true,"excerpt":false},"ar":{"title":true,"content":true,"excerpt":false},"es":{"title":true,"content":true,"excerpt":false},"de":{"title":true,"content":true,"excerpt":false},"pt":{"title":true,"content":true,"excerpt":false},"ru":{"title":true,"content":true,"excerpt":false}}},"yoast_head":"<!-- This site is optimized with the Yoast SEO plugin v24.7 - https:\/\/yoast.com\/wordpress\/plugins\/seo\/ -->\n<title>Fragen zur Teppichwaschmaschine - Teppichwaschmaschine<\/title>\n<meta name=\"description\" content=\"Lernen Sie die Grundlagen von Teppichwaschmaschinen: Was sie sind, vollautomatische Optionen und wie Sie die beste f\u00fcr Ihre Bed\u00fcrfnisse finden.\" \/>\n<meta name=\"robots\" content=\"index, follow, max-snippet:-1, max-image-preview:large, max-video-preview:-1\" \/>\n<link rel=\"canonical\" href=\"https:\/\/www.thecarpetwashingmachine.com\/\" \/>\n<meta property=\"og:locale\" content=\"de_DE\" \/>\n<meta property=\"og:type\" content=\"article\" \/>\n<meta property=\"og:title\" content=\"Fragen zur Teppichwaschmaschine - Teppichwaschmaschine\" \/>\n<meta property=\"og:description\" content=\"Lernen Sie die Grundlagen von Teppichwaschmaschinen: Was sie sind, vollautomatische Optionen und wie Sie die beste f\u00fcr Ihre Bed\u00fcrfnisse finden.\" \/>\n<meta property=\"og:url\" content=\"https:\/\/www.thecarpetwashingmachine.com\/\" \/>\n<meta property=\"og:site_name\" content=\"Teppichwaschmaschine\" \/>\n<meta property=\"article:publisher\" content=\"http:\/\/www.facebook.com\/carpetwashingmachine\" \/>\n<meta property=\"article:modified_time\" content=\"2025-06-18T10:54:10+00:00\" \/>\n<meta property=\"og:image\" content=\"https:\/\/www.thecarpetwashingmachine.com\/wp-content\/uploads\/2018\/05\/high-quality-carpet-washing-machine.jpg\" \/>\n\t<meta property=\"og:image:width\" content=\"500\" \/>\n\t<meta property=\"og:image:height\" content=\"278\" \/>\n\t<meta property=\"og:image:type\" content=\"image\/jpeg\" \/>\n<meta name=\"twitter:card\" content=\"summary_large_image\" \/>\n<meta name=\"twitter:label1\" content=\"Gesch\u00e4tzte Lesezeit\" \/>\n\t<meta name=\"twitter:data1\" content=\"3\u00a0Minuten\" \/>\n<script type=\"application\/ld+json\" class=\"yoast-schema-graph\">{\"@context\":\"https:\/\/schema.org\",\"@graph\":[{\"@type\":\"WebPage\",\"@id\":\"https:\/\/www.thecarpetwashingmachine.com\/\",\"url\":\"https:\/\/www.thecarpetwashingmachine.com\/\",\"name\":\"Questions About Carpet Washing Machine - Teppichwaschmaschine\",\"isPartOf\":{\"@id\":\"https:\/\/www.thecarpetwashingmachine.com\/#website\"},\"primaryImageOfPage\":{\"@id\":\"https:\/\/www.thecarpetwashingmachine.com\/#primaryimage\"},\"image\":{\"@id\":\"https:\/\/www.thecarpetwashingmachine.com\/#primaryimage\"},\"thumbnailUrl\":\"http:\/\/thecarpetwashingmachine.com\/wp-content\/uploads\/2018\/05\/high-quality-carpet-washing-machine.jpg\",\"datePublished\":\"2018-05-18T15:20:44+00:00\",\"dateModified\":\"2025-06-18T10:54:10+00:00\",\"description\":\"Learn the basics of carpet washing machines: What they are, fully automatic options, and how to find the best one for your needs.\",\"breadcrumb\":{\"@id\":\"https:\/\/www.thecarpetwashingmachine.com\/#breadcrumb\"},\"inLanguage\":\"de\",\"potentialAction\":[{\"@type\":\"ReadAction\",\"target\":[\"https:\/\/www.thecarpetwashingmachine.com\/\"]}]},{\"@type\":\"ImageObject\",\"inLanguage\":\"de\",\"@id\":\"https:\/\/www.thecarpetwashingmachine.com\/#primaryimage\",\"url\":\"http:\/\/thecarpetwashingmachine.com\/wp-content\/uploads\/2018\/05\/high-quality-carpet-washing-machine.jpg\",\"contentUrl\":\"http:\/\/thecarpetwashingmachine.com\/wp-content\/uploads\/2018\/05\/high-quality-carpet-washing-machine.jpg\"},{\"@type\":\"BreadcrumbList\",\"@id\":\"https:\/\/www.thecarpetwashingmachine.com\/#breadcrumb\",\"itemListElement\":[{\"@type\":\"ListItem\",\"position\":1,\"name\":\"Home\",\"item\":\"https:\/\/www.thecarpetwashingmachine.com\/\"},{\"@type\":\"ListItem\",\"position\":2,\"name\":\"Questions About Carpet Washing Machine\"}]},{\"@type\":\"WebSite\",\"@id\":\"https:\/\/www.thecarpetwashingmachine.com\/#website\",\"url\":\"https:\/\/www.thecarpetwashingmachine.com\/\",\"name\":\"Teppichwaschmaschine\",\"description\":\"Die Teppichwaschmaschine gibt es auf der ganzen Welt!\",\"potentialAction\":[{\"@type\":\"SearchAction\",\"target\":{\"@type\":\"EntryPoint\",\"urlTemplate\":\"https:\/\/www.thecarpetwashingmachine.com\/?s={search_term_string}\"},\"query-input\":{\"@type\":\"PropertyValueSpecification\",\"valueRequired\":true,\"valueName\":\"search_term_string\"}}],\"inLanguage\":\"de\"}]}<\/script>\n<!-- \/ Yoast SEO plugin. -->","yoast_head_json":{"title":"Fragen zur Teppichwaschmaschine - Teppichwaschmaschine","description":"Lernen Sie die Grundlagen von Teppichwaschmaschinen: Was sie sind, vollautomatische Optionen und wie Sie die beste f\u00fcr Ihre Bed\u00fcrfnisse finden.","robots":{"index":"index","follow":"follow","max-snippet":"max-snippet:-1","max-image-preview":"max-image-preview:large","max-video-preview":"max-video-preview:-1"},"canonical":"https:\/\/www.thecarpetwashingmachine.com\/","og_locale":"de_DE","og_type":"article","og_title":"Fragen zur Teppichwaschmaschine - Teppichwaschmaschine","og_description":"Lernen Sie die Grundlagen von Teppichwaschmaschinen: Was sie sind, vollautomatische Optionen und wie Sie die beste f\u00fcr Ihre Bed\u00fcrfnisse finden.","og_url":"https:\/\/www.thecarpetwashingmachine.com\/","og_site_name":"Teppichwaschmaschine","article_publisher":"http:\/\/www.facebook.com\/carpetwashingmachine","article_modified_time":"2025-06-18T10:54:10+00:00","og_image":[{"width":500,"height":278,"url":"https:\/\/www.thecarpetwashingmachine.com\/wp-content\/uploads\/2018\/05\/high-quality-carpet-washing-machine.jpg","type":"image\/jpeg"}],"twitter_card":"summary_large_image","twitter_misc":{"Gesch\u00e4tzte Lesezeit":"3\u00a0Minuten"},"schema":{"@context":"https:\/\/schema.org","@graph":[{"@type":"WebPage","@id":"https:\/\/www.thecarpetwashingmachine.com\/","url":"https:\/\/www.thecarpetwashingmachine.com\/","name":"Questions About Carpet Washing Machine - Teppichwaschmaschine","isPartOf":{"@id":"https:\/\/www.thecarpetwashingmachine.com\/#website"},"primaryImageOfPage":{"@id":"https:\/\/www.thecarpetwashingmachine.com\/#primaryimage"},"image":{"@id":"https:\/\/www.thecarpetwashingmachine.com\/#primaryimage"},"thumbnailUrl":"http:\/\/thecarpetwashingmachine.com\/wp-content\/uploads\/2018\/05\/high-quality-carpet-washing-machine.jpg","datePublished":"2018-05-18T15:20:44+00:00","dateModified":"2025-06-18T10:54:10+00:00","description":"Learn the basics of carpet washing machines: What they are, fully automatic options, and how to find the best one for your needs.","breadcrumb":{"@id":"https:\/\/www.thecarpetwashingmachine.com\/#breadcrumb"},"inLanguage":"de","potentialAction":[{"@type":"ReadAction","target":["https:\/\/www.thecarpetwashingmachine.com\/"]}]},{"@type":"ImageObject","inLanguage":"de","@id":"https:\/\/www.thecarpetwashingmachine.com\/#primaryimage","url":"http:\/\/thecarpetwashingmachine.com\/wp-content\/uploads\/2018\/05\/high-quality-carpet-washing-machine.jpg","contentUrl":"http:\/\/thecarpetwashingmachine.com\/wp-content\/uploads\/2018\/05\/high-quality-carpet-washing-machine.jpg"},{"@type":"BreadcrumbList","@id":"https:\/\/www.thecarpetwashingmachine.com\/#breadcrumb","itemListElement":[{"@type":"ListItem","position":1,"name":"Home","item":"https:\/\/www.thecarpetwashingmachine.com\/"},{"@type":"ListItem","position":2,"name":"Questions About Carpet Washing Machine"}]},{"@type":"WebSite","@id":"https:\/\/www.thecarpetwashingmachine.com\/#website","url":"https:\/\/www.thecarpetwashingmachine.com\/","name":"Teppichwaschmaschine","description":"Die Teppichwaschmaschine gibt es auf der ganzen Welt!","potentialAction":[{"@type":"SearchAction","target":{"@type":"EntryPoint","urlTemplate":"https:\/\/www.thecarpetwashingmachine.com\/?s={search_term_string}"},"query-input":{"@type":"PropertyValueSpecification","valueRequired":true,"valueName":"search_term_string"}}],"inLanguage":"de"}]}},"_links":{"self":[{"href":"https:\/\/www.thecarpetwashingmachine.com\/de\/wp-json\/wp\/v2\/pages\/25","targetHints":{"allow":["GET"]}}],"collection":[{"href":"https:\/\/www.thecarpetwashingmachine.com\/de\/wp-json\/wp\/v2\/pages"}],"about":[{"href":"https:\/\/www.thecarpetwashingmachine.com\/de\/wp-json\/wp\/v2\/types\/page"}],"author":[{"embeddable":true,"href":"https:\/\/www.thecarpetwashingmachine.com\/de\/wp-json\/wp\/v2\/users\/1"}],"replies":[{"embeddable":true,"href":"https:\/\/www.thecarpetwashingmachine.com\/de\/wp-json\/wp\/v2\/comments?post=25"}],"version-history":[{"count":60,"href":"https:\/\/www.thecarpetwashingmachine.com\/de\/wp-json\/wp\/v2\/pages\/25\/revisions"}],"predecessor-version":[{"id":961,"href":"https:\/\/www.thecarpetwashingmachine.com\/de\/wp-json\/wp\/v2\/pages\/25\/revisions\/961"}],"wp:attachment":[{"href":"https:\/\/www.thecarpetwashingmachine.com\/de\/wp-json\/wp\/v2\/media?parent=25"}],"curies":[{"name":"wp","href":"https:\/\/api.w.org\/{rel}","templated":true}]}}