{"id":2269,"date":"2025-07-14T08:11:10","date_gmt":"2025-07-14T08:11:10","guid":{"rendered":"https:\/\/www.thecarpetwashingmachine.com\/?page_id=2269"},"modified":"2025-07-28T14:08:58","modified_gmt":"2025-07-28T14:08:58","slug":"hpm-4200","status":"publish","type":"page","link":"https:\/\/www.thecarpetwashingmachine.com\/de\/hpm-4200\/","title":{"rendered":"Teppich-Finish-Maschine &#8211; HPM 4200"},"content":{"rendered":"<div class=\"wp-block-image\">\n<figure class=\"aligncenter size-large\"><img loading=\"lazy\" decoding=\"async\" width=\"1024\" height=\"465\" src=\"https:\/\/www.thecarpetwashingmachine.com\/wp-content\/uploads\/2025\/07\/Untitled-design-15-1024x465.png\" alt=\"Teppichveredelungsmaschine\" class=\"wp-image-2044\" srcset=\"https:\/\/www.thecarpetwashingmachine.com\/wp-content\/uploads\/2025\/07\/Untitled-design-15-1024x465.png 1024w, https:\/\/www.thecarpetwashingmachine.com\/wp-content\/uploads\/2025\/07\/Untitled-design-15-300x136.png 300w, https:\/\/www.thecarpetwashingmachine.com\/wp-content\/uploads\/2025\/07\/Untitled-design-15-768x349.png 768w, https:\/\/www.thecarpetwashingmachine.com\/wp-content\/uploads\/2025\/07\/Untitled-design-15.png 1100w\" sizes=\"auto, (max-width: 1024px) 100vw, 1024px\" \/><\/figure><\/div>\n\n\n<p><\/p>\n\n\n\n<p>Verleihen Sie Ihren gr\u00f6\u00dften Teppichen ein un\u00fcbertroffenes professionelles Finish mit der Teppichveredelungsmaschine HPM 4200. Dieses Kraftpaket wurde f\u00fcr industrielle Anforderungen konzipiert und verarbeitet Teppichbreiten von bis zu beeindruckenden 4 Metern mit h\u00f6chster Pr\u00e4zision. So erh\u00e4lt selbst Ihr gr\u00f6\u00dfter Teppich die akribische Pflege, die er verdient.<\/p>\n\n\n\n<p>Die HPM 4200 ist mit einem fortschrittlichen 4-Zylinder-B\u00fcrstensystem ausgestattet, wobei jede B\u00fcrste 70 cm misst \u2013 ideal f\u00fcr eine umfassende und gleichm\u00e4\u00dfige Teppichpflege. Ihr intelligentes SPS-Betriebssystem bietet eine pr\u00e4zise, m\u00fchelose Steuerung \u00fcber jeden Schritt des Veredelungsprozesses. F\u00fcr einen stets sauberen Arbeitsbereich integriert die Maschine einen leistungsstarken eingebauten Staubsauger und ein effizientes Staubfangsystem. Der Arbeitsablauf wird durch eine automatische R\u00fcckw\u00e4rtsbewegung und einen wichtigen Teppicherkennungssensor optimiert, alles gesch\u00fctzt durch robuste Motorschutzvorrichtungen. Passen Sie die HPM 4200 mit optionalen Funktionen wie einer parallelen Zylinderb\u00fcrste, einem zus\u00e4tzlichen Staubsauger f\u00fcr die Zylinderb\u00fcrste, einer praktischen Frontwanne, Mobilit\u00e4tsr\u00e4dern und einer verl\u00e4ngerten Front f\u00fcr die Qualit\u00e4tskontrolle weiter an \u2013 perfekt zugeschnitten auf Ihre Hochleistungsbetriebe.<\/p>\n\n\n\n<p><\/p>\n\n\n\n<figure class=\"wp-block-embed aligncenter is-type-video is-provider-youtube wp-block-embed-youtube wp-embed-aspect-16-9 wp-has-aspect-ratio\"><div class=\"wp-block-embed__wrapper\">\n<iframe loading=\"lazy\" title=\"New HPM Rug and Carpet Finishing Machine\" width=\"843\" height=\"474\" src=\"https:\/\/www.youtube.com\/embed\/QJ1NfUuUeOw?start=2&#038;feature=oembed\" frameborder=\"0\" allow=\"accelerometer; autoplay; clipboard-write; encrypted-media; gyroscope; picture-in-picture; web-share\" referrerpolicy=\"strict-origin-when-cross-origin\" allowfullscreen><\/iframe>\n<\/div><\/figure>\n","protected":false},"excerpt":{"rendered":"<p>Verleihen Sie Ihren gr\u00f6\u00dften Teppichen ein un\u00fcbertroffenes professionelles Finish mit der Teppichveredelungsmaschine HPM 4200. Dieses Kraftpaket wurde f\u00fcr industrielle Anforderungen konzipiert und verarbeitet Teppichbreiten von&hellip;<\/p>\n","protected":false},"author":1,"featured_media":0,"parent":0,"menu_order":0,"comment_status":"closed","ping_status":"closed","template":"","meta":{"footnotes":""},"class_list":["post-2269","page","type-page","status-publish","hentry"],"translation":{"provider":"WPGlobus","version":"3.0.0","language":"de","enabled_languages":["en","tr","fr","ar","es","de","pt","ru"],"languages":{"en":{"title":true,"content":true,"excerpt":false},"tr":{"title":true,"content":true,"excerpt":false},"fr":{"title":true,"content":true,"excerpt":false},"ar":{"title":true,"content":true,"excerpt":false},"es":{"title":true,"content":true,"excerpt":false},"de":{"title":true,"content":true,"excerpt":false},"pt":{"title":true,"content":true,"excerpt":false},"ru":{"title":true,"content":true,"excerpt":false}}},"yoast_head":"<!-- This site is optimized with the Yoast SEO plugin v24.7 - https:\/\/yoast.com\/wordpress\/plugins\/seo\/ -->\n<title>Teppich-Finish-Maschine - HPM 4200 - Teppichveredelungsmaschine<\/title>\n<meta name=\"description\" content=\"HPM 4200: Professionelle Teppichveredelung f\u00fcr Gro\u00dfformate. 4m Breite, 4x70cm B\u00fcrsten, SPS-Steuerung, integrierter Sauger. Ideal f\u00fcr Industrie.\" \/>\n<meta name=\"robots\" content=\"index, follow, max-snippet:-1, max-image-preview:large, max-video-preview:-1\" \/>\n<link rel=\"canonical\" href=\"https:\/\/www.thecarpetwashingmachine.com\/hpm-4200\/\" \/>\n<meta property=\"og:locale\" content=\"de_DE\" \/>\n<meta property=\"og:type\" content=\"article\" \/>\n<meta property=\"og:title\" content=\"Teppich-Finish-Maschine - HPM 4200 - Teppichveredelungsmaschine\" \/>\n<meta property=\"og:description\" content=\"HPM 4200: Professionelle Teppichveredelung f\u00fcr Gro\u00dfformate. 4m Breite, 4x70cm B\u00fcrsten, SPS-Steuerung, integrierter Sauger. Ideal f\u00fcr Industrie.\" \/>\n<meta property=\"og:url\" content=\"https:\/\/www.thecarpetwashingmachine.com\/hpm-4200\/\" \/>\n<meta property=\"og:site_name\" content=\"Teppichwaschmaschine\" \/>\n<meta property=\"article:publisher\" content=\"http:\/\/www.facebook.com\/carpetwashingmachine\" \/>\n<meta property=\"article:modified_time\" content=\"2025-07-28T14:08:58+00:00\" \/>\n<meta property=\"og:image\" content=\"https:\/\/www.thecarpetwashingmachine.com\/wp-content\/uploads\/2025\/07\/Untitled-design-15.png\" \/>\n\t<meta property=\"og:image:width\" content=\"1100\" \/>\n\t<meta property=\"og:image:height\" content=\"500\" \/>\n\t<meta property=\"og:image:type\" content=\"image\/png\" \/>\n<meta name=\"twitter:card\" content=\"summary_large_image\" \/>\n<meta name=\"twitter:label1\" content=\"Gesch\u00e4tzte Lesezeit\" \/>\n\t<meta name=\"twitter:data1\" content=\"1\u00a0Minute\" \/>\n<script type=\"application\/ld+json\" class=\"yoast-schema-graph\">{\"@context\":\"https:\/\/schema.org\",\"@graph\":[{\"@type\":\"WebPage\",\"@id\":\"https:\/\/www.thecarpetwashingmachine.com\/hpm-4200\/\",\"url\":\"https:\/\/www.thecarpetwashingmachine.com\/hpm-4200\/\",\"name\":\"Teppich-Finish-Maschine - HPM 4200 - Carpet Finishing Machine\",\"isPartOf\":{\"@id\":\"https:\/\/www.thecarpetwashingmachine.com\/#website\"},\"primaryImageOfPage\":{\"@id\":\"https:\/\/www.thecarpetwashingmachine.com\/hpm-4200\/#primaryimage\"},\"image\":{\"@id\":\"https:\/\/www.thecarpetwashingmachine.com\/hpm-4200\/#primaryimage\"},\"thumbnailUrl\":\"https:\/\/www.thecarpetwashingmachine.com\/wp-content\/uploads\/2025\/07\/Untitled-design-15-1024x465.png\",\"datePublished\":\"2025-07-14T08:11:10+00:00\",\"dateModified\":\"2025-07-28T14:08:58+00:00\",\"description\":\"HPM 4200: Ultimate finishing for 4m carpets. Features 4x70cm brushes, PLC control, built-in vacuum, ensures professional results.\",\"breadcrumb\":{\"@id\":\"https:\/\/www.thecarpetwashingmachine.com\/hpm-4200\/#breadcrumb\"},\"inLanguage\":\"de\",\"potentialAction\":[{\"@type\":\"ReadAction\",\"target\":[\"https:\/\/www.thecarpetwashingmachine.com\/hpm-4200\/\"]}]},{\"@type\":\"ImageObject\",\"inLanguage\":\"de\",\"@id\":\"https:\/\/www.thecarpetwashingmachine.com\/hpm-4200\/#primaryimage\",\"url\":\"https:\/\/www.thecarpetwashingmachine.com\/wp-content\/uploads\/2025\/07\/Untitled-design-15-1024x465.png\",\"contentUrl\":\"https:\/\/www.thecarpetwashingmachine.com\/wp-content\/uploads\/2025\/07\/Untitled-design-15-1024x465.png\"},{\"@type\":\"BreadcrumbList\",\"@id\":\"https:\/\/www.thecarpetwashingmachine.com\/hpm-4200\/#breadcrumb\",\"itemListElement\":[{\"@type\":\"ListItem\",\"position\":1,\"name\":\"Home\",\"item\":\"https:\/\/www.thecarpetwashingmachine.com\/\"},{\"@type\":\"ListItem\",\"position\":2,\"name\":\"Carpet Finishing Machine &#8211; HPM 4200\"}]},{\"@type\":\"WebSite\",\"@id\":\"https:\/\/www.thecarpetwashingmachine.com\/#website\",\"url\":\"https:\/\/www.thecarpetwashingmachine.com\/\",\"name\":\"Teppichwaschmaschine\",\"description\":\"Die Teppichwaschmaschine gibt es auf der ganzen Welt!\",\"potentialAction\":[{\"@type\":\"SearchAction\",\"target\":{\"@type\":\"EntryPoint\",\"urlTemplate\":\"https:\/\/www.thecarpetwashingmachine.com\/?s={search_term_string}\"},\"query-input\":{\"@type\":\"PropertyValueSpecification\",\"valueRequired\":true,\"valueName\":\"search_term_string\"}}],\"inLanguage\":\"de\"}]}<\/script>\n<!-- \/ Yoast SEO plugin. -->","yoast_head_json":{"title":"Teppich-Finish-Maschine - HPM 4200 - Teppichveredelungsmaschine","description":"HPM 4200: Professionelle Teppichveredelung f\u00fcr Gro\u00dfformate. 4m Breite, 4x70cm B\u00fcrsten, SPS-Steuerung, integrierter Sauger. Ideal f\u00fcr Industrie.","robots":{"index":"index","follow":"follow","max-snippet":"max-snippet:-1","max-image-preview":"max-image-preview:large","max-video-preview":"max-video-preview:-1"},"canonical":"https:\/\/www.thecarpetwashingmachine.com\/hpm-4200\/","og_locale":"de_DE","og_type":"article","og_title":"Teppich-Finish-Maschine - HPM 4200 - Teppichveredelungsmaschine","og_description":"HPM 4200: Professionelle Teppichveredelung f\u00fcr Gro\u00dfformate. 4m Breite, 4x70cm B\u00fcrsten, SPS-Steuerung, integrierter Sauger. Ideal f\u00fcr Industrie.","og_url":"https:\/\/www.thecarpetwashingmachine.com\/hpm-4200\/","og_site_name":"Teppichwaschmaschine","article_publisher":"http:\/\/www.facebook.com\/carpetwashingmachine","article_modified_time":"2025-07-28T14:08:58+00:00","og_image":[{"width":1100,"height":500,"url":"https:\/\/www.thecarpetwashingmachine.com\/wp-content\/uploads\/2025\/07\/Untitled-design-15.png","type":"image\/png"}],"twitter_card":"summary_large_image","twitter_misc":{"Gesch\u00e4tzte Lesezeit":"1\u00a0Minute"},"schema":{"@context":"https:\/\/schema.org","@graph":[{"@type":"WebPage","@id":"https:\/\/www.thecarpetwashingmachine.com\/hpm-4200\/","url":"https:\/\/www.thecarpetwashingmachine.com\/hpm-4200\/","name":"Teppich-Finish-Maschine - HPM 4200 - Carpet Finishing Machine","isPartOf":{"@id":"https:\/\/www.thecarpetwashingmachine.com\/#website"},"primaryImageOfPage":{"@id":"https:\/\/www.thecarpetwashingmachine.com\/hpm-4200\/#primaryimage"},"image":{"@id":"https:\/\/www.thecarpetwashingmachine.com\/hpm-4200\/#primaryimage"},"thumbnailUrl":"https:\/\/www.thecarpetwashingmachine.com\/wp-content\/uploads\/2025\/07\/Untitled-design-15-1024x465.png","datePublished":"2025-07-14T08:11:10+00:00","dateModified":"2025-07-28T14:08:58+00:00","description":"HPM 4200: Ultimate finishing for 4m carpets. Features 4x70cm brushes, PLC control, built-in vacuum, ensures professional results.","breadcrumb":{"@id":"https:\/\/www.thecarpetwashingmachine.com\/hpm-4200\/#breadcrumb"},"inLanguage":"de","potentialAction":[{"@type":"ReadAction","target":["https:\/\/www.thecarpetwashingmachine.com\/hpm-4200\/"]}]},{"@type":"ImageObject","inLanguage":"de","@id":"https:\/\/www.thecarpetwashingmachine.com\/hpm-4200\/#primaryimage","url":"https:\/\/www.thecarpetwashingmachine.com\/wp-content\/uploads\/2025\/07\/Untitled-design-15-1024x465.png","contentUrl":"https:\/\/www.thecarpetwashingmachine.com\/wp-content\/uploads\/2025\/07\/Untitled-design-15-1024x465.png"},{"@type":"BreadcrumbList","@id":"https:\/\/www.thecarpetwashingmachine.com\/hpm-4200\/#breadcrumb","itemListElement":[{"@type":"ListItem","position":1,"name":"Home","item":"https:\/\/www.thecarpetwashingmachine.com\/"},{"@type":"ListItem","position":2,"name":"Carpet Finishing Machine &#8211; HPM 4200"}]},{"@type":"WebSite","@id":"https:\/\/www.thecarpetwashingmachine.com\/#website","url":"https:\/\/www.thecarpetwashingmachine.com\/","name":"Teppichwaschmaschine","description":"Die Teppichwaschmaschine gibt es auf der ganzen Welt!","potentialAction":[{"@type":"SearchAction","target":{"@type":"EntryPoint","urlTemplate":"https:\/\/www.thecarpetwashingmachine.com\/?s={search_term_string}"},"query-input":{"@type":"PropertyValueSpecification","valueRequired":true,"valueName":"search_term_string"}}],"inLanguage":"de"}]}},"_links":{"self":[{"href":"https:\/\/www.thecarpetwashingmachine.com\/de\/wp-json\/wp\/v2\/pages\/2269","targetHints":{"allow":["GET"]}}],"collection":[{"href":"https:\/\/www.thecarpetwashingmachine.com\/de\/wp-json\/wp\/v2\/pages"}],"about":[{"href":"https:\/\/www.thecarpetwashingmachine.com\/de\/wp-json\/wp\/v2\/types\/page"}],"author":[{"embeddable":true,"href":"https:\/\/www.thecarpetwashingmachine.com\/de\/wp-json\/wp\/v2\/users\/1"}],"replies":[{"embeddable":true,"href":"https:\/\/www.thecarpetwashingmachine.com\/de\/wp-json\/wp\/v2\/comments?post=2269"}],"version-history":[{"count":15,"href":"https:\/\/www.thecarpetwashingmachine.com\/de\/wp-json\/wp\/v2\/pages\/2269\/revisions"}],"predecessor-version":[{"id":2513,"href":"https:\/\/www.thecarpetwashingmachine.com\/de\/wp-json\/wp\/v2\/pages\/2269\/revisions\/2513"}],"wp:attachment":[{"href":"https:\/\/www.thecarpetwashingmachine.com\/de\/wp-json\/wp\/v2\/media?parent=2269"}],"curies":[{"name":"wp","href":"https:\/\/api.w.org\/{rel}","templated":true}]}}