{"id":2267,"date":"2025-07-14T08:55:40","date_gmt":"2025-07-14T08:55:40","guid":{"rendered":"https:\/\/www.thecarpetwashingmachine.com\/?page_id=2267"},"modified":"2025-07-28T14:07:44","modified_gmt":"2025-07-28T14:07:44","slug":"hpm-3200","status":"publish","type":"page","link":"https:\/\/www.thecarpetwashingmachine.com\/de\/hpm-3200\/","title":{"rendered":"Teppich-Finish-Maschine &#8211; HPM 3200"},"content":{"rendered":"<div class=\"wp-block-image\">\n<figure class=\"aligncenter size-full\"><img loading=\"lazy\" decoding=\"async\" width=\"750\" height=\"500\" src=\"https:\/\/www.thecarpetwashingmachine.com\/wp-content\/uploads\/2025\/06\/hali-paketleme-makinasi-urun.jpg\" alt=\"Teppichveredelungsmaschine\" class=\"wp-image-1027\" srcset=\"https:\/\/www.thecarpetwashingmachine.com\/wp-content\/uploads\/2025\/06\/hali-paketleme-makinasi-urun.jpg 750w, https:\/\/www.thecarpetwashingmachine.com\/wp-content\/uploads\/2025\/06\/hali-paketleme-makinasi-urun-300x200.jpg 300w\" sizes=\"auto, (max-width: 750px) 100vw, 750px\" \/><\/figure><\/div>\n\n\n<p><\/p>\n\n\n\n<p>Die Teppichveredelungsmaschine HPM 3200 bietet eine leistungsstarke und effiziente Behandlung f\u00fcr eine Vielzahl von Teppichen, die sowohl eine gr\u00fcndliche Reinigung als auch eine pr\u00e4zise Veredelung erm\u00f6glicht. Entwickelt, um Teppichbreiten von bis zu 3 Metern (3000 mm) m\u00fchelos zu verarbeiten, ist diese Maschine eine vielseitige L\u00f6sung f\u00fcr Betriebe, die verschiedene Teppichgr\u00f6\u00dfen handhaben.<\/p>\n\n\n\n<p>Im Kern verf\u00fcgt die HPM 3200 \u00fcber ein robustes Zylinderb\u00fcrstensystem, das effektiv auf Teppichfasern wirkt und eine Tiefenreinigung sowie eine konsistente Pflege gew\u00e4hrleistet. Ihr intuitives Zeitverz\u00f6gerungs-Betriebssystem (Time Relay) bietet eine unkomplizierte Steuerung der Maschinenfunktionen. F\u00fcr erh\u00f6hten Komfort und Effizienz umfasst das Ger\u00e4t eine automatische R\u00fcckw\u00e4rtsfunktion und eine Vorw\u00e4rts-R\u00fcckw\u00e4rts-Funktion, die das Teppichhandling vereinfachen.<\/p>\n\n\n\n<p>Ein sauberes Arbeitsumfeld wird durch das integrierte Vakuumsystem und das Staubfangsystem gew\u00e4hrleistet, die effizient gel\u00f6ste Partikel auffangen. Wesentliche Sicherheits- und Betriebsmerkmale wie ein Teppicherkennungssensor und ein umfassender Motorschutz sind Standard. Zur weiteren Anpassung Ihres Workflows stehen optionale Funktionen wie die Bandgeschwindigkeitsanpassung, eine Frontwanne, R\u00e4der f\u00fcr die Mobilit\u00e4t und der automatische Transfer zur Wanne zur Verf\u00fcgung, wodurch sich die HPM 3200 perfekt in die spezifischen Anforderungen Ihrer Einrichtung integrieren l\u00e4sst.<\/p>\n","protected":false},"excerpt":{"rendered":"<p>Die Teppichveredelungsmaschine HPM 3200 bietet eine leistungsstarke und effiziente Behandlung f\u00fcr eine Vielzahl von Teppichen, die sowohl eine gr\u00fcndliche Reinigung als auch eine pr\u00e4zise Veredelung&hellip;<\/p>\n","protected":false},"author":1,"featured_media":0,"parent":0,"menu_order":0,"comment_status":"closed","ping_status":"closed","template":"","meta":{"footnotes":""},"class_list":["post-2267","page","type-page","status-publish","hentry"],"translation":{"provider":"WPGlobus","version":"3.0.0","language":"de","enabled_languages":["en","tr","fr","ar","es","de","pt","ru"],"languages":{"en":{"title":true,"content":true,"excerpt":false},"tr":{"title":true,"content":true,"excerpt":false},"fr":{"title":true,"content":true,"excerpt":false},"ar":{"title":true,"content":true,"excerpt":false},"es":{"title":true,"content":true,"excerpt":false},"de":{"title":true,"content":true,"excerpt":false},"pt":{"title":true,"content":true,"excerpt":false},"ru":{"title":true,"content":true,"excerpt":false}}},"yoast_head":"<!-- This site is optimized with the Yoast SEO plugin v24.7 - https:\/\/yoast.com\/wordpress\/plugins\/seo\/ -->\n<title>Teppich-Finish-Maschine - HPM 3200 - Teppichveredelungsmaschine<\/title>\n<meta name=\"description\" content=\"HPM 3200: Teppichveredelungsmaschine. 3m Breite, Zylinderb\u00fcrste, Zeitrelais-Steuerung &amp; Vakuum. Effiziente L\u00f6sung f\u00fcr diverse Teppichgr\u00f6\u00dfen.\" \/>\n<meta name=\"robots\" content=\"index, follow, max-snippet:-1, max-image-preview:large, max-video-preview:-1\" \/>\n<link rel=\"canonical\" href=\"https:\/\/www.thecarpetwashingmachine.com\/hpm-3200\/\" \/>\n<meta property=\"og:locale\" content=\"de_DE\" \/>\n<meta property=\"og:type\" content=\"article\" \/>\n<meta property=\"og:title\" content=\"Teppich-Finish-Maschine - HPM 3200 - Teppichveredelungsmaschine\" \/>\n<meta property=\"og:description\" content=\"HPM 3200: Teppichveredelungsmaschine. 3m Breite, Zylinderb\u00fcrste, Zeitrelais-Steuerung &amp; Vakuum. Effiziente L\u00f6sung f\u00fcr diverse Teppichgr\u00f6\u00dfen.\" \/>\n<meta property=\"og:url\" content=\"https:\/\/www.thecarpetwashingmachine.com\/hpm-3200\/\" \/>\n<meta property=\"og:site_name\" content=\"Teppichwaschmaschine\" \/>\n<meta property=\"article:publisher\" content=\"http:\/\/www.facebook.com\/carpetwashingmachine\" \/>\n<meta property=\"article:modified_time\" content=\"2025-07-28T14:07:44+00:00\" \/>\n<meta property=\"og:image\" content=\"https:\/\/www.thecarpetwashingmachine.com\/wp-content\/uploads\/2025\/06\/hali-paketleme-makinasi-urun.jpg\" \/>\n\t<meta property=\"og:image:width\" content=\"750\" \/>\n\t<meta property=\"og:image:height\" content=\"500\" \/>\n\t<meta property=\"og:image:type\" content=\"image\/jpeg\" \/>\n<meta name=\"twitter:card\" content=\"summary_large_image\" \/>\n<meta name=\"twitter:label1\" content=\"Gesch\u00e4tzte Lesezeit\" \/>\n\t<meta name=\"twitter:data1\" content=\"1\u00a0Minute\" \/>\n<script type=\"application\/ld+json\" class=\"yoast-schema-graph\">{\"@context\":\"https:\/\/schema.org\",\"@graph\":[{\"@type\":\"WebPage\",\"@id\":\"https:\/\/www.thecarpetwashingmachine.com\/hpm-3200\/\",\"url\":\"https:\/\/www.thecarpetwashingmachine.com\/hpm-3200\/\",\"name\":\"Teppich-Finish-Maschine - HPM 3200 - Carpet Finishing Machine\",\"isPartOf\":{\"@id\":\"https:\/\/www.thecarpetwashingmachine.com\/#website\"},\"primaryImageOfPage\":{\"@id\":\"https:\/\/www.thecarpetwashingmachine.com\/hpm-3200\/#primaryimage\"},\"image\":{\"@id\":\"https:\/\/www.thecarpetwashingmachine.com\/hpm-3200\/#primaryimage\"},\"thumbnailUrl\":\"https:\/\/www.thecarpetwashingmachine.com\/wp-content\/uploads\/2025\/06\/hali-paketleme-makinasi-urun.jpg\",\"datePublished\":\"2025-07-14T08:55:40+00:00\",\"dateModified\":\"2025-07-28T14:07:44+00:00\",\"description\":\"HPM 3200 Carpet finishing machine : Processes 3m widths with powerful cylindrical brushes, integrated vacuum, and smart automation.\",\"breadcrumb\":{\"@id\":\"https:\/\/www.thecarpetwashingmachine.com\/hpm-3200\/#breadcrumb\"},\"inLanguage\":\"de\",\"potentialAction\":[{\"@type\":\"ReadAction\",\"target\":[\"https:\/\/www.thecarpetwashingmachine.com\/hpm-3200\/\"]}]},{\"@type\":\"ImageObject\",\"inLanguage\":\"de\",\"@id\":\"https:\/\/www.thecarpetwashingmachine.com\/hpm-3200\/#primaryimage\",\"url\":\"https:\/\/www.thecarpetwashingmachine.com\/wp-content\/uploads\/2025\/06\/hali-paketleme-makinasi-urun.jpg\",\"contentUrl\":\"https:\/\/www.thecarpetwashingmachine.com\/wp-content\/uploads\/2025\/06\/hali-paketleme-makinasi-urun.jpg\"},{\"@type\":\"BreadcrumbList\",\"@id\":\"https:\/\/www.thecarpetwashingmachine.com\/hpm-3200\/#breadcrumb\",\"itemListElement\":[{\"@type\":\"ListItem\",\"position\":1,\"name\":\"Home\",\"item\":\"https:\/\/www.thecarpetwashingmachine.com\/\"},{\"@type\":\"ListItem\",\"position\":2,\"name\":\"Carpet Finishing Machine &#8211; HPM 3200\"}]},{\"@type\":\"WebSite\",\"@id\":\"https:\/\/www.thecarpetwashingmachine.com\/#website\",\"url\":\"https:\/\/www.thecarpetwashingmachine.com\/\",\"name\":\"Teppichwaschmaschine\",\"description\":\"Die Teppichwaschmaschine gibt es auf der ganzen Welt!\",\"potentialAction\":[{\"@type\":\"SearchAction\",\"target\":{\"@type\":\"EntryPoint\",\"urlTemplate\":\"https:\/\/www.thecarpetwashingmachine.com\/?s={search_term_string}\"},\"query-input\":{\"@type\":\"PropertyValueSpecification\",\"valueRequired\":true,\"valueName\":\"search_term_string\"}}],\"inLanguage\":\"de\"}]}<\/script>\n<!-- \/ Yoast SEO plugin. -->","yoast_head_json":{"title":"Teppich-Finish-Maschine - HPM 3200 - Teppichveredelungsmaschine","description":"HPM 3200: Teppichveredelungsmaschine. 3m Breite, Zylinderb\u00fcrste, Zeitrelais-Steuerung & Vakuum. Effiziente L\u00f6sung f\u00fcr diverse Teppichgr\u00f6\u00dfen.","robots":{"index":"index","follow":"follow","max-snippet":"max-snippet:-1","max-image-preview":"max-image-preview:large","max-video-preview":"max-video-preview:-1"},"canonical":"https:\/\/www.thecarpetwashingmachine.com\/hpm-3200\/","og_locale":"de_DE","og_type":"article","og_title":"Teppich-Finish-Maschine - HPM 3200 - Teppichveredelungsmaschine","og_description":"HPM 3200: Teppichveredelungsmaschine. 3m Breite, Zylinderb\u00fcrste, Zeitrelais-Steuerung & Vakuum. Effiziente L\u00f6sung f\u00fcr diverse Teppichgr\u00f6\u00dfen.","og_url":"https:\/\/www.thecarpetwashingmachine.com\/hpm-3200\/","og_site_name":"Teppichwaschmaschine","article_publisher":"http:\/\/www.facebook.com\/carpetwashingmachine","article_modified_time":"2025-07-28T14:07:44+00:00","og_image":[{"width":750,"height":500,"url":"https:\/\/www.thecarpetwashingmachine.com\/wp-content\/uploads\/2025\/06\/hali-paketleme-makinasi-urun.jpg","type":"image\/jpeg"}],"twitter_card":"summary_large_image","twitter_misc":{"Gesch\u00e4tzte Lesezeit":"1\u00a0Minute"},"schema":{"@context":"https:\/\/schema.org","@graph":[{"@type":"WebPage","@id":"https:\/\/www.thecarpetwashingmachine.com\/hpm-3200\/","url":"https:\/\/www.thecarpetwashingmachine.com\/hpm-3200\/","name":"Teppich-Finish-Maschine - HPM 3200 - Carpet Finishing Machine","isPartOf":{"@id":"https:\/\/www.thecarpetwashingmachine.com\/#website"},"primaryImageOfPage":{"@id":"https:\/\/www.thecarpetwashingmachine.com\/hpm-3200\/#primaryimage"},"image":{"@id":"https:\/\/www.thecarpetwashingmachine.com\/hpm-3200\/#primaryimage"},"thumbnailUrl":"https:\/\/www.thecarpetwashingmachine.com\/wp-content\/uploads\/2025\/06\/hali-paketleme-makinasi-urun.jpg","datePublished":"2025-07-14T08:55:40+00:00","dateModified":"2025-07-28T14:07:44+00:00","description":"HPM 3200 Carpet finishing machine : Processes 3m widths with powerful cylindrical brushes, integrated vacuum, and smart automation.","breadcrumb":{"@id":"https:\/\/www.thecarpetwashingmachine.com\/hpm-3200\/#breadcrumb"},"inLanguage":"de","potentialAction":[{"@type":"ReadAction","target":["https:\/\/www.thecarpetwashingmachine.com\/hpm-3200\/"]}]},{"@type":"ImageObject","inLanguage":"de","@id":"https:\/\/www.thecarpetwashingmachine.com\/hpm-3200\/#primaryimage","url":"https:\/\/www.thecarpetwashingmachine.com\/wp-content\/uploads\/2025\/06\/hali-paketleme-makinasi-urun.jpg","contentUrl":"https:\/\/www.thecarpetwashingmachine.com\/wp-content\/uploads\/2025\/06\/hali-paketleme-makinasi-urun.jpg"},{"@type":"BreadcrumbList","@id":"https:\/\/www.thecarpetwashingmachine.com\/hpm-3200\/#breadcrumb","itemListElement":[{"@type":"ListItem","position":1,"name":"Home","item":"https:\/\/www.thecarpetwashingmachine.com\/"},{"@type":"ListItem","position":2,"name":"Carpet Finishing Machine &#8211; HPM 3200"}]},{"@type":"WebSite","@id":"https:\/\/www.thecarpetwashingmachine.com\/#website","url":"https:\/\/www.thecarpetwashingmachine.com\/","name":"Teppichwaschmaschine","description":"Die Teppichwaschmaschine gibt es auf der ganzen Welt!","potentialAction":[{"@type":"SearchAction","target":{"@type":"EntryPoint","urlTemplate":"https:\/\/www.thecarpetwashingmachine.com\/?s={search_term_string}"},"query-input":{"@type":"PropertyValueSpecification","valueRequired":true,"valueName":"search_term_string"}}],"inLanguage":"de"}]}},"_links":{"self":[{"href":"https:\/\/www.thecarpetwashingmachine.com\/de\/wp-json\/wp\/v2\/pages\/2267","targetHints":{"allow":["GET"]}}],"collection":[{"href":"https:\/\/www.thecarpetwashingmachine.com\/de\/wp-json\/wp\/v2\/pages"}],"about":[{"href":"https:\/\/www.thecarpetwashingmachine.com\/de\/wp-json\/wp\/v2\/types\/page"}],"author":[{"embeddable":true,"href":"https:\/\/www.thecarpetwashingmachine.com\/de\/wp-json\/wp\/v2\/users\/1"}],"replies":[{"embeddable":true,"href":"https:\/\/www.thecarpetwashingmachine.com\/de\/wp-json\/wp\/v2\/comments?post=2267"}],"version-history":[{"count":13,"href":"https:\/\/www.thecarpetwashingmachine.com\/de\/wp-json\/wp\/v2\/pages\/2267\/revisions"}],"predecessor-version":[{"id":2512,"href":"https:\/\/www.thecarpetwashingmachine.com\/de\/wp-json\/wp\/v2\/pages\/2267\/revisions\/2512"}],"wp:attachment":[{"href":"https:\/\/www.thecarpetwashingmachine.com\/de\/wp-json\/wp\/v2\/media?parent=2267"}],"curies":[{"name":"wp","href":"https:\/\/api.w.org\/{rel}","templated":true}]}}