{"id":2185,"date":"2025-07-11T10:44:08","date_gmt":"2025-07-11T10:44:08","guid":{"rendered":"https:\/\/www.thecarpetwashingmachine.com\/?page_id=2185"},"modified":"2025-07-29T06:13:59","modified_gmt":"2025-07-29T06:13:59","slug":"hsm-5200","status":"publish","type":"page","link":"https:\/\/www.thecarpetwashingmachine.com\/de\/hsm-5200\/","title":{"rendered":"Teppichwringmaschine &#8211; HSM 5200"},"content":{"rendered":"<div class=\"wp-block-image\">\n<figure class=\"aligncenter size-full\"><img loading=\"lazy\" decoding=\"async\" width=\"750\" height=\"500\" src=\"https:\/\/www.thecarpetwashingmachine.com\/wp-content\/uploads\/2025\/07\/Untitled-design-11.png\" alt=\"HSM 5200 Teppichwringer\" class=\"wp-image-1636\" srcset=\"https:\/\/www.thecarpetwashingmachine.com\/wp-content\/uploads\/2025\/07\/Untitled-design-11.png 750w, https:\/\/www.thecarpetwashingmachine.com\/wp-content\/uploads\/2025\/07\/Untitled-design-11-300x200.png 300w\" sizes=\"auto, (max-width: 750px) 100vw, 750px\" \/><\/figure><\/div>\n\n\n<p><\/p>\n\n\n\n<p>Wir stellen Ihnen die Teppichschleudermaschine HSM 5200 vor, die f\u00fcr au\u00dfergew\u00f6hnliche Teppichtrocknungsleistungen entwickelt wurde. Dieses Kraftpaket ist darauf ausgelegt, auch gro\u00dfe Teppichgr\u00f6\u00dfen aufzunehmen, mit einer bemerkenswerten internen Trommeltiefe von 5200 mm und einem gro\u00dfz\u00fcgigen internen Trommeldurchmesser von 450 mm. Haltbarkeit ist von gr\u00f6\u00dfter Bedeutung, da sowohl die innere als auch die \u00e4u\u00dfere Trommel vollst\u00e4ndig aus robustem Edelstahl INOX 304 gefertigt sind, was eine lange Lebensdauer garantiert.<\/p>\n\n\n\n<p>Ein leistungsstarker 7,5-kW-Motor treibt diese Schleudermaschine an und sorgt f\u00fcr eine hocheffiziente Wasserentnahme f\u00fcr schnellere Trocknungszeiten. F\u00fcr den Benutzerkomfort erm\u00f6glicht das pneumatische T\u00fcrsystem ein reibungsloses und m\u00fcheloses Be- und Entladen. Dar\u00fcber hinaus k\u00f6nnen Sie Ihre Arbeitsabl\u00e4ufe mit optionalen Funktionen wie einem Bremssystem, einer R\u00fcckw\u00e4rtsdrehfunktion und einem Wasseranschluss anpassen, wodurch die HSM 5200 \u00e4u\u00dferst anpassungsf\u00e4hig an verschiedene professionelle Anforderungen ist.<\/p>\n","protected":false},"excerpt":{"rendered":"<p>Wir stellen Ihnen die Teppichschleudermaschine HSM 5200 vor, die f\u00fcr au\u00dfergew\u00f6hnliche Teppichtrocknungsleistungen entwickelt wurde. Dieses Kraftpaket ist darauf ausgelegt, auch gro\u00dfe Teppichgr\u00f6\u00dfen aufzunehmen, mit einer&hellip;<\/p>\n","protected":false},"author":1,"featured_media":0,"parent":0,"menu_order":0,"comment_status":"closed","ping_status":"closed","template":"","meta":{"footnotes":""},"class_list":["post-2185","page","type-page","status-publish","hentry"],"translation":{"provider":"WPGlobus","version":"3.0.0","language":"de","enabled_languages":["en","tr","fr","ar","es","de","pt","ru"],"languages":{"en":{"title":true,"content":true,"excerpt":false},"tr":{"title":true,"content":true,"excerpt":false},"fr":{"title":true,"content":true,"excerpt":false},"ar":{"title":true,"content":true,"excerpt":false},"es":{"title":true,"content":true,"excerpt":false},"de":{"title":true,"content":true,"excerpt":false},"pt":{"title":true,"content":true,"excerpt":false},"ru":{"title":true,"content":true,"excerpt":false}}},"yoast_head":"<!-- This site is optimized with the Yoast SEO plugin v24.7 - https:\/\/yoast.com\/wordpress\/plugins\/seo\/ -->\n<title>Teppichwringmaschine - HSM 5200 - Teppichwringer<\/title>\n<meta name=\"description\" content=\"HSM 5200: Neue Standards in der Teppichtrocknung. Gro\u00dfe INOX-Trommel und leistungsstarker 7,5 kW Motor f\u00fcr schnelle, professionelle Ergebnisse.\" \/>\n<meta name=\"robots\" content=\"index, follow, max-snippet:-1, max-image-preview:large, max-video-preview:-1\" \/>\n<link rel=\"canonical\" href=\"https:\/\/www.thecarpetwashingmachine.com\/hsm-5200\/\" \/>\n<meta property=\"og:locale\" content=\"de_DE\" \/>\n<meta property=\"og:type\" content=\"article\" \/>\n<meta property=\"og:title\" content=\"Teppichwringmaschine - HSM 5200 - Teppichwringer\" \/>\n<meta property=\"og:description\" content=\"HSM 5200: Neue Standards in der Teppichtrocknung. Gro\u00dfe INOX-Trommel und leistungsstarker 7,5 kW Motor f\u00fcr schnelle, professionelle Ergebnisse.\" \/>\n<meta property=\"og:url\" content=\"https:\/\/www.thecarpetwashingmachine.com\/hsm-5200\/\" \/>\n<meta property=\"og:site_name\" content=\"Teppichwaschmaschine\" \/>\n<meta property=\"article:publisher\" content=\"http:\/\/www.facebook.com\/carpetwashingmachine\" \/>\n<meta property=\"article:modified_time\" content=\"2025-07-29T06:13:59+00:00\" \/>\n<meta property=\"og:image\" content=\"https:\/\/www.thecarpetwashingmachine.com\/wp-content\/uploads\/2025\/07\/Untitled-design-11.png\" \/>\n\t<meta property=\"og:image:width\" content=\"750\" \/>\n\t<meta property=\"og:image:height\" content=\"500\" \/>\n\t<meta property=\"og:image:type\" content=\"image\/png\" \/>\n<meta name=\"twitter:card\" content=\"summary_large_image\" \/>\n<meta name=\"twitter:label1\" content=\"Gesch\u00e4tzte Lesezeit\" \/>\n\t<meta name=\"twitter:data1\" content=\"1\u00a0Minute\" \/>\n<script type=\"application\/ld+json\" class=\"yoast-schema-graph\">{\"@context\":\"https:\/\/schema.org\",\"@graph\":[{\"@type\":\"WebPage\",\"@id\":\"https:\/\/www.thecarpetwashingmachine.com\/hsm-5200\/\",\"url\":\"https:\/\/www.thecarpetwashingmachine.com\/hsm-5200\/\",\"name\":\"Teppichwringmaschine - HSM 5200 - \u041a\u043e\u0432\u0440\u043e\u0432\u044b\u0439 \u043e\u0442\u0436\u0438\u043c\",\"isPartOf\":{\"@id\":\"https:\/\/www.thecarpetwashingmachine.com\/#website\"},\"primaryImageOfPage\":{\"@id\":\"https:\/\/www.thecarpetwashingmachine.com\/hsm-5200\/#primaryimage\"},\"image\":{\"@id\":\"https:\/\/www.thecarpetwashingmachine.com\/hsm-5200\/#primaryimage\"},\"thumbnailUrl\":\"https:\/\/www.thecarpetwashingmachine.com\/wp-content\/uploads\/2025\/07\/Untitled-design-11.png\",\"datePublished\":\"2025-07-11T10:44:08+00:00\",\"dateModified\":\"2025-07-29T06:13:59+00:00\",\"description\":\"HSM 5200: \u041d\u043e\u0432\u044b\u0439 \u0441\u0442\u0430\u043d\u0434\u0430\u0440\u0442 \u0441\u0443\u0448\u043a\u0438 \u043a\u043e\u0432\u0440\u043e\u0432. \u041f\u0440\u043e\u0447\u043d\u044b\u0439 \u0431\u0430\u0440\u0430\u0431\u0430\u043d INOX \u0438 \u043c\u043e\u0449\u043d\u044b\u0439 \u0434\u0432\u0438\u0433\u0430\u0442\u0435\u043b\u044c 7,5 \u043a\u0412\u0442 \u0434\u043b\u044f \u0431\u044b\u0441\u0442\u0440\u044b\u0445, \u043f\u0440\u043e\u0444\u0435\u0441\u0441\u0438\u043e\u043d\u0430\u043b\u044c\u043d\u044b\u0445 \u0440\u0435\u0437\u0443\u043b\u044c\u0442\u0430\u0442\u043e\u0432.\",\"breadcrumb\":{\"@id\":\"https:\/\/www.thecarpetwashingmachine.com\/hsm-5200\/#breadcrumb\"},\"inLanguage\":\"de\",\"potentialAction\":[{\"@type\":\"ReadAction\",\"target\":[\"https:\/\/www.thecarpetwashingmachine.com\/hsm-5200\/\"]}]},{\"@type\":\"ImageObject\",\"inLanguage\":\"de\",\"@id\":\"https:\/\/www.thecarpetwashingmachine.com\/hsm-5200\/#primaryimage\",\"url\":\"https:\/\/www.thecarpetwashingmachine.com\/wp-content\/uploads\/2025\/07\/Untitled-design-11.png\",\"contentUrl\":\"https:\/\/www.thecarpetwashingmachine.com\/wp-content\/uploads\/2025\/07\/Untitled-design-11.png\"},{\"@type\":\"BreadcrumbList\",\"@id\":\"https:\/\/www.thecarpetwashingmachine.com\/hsm-5200\/#breadcrumb\",\"itemListElement\":[{\"@type\":\"ListItem\",\"position\":1,\"name\":\"Home\",\"item\":\"https:\/\/www.thecarpetwashingmachine.com\/\"},{\"@type\":\"ListItem\",\"position\":2,\"name\":\"Carpet Wringing Machine &#8211; HSM 5200\"}]},{\"@type\":\"WebSite\",\"@id\":\"https:\/\/www.thecarpetwashingmachine.com\/#website\",\"url\":\"https:\/\/www.thecarpetwashingmachine.com\/\",\"name\":\"Teppichwaschmaschine\",\"description\":\"Die Teppichwaschmaschine gibt es auf der ganzen Welt!\",\"potentialAction\":[{\"@type\":\"SearchAction\",\"target\":{\"@type\":\"EntryPoint\",\"urlTemplate\":\"https:\/\/www.thecarpetwashingmachine.com\/?s={search_term_string}\"},\"query-input\":{\"@type\":\"PropertyValueSpecification\",\"valueRequired\":true,\"valueName\":\"search_term_string\"}}],\"inLanguage\":\"de\"}]}<\/script>\n<!-- \/ Yoast SEO plugin. -->","yoast_head_json":{"title":"Teppichwringmaschine - HSM 5200 - Teppichwringer","description":"HSM 5200: Neue Standards in der Teppichtrocknung. Gro\u00dfe INOX-Trommel und leistungsstarker 7,5 kW Motor f\u00fcr schnelle, professionelle Ergebnisse.","robots":{"index":"index","follow":"follow","max-snippet":"max-snippet:-1","max-image-preview":"max-image-preview:large","max-video-preview":"max-video-preview:-1"},"canonical":"https:\/\/www.thecarpetwashingmachine.com\/hsm-5200\/","og_locale":"de_DE","og_type":"article","og_title":"Teppichwringmaschine - HSM 5200 - Teppichwringer","og_description":"HSM 5200: Neue Standards in der Teppichtrocknung. Gro\u00dfe INOX-Trommel und leistungsstarker 7,5 kW Motor f\u00fcr schnelle, professionelle Ergebnisse.","og_url":"https:\/\/www.thecarpetwashingmachine.com\/hsm-5200\/","og_site_name":"Teppichwaschmaschine","article_publisher":"http:\/\/www.facebook.com\/carpetwashingmachine","article_modified_time":"2025-07-29T06:13:59+00:00","og_image":[{"width":750,"height":500,"url":"https:\/\/www.thecarpetwashingmachine.com\/wp-content\/uploads\/2025\/07\/Untitled-design-11.png","type":"image\/png"}],"twitter_card":"summary_large_image","twitter_misc":{"Gesch\u00e4tzte Lesezeit":"1\u00a0Minute"},"schema":{"@context":"https:\/\/schema.org","@graph":[{"@type":"WebPage","@id":"https:\/\/www.thecarpetwashingmachine.com\/hsm-5200\/","url":"https:\/\/www.thecarpetwashingmachine.com\/hsm-5200\/","name":"Teppichwringmaschine - HSM 5200 - \u041a\u043e\u0432\u0440\u043e\u0432\u044b\u0439 \u043e\u0442\u0436\u0438\u043c","isPartOf":{"@id":"https:\/\/www.thecarpetwashingmachine.com\/#website"},"primaryImageOfPage":{"@id":"https:\/\/www.thecarpetwashingmachine.com\/hsm-5200\/#primaryimage"},"image":{"@id":"https:\/\/www.thecarpetwashingmachine.com\/hsm-5200\/#primaryimage"},"thumbnailUrl":"https:\/\/www.thecarpetwashingmachine.com\/wp-content\/uploads\/2025\/07\/Untitled-design-11.png","datePublished":"2025-07-11T10:44:08+00:00","dateModified":"2025-07-29T06:13:59+00:00","description":"HSM 5200: \u041d\u043e\u0432\u044b\u0439 \u0441\u0442\u0430\u043d\u0434\u0430\u0440\u0442 \u0441\u0443\u0448\u043a\u0438 \u043a\u043e\u0432\u0440\u043e\u0432. \u041f\u0440\u043e\u0447\u043d\u044b\u0439 \u0431\u0430\u0440\u0430\u0431\u0430\u043d INOX \u0438 \u043c\u043e\u0449\u043d\u044b\u0439 \u0434\u0432\u0438\u0433\u0430\u0442\u0435\u043b\u044c 7,5 \u043a\u0412\u0442 \u0434\u043b\u044f \u0431\u044b\u0441\u0442\u0440\u044b\u0445, \u043f\u0440\u043e\u0444\u0435\u0441\u0441\u0438\u043e\u043d\u0430\u043b\u044c\u043d\u044b\u0445 \u0440\u0435\u0437\u0443\u043b\u044c\u0442\u0430\u0442\u043e\u0432.","breadcrumb":{"@id":"https:\/\/www.thecarpetwashingmachine.com\/hsm-5200\/#breadcrumb"},"inLanguage":"de","potentialAction":[{"@type":"ReadAction","target":["https:\/\/www.thecarpetwashingmachine.com\/hsm-5200\/"]}]},{"@type":"ImageObject","inLanguage":"de","@id":"https:\/\/www.thecarpetwashingmachine.com\/hsm-5200\/#primaryimage","url":"https:\/\/www.thecarpetwashingmachine.com\/wp-content\/uploads\/2025\/07\/Untitled-design-11.png","contentUrl":"https:\/\/www.thecarpetwashingmachine.com\/wp-content\/uploads\/2025\/07\/Untitled-design-11.png"},{"@type":"BreadcrumbList","@id":"https:\/\/www.thecarpetwashingmachine.com\/hsm-5200\/#breadcrumb","itemListElement":[{"@type":"ListItem","position":1,"name":"Home","item":"https:\/\/www.thecarpetwashingmachine.com\/"},{"@type":"ListItem","position":2,"name":"Carpet Wringing Machine &#8211; HSM 5200"}]},{"@type":"WebSite","@id":"https:\/\/www.thecarpetwashingmachine.com\/#website","url":"https:\/\/www.thecarpetwashingmachine.com\/","name":"Teppichwaschmaschine","description":"Die Teppichwaschmaschine gibt es auf der ganzen Welt!","potentialAction":[{"@type":"SearchAction","target":{"@type":"EntryPoint","urlTemplate":"https:\/\/www.thecarpetwashingmachine.com\/?s={search_term_string}"},"query-input":{"@type":"PropertyValueSpecification","valueRequired":true,"valueName":"search_term_string"}}],"inLanguage":"de"}]}},"_links":{"self":[{"href":"https:\/\/www.thecarpetwashingmachine.com\/de\/wp-json\/wp\/v2\/pages\/2185","targetHints":{"allow":["GET"]}}],"collection":[{"href":"https:\/\/www.thecarpetwashingmachine.com\/de\/wp-json\/wp\/v2\/pages"}],"about":[{"href":"https:\/\/www.thecarpetwashingmachine.com\/de\/wp-json\/wp\/v2\/types\/page"}],"author":[{"embeddable":true,"href":"https:\/\/www.thecarpetwashingmachine.com\/de\/wp-json\/wp\/v2\/users\/1"}],"replies":[{"embeddable":true,"href":"https:\/\/www.thecarpetwashingmachine.com\/de\/wp-json\/wp\/v2\/comments?post=2185"}],"version-history":[{"count":44,"href":"https:\/\/www.thecarpetwashingmachine.com\/de\/wp-json\/wp\/v2\/pages\/2185\/revisions"}],"predecessor-version":[{"id":2537,"href":"https:\/\/www.thecarpetwashingmachine.com\/de\/wp-json\/wp\/v2\/pages\/2185\/revisions\/2537"}],"wp:attachment":[{"href":"https:\/\/www.thecarpetwashingmachine.com\/de\/wp-json\/wp\/v2\/media?parent=2185"}],"curies":[{"name":"wp","href":"https:\/\/api.w.org\/{rel}","templated":true}]}}