{"id":2177,"date":"2025-07-11T12:34:32","date_gmt":"2025-07-11T12:34:32","guid":{"rendered":"https:\/\/www.thecarpetwashingmachine.com\/?page_id=2177"},"modified":"2025-07-29T06:22:38","modified_gmt":"2025-07-29T06:22:38","slug":"hsm-3200","status":"publish","type":"page","link":"https:\/\/www.thecarpetwashingmachine.com\/de\/hsm-3200\/","title":{"rendered":"Teppichwringmaschine &#8211; HSM 3200"},"content":{"rendered":"\n<figure class=\"wp-block-image aligncenter size-full\"><img loading=\"lazy\" decoding=\"async\" width=\"750\" height=\"500\" src=\"https:\/\/www.thecarpetwashingmachine.com\/wp-content\/uploads\/2025\/07\/Untitled-design-11.png\" alt=\"Teppichwringer\n\" class=\"wp-image-1636\" srcset=\"https:\/\/www.thecarpetwashingmachine.com\/wp-content\/uploads\/2025\/07\/Untitled-design-11.png 750w, https:\/\/www.thecarpetwashingmachine.com\/wp-content\/uploads\/2025\/07\/Untitled-design-11-300x200.png 300w\" sizes=\"auto, (max-width: 750px) 100vw, 750px\" \/><\/figure>\n\n\n\n<p><\/p>\n\n\n\n<p>Erleben Sie erstklassige Teppichtrocknung mit der Teppichschleudermaschine HSM 3200. Diese robuste Maschine verf\u00fcgt \u00fcber eine beeindruckende interne Trommeltiefe von 3200 mm und einen Durchmesser von 350 mm, wodurch sie m\u00fchelos verschiedene Teppichgr\u00f6\u00dfen aufnehmen kann. F\u00fcr eine dauerhafte Leistung sind sowohl die innere als auch die \u00e4u\u00dfere Trommel aus hochwertigem Edelstahl 304 (INOX) gefertigt, was maximale Haltbarkeit und Korrosionsbest\u00e4ndigkeit gew\u00e4hrleistet.<\/p>\n\n\n\n<p>Angetrieben von einem zuverl\u00e4ssigen 5,5-kW-Motor liefert sie eine konstante, kraftvolle Schleuderleistung. Das benutzerfreundliche pneumatische T\u00fcrsystem garantiert einen reibungslosen und effizienten Betrieb. Dar\u00fcber hinaus bietet die HSM 3200 anpassbare Optionen wie ein Bremssystem, eine R\u00fcckw\u00e4rtsdrehfunktion und einen Wasseranschluss, wodurch sie sich perfekt an Ihren spezifischen Arbeitsablauf anpassen l\u00e4sst.<\/p>\n","protected":false},"excerpt":{"rendered":"<p>Erleben Sie erstklassige Teppichtrocknung mit der Teppichschleudermaschine HSM 3200. Diese robuste Maschine verf\u00fcgt \u00fcber eine beeindruckende interne Trommeltiefe von 3200 mm und einen Durchmesser von&hellip;<\/p>\n","protected":false},"author":1,"featured_media":0,"parent":0,"menu_order":0,"comment_status":"closed","ping_status":"closed","template":"","meta":{"footnotes":""},"class_list":["post-2177","page","type-page","status-publish","hentry"],"translation":{"provider":"WPGlobus","version":"3.0.0","language":"de","enabled_languages":["en","tr","fr","ar","es","de","pt","ru"],"languages":{"en":{"title":true,"content":true,"excerpt":false},"tr":{"title":true,"content":true,"excerpt":false},"fr":{"title":true,"content":true,"excerpt":false},"ar":{"title":true,"content":true,"excerpt":false},"es":{"title":true,"content":true,"excerpt":false},"de":{"title":true,"content":true,"excerpt":false},"pt":{"title":true,"content":true,"excerpt":false},"ru":{"title":true,"content":true,"excerpt":false}}},"yoast_head":"<!-- This site is optimized with the Yoast SEO plugin v24.7 - https:\/\/yoast.com\/wordpress\/plugins\/seo\/ -->\n<title>Teppichwringmaschine - HSM 3200 - Teppichwringer<\/title>\n<meta name=\"description\" content=\"HSM 3200: Top-Teppichtrocknung. 3200mm Trommel, 5,5 kW Motor und INOX f\u00fcr maximale Leistung, Langlebigkeit und Effizienz.\" \/>\n<meta name=\"robots\" content=\"index, follow, max-snippet:-1, max-image-preview:large, max-video-preview:-1\" \/>\n<link rel=\"canonical\" href=\"https:\/\/www.thecarpetwashingmachine.com\/hsm-3200\/\" \/>\n<meta property=\"og:locale\" content=\"de_DE\" \/>\n<meta property=\"og:type\" content=\"article\" \/>\n<meta property=\"og:title\" content=\"Teppichwringmaschine - HSM 3200 - Teppichwringer\" \/>\n<meta property=\"og:description\" content=\"HSM 3200: Top-Teppichtrocknung. 3200mm Trommel, 5,5 kW Motor und INOX f\u00fcr maximale Leistung, Langlebigkeit und Effizienz.\" \/>\n<meta property=\"og:url\" content=\"https:\/\/www.thecarpetwashingmachine.com\/hsm-3200\/\" \/>\n<meta property=\"og:site_name\" content=\"Teppichwaschmaschine\" \/>\n<meta property=\"article:publisher\" content=\"http:\/\/www.facebook.com\/carpetwashingmachine\" \/>\n<meta property=\"article:modified_time\" content=\"2025-07-29T06:22:38+00:00\" \/>\n<meta property=\"og:image\" content=\"https:\/\/www.thecarpetwashingmachine.com\/wp-content\/uploads\/2025\/07\/Untitled-design-11.png\" \/>\n\t<meta property=\"og:image:width\" content=\"750\" \/>\n\t<meta property=\"og:image:height\" content=\"500\" \/>\n\t<meta property=\"og:image:type\" content=\"image\/png\" \/>\n<meta name=\"twitter:card\" content=\"summary_large_image\" \/>\n<meta name=\"twitter:label1\" content=\"Gesch\u00e4tzte Lesezeit\" \/>\n\t<meta name=\"twitter:data1\" content=\"1\u00a0Minute\" \/>\n<script type=\"application\/ld+json\" class=\"yoast-schema-graph\">{\"@context\":\"https:\/\/schema.org\",\"@graph\":[{\"@type\":\"WebPage\",\"@id\":\"https:\/\/www.thecarpetwashingmachine.com\/hsm-3200\/\",\"url\":\"https:\/\/www.thecarpetwashingmachine.com\/hsm-3200\/\",\"name\":\"Teppichwringmaschine - HSM 3200 - \u041c\u0430\u0448\u0438\u043d\u0430 \u0434\u043b\u044f \u043e\u0442\u0436\u0438\u043c\u0430 \u043a\u043e\u0432\u0440\u043e\u0432\",\"isPartOf\":{\"@id\":\"https:\/\/www.thecarpetwashingmachine.com\/#website\"},\"primaryImageOfPage\":{\"@id\":\"https:\/\/www.thecarpetwashingmachine.com\/hsm-3200\/#primaryimage\"},\"image\":{\"@id\":\"https:\/\/www.thecarpetwashingmachine.com\/hsm-3200\/#primaryimage\"},\"thumbnailUrl\":\"https:\/\/www.thecarpetwashingmachine.com\/wp-content\/uploads\/2025\/07\/Untitled-design-11.png\",\"datePublished\":\"2025-07-11T12:34:32+00:00\",\"dateModified\":\"2025-07-29T06:22:38+00:00\",\"description\":\"HSM 3200: \u041f\u0440\u043e\u0444\u0435\u0441\u0441\u0438\u043e\u043d\u0430\u043b\u044c\u043d\u0430\u044f \u0441\u0443\u0448\u043a\u0430 \u043a\u043e\u0432\u0440\u043e\u0432. \u0413\u043b\u0443\u0431\u043e\u043a\u0438\u0439 \u0431\u0430\u0440\u0430\u0431\u0430\u043d 3200 \u043c\u043c, INOX 304 \u0438 \u0434\u0432\u0438\u0433\u0430\u0442\u0435\u043b\u044c 5,5 \u043a\u0412\u0442 \u0434\u043b\u044f \u043d\u0430\u0434\u0435\u0436\u043d\u043e\u0439 \u0440\u0430\u0431\u043e\u0442\u044b.\",\"breadcrumb\":{\"@id\":\"https:\/\/www.thecarpetwashingmachine.com\/hsm-3200\/#breadcrumb\"},\"inLanguage\":\"de\",\"potentialAction\":[{\"@type\":\"ReadAction\",\"target\":[\"https:\/\/www.thecarpetwashingmachine.com\/hsm-3200\/\"]}]},{\"@type\":\"ImageObject\",\"inLanguage\":\"de\",\"@id\":\"https:\/\/www.thecarpetwashingmachine.com\/hsm-3200\/#primaryimage\",\"url\":\"https:\/\/www.thecarpetwashingmachine.com\/wp-content\/uploads\/2025\/07\/Untitled-design-11.png\",\"contentUrl\":\"https:\/\/www.thecarpetwashingmachine.com\/wp-content\/uploads\/2025\/07\/Untitled-design-11.png\"},{\"@type\":\"BreadcrumbList\",\"@id\":\"https:\/\/www.thecarpetwashingmachine.com\/hsm-3200\/#breadcrumb\",\"itemListElement\":[{\"@type\":\"ListItem\",\"position\":1,\"name\":\"Home\",\"item\":\"https:\/\/www.thecarpetwashingmachine.com\/\"},{\"@type\":\"ListItem\",\"position\":2,\"name\":\"Carpet Wringing Machine &#8211; HSM 3200\"}]},{\"@type\":\"WebSite\",\"@id\":\"https:\/\/www.thecarpetwashingmachine.com\/#website\",\"url\":\"https:\/\/www.thecarpetwashingmachine.com\/\",\"name\":\"Teppichwaschmaschine\",\"description\":\"Die Teppichwaschmaschine gibt es auf der ganzen Welt!\",\"potentialAction\":[{\"@type\":\"SearchAction\",\"target\":{\"@type\":\"EntryPoint\",\"urlTemplate\":\"https:\/\/www.thecarpetwashingmachine.com\/?s={search_term_string}\"},\"query-input\":{\"@type\":\"PropertyValueSpecification\",\"valueRequired\":true,\"valueName\":\"search_term_string\"}}],\"inLanguage\":\"de\"}]}<\/script>\n<!-- \/ Yoast SEO plugin. -->","yoast_head_json":{"title":"Teppichwringmaschine - HSM 3200 - Teppichwringer","description":"HSM 3200: Top-Teppichtrocknung. 3200mm Trommel, 5,5 kW Motor und INOX f\u00fcr maximale Leistung, Langlebigkeit und Effizienz.","robots":{"index":"index","follow":"follow","max-snippet":"max-snippet:-1","max-image-preview":"max-image-preview:large","max-video-preview":"max-video-preview:-1"},"canonical":"https:\/\/www.thecarpetwashingmachine.com\/hsm-3200\/","og_locale":"de_DE","og_type":"article","og_title":"Teppichwringmaschine - HSM 3200 - Teppichwringer","og_description":"HSM 3200: Top-Teppichtrocknung. 3200mm Trommel, 5,5 kW Motor und INOX f\u00fcr maximale Leistung, Langlebigkeit und Effizienz.","og_url":"https:\/\/www.thecarpetwashingmachine.com\/hsm-3200\/","og_site_name":"Teppichwaschmaschine","article_publisher":"http:\/\/www.facebook.com\/carpetwashingmachine","article_modified_time":"2025-07-29T06:22:38+00:00","og_image":[{"width":750,"height":500,"url":"https:\/\/www.thecarpetwashingmachine.com\/wp-content\/uploads\/2025\/07\/Untitled-design-11.png","type":"image\/png"}],"twitter_card":"summary_large_image","twitter_misc":{"Gesch\u00e4tzte Lesezeit":"1\u00a0Minute"},"schema":{"@context":"https:\/\/schema.org","@graph":[{"@type":"WebPage","@id":"https:\/\/www.thecarpetwashingmachine.com\/hsm-3200\/","url":"https:\/\/www.thecarpetwashingmachine.com\/hsm-3200\/","name":"Teppichwringmaschine - HSM 3200 - \u041c\u0430\u0448\u0438\u043d\u0430 \u0434\u043b\u044f \u043e\u0442\u0436\u0438\u043c\u0430 \u043a\u043e\u0432\u0440\u043e\u0432","isPartOf":{"@id":"https:\/\/www.thecarpetwashingmachine.com\/#website"},"primaryImageOfPage":{"@id":"https:\/\/www.thecarpetwashingmachine.com\/hsm-3200\/#primaryimage"},"image":{"@id":"https:\/\/www.thecarpetwashingmachine.com\/hsm-3200\/#primaryimage"},"thumbnailUrl":"https:\/\/www.thecarpetwashingmachine.com\/wp-content\/uploads\/2025\/07\/Untitled-design-11.png","datePublished":"2025-07-11T12:34:32+00:00","dateModified":"2025-07-29T06:22:38+00:00","description":"HSM 3200: \u041f\u0440\u043e\u0444\u0435\u0441\u0441\u0438\u043e\u043d\u0430\u043b\u044c\u043d\u0430\u044f \u0441\u0443\u0448\u043a\u0430 \u043a\u043e\u0432\u0440\u043e\u0432. \u0413\u043b\u0443\u0431\u043e\u043a\u0438\u0439 \u0431\u0430\u0440\u0430\u0431\u0430\u043d 3200 \u043c\u043c, INOX 304 \u0438 \u0434\u0432\u0438\u0433\u0430\u0442\u0435\u043b\u044c 5,5 \u043a\u0412\u0442 \u0434\u043b\u044f \u043d\u0430\u0434\u0435\u0436\u043d\u043e\u0439 \u0440\u0430\u0431\u043e\u0442\u044b.","breadcrumb":{"@id":"https:\/\/www.thecarpetwashingmachine.com\/hsm-3200\/#breadcrumb"},"inLanguage":"de","potentialAction":[{"@type":"ReadAction","target":["https:\/\/www.thecarpetwashingmachine.com\/hsm-3200\/"]}]},{"@type":"ImageObject","inLanguage":"de","@id":"https:\/\/www.thecarpetwashingmachine.com\/hsm-3200\/#primaryimage","url":"https:\/\/www.thecarpetwashingmachine.com\/wp-content\/uploads\/2025\/07\/Untitled-design-11.png","contentUrl":"https:\/\/www.thecarpetwashingmachine.com\/wp-content\/uploads\/2025\/07\/Untitled-design-11.png"},{"@type":"BreadcrumbList","@id":"https:\/\/www.thecarpetwashingmachine.com\/hsm-3200\/#breadcrumb","itemListElement":[{"@type":"ListItem","position":1,"name":"Home","item":"https:\/\/www.thecarpetwashingmachine.com\/"},{"@type":"ListItem","position":2,"name":"Carpet Wringing Machine &#8211; HSM 3200"}]},{"@type":"WebSite","@id":"https:\/\/www.thecarpetwashingmachine.com\/#website","url":"https:\/\/www.thecarpetwashingmachine.com\/","name":"Teppichwaschmaschine","description":"Die Teppichwaschmaschine gibt es auf der ganzen Welt!","potentialAction":[{"@type":"SearchAction","target":{"@type":"EntryPoint","urlTemplate":"https:\/\/www.thecarpetwashingmachine.com\/?s={search_term_string}"},"query-input":{"@type":"PropertyValueSpecification","valueRequired":true,"valueName":"search_term_string"}}],"inLanguage":"de"}]}},"_links":{"self":[{"href":"https:\/\/www.thecarpetwashingmachine.com\/de\/wp-json\/wp\/v2\/pages\/2177","targetHints":{"allow":["GET"]}}],"collection":[{"href":"https:\/\/www.thecarpetwashingmachine.com\/de\/wp-json\/wp\/v2\/pages"}],"about":[{"href":"https:\/\/www.thecarpetwashingmachine.com\/de\/wp-json\/wp\/v2\/types\/page"}],"author":[{"embeddable":true,"href":"https:\/\/www.thecarpetwashingmachine.com\/de\/wp-json\/wp\/v2\/users\/1"}],"replies":[{"embeddable":true,"href":"https:\/\/www.thecarpetwashingmachine.com\/de\/wp-json\/wp\/v2\/comments?post=2177"}],"version-history":[{"count":26,"href":"https:\/\/www.thecarpetwashingmachine.com\/de\/wp-json\/wp\/v2\/pages\/2177\/revisions"}],"predecessor-version":[{"id":2545,"href":"https:\/\/www.thecarpetwashingmachine.com\/de\/wp-json\/wp\/v2\/pages\/2177\/revisions\/2545"}],"wp:attachment":[{"href":"https:\/\/www.thecarpetwashingmachine.com\/de\/wp-json\/wp\/v2\/media?parent=2177"}],"curies":[{"name":"wp","href":"https:\/\/api.w.org\/{rel}","templated":true}]}}