{"id":191,"date":"2022-11-02T06:32:43","date_gmt":"2022-11-02T06:32:43","guid":{"rendered":"https:\/\/www.thecarpetwashingmachine.com\/?page_id=191"},"modified":"2025-07-07T10:34:22","modified_gmt":"2025-07-07T10:34:22","slug":"how-to-contact-a-carpet-washing-machines-supplier","status":"publish","type":"page","link":"https:\/\/www.thecarpetwashingmachine.com\/de\/how-to-contact-a-carpet-washing-machines-supplier\/","title":{"rendered":"Wie kann ich einen Anbieter von Teppichwaschmaschinen kontaktieren?"},"content":{"rendered":"<div class=\"wp-block-image\">\n<figure class=\"aligncenter size-full\"><img loading=\"lazy\" decoding=\"async\" width=\"826\" height=\"390\" src=\"https:\/\/www.thecarpetwashingmachine.com\/wp-content\/uploads\/2025\/01\/hali-yikama-makinasi-kullanimi-1.jpg\" alt=\"\" class=\"wp-image-384\" srcset=\"https:\/\/www.thecarpetwashingmachine.com\/wp-content\/uploads\/2025\/01\/hali-yikama-makinasi-kullanimi-1.jpg 826w, https:\/\/www.thecarpetwashingmachine.com\/wp-content\/uploads\/2025\/01\/hali-yikama-makinasi-kullanimi-1-300x142.jpg 300w, https:\/\/www.thecarpetwashingmachine.com\/wp-content\/uploads\/2025\/01\/hali-yikama-makinasi-kullanimi-1-768x363.jpg 768w\" sizes=\"auto, (max-width: 826px) 100vw, 826px\" \/><\/figure><\/div>\n\n\n<p><\/p>\n\n\n\n<h2 class=\"wp-block-heading\">Sind Sie neu in der Teppichreinigungsbranche?<\/h2>\n\n\n\n<p>Wenn Sie neu im Teppichreinigungsgesch\u00e4ft sind \u2013 sei es, weil Sie sich mit den Maschinen nicht auskennen oder gerade dar\u00fcber nachdenken, ein neues Unternehmen zu gr\u00fcnden \u2013 m\u00f6chten Sie wahrscheinlich als Erstes den Preis der Maschinen erfahren. Obwohl die Preisgestaltung wichtig ist, ist es ebenso entscheidend, wie Sie mit dem Lieferanten kommunizieren.<\/p>\n\n\n\n<h2 class=\"wp-block-heading\">Wie viel kostet eine Teppichwaschmaschine?<\/h2>\n\n\n\n<p>Die Frage \u201eWie viel kostet eine Teppichwaschmaschine?\u201c ist keine gute M\u00f6glichkeit, einem Lieferanten Ihr Interesse mitzuteilen. Der Lieferant wird sofort denken, dass Sie nichts \u00fcber diese Maschinen wissen. Handelt es sich um einen Lieferanten mit schlechten Absichten, wird er Ihnen die billigste (und h\u00f6chstwahrscheinlich am wenigsten n\u00fctzliche) Teppichwaschmaschine anbieten, um an Ihr Geld zu gelangen. Dies ist in unserer Branche durchaus \u00fcblich.<\/p>\n\n\n\n<p>Ein Anbieter, der Ihnen wirklich helfen m\u00f6chte, ben\u00f6tigt jedoch mehr als nur die Frage \u201eWie viel kostet eine Teppichwaschmaschine?\u201c.<\/p>\n\n\n\n<h2 class=\"wp-block-heading\">Ihr Unternehmensprofil<\/h2>\n\n\n\n<p>Nachdem Sie sich namentlich vorgestellt haben, beginnen Sie am besten damit, Ihr Unternehmen vorzustellen: Ihr Firmenprofil, das Alter Ihres Unternehmens, Ihren Standort, Ihre Dienstleistungen und nat\u00fcrlich Ihr Projekt im Detail. Dazu geh\u00f6ren Angaben zum Gesch\u00e4ftsraum, in dem die Maschinen installiert werden sollen (wenn m\u00f6glich eine Zeichnung), und was Sie f\u00fcr Ihr Gesch\u00e4ft ben\u00f6tigen. Wenn Sie ein Zwischenunternehmen sind, sollten Sie dies dem Lieferanten vorher mitteilen. Es ist am besten, Ihre E-Mails \u00fcber eine kommerzielle E-Mail-Adresse zu versenden (nicht GMail, Yahoo, Outlook, sondern eine E-Mail, die mit Ihrer Website-Domain endet). Dies hinterl\u00e4sst beim Anbieter einen guten Eindruck.<\/p>\n\n\n\n<h2 class=\"wp-block-heading\">F\u00fcr neue Unternehmer<\/h2>\n\n\n\n<p>Wenn Sie neu in diesem Gesch\u00e4ft sind und noch kein Unternehmen haben, sollten Sie Ihre Absichten klar darlegen. Einige der oben erl\u00e4uterten Fragen sind auch hier relevant: Teilen Sie dem Lieferanten mit, wo Sie sich befinden und wo Sie Ihr Projekt starten, und ob Sie \u00fcber einen f\u00fcr Ihr Gesch\u00e4ft geeigneten Gesch\u00e4ftsraum verf\u00fcgen (Sie sollten Details wie Fl\u00e4che und Stromnetz hinzuf\u00fcgen). Da Sie m\u00f6glicherweise keine kommerzielle E-Mail-Adresse verwenden, fragt der Anbieter Sie m\u00f6glicherweise nach anderen Kommunikationsm\u00f6glichkeiten (WhatsApp, Messenger usw.). Dies sollte f\u00fcr Sie kein Problem darstellen, da E-Mails in den meisten F\u00e4llen nie ihre tats\u00e4chliche Adresse erreichen und daher nicht gelesen werden. Der Lieferant m\u00f6chte lediglich wissen, dass Sie seine E-Mail erhalten haben.<\/p>\n\n\n\n<h2 class=\"wp-block-heading\">Spezifikation der gew\u00fcnschten Produkte<\/h2>\n\n\n\n<p>Ein Lieferant kann eine gro\u00dfe Anzahl von Produkten anbieten, von einer industriellen vollautomatischen Teppichwaschmaschine bis hin zu Hydroextraktoren. In diesem Fall m\u00fcssen Sie erl\u00e4utern, an welchen Maschinen Sie konkret interessiert sind. Dadurch erhalten Sie schneller ein Angebot. Der Lieferant sendet Ihnen einen Katalog entweder per E-Mail oder auf anderem Weg zu. In diesem Katalog werden die Maschinen vermutlich in unterschiedlichen Ausf\u00fchrungen vorgestellt. Es ist zu beachten, dass Modellnummern normalerweise die Gr\u00f6\u00dfe angeben (wenn beispielsweise die Modellnummer einer Teppichwaschmaschine 3200 lautet, bedeutet dies, dass sie f\u00fcr Teppiche mit einer Breite von bis zu 3,2 Metern geeignet ist; die L\u00e4nge spielt bei Teppichwaschmaschinen normalerweise keine Rolle). Wenn Sie jede Maschine, die Sie ben\u00f6tigen, einzeln angeben (zum Beispiel: 4200 vollautomatische Teppichwaschmaschine mit 4+4=8 Scheibenb\u00fcrsten und 1 Zylinderb\u00fcrste, 4200 Teppichauswringmaschine mit 450 mm Durchmesser und Bremssystem), bedeutet dies, dass Sie den Katalog des Lieferanten ausf\u00fchrlich gelesen und auf jedes Detail geachtet haben.<\/p>\n","protected":false},"excerpt":{"rendered":"<p>Sind Sie neu in der Teppichreinigungsbranche? Wenn Sie neu im Teppichreinigungsgesch\u00e4ft sind \u2013 sei es, weil Sie sich mit den Maschinen nicht auskennen oder gerade&hellip;<\/p>\n","protected":false},"author":1,"featured_media":0,"parent":0,"menu_order":0,"comment_status":"closed","ping_status":"closed","template":"","meta":{"footnotes":""},"class_list":["post-191","page","type-page","status-publish","hentry"],"translation":{"provider":"WPGlobus","version":"3.0.0","language":"de","enabled_languages":["en","tr","fr","ar","es","de","pt","ru"],"languages":{"en":{"title":true,"content":true,"excerpt":false},"tr":{"title":true,"content":true,"excerpt":false},"fr":{"title":true,"content":true,"excerpt":false},"ar":{"title":true,"content":true,"excerpt":false},"es":{"title":true,"content":true,"excerpt":false},"de":{"title":true,"content":true,"excerpt":false},"pt":{"title":true,"content":true,"excerpt":false},"ru":{"title":true,"content":true,"excerpt":false}}},"yoast_head":"<!-- This site is optimized with the Yoast SEO plugin v24.7 - https:\/\/yoast.com\/wordpress\/plugins\/seo\/ -->\n<title>Wie kann ich einen Anbieter von Teppichwaschmaschinen kontaktieren? - Teppichwaschmaschine<\/title>\n<meta name=\"description\" content=\"M\u00fcssen Sie einen Lieferanten f\u00fcr Teppichwaschmaschinen kontaktieren? Entdecken Sie Expertentipps, um sich zu verbinden und Angebote einzuholen.\" \/>\n<meta name=\"robots\" content=\"index, follow, max-snippet:-1, max-image-preview:large, max-video-preview:-1\" \/>\n<link rel=\"canonical\" href=\"https:\/\/www.thecarpetwashingmachine.com\/how-to-contact-a-carpet-washing-machines-supplier\/\" \/>\n<meta property=\"og:locale\" content=\"de_DE\" \/>\n<meta property=\"og:type\" content=\"article\" \/>\n<meta property=\"og:title\" content=\"Wie kann ich einen Anbieter von Teppichwaschmaschinen kontaktieren? - Teppichwaschmaschine\" \/>\n<meta property=\"og:description\" content=\"M\u00fcssen Sie einen Lieferanten f\u00fcr Teppichwaschmaschinen kontaktieren? Entdecken Sie Expertentipps, um sich zu verbinden und Angebote einzuholen.\" \/>\n<meta property=\"og:url\" content=\"https:\/\/www.thecarpetwashingmachine.com\/how-to-contact-a-carpet-washing-machines-supplier\/\" \/>\n<meta property=\"og:site_name\" content=\"Teppichwaschmaschine\" \/>\n<meta property=\"article:publisher\" content=\"http:\/\/www.facebook.com\/carpetwashingmachine\" \/>\n<meta property=\"article:modified_time\" content=\"2025-07-07T10:34:22+00:00\" \/>\n<meta property=\"og:image\" content=\"https:\/\/www.thecarpetwashingmachine.com\/wp-content\/uploads\/2025\/01\/hali-yikama-makinasi-kullanimi-1.jpg\" \/>\n\t<meta property=\"og:image:width\" content=\"826\" \/>\n\t<meta property=\"og:image:height\" content=\"390\" \/>\n\t<meta property=\"og:image:type\" content=\"image\/jpeg\" \/>\n<meta name=\"twitter:card\" content=\"summary_large_image\" \/>\n<meta name=\"twitter:label1\" content=\"Gesch\u00e4tzte Lesezeit\" \/>\n\t<meta name=\"twitter:data1\" content=\"3\u00a0Minuten\" \/>\n<script type=\"application\/ld+json\" class=\"yoast-schema-graph\">{\"@context\":\"https:\/\/schema.org\",\"@graph\":[{\"@type\":\"WebPage\",\"@id\":\"https:\/\/www.thecarpetwashingmachine.com\/how-to-contact-a-carpet-washing-machines-supplier\/\",\"url\":\"https:\/\/www.thecarpetwashingmachine.com\/how-to-contact-a-carpet-washing-machines-supplier\/\",\"name\":\"\u041a\u0430\u043a \u0441\u0432\u044f\u0437\u0430\u0442\u044c\u0441\u044f \u0441 \u043f\u043e\u0441\u0442\u0430\u0432\u0449\u0438\u043a\u043e\u043c \u043c\u0430\u0448\u0438\u043d \u0434\u043b\u044f \u0441\u0442\u0438\u0440\u043a\u0438 \u043a\u043e\u0432\u0440\u043e\u0432? - Teppichwaschmaschine\",\"isPartOf\":{\"@id\":\"https:\/\/www.thecarpetwashingmachine.com\/#website\"},\"primaryImageOfPage\":{\"@id\":\"https:\/\/www.thecarpetwashingmachine.com\/how-to-contact-a-carpet-washing-machines-supplier\/#primaryimage\"},\"image\":{\"@id\":\"https:\/\/www.thecarpetwashingmachine.com\/how-to-contact-a-carpet-washing-machines-supplier\/#primaryimage\"},\"thumbnailUrl\":\"https:\/\/www.thecarpetwashingmachine.com\/wp-content\/uploads\/2025\/01\/hali-yikama-makinasi-kullanimi-1.jpg\",\"datePublished\":\"2022-11-02T06:32:43+00:00\",\"dateModified\":\"2025-07-07T10:34:22+00:00\",\"description\":\"\u041d\u0443\u0436\u043d\u043e \u0441\u0432\u044f\u0437\u0430\u0442\u044c\u0441\u044f \u0441 \u043f\u043e\u0441\u0442\u0430\u0432\u0449\u0438\u043a\u043e\u043c \u043c\u0430\u0448\u0438\u043d \u0434\u043b\u044f \u0441\u0442\u0438\u0440\u043a\u0438 \u043a\u043e\u0432\u0440\u043e\u0432? \u041e\u0442\u043a\u0440\u043e\u0439\u0442\u0435 \u0434\u043b\u044f \u0441\u0435\u0431\u044f \u0441\u043e\u0432\u0435\u0442\u044b \u044d\u043a\u0441\u043f\u0435\u0440\u0442\u043e\u0432, \u0447\u0442\u043e\u0431\u044b \u043d\u0430\u043b\u0430\u0434\u0438\u0442\u044c \u0441\u0432\u044f\u0437\u044c \u0438 \u043f\u043e\u043b\u0443\u0447\u0438\u0442\u044c \u043f\u0440\u0435\u0434\u043b\u043e\u0436\u0435\u043d\u0438\u044f.\",\"breadcrumb\":{\"@id\":\"https:\/\/www.thecarpetwashingmachine.com\/how-to-contact-a-carpet-washing-machines-supplier\/#breadcrumb\"},\"inLanguage\":\"de\",\"potentialAction\":[{\"@type\":\"ReadAction\",\"target\":[\"https:\/\/www.thecarpetwashingmachine.com\/how-to-contact-a-carpet-washing-machines-supplier\/\"]}]},{\"@type\":\"ImageObject\",\"inLanguage\":\"de\",\"@id\":\"https:\/\/www.thecarpetwashingmachine.com\/how-to-contact-a-carpet-washing-machines-supplier\/#primaryimage\",\"url\":\"https:\/\/www.thecarpetwashingmachine.com\/wp-content\/uploads\/2025\/01\/hali-yikama-makinasi-kullanimi-1.jpg\",\"contentUrl\":\"https:\/\/www.thecarpetwashingmachine.com\/wp-content\/uploads\/2025\/01\/hali-yikama-makinasi-kullanimi-1.jpg\"},{\"@type\":\"BreadcrumbList\",\"@id\":\"https:\/\/www.thecarpetwashingmachine.com\/how-to-contact-a-carpet-washing-machines-supplier\/#breadcrumb\",\"itemListElement\":[{\"@type\":\"ListItem\",\"position\":1,\"name\":\"Home\",\"item\":\"https:\/\/www.thecarpetwashingmachine.com\/\"},{\"@type\":\"ListItem\",\"position\":2,\"name\":\"How to Contact a Carpet Washing Machines Supplier?\"}]},{\"@type\":\"WebSite\",\"@id\":\"https:\/\/www.thecarpetwashingmachine.com\/#website\",\"url\":\"https:\/\/www.thecarpetwashingmachine.com\/\",\"name\":\"Teppichwaschmaschine\",\"description\":\"Die Teppichwaschmaschine gibt es auf der ganzen Welt!\",\"potentialAction\":[{\"@type\":\"SearchAction\",\"target\":{\"@type\":\"EntryPoint\",\"urlTemplate\":\"https:\/\/www.thecarpetwashingmachine.com\/?s={search_term_string}\"},\"query-input\":{\"@type\":\"PropertyValueSpecification\",\"valueRequired\":true,\"valueName\":\"search_term_string\"}}],\"inLanguage\":\"de\"}]}<\/script>\n<!-- \/ Yoast SEO plugin. -->","yoast_head_json":{"title":"Wie kann ich einen Anbieter von Teppichwaschmaschinen kontaktieren? - Teppichwaschmaschine","description":"M\u00fcssen Sie einen Lieferanten f\u00fcr Teppichwaschmaschinen kontaktieren? Entdecken Sie Expertentipps, um sich zu verbinden und Angebote einzuholen.","robots":{"index":"index","follow":"follow","max-snippet":"max-snippet:-1","max-image-preview":"max-image-preview:large","max-video-preview":"max-video-preview:-1"},"canonical":"https:\/\/www.thecarpetwashingmachine.com\/how-to-contact-a-carpet-washing-machines-supplier\/","og_locale":"de_DE","og_type":"article","og_title":"Wie kann ich einen Anbieter von Teppichwaschmaschinen kontaktieren? - Teppichwaschmaschine","og_description":"M\u00fcssen Sie einen Lieferanten f\u00fcr Teppichwaschmaschinen kontaktieren? Entdecken Sie Expertentipps, um sich zu verbinden und Angebote einzuholen.","og_url":"https:\/\/www.thecarpetwashingmachine.com\/how-to-contact-a-carpet-washing-machines-supplier\/","og_site_name":"Teppichwaschmaschine","article_publisher":"http:\/\/www.facebook.com\/carpetwashingmachine","article_modified_time":"2025-07-07T10:34:22+00:00","og_image":[{"width":826,"height":390,"url":"https:\/\/www.thecarpetwashingmachine.com\/wp-content\/uploads\/2025\/01\/hali-yikama-makinasi-kullanimi-1.jpg","type":"image\/jpeg"}],"twitter_card":"summary_large_image","twitter_misc":{"Gesch\u00e4tzte Lesezeit":"3\u00a0Minuten"},"schema":{"@context":"https:\/\/schema.org","@graph":[{"@type":"WebPage","@id":"https:\/\/www.thecarpetwashingmachine.com\/how-to-contact-a-carpet-washing-machines-supplier\/","url":"https:\/\/www.thecarpetwashingmachine.com\/how-to-contact-a-carpet-washing-machines-supplier\/","name":"\u041a\u0430\u043a \u0441\u0432\u044f\u0437\u0430\u0442\u044c\u0441\u044f \u0441 \u043f\u043e\u0441\u0442\u0430\u0432\u0449\u0438\u043a\u043e\u043c \u043c\u0430\u0448\u0438\u043d \u0434\u043b\u044f \u0441\u0442\u0438\u0440\u043a\u0438 \u043a\u043e\u0432\u0440\u043e\u0432? - Teppichwaschmaschine","isPartOf":{"@id":"https:\/\/www.thecarpetwashingmachine.com\/#website"},"primaryImageOfPage":{"@id":"https:\/\/www.thecarpetwashingmachine.com\/how-to-contact-a-carpet-washing-machines-supplier\/#primaryimage"},"image":{"@id":"https:\/\/www.thecarpetwashingmachine.com\/how-to-contact-a-carpet-washing-machines-supplier\/#primaryimage"},"thumbnailUrl":"https:\/\/www.thecarpetwashingmachine.com\/wp-content\/uploads\/2025\/01\/hali-yikama-makinasi-kullanimi-1.jpg","datePublished":"2022-11-02T06:32:43+00:00","dateModified":"2025-07-07T10:34:22+00:00","description":"\u041d\u0443\u0436\u043d\u043e \u0441\u0432\u044f\u0437\u0430\u0442\u044c\u0441\u044f \u0441 \u043f\u043e\u0441\u0442\u0430\u0432\u0449\u0438\u043a\u043e\u043c \u043c\u0430\u0448\u0438\u043d \u0434\u043b\u044f \u0441\u0442\u0438\u0440\u043a\u0438 \u043a\u043e\u0432\u0440\u043e\u0432? \u041e\u0442\u043a\u0440\u043e\u0439\u0442\u0435 \u0434\u043b\u044f \u0441\u0435\u0431\u044f \u0441\u043e\u0432\u0435\u0442\u044b \u044d\u043a\u0441\u043f\u0435\u0440\u0442\u043e\u0432, \u0447\u0442\u043e\u0431\u044b \u043d\u0430\u043b\u0430\u0434\u0438\u0442\u044c \u0441\u0432\u044f\u0437\u044c \u0438 \u043f\u043e\u043b\u0443\u0447\u0438\u0442\u044c \u043f\u0440\u0435\u0434\u043b\u043e\u0436\u0435\u043d\u0438\u044f.","breadcrumb":{"@id":"https:\/\/www.thecarpetwashingmachine.com\/how-to-contact-a-carpet-washing-machines-supplier\/#breadcrumb"},"inLanguage":"de","potentialAction":[{"@type":"ReadAction","target":["https:\/\/www.thecarpetwashingmachine.com\/how-to-contact-a-carpet-washing-machines-supplier\/"]}]},{"@type":"ImageObject","inLanguage":"de","@id":"https:\/\/www.thecarpetwashingmachine.com\/how-to-contact-a-carpet-washing-machines-supplier\/#primaryimage","url":"https:\/\/www.thecarpetwashingmachine.com\/wp-content\/uploads\/2025\/01\/hali-yikama-makinasi-kullanimi-1.jpg","contentUrl":"https:\/\/www.thecarpetwashingmachine.com\/wp-content\/uploads\/2025\/01\/hali-yikama-makinasi-kullanimi-1.jpg"},{"@type":"BreadcrumbList","@id":"https:\/\/www.thecarpetwashingmachine.com\/how-to-contact-a-carpet-washing-machines-supplier\/#breadcrumb","itemListElement":[{"@type":"ListItem","position":1,"name":"Home","item":"https:\/\/www.thecarpetwashingmachine.com\/"},{"@type":"ListItem","position":2,"name":"How to Contact a Carpet Washing Machines Supplier?"}]},{"@type":"WebSite","@id":"https:\/\/www.thecarpetwashingmachine.com\/#website","url":"https:\/\/www.thecarpetwashingmachine.com\/","name":"Teppichwaschmaschine","description":"Die Teppichwaschmaschine gibt es auf der ganzen Welt!","potentialAction":[{"@type":"SearchAction","target":{"@type":"EntryPoint","urlTemplate":"https:\/\/www.thecarpetwashingmachine.com\/?s={search_term_string}"},"query-input":{"@type":"PropertyValueSpecification","valueRequired":true,"valueName":"search_term_string"}}],"inLanguage":"de"}]}},"_links":{"self":[{"href":"https:\/\/www.thecarpetwashingmachine.com\/de\/wp-json\/wp\/v2\/pages\/191","targetHints":{"allow":["GET"]}}],"collection":[{"href":"https:\/\/www.thecarpetwashingmachine.com\/de\/wp-json\/wp\/v2\/pages"}],"about":[{"href":"https:\/\/www.thecarpetwashingmachine.com\/de\/wp-json\/wp\/v2\/types\/page"}],"author":[{"embeddable":true,"href":"https:\/\/www.thecarpetwashingmachine.com\/de\/wp-json\/wp\/v2\/users\/1"}],"replies":[{"embeddable":true,"href":"https:\/\/www.thecarpetwashingmachine.com\/de\/wp-json\/wp\/v2\/comments?post=191"}],"version-history":[{"count":39,"href":"https:\/\/www.thecarpetwashingmachine.com\/de\/wp-json\/wp\/v2\/pages\/191\/revisions"}],"predecessor-version":[{"id":1974,"href":"https:\/\/www.thecarpetwashingmachine.com\/de\/wp-json\/wp\/v2\/pages\/191\/revisions\/1974"}],"wp:attachment":[{"href":"https:\/\/www.thecarpetwashingmachine.com\/de\/wp-json\/wp\/v2\/media?parent=191"}],"curies":[{"name":"wp","href":"https:\/\/api.w.org\/{rel}","templated":true}]}}