{"id":178,"date":"2022-02-08T13:07:41","date_gmt":"2022-02-08T13:07:41","guid":{"rendered":"https:\/\/www.thecarpetwashingmachine.com\/?page_id=178"},"modified":"2025-07-07T07:58:45","modified_gmt":"2025-07-07T07:58:45","slug":"combi-carpet-cleaning-machines","status":"publish","type":"page","link":"https:\/\/www.thecarpetwashingmachine.com\/de\/combi-carpet-cleaning-machines\/","title":{"rendered":"2 in 1 Teppichreinigungsmaschine"},"content":{"rendered":"\n<p>Heutzutage erh\u00e4lt unser Unternehmen viele Angebotsanfragen f\u00fcr kombinierte Teppichreinigungsmaschinen, auch bekannt als 2-in-1-Maschinen. Diese Maschinen kombinieren eine Teppichwaschmaschine mit einer Teppichwringmaschine. Bei diesen Maschinen ist die Teppich-Zentrifugaltrocknungsmaschine unter der Teppichwaschmaschine positioniert. Wir stellen solche Maschinen jedoch nicht her. Hier fassen wir kurz die Probleme zusammen, die mit kombinierten Teppichreinigungsmaschinen verbunden sind:<\/p>\n\n\n\n<p><strong>Profitmotiv \u00fcber Qualit\u00e4t<\/strong>: Unternehmen, die Kombinationsprodukte anbieten, priorisieren oft den Gewinn gegen\u00fcber der Herstellung qualitativ hochwertigerer und zuverl\u00e4ssigerer Maschinen. Da st\u00e4ndig neue Hersteller von Teppichwaschmaschinen auf den Markt kommen, zielen Unternehmen, die sich ausschlie\u00dflich auf den Profit konzentrieren, auf neue Gesch\u00e4fte ab, insbesondere auf solche, die Maschinen ausschlie\u00dflich nach dem Preis vergleichen und keine Kenntnisse \u00fcber die Teppichreinigungsbranche oder ihre Ausr\u00fcstung haben. Ihre Strategie ist es, billige Maschinen f\u00fcr schnellen Gewinn zu verkaufen. Dieser Ansatz f\u00fchrt jedoch dazu, dass scheinbar funktionst\u00fcchtige, aber letztendlich problematische Maschinen auf den Markt gelangen. Unser Unternehmen arbeitet mit Kernprinzipien in dieser Branche, die uns daran hindern, Kompromisse bei der Qualit\u00e4t einzugehen.<\/p>\n\n\n\n<p><strong>Betriebliche Herausforderungen<\/strong>: Es ist recht schwierig, eine Maschine (Waschen oder Wringen) zu bedienen, w\u00e4hrend die andere l\u00e4uft. Teppichwringmaschinen k\u00f6nnen bei bestimmten Teppichen oder aufgrund von Benutzerfehlern springen oder wackeln. Idealerweise sollten Teppiche sofort nach dem Waschen in die Teppichwringmaschine gelegt werden. Dies liegt daran, dass sich das Gewicht durch die Wasseransammlung im Teppich nach dem Waschen verschiebt. Wenn Sie warten m\u00fcssen, bis der vorherige Teppich fertig ist, bevor Sie den frisch gewaschenen wringen, f\u00fchrt dies zu Produktionsverz\u00f6gerungen. Das serielle Waschen von Teppichen wird mit einer solchen Maschine unm\u00f6glich, was sie benutzerunfreundlich macht.<\/p>\n\n\n\n<p><strong>Freiliegende Komponenten und Umweltbedenken<\/strong>: Motoren und Getriebe sollten nicht Wasser, Chemikalien oder anderen fl\u00fcchtigen Materialien ausgesetzt werden. Einige Hersteller lassen diese Bereiche bei Kombinationsmaschinen jedoch ungesch\u00fctzt, um Kosten zu senken und den Gewinn zu steigern. Diese Hersteller m\u00f6gen sie als \u201ewirtschaftliche\u201c Maschinen bewerben, aber ihre Qualit\u00e4t wird nicht beeindruckend sein. Teppichreinigungsbetriebe haben eine hohe Luftfeuchtigkeit und verwenden fl\u00fcchtige Chemikalien wie verd\u00fcnntes Natriumhypochlorit (Bleichmittel). Die Bereiche, die elektronische Komponenten innerhalb der Maschine enthalten, m\u00fcssen abgedichtet und isoliert werden, um Sch\u00e4den durch Feuchtigkeit und Chemikalien zu vermeiden.<\/p>\n\n\n\n<p><strong>Unzureichendes B\u00fcrstensystem<\/strong>: Kombinierte Teppichwaschmaschinen verf\u00fcgen \u00fcber eine unzureichende Anzahl von B\u00fcrsten, typischerweise nur eine Reihe (in den meisten F\u00e4llen entweder 3 oder 4 B\u00fcrsten). Eine hochwertige Teppichwaschmaschine sollte mindestens zwei Reihen B\u00fcrsten haben, konfiguriert in S\u00e4tzen von 3+3=6, 4+4=8 oder 6+6=12. Doppelte B\u00fcrstenreihen bieten sowohl harte als auch weiche B\u00fcrsten. Weiche B\u00fcrsten werden f\u00fcr empfindliche und handgefertigte Teppiche wie Seide, Wolle und Orientteppiche verwendet. Sie arbeiten in Verbindung mit harten B\u00fcrsten beim Reinigen von maschinell hergestellten Teppichen oder preiswerten Teppichen. Zwei B\u00fcrstenreihen sind unerl\u00e4sslich, um eine qualitativ hochwertige Teppichreinigung in einem Waschgang zu erreichen und bieten eine breitere Palette von Waschprogrammen. Eine einzelne Reihe von B\u00fcrsten kann mehrere W\u00e4schen oder langsamere Waschzyklen erfordern.<\/p>\n\n\n\n<p><strong>Ineffektives Sp\u00fclsystem<\/strong>: Das Sp\u00fclsystem in kombinierten Teppichreinigungsmaschinen ist oft nicht stark genug, um Schaum, Shampoo, Chemikalien, Schmutz, Staub und andere Ablagerungen vom Teppich zu entfernen. Dies f\u00fchrt zu unsachgem\u00e4\u00dfem Sp\u00fclen und unzureichender Reinigung. Teppiche mit chemischen und Schaumr\u00fcckst\u00e4nden gelangen dann in die Wringmaschine, was innerhalb weniger Wochen zu stumpfen Farben und unangenehmen Ger\u00fcchen f\u00fchrt. Unsachgem\u00e4\u00dfes Sp\u00fclen l\u00e4sst Chemikalien und Schaum im Teppich trocknen, w\u00e4hrend Schmutz und Erde eingeschlossen bleiben.<\/p>\n\n\n\n<p><strong>Ergonomische Probleme<\/strong>: Kombinierte Teppichwaschmaschinen sind nicht ergonomisch gestaltet. Die Positionierung der Wringmaschine unter der Waschmaschine behindert den Transport schwerer Teppiche erheblich.<\/p>\n\n\n\n<p>Zusammenfassend l\u00e4sst sich sagen, dass kombinierte Teppichwaschmaschinen in ihrem Design primitiv sind. Unser Fokus liegt auf der Herstellung \u00fcberlegener Maschinen mit fortschrittlicher Technologie, au\u00dfergew\u00f6hnlicher Qualit\u00e4t, hoher Leistung und verbesserter Effizienz. Wir haben mit zahlreichen Benutzern interagiert, die letztendlich ihren Fehler erkannten, sich f\u00fcr ihre neuen Unternehmen f\u00fcr eine Kombinationsmaschine entschieden zu haben. All diese Benutzer sind schlie\u00dflich zu hochwertigeren Maschinen \u00fcbergegangen. Es ist offensichtlich, dass Hersteller, die diese Teppichwaschmaschinen entwickeln, kurzfristigen Gewinn \u00fcber die langfristigen Bed\u00fcrfnisse ihrer Kunden stellen.<\/p>\n","protected":false},"excerpt":{"rendered":"<p>Heutzutage erh\u00e4lt unser Unternehmen viele Angebotsanfragen f\u00fcr kombinierte Teppichreinigungsmaschinen, auch bekannt als 2-in-1-Maschinen. Diese Maschinen kombinieren eine Teppichwaschmaschine mit einer Teppichwringmaschine. Bei diesen Maschinen ist&hellip;<\/p>\n","protected":false},"author":1,"featured_media":0,"parent":0,"menu_order":0,"comment_status":"closed","ping_status":"closed","template":"","meta":{"footnotes":""},"class_list":["post-178","page","type-page","status-publish","hentry"],"translation":{"provider":"WPGlobus","version":"3.0.0","language":"de","enabled_languages":["en","tr","fr","ar","es","de","pt","ru"],"languages":{"en":{"title":true,"content":true,"excerpt":false},"tr":{"title":true,"content":true,"excerpt":false},"fr":{"title":true,"content":true,"excerpt":false},"ar":{"title":true,"content":true,"excerpt":false},"es":{"title":true,"content":true,"excerpt":false},"de":{"title":true,"content":true,"excerpt":false},"pt":{"title":true,"content":true,"excerpt":false},"ru":{"title":true,"content":true,"excerpt":false}}},"yoast_head":"<!-- This site is optimized with the Yoast SEO plugin v24.7 - https:\/\/yoast.com\/wordpress\/plugins\/seo\/ -->\n<title>2 in 1 Teppichreinigungsmaschine - Teppichwaschmaschine<\/title>\n<meta name=\"description\" content=\"Besuchen Sie unsere Website, um mehr \u00fcber Kombi-Teppichreinigungsmaschinen (auch als 2-in-1-Waschmaschinen bekannt) zu erfahren.\" \/>\n<meta name=\"robots\" content=\"index, follow, max-snippet:-1, max-image-preview:large, max-video-preview:-1\" \/>\n<link rel=\"canonical\" href=\"https:\/\/www.thecarpetwashingmachine.com\/combi-carpet-cleaning-machines\/\" \/>\n<meta property=\"og:locale\" content=\"de_DE\" \/>\n<meta property=\"og:type\" content=\"article\" \/>\n<meta property=\"og:title\" content=\"2 in 1 Teppichreinigungsmaschine - Teppichwaschmaschine\" \/>\n<meta property=\"og:description\" content=\"Besuchen Sie unsere Website, um mehr \u00fcber Kombi-Teppichreinigungsmaschinen (auch als 2-in-1-Waschmaschinen bekannt) zu erfahren.\" \/>\n<meta property=\"og:url\" content=\"https:\/\/www.thecarpetwashingmachine.com\/combi-carpet-cleaning-machines\/\" \/>\n<meta property=\"og:site_name\" content=\"Teppichwaschmaschine\" \/>\n<meta property=\"article:publisher\" content=\"http:\/\/www.facebook.com\/carpetwashingmachine\" \/>\n<meta property=\"article:modified_time\" content=\"2025-07-07T07:58:45+00:00\" \/>\n<meta name=\"twitter:card\" content=\"summary_large_image\" \/>\n<meta name=\"twitter:label1\" content=\"Gesch\u00e4tzte Lesezeit\" \/>\n\t<meta name=\"twitter:data1\" content=\"3\u00a0Minuten\" \/>\n<script type=\"application\/ld+json\" class=\"yoast-schema-graph\">{\"@context\":\"https:\/\/schema.org\",\"@graph\":[{\"@type\":\"WebPage\",\"@id\":\"https:\/\/www.thecarpetwashingmachine.com\/combi-carpet-cleaning-machines\/\",\"url\":\"https:\/\/www.thecarpetwashingmachine.com\/combi-carpet-cleaning-machines\/\",\"name\":\"\u041a\u043e\u043c\u0431\u0438\u043d\u0438\u0440\u043e\u0432\u0430\u043d\u043d\u044b\u0435 \u043a\u043e\u0432\u0440\u043e\u043c\u043e\u0435\u0447\u043d\u044b\u0435 \u043c\u0430\u0448\u0438\u043d\u044b - Teppichwaschmaschine\",\"isPartOf\":{\"@id\":\"https:\/\/www.thecarpetwashingmachine.com\/#website\"},\"datePublished\":\"2022-02-08T13:07:41+00:00\",\"dateModified\":\"2025-07-07T07:58:45+00:00\",\"description\":\"\u041f\u043e\u0441\u0435\u0442\u0438\u0442\u0435 \u043d\u0430\u0448 \u0441\u0430\u0439\u0442, \u0447\u0442\u043e\u0431\u044b \u0443\u0437\u043d\u0430\u0442\u044c \u0431\u043e\u043b\u044c\u0448\u0435 \u043e \u043a\u043e\u043c\u0431\u0438\u043d\u0438\u0440\u043e\u0432\u0430\u043d\u043d\u044b\u0445 \u043c\u0430\u0448\u0438\u043d\u0430\u0445 \u0434\u043b\u044f \u0447\u0438\u0441\u0442\u043a\u0438 \u043a\u043e\u0432\u0440\u043e\u0432, \u0442\u0430\u043a\u0436\u0435 \u0438\u0437\u0432\u0435\u0441\u0442\u043d\u044b\u0445 \u043a\u0430\u043a \u043c\u0430\u0448\u0438\u043d\u044b 2 \u0432 1.\",\"breadcrumb\":{\"@id\":\"https:\/\/www.thecarpetwashingmachine.com\/combi-carpet-cleaning-machines\/#breadcrumb\"},\"inLanguage\":\"de\",\"potentialAction\":[{\"@type\":\"ReadAction\",\"target\":[\"https:\/\/www.thecarpetwashingmachine.com\/combi-carpet-cleaning-machines\/\"]}]},{\"@type\":\"BreadcrumbList\",\"@id\":\"https:\/\/www.thecarpetwashingmachine.com\/combi-carpet-cleaning-machines\/#breadcrumb\",\"itemListElement\":[{\"@type\":\"ListItem\",\"position\":1,\"name\":\"Home\",\"item\":\"https:\/\/www.thecarpetwashingmachine.com\/\"},{\"@type\":\"ListItem\",\"position\":2,\"name\":\"Combi Carpet Cleaning Machines\"}]},{\"@type\":\"WebSite\",\"@id\":\"https:\/\/www.thecarpetwashingmachine.com\/#website\",\"url\":\"https:\/\/www.thecarpetwashingmachine.com\/\",\"name\":\"Teppichwaschmaschine\",\"description\":\"Die Teppichwaschmaschine gibt es auf der ganzen Welt!\",\"potentialAction\":[{\"@type\":\"SearchAction\",\"target\":{\"@type\":\"EntryPoint\",\"urlTemplate\":\"https:\/\/www.thecarpetwashingmachine.com\/?s={search_term_string}\"},\"query-input\":{\"@type\":\"PropertyValueSpecification\",\"valueRequired\":true,\"valueName\":\"search_term_string\"}}],\"inLanguage\":\"de\"}]}<\/script>\n<!-- \/ Yoast SEO plugin. -->","yoast_head_json":{"title":"2 in 1 Teppichreinigungsmaschine - Teppichwaschmaschine","description":"Besuchen Sie unsere Website, um mehr \u00fcber Kombi-Teppichreinigungsmaschinen (auch als 2-in-1-Waschmaschinen bekannt) zu erfahren.","robots":{"index":"index","follow":"follow","max-snippet":"max-snippet:-1","max-image-preview":"max-image-preview:large","max-video-preview":"max-video-preview:-1"},"canonical":"https:\/\/www.thecarpetwashingmachine.com\/combi-carpet-cleaning-machines\/","og_locale":"de_DE","og_type":"article","og_title":"2 in 1 Teppichreinigungsmaschine - Teppichwaschmaschine","og_description":"Besuchen Sie unsere Website, um mehr \u00fcber Kombi-Teppichreinigungsmaschinen (auch als 2-in-1-Waschmaschinen bekannt) zu erfahren.","og_url":"https:\/\/www.thecarpetwashingmachine.com\/combi-carpet-cleaning-machines\/","og_site_name":"Teppichwaschmaschine","article_publisher":"http:\/\/www.facebook.com\/carpetwashingmachine","article_modified_time":"2025-07-07T07:58:45+00:00","twitter_card":"summary_large_image","twitter_misc":{"Gesch\u00e4tzte Lesezeit":"3\u00a0Minuten"},"schema":{"@context":"https:\/\/schema.org","@graph":[{"@type":"WebPage","@id":"https:\/\/www.thecarpetwashingmachine.com\/combi-carpet-cleaning-machines\/","url":"https:\/\/www.thecarpetwashingmachine.com\/combi-carpet-cleaning-machines\/","name":"\u041a\u043e\u043c\u0431\u0438\u043d\u0438\u0440\u043e\u0432\u0430\u043d\u043d\u044b\u0435 \u043a\u043e\u0432\u0440\u043e\u043c\u043e\u0435\u0447\u043d\u044b\u0435 \u043c\u0430\u0448\u0438\u043d\u044b - Teppichwaschmaschine","isPartOf":{"@id":"https:\/\/www.thecarpetwashingmachine.com\/#website"},"datePublished":"2022-02-08T13:07:41+00:00","dateModified":"2025-07-07T07:58:45+00:00","description":"\u041f\u043e\u0441\u0435\u0442\u0438\u0442\u0435 \u043d\u0430\u0448 \u0441\u0430\u0439\u0442, \u0447\u0442\u043e\u0431\u044b \u0443\u0437\u043d\u0430\u0442\u044c \u0431\u043e\u043b\u044c\u0448\u0435 \u043e \u043a\u043e\u043c\u0431\u0438\u043d\u0438\u0440\u043e\u0432\u0430\u043d\u043d\u044b\u0445 \u043c\u0430\u0448\u0438\u043d\u0430\u0445 \u0434\u043b\u044f \u0447\u0438\u0441\u0442\u043a\u0438 \u043a\u043e\u0432\u0440\u043e\u0432, \u0442\u0430\u043a\u0436\u0435 \u0438\u0437\u0432\u0435\u0441\u0442\u043d\u044b\u0445 \u043a\u0430\u043a \u043c\u0430\u0448\u0438\u043d\u044b 2 \u0432 1.","breadcrumb":{"@id":"https:\/\/www.thecarpetwashingmachine.com\/combi-carpet-cleaning-machines\/#breadcrumb"},"inLanguage":"de","potentialAction":[{"@type":"ReadAction","target":["https:\/\/www.thecarpetwashingmachine.com\/combi-carpet-cleaning-machines\/"]}]},{"@type":"BreadcrumbList","@id":"https:\/\/www.thecarpetwashingmachine.com\/combi-carpet-cleaning-machines\/#breadcrumb","itemListElement":[{"@type":"ListItem","position":1,"name":"Home","item":"https:\/\/www.thecarpetwashingmachine.com\/"},{"@type":"ListItem","position":2,"name":"Combi Carpet Cleaning Machines"}]},{"@type":"WebSite","@id":"https:\/\/www.thecarpetwashingmachine.com\/#website","url":"https:\/\/www.thecarpetwashingmachine.com\/","name":"Teppichwaschmaschine","description":"Die Teppichwaschmaschine gibt es auf der ganzen Welt!","potentialAction":[{"@type":"SearchAction","target":{"@type":"EntryPoint","urlTemplate":"https:\/\/www.thecarpetwashingmachine.com\/?s={search_term_string}"},"query-input":{"@type":"PropertyValueSpecification","valueRequired":true,"valueName":"search_term_string"}}],"inLanguage":"de"}]}},"_links":{"self":[{"href":"https:\/\/www.thecarpetwashingmachine.com\/de\/wp-json\/wp\/v2\/pages\/178","targetHints":{"allow":["GET"]}}],"collection":[{"href":"https:\/\/www.thecarpetwashingmachine.com\/de\/wp-json\/wp\/v2\/pages"}],"about":[{"href":"https:\/\/www.thecarpetwashingmachine.com\/de\/wp-json\/wp\/v2\/types\/page"}],"author":[{"embeddable":true,"href":"https:\/\/www.thecarpetwashingmachine.com\/de\/wp-json\/wp\/v2\/users\/1"}],"replies":[{"embeddable":true,"href":"https:\/\/www.thecarpetwashingmachine.com\/de\/wp-json\/wp\/v2\/comments?post=178"}],"version-history":[{"count":25,"href":"https:\/\/www.thecarpetwashingmachine.com\/de\/wp-json\/wp\/v2\/pages\/178\/revisions"}],"predecessor-version":[{"id":1875,"href":"https:\/\/www.thecarpetwashingmachine.com\/de\/wp-json\/wp\/v2\/pages\/178\/revisions\/1875"}],"wp:attachment":[{"href":"https:\/\/www.thecarpetwashingmachine.com\/de\/wp-json\/wp\/v2\/media?parent=178"}],"curies":[{"name":"wp","href":"https:\/\/api.w.org\/{rel}","templated":true}]}}