{"id":176,"date":"2023-05-22T07:29:39","date_gmt":"2023-05-22T07:29:39","guid":{"rendered":"https:\/\/www.thecarpetwashingmachine.com\/?page_id=176"},"modified":"2025-07-03T13:28:08","modified_gmt":"2025-07-03T13:28:08","slug":"how-can-i-prepare-a-carpet-cleaning-shop-project","status":"publish","type":"page","link":"https:\/\/www.thecarpetwashingmachine.com\/de\/how-can-i-prepare-a-carpet-cleaning-shop-project\/","title":{"rendered":"Wie bereite ich ein Teppichreinigung vor?"},"content":{"rendered":"<div class=\"wp-block-image\">\n<figure class=\"aligncenter size-full\"><img loading=\"lazy\" decoding=\"async\" width=\"750\" height=\"500\" src=\"https:\/\/www.thecarpetwashingmachine.com\/wp-content\/uploads\/2025\/07\/Untitled-design-10.png\" alt=\"Automatic carpet washing machine\" class=\"wp-image-1618\" srcset=\"https:\/\/www.thecarpetwashingmachine.com\/wp-content\/uploads\/2025\/07\/Untitled-design-10.png 750w, https:\/\/www.thecarpetwashingmachine.com\/wp-content\/uploads\/2025\/07\/Untitled-design-10-300x200.png 300w\" sizes=\"auto, (max-width: 750px) 100vw, 750px\" \/><\/figure><\/div>\n\n\n<p><\/p>\n\n\n\n<p>Teppichreinigung hat sich zu einem der beliebtesten Gesch\u00e4ftsprojekte in den letzten 5 Jahren (Stand 2025) entwickelt. Da unser Unternehmen viele Angebotsanfragen aus vielen Teilen der Welt f\u00fcr Teppichreinigungsmaschinen erh\u00e4lt, hielten wir es f\u00fcr notwendig, den Unternehmern einige wichtige Faktoren \u00fcber das Teppichreinigungsgesch\u00e4ft zu erkl\u00e4ren.<\/p>\n\n\n\n<p>In den L\u00e4ndern der Anglosph\u00e4re wird dieses Projekt als Teppichreinigungsprojekt bezeichnet.<\/p>\n\n\n\n<p>Also, hier ist die Reihenfolge von f\u00fcnf verschiedenen Dingen, wenn Sie ein Teppichreinigungsprojekt starten:<\/p>\n\n\n\n<hr class=\"wp-block-separator has-alpha-channel-opacity is-style-wide\"\/>\n\n\n\n<h3 class=\"wp-block-heading\">1. Marktforschung<\/h3>\n\n\n\n<p>Sie m\u00fcssen die Reinigungsgewohnheiten der Region studieren, der Sie Ihre Dienste anbieten. Auch, wie beliebt die Teppichnutzung ist. Als N\u00e4chstes m\u00fcssen die <strong>Teppichgr\u00f6\u00dfen<\/strong> bewertet werden, da sich die ben\u00f6tigten Maschinen je nach Teppichgr\u00f6\u00dfe \u00e4ndern. Diese <strong>detaillierte Untersuchung<\/strong> wird aufzeigen, auf welche Arten von Teppichen Sie sich konzentrieren sollten und wie Sie die Kapazit\u00e4t Ihrer Anlage bestimmen.<\/p>\n\n\n\n<h3 class=\"wp-block-heading\">2. Suche nach einem Shop<\/h3>\n\n\n\n<p>Es muss ein Gesch\u00e4ft geschaffen werden, in dem dieses Gesch\u00e4ft durchgef\u00fchrt wird. Diese Einrichtung sollte <strong>f\u00fcr den Umfang Ihrer Operationen geeignet<\/strong> sein und einen effizienten Fluss der Teppiche vom schmutzigen zum sauberen Zustand erm\u00f6glichen. Ber\u00fccksichtigen Sie Faktoren wie Wasserzugang, Entw\u00e4sserung, Bel\u00fcftung und ausreichend Platz f\u00fcr die Platzierung der Maschinen und das Trocknen der Teppiche. Der Standort sollte auch hinsichtlich des Kundenzugangs und der logistischen Bequemlichkeit vorteilhaft sein.<\/p>\n\n\n\n<h3 class=\"wp-block-heading\">3. Maschinenidentifikation<\/h3>\n\n\n\n<p>Sobald Sie die g\u00e4ngigen Teppichgr\u00f6\u00dfen und -typen in Ihrem Zielmarkt verstanden haben, k\u00f6nnen Sie die <strong>entsprechenden Maschinen<\/strong> identifizieren. Dazu geh\u00f6ren industrielle Waschmaschinen, Sp\u00fclmaschinen, Zentrifugen zur Wasserabsaugung und Trocknungssysteme. Die Kapazit\u00e4t und die Merkmale dieser Maschinen sollten mit Ihrem prognostizierten Servicevolumen und den spezifischen Reinigungsbed\u00fcrfnissen der Teppiche in Ihrer Region \u00fcbereinstimmen. Die richtige Maschinenwahl beeinflusst direkt Ihre Effizienz und Reinigungsqualit\u00e4t.<\/p>\n\n\n\n<h3 class=\"wp-block-heading\">4. Operativer Aufbau und Arbeitsablauf<\/h3>\n\n\n\n<p>Nachdem Sie einen Standort und Maschinen gesichert haben, konzentrieren Sie sich auf den Aufbau eines <strong>effizienten Arbeitsablaufs<\/strong>. Dies beinhaltet die Planung des Layouts Ihres Gesch\u00e4fts, um manuelle Handhabung zu minimieren, die Festlegung eines klaren Prozesses f\u00fcr die Annahme, Reinigung und Lieferung von Teppichen sowie die Erstellung eines Systems zur Verfolgung von Auftr\u00e4gen und Kundeninformationen. Denken Sie auch daran, Reinigungsl\u00f6sungen und andere notwendige Verbrauchsmaterialien zu beschaffen.<\/p>\n\n\n\n<h3 class=\"wp-block-heading\">5. Marketing und Kundenakquise<\/h3>\n\n\n\n<p>Sobald Ihr physischer Aufbau abgeschlossen ist, ist es Zeit, Ihre Zielkunden zu erreichen. Entwickeln Sie eine <strong>Marketingstrategie<\/strong>, die lokale Werbung, Online-Pr\u00e4senz (Website, soziale Medien) und m\u00f6glicherweise Partnerschaften mit Innenarchitekten oder Immobilienmaklern umfasst. Heben Sie Ihre einzigartigen Verkaufsargumente hervor, wie umweltfreundliche Reinigung, schnelle Bearbeitungszeiten oder spezialisierte Fleckenentfernung. Der Aufbau eines starken Rufs durch exzellenten Service und Kundenbewertungen ist entscheidend f\u00fcr den langfristigen Erfolg.<\/p>\n\n\n\n<hr class=\"wp-block-separator has-alpha-channel-opacity is-style-wide\"\/>\n","protected":false},"excerpt":{"rendered":"<p>Teppichreinigung hat sich zu einem der beliebtesten Gesch\u00e4ftsprojekte in den letzten 5 Jahren (Stand 2025) entwickelt. Da unser Unternehmen viele Angebotsanfragen aus vielen Teilen der&hellip;<\/p>\n","protected":false},"author":1,"featured_media":0,"parent":0,"menu_order":0,"comment_status":"closed","ping_status":"closed","template":"","meta":{"footnotes":""},"class_list":["post-176","page","type-page","status-publish","hentry"],"translation":{"provider":"WPGlobus","version":"3.0.0","language":"de","enabled_languages":["en","tr","fr","ar","es","de","pt","ru"],"languages":{"en":{"title":true,"content":true,"excerpt":false},"tr":{"title":true,"content":true,"excerpt":false},"fr":{"title":true,"content":true,"excerpt":false},"ar":{"title":true,"content":true,"excerpt":false},"es":{"title":true,"content":true,"excerpt":false},"de":{"title":true,"content":true,"excerpt":false},"pt":{"title":true,"content":true,"excerpt":false},"ru":{"title":true,"content":true,"excerpt":false}}},"yoast_head":"<!-- This site is optimized with the Yoast SEO plugin v24.7 - https:\/\/yoast.com\/wordpress\/plugins\/seo\/ -->\n<title>Wie bereite ich ein Teppichreinigung vor? - Teppichwaschmaschine<\/title>\n<meta name=\"description\" content=\"Planen Sie einen Teppichreinigungs-Shop? Erhalten Sie Expertenrat zu Einrichtung und Ausr\u00fcstung f\u00fcr den Erfolg.\" \/>\n<meta name=\"robots\" content=\"index, follow, max-snippet:-1, max-image-preview:large, max-video-preview:-1\" \/>\n<link rel=\"canonical\" href=\"https:\/\/www.thecarpetwashingmachine.com\/how-can-i-prepare-a-carpet-cleaning-shop-project\/\" \/>\n<meta property=\"og:locale\" content=\"de_DE\" \/>\n<meta property=\"og:type\" content=\"article\" \/>\n<meta property=\"og:title\" content=\"Wie bereite ich ein Teppichreinigung vor? - Teppichwaschmaschine\" \/>\n<meta property=\"og:description\" content=\"Planen Sie einen Teppichreinigungs-Shop? Erhalten Sie Expertenrat zu Einrichtung und Ausr\u00fcstung f\u00fcr den Erfolg.\" \/>\n<meta property=\"og:url\" content=\"https:\/\/www.thecarpetwashingmachine.com\/how-can-i-prepare-a-carpet-cleaning-shop-project\/\" \/>\n<meta property=\"og:site_name\" content=\"Teppichwaschmaschine\" \/>\n<meta property=\"article:publisher\" content=\"http:\/\/www.facebook.com\/carpetwashingmachine\" \/>\n<meta property=\"article:modified_time\" content=\"2025-07-03T13:28:08+00:00\" \/>\n<meta property=\"og:image\" content=\"https:\/\/www.thecarpetwashingmachine.com\/wp-content\/uploads\/2025\/07\/Untitled-design-10.png\" \/>\n\t<meta property=\"og:image:width\" content=\"750\" \/>\n\t<meta property=\"og:image:height\" content=\"500\" \/>\n\t<meta property=\"og:image:type\" content=\"image\/png\" \/>\n<meta name=\"twitter:card\" content=\"summary_large_image\" \/>\n<meta name=\"twitter:label1\" content=\"Gesch\u00e4tzte Lesezeit\" \/>\n\t<meta name=\"twitter:data1\" content=\"2\u00a0Minuten\" \/>\n<script type=\"application\/ld+json\" class=\"yoast-schema-graph\">{\"@context\":\"https:\/\/schema.org\",\"@graph\":[{\"@type\":\"WebPage\",\"@id\":\"https:\/\/www.thecarpetwashingmachine.com\/how-can-i-prepare-a-carpet-cleaning-shop-project\/\",\"url\":\"https:\/\/www.thecarpetwashingmachine.com\/how-can-i-prepare-a-carpet-cleaning-shop-project\/\",\"name\":\"\u041a\u0430\u043a \u043f\u043e\u0434\u0433\u043e\u0442\u043e\u0432\u0438\u0442\u044c \u043f\u0440\u043e\u0435\u043a\u0442 \u043c\u0430\u0441\u0442\u0435\u0440\u0441\u043a\u043e\u0439 \u043f\u043e \u0447\u0438\u0441\u0442\u043a\u0435 \u043a\u043e\u0432\u0440\u043e\u0432 - Teppichwaschmaschine\",\"isPartOf\":{\"@id\":\"https:\/\/www.thecarpetwashingmachine.com\/#website\"},\"primaryImageOfPage\":{\"@id\":\"https:\/\/www.thecarpetwashingmachine.com\/how-can-i-prepare-a-carpet-cleaning-shop-project\/#primaryimage\"},\"image\":{\"@id\":\"https:\/\/www.thecarpetwashingmachine.com\/how-can-i-prepare-a-carpet-cleaning-shop-project\/#primaryimage\"},\"thumbnailUrl\":\"https:\/\/www.thecarpetwashingmachine.com\/wp-content\/uploads\/2025\/07\/Untitled-design-10.png\",\"datePublished\":\"2023-05-22T07:29:39+00:00\",\"dateModified\":\"2025-07-03T13:28:08+00:00\",\"description\":\"\u041f\u043b\u0430\u043d\u0438\u0440\u0443\u0435\u0442\u0435 \u043c\u0430\u0433\u0430\u0437\u0438\u043d \u043f\u043e \u0447\u0438\u0441\u0442\u043a\u0435 \u043a\u043e\u0432\u0440\u043e\u0432? \u041f\u043e\u043b\u0443\u0447\u0438\u0442\u0435 \u044d\u043a\u0441\u043f\u0435\u0440\u0442\u043d\u0443\u044e \u043a\u043e\u043d\u0441\u0443\u043b\u044c\u0442\u0430\u0446\u0438\u044e \u043f\u043e \u043e\u0431\u0443\u0441\u0442\u0440\u043e\u0439\u0441\u0442\u0432\u0443 \u0438 \u043e\u0431\u043e\u0440\u0443\u0434\u043e\u0432\u0430\u043d\u0438\u044e \u0434\u043b\u044f \u0443\u0441\u043f\u0435\u0445\u0430.\",\"breadcrumb\":{\"@id\":\"https:\/\/www.thecarpetwashingmachine.com\/how-can-i-prepare-a-carpet-cleaning-shop-project\/#breadcrumb\"},\"inLanguage\":\"de\",\"potentialAction\":[{\"@type\":\"ReadAction\",\"target\":[\"https:\/\/www.thecarpetwashingmachine.com\/how-can-i-prepare-a-carpet-cleaning-shop-project\/\"]}]},{\"@type\":\"ImageObject\",\"inLanguage\":\"de\",\"@id\":\"https:\/\/www.thecarpetwashingmachine.com\/how-can-i-prepare-a-carpet-cleaning-shop-project\/#primaryimage\",\"url\":\"https:\/\/www.thecarpetwashingmachine.com\/wp-content\/uploads\/2025\/07\/Untitled-design-10.png\",\"contentUrl\":\"https:\/\/www.thecarpetwashingmachine.com\/wp-content\/uploads\/2025\/07\/Untitled-design-10.png\"},{\"@type\":\"BreadcrumbList\",\"@id\":\"https:\/\/www.thecarpetwashingmachine.com\/how-can-i-prepare-a-carpet-cleaning-shop-project\/#breadcrumb\",\"itemListElement\":[{\"@type\":\"ListItem\",\"position\":1,\"name\":\"Home\",\"item\":\"https:\/\/www.thecarpetwashingmachine.com\/\"},{\"@type\":\"ListItem\",\"position\":2,\"name\":\"How Can I Prepare a Carpet Cleaning Shop Project?\"}]},{\"@type\":\"WebSite\",\"@id\":\"https:\/\/www.thecarpetwashingmachine.com\/#website\",\"url\":\"https:\/\/www.thecarpetwashingmachine.com\/\",\"name\":\"Teppichwaschmaschine\",\"description\":\"Die Teppichwaschmaschine gibt es auf der ganzen Welt!\",\"potentialAction\":[{\"@type\":\"SearchAction\",\"target\":{\"@type\":\"EntryPoint\",\"urlTemplate\":\"https:\/\/www.thecarpetwashingmachine.com\/?s={search_term_string}\"},\"query-input\":{\"@type\":\"PropertyValueSpecification\",\"valueRequired\":true,\"valueName\":\"search_term_string\"}}],\"inLanguage\":\"de\"}]}<\/script>\n<!-- \/ Yoast SEO plugin. -->","yoast_head_json":{"title":"Wie bereite ich ein Teppichreinigung vor? - Teppichwaschmaschine","description":"Planen Sie einen Teppichreinigungs-Shop? Erhalten Sie Expertenrat zu Einrichtung und Ausr\u00fcstung f\u00fcr den Erfolg.","robots":{"index":"index","follow":"follow","max-snippet":"max-snippet:-1","max-image-preview":"max-image-preview:large","max-video-preview":"max-video-preview:-1"},"canonical":"https:\/\/www.thecarpetwashingmachine.com\/how-can-i-prepare-a-carpet-cleaning-shop-project\/","og_locale":"de_DE","og_type":"article","og_title":"Wie bereite ich ein Teppichreinigung vor? - Teppichwaschmaschine","og_description":"Planen Sie einen Teppichreinigungs-Shop? Erhalten Sie Expertenrat zu Einrichtung und Ausr\u00fcstung f\u00fcr den Erfolg.","og_url":"https:\/\/www.thecarpetwashingmachine.com\/how-can-i-prepare-a-carpet-cleaning-shop-project\/","og_site_name":"Teppichwaschmaschine","article_publisher":"http:\/\/www.facebook.com\/carpetwashingmachine","article_modified_time":"2025-07-03T13:28:08+00:00","og_image":[{"width":750,"height":500,"url":"https:\/\/www.thecarpetwashingmachine.com\/wp-content\/uploads\/2025\/07\/Untitled-design-10.png","type":"image\/png"}],"twitter_card":"summary_large_image","twitter_misc":{"Gesch\u00e4tzte Lesezeit":"2\u00a0Minuten"},"schema":{"@context":"https:\/\/schema.org","@graph":[{"@type":"WebPage","@id":"https:\/\/www.thecarpetwashingmachine.com\/how-can-i-prepare-a-carpet-cleaning-shop-project\/","url":"https:\/\/www.thecarpetwashingmachine.com\/how-can-i-prepare-a-carpet-cleaning-shop-project\/","name":"\u041a\u0430\u043a \u043f\u043e\u0434\u0433\u043e\u0442\u043e\u0432\u0438\u0442\u044c \u043f\u0440\u043e\u0435\u043a\u0442 \u043c\u0430\u0441\u0442\u0435\u0440\u0441\u043a\u043e\u0439 \u043f\u043e \u0447\u0438\u0441\u0442\u043a\u0435 \u043a\u043e\u0432\u0440\u043e\u0432 - Teppichwaschmaschine","isPartOf":{"@id":"https:\/\/www.thecarpetwashingmachine.com\/#website"},"primaryImageOfPage":{"@id":"https:\/\/www.thecarpetwashingmachine.com\/how-can-i-prepare-a-carpet-cleaning-shop-project\/#primaryimage"},"image":{"@id":"https:\/\/www.thecarpetwashingmachine.com\/how-can-i-prepare-a-carpet-cleaning-shop-project\/#primaryimage"},"thumbnailUrl":"https:\/\/www.thecarpetwashingmachine.com\/wp-content\/uploads\/2025\/07\/Untitled-design-10.png","datePublished":"2023-05-22T07:29:39+00:00","dateModified":"2025-07-03T13:28:08+00:00","description":"\u041f\u043b\u0430\u043d\u0438\u0440\u0443\u0435\u0442\u0435 \u043c\u0430\u0433\u0430\u0437\u0438\u043d \u043f\u043e \u0447\u0438\u0441\u0442\u043a\u0435 \u043a\u043e\u0432\u0440\u043e\u0432? \u041f\u043e\u043b\u0443\u0447\u0438\u0442\u0435 \u044d\u043a\u0441\u043f\u0435\u0440\u0442\u043d\u0443\u044e \u043a\u043e\u043d\u0441\u0443\u043b\u044c\u0442\u0430\u0446\u0438\u044e \u043f\u043e \u043e\u0431\u0443\u0441\u0442\u0440\u043e\u0439\u0441\u0442\u0432\u0443 \u0438 \u043e\u0431\u043e\u0440\u0443\u0434\u043e\u0432\u0430\u043d\u0438\u044e \u0434\u043b\u044f \u0443\u0441\u043f\u0435\u0445\u0430.","breadcrumb":{"@id":"https:\/\/www.thecarpetwashingmachine.com\/how-can-i-prepare-a-carpet-cleaning-shop-project\/#breadcrumb"},"inLanguage":"de","potentialAction":[{"@type":"ReadAction","target":["https:\/\/www.thecarpetwashingmachine.com\/how-can-i-prepare-a-carpet-cleaning-shop-project\/"]}]},{"@type":"ImageObject","inLanguage":"de","@id":"https:\/\/www.thecarpetwashingmachine.com\/how-can-i-prepare-a-carpet-cleaning-shop-project\/#primaryimage","url":"https:\/\/www.thecarpetwashingmachine.com\/wp-content\/uploads\/2025\/07\/Untitled-design-10.png","contentUrl":"https:\/\/www.thecarpetwashingmachine.com\/wp-content\/uploads\/2025\/07\/Untitled-design-10.png"},{"@type":"BreadcrumbList","@id":"https:\/\/www.thecarpetwashingmachine.com\/how-can-i-prepare-a-carpet-cleaning-shop-project\/#breadcrumb","itemListElement":[{"@type":"ListItem","position":1,"name":"Home","item":"https:\/\/www.thecarpetwashingmachine.com\/"},{"@type":"ListItem","position":2,"name":"How Can I Prepare a Carpet Cleaning Shop Project?"}]},{"@type":"WebSite","@id":"https:\/\/www.thecarpetwashingmachine.com\/#website","url":"https:\/\/www.thecarpetwashingmachine.com\/","name":"Teppichwaschmaschine","description":"Die Teppichwaschmaschine gibt es auf der ganzen Welt!","potentialAction":[{"@type":"SearchAction","target":{"@type":"EntryPoint","urlTemplate":"https:\/\/www.thecarpetwashingmachine.com\/?s={search_term_string}"},"query-input":{"@type":"PropertyValueSpecification","valueRequired":true,"valueName":"search_term_string"}}],"inLanguage":"de"}]}},"_links":{"self":[{"href":"https:\/\/www.thecarpetwashingmachine.com\/de\/wp-json\/wp\/v2\/pages\/176","targetHints":{"allow":["GET"]}}],"collection":[{"href":"https:\/\/www.thecarpetwashingmachine.com\/de\/wp-json\/wp\/v2\/pages"}],"about":[{"href":"https:\/\/www.thecarpetwashingmachine.com\/de\/wp-json\/wp\/v2\/types\/page"}],"author":[{"embeddable":true,"href":"https:\/\/www.thecarpetwashingmachine.com\/de\/wp-json\/wp\/v2\/users\/1"}],"replies":[{"embeddable":true,"href":"https:\/\/www.thecarpetwashingmachine.com\/de\/wp-json\/wp\/v2\/comments?post=176"}],"version-history":[{"count":51,"href":"https:\/\/www.thecarpetwashingmachine.com\/de\/wp-json\/wp\/v2\/pages\/176\/revisions"}],"predecessor-version":[{"id":1785,"href":"https:\/\/www.thecarpetwashingmachine.com\/de\/wp-json\/wp\/v2\/pages\/176\/revisions\/1785"}],"wp:attachment":[{"href":"https:\/\/www.thecarpetwashingmachine.com\/de\/wp-json\/wp\/v2\/media?parent=176"}],"curies":[{"name":"wp","href":"https:\/\/api.w.org\/{rel}","templated":true}]}}