{"id":120,"date":"2019-05-13T12:02:53","date_gmt":"2019-05-13T12:02:53","guid":{"rendered":"http:\/\/www.thecarpetwashingmachine.com\/?page_id=120"},"modified":"2025-07-03T13:36:27","modified_gmt":"2025-07-03T13:36:27","slug":"equipment-purchasing-and-its-import","status":"publish","type":"page","link":"https:\/\/www.thecarpetwashingmachine.com\/de\/equipment-purchasing-and-its-import\/","title":{"rendered":"Ger\u00e4teeinkauf und deren Import"},"content":{"rendered":"<div class=\"wp-block-image\">\n<figure class=\"aligncenter size-full\"><img loading=\"lazy\" decoding=\"async\" width=\"750\" height=\"500\" src=\"https:\/\/www.thecarpetwashingmachine.com\/wp-content\/uploads\/2025\/07\/Untitled-design-10.png\" alt=\"Automatic carpet washing machine\" class=\"wp-image-1618\" srcset=\"https:\/\/www.thecarpetwashingmachine.com\/wp-content\/uploads\/2025\/07\/Untitled-design-10.png 750w, https:\/\/www.thecarpetwashingmachine.com\/wp-content\/uploads\/2025\/07\/Untitled-design-10-300x200.png 300w\" sizes=\"auto, (max-width: 750px) 100vw, 750px\" \/><\/figure><\/div>\n\n\n<p><\/p>\n\n\n\n<p>Mit Hilfe des Internets k\u00f6nnen wir jetzt einfach Gesch\u00e4fte abschlie\u00dfen, Gespr\u00e4che f\u00fchren und alle Ressourcen aktiv nutzen, um mehr potenzielle Kunden zu erreichen, die an unseren Produkten interessiert sind. Nach einem ausf\u00fchrlichen Gespr\u00e4ch \u00fcber die Vertragsbedingungen&nbsp; unterzeichnen die Vertragspartner den vereinbarten Vertrag \u00fcber die Verbindlichkeiten und die Produktpreise.<\/p>\n\n\n\n<p>Das Einfuhrverfahren f\u00fcr Ausr\u00fcstungsgegenst\u00e4nde setzt jedoch die Erf\u00fcllung bestimmter Phasen voraus, in denen die Parteien f\u00fcr die problemlose und unverz\u00fcgliche Einfuhr von Teppichreinigungsmaschinen verantwortlich sind. Zuallererst muss der K\u00e4ufer darauf achten, eine Spedition auszuw\u00e4hlen, die das \u00abPreis-Leistungsverh\u00e4ltnis\u00bb optimal erf\u00fcllt. Erfahrungsgem\u00e4\u00df liegen die Versandkosten f\u00fcr russische Unternehmen weit unter den Preisen t\u00fcrkischer Logistikunternehmen. Wir sind jedoch bem\u00fcht, Interessenten f\u00fcr Teppichwaschmaschinen, bei der Suche nach einem g\u00fcnstigen Preisangebot zu unterst\u00fctzen.<\/p>\n\n\n\n<p>Die n\u00e4chste Phase des Ger\u00e4teimports ist die Vorbereitung aller Dokumente f\u00fcr die \u00dcberquerung Grenze. Logistikunternehmen sind h\u00e4ufig bereit, Ihnen beim Import von Teppichreinigungsmaschinen zu helfen. Diese Variante ist&nbsp; einfacher f\u00fcr den K\u00e4ufer, da ein Transportunternehmen f\u00fcr das staatliche Zolldeklarationsdokument verantwortlich sein wird, dessen Erstellung bestimmte Kenntnisse im Zollbereich erfordert. Sie sollten auch damit rechnen, dass Sie zur Zahlung von Zollgeb\u00fchren und Mehrwertsteuer verpflichtet sind. Unsere Firma stellt in unserem Namen folgende Dokumente zur Verf\u00fcgung:<\/p>\n\n\n\n<p>&#8211; Rechnung mit Preisen, Versandvereinbarungen und Kontaktdaten der Parteien;<\/p>\n\n\n\n<p>&#8211; Einen Vertrag<\/p>\n\n\n\n<p>&#8211; Warenspezifikation (mit HS-Codes);<\/p>\n\n\n\n<p>&#8211; Packliste;<\/p>\n\n\n\n<p>&#8211; Technische Dokumentation<\/p>\n\n\n\n<p>Zu den technischen Unterlagen geh\u00f6ren Abmessungen, Ger\u00e4tegewicht, Teilebeschreibungen (falls vorhanden) und Stromlaufplan. Alle anderen Transportdokumente werden vom Fahrer (einem Transportunternehmen) zur Verf\u00fcgung gestellt.\u200b<\/p>\n\n\n\n<p>&nbsp;<\/p>\n","protected":false},"excerpt":{"rendered":"<p>Mit Hilfe des Internets k\u00f6nnen wir jetzt einfach Gesch\u00e4fte abschlie\u00dfen, Gespr\u00e4che f\u00fchren und alle Ressourcen aktiv nutzen, um mehr potenzielle Kunden zu erreichen, die an&hellip;<\/p>\n","protected":false},"author":1,"featured_media":0,"parent":0,"menu_order":0,"comment_status":"closed","ping_status":"closed","template":"","meta":{"footnotes":""},"class_list":["post-120","page","type-page","status-publish","hentry"],"translation":{"provider":"WPGlobus","version":"3.0.0","language":"de","enabled_languages":["en","tr","fr","ar","es","de","pt","ru"],"languages":{"en":{"title":true,"content":true,"excerpt":false},"tr":{"title":true,"content":true,"excerpt":false},"fr":{"title":true,"content":true,"excerpt":false},"ar":{"title":true,"content":true,"excerpt":false},"es":{"title":true,"content":true,"excerpt":false},"de":{"title":true,"content":true,"excerpt":false},"pt":{"title":true,"content":true,"excerpt":false},"ru":{"title":true,"content":true,"excerpt":false}}},"yoast_head":"<!-- This site is optimized with the Yoast SEO plugin v24.7 - https:\/\/yoast.com\/wordpress\/plugins\/seo\/ -->\n<title>Ger\u00e4teeinkauf und deren Import - Teppichwaschmaschine<\/title>\n<meta name=\"description\" content=\"Internationale Ger\u00e4te kaufen? Erhalten Sie Expertentipps f\u00fcr reibungslosen Import, Zollabwicklung und die Suche nach zuverl\u00e4ssigen globalen Lieferanten.\" \/>\n<meta name=\"robots\" content=\"index, follow, max-snippet:-1, max-image-preview:large, max-video-preview:-1\" \/>\n<link rel=\"canonical\" href=\"https:\/\/www.thecarpetwashingmachine.com\/equipment-purchasing-and-its-import\/\" \/>\n<meta property=\"og:locale\" content=\"de_DE\" \/>\n<meta property=\"og:type\" content=\"article\" \/>\n<meta property=\"og:title\" content=\"Ger\u00e4teeinkauf und deren Import - Teppichwaschmaschine\" \/>\n<meta property=\"og:description\" content=\"Internationale Ger\u00e4te kaufen? Erhalten Sie Expertentipps f\u00fcr reibungslosen Import, Zollabwicklung und die Suche nach zuverl\u00e4ssigen globalen Lieferanten.\" \/>\n<meta property=\"og:url\" content=\"https:\/\/www.thecarpetwashingmachine.com\/equipment-purchasing-and-its-import\/\" \/>\n<meta property=\"og:site_name\" content=\"Teppichwaschmaschine\" \/>\n<meta property=\"article:publisher\" content=\"http:\/\/www.facebook.com\/carpetwashingmachine\" \/>\n<meta property=\"article:modified_time\" content=\"2025-07-03T13:36:27+00:00\" \/>\n<meta property=\"og:image\" content=\"https:\/\/www.thecarpetwashingmachine.com\/wp-content\/uploads\/2025\/07\/Untitled-design-10.png\" \/>\n\t<meta property=\"og:image:width\" content=\"750\" \/>\n\t<meta property=\"og:image:height\" content=\"500\" \/>\n\t<meta property=\"og:image:type\" content=\"image\/png\" \/>\n<meta name=\"twitter:card\" content=\"summary_large_image\" \/>\n<meta name=\"twitter:label1\" content=\"Gesch\u00e4tzte Lesezeit\" \/>\n\t<meta name=\"twitter:data1\" content=\"2\u00a0Minuten\" \/>\n<script type=\"application\/ld+json\" class=\"yoast-schema-graph\">{\"@context\":\"https:\/\/schema.org\",\"@graph\":[{\"@type\":\"WebPage\",\"@id\":\"https:\/\/www.thecarpetwashingmachine.com\/equipment-purchasing-and-its-import\/\",\"url\":\"https:\/\/www.thecarpetwashingmachine.com\/equipment-purchasing-and-its-import\/\",\"name\":\"\u041f\u0440\u0438\u043e\u0431\u0440\u0435\u0442\u0435\u043d\u0438\u0435 \u043e\u0431\u043e\u0440\u0443\u0434\u043e\u0432\u0430\u043d\u0438\u044f \u0438 \u0435\u0433\u043e \u0432\u0432\u043e\u0437 - Teppichwaschmaschine\",\"isPartOf\":{\"@id\":\"https:\/\/www.thecarpetwashingmachine.com\/#website\"},\"primaryImageOfPage\":{\"@id\":\"https:\/\/www.thecarpetwashingmachine.com\/equipment-purchasing-and-its-import\/#primaryimage\"},\"image\":{\"@id\":\"https:\/\/www.thecarpetwashingmachine.com\/equipment-purchasing-and-its-import\/#primaryimage\"},\"thumbnailUrl\":\"https:\/\/www.thecarpetwashingmachine.com\/wp-content\/uploads\/2025\/07\/Untitled-design-10.png\",\"datePublished\":\"2019-05-13T12:02:53+00:00\",\"dateModified\":\"2025-07-03T13:36:27+00:00\",\"description\":\"\u041f\u043e\u043a\u0443\u043f\u0430\u0435\u0442\u0435 \u043e\u0431\u043e\u0440\u0443\u0434\u043e\u0432\u0430\u043d\u0438\u0435 \u0437\u0430 \u0440\u0443\u0431\u0435\u0436\u043e\u043c? \u041f\u043e\u043b\u0443\u0447\u0438\u0442\u0435 \u044d\u043a\u0441\u043f\u0435\u0440\u0442\u043d\u044b\u0435 \u0441\u043e\u0432\u0435\u0442\u044b \u043f\u043e \u0431\u0435\u0441\u043f\u0440\u043e\u0431\u043b\u0435\u043c\u043d\u043e\u043c\u0443 \u0438\u043c\u043f\u043e\u0440\u0442\u0443, \u0442\u0430\u043c\u043e\u0436\u043d\u0435 \u0438 \u043f\u043e\u0438\u0441\u043a\u0443 \u043d\u0430\u0434\u0435\u0436\u043d\u044b\u0445 \u043f\u043e\u0441\u0442\u0430\u0432\u0449\u0438\u043a\u043e\u0432 \u0434\u043b\u044f \u0432\u0430\u0448\u0438\u0445 \u0433\u043b\u043e\u0431\u0430\u043b\u044c\u043d\u044b\u0445 \u043f\u043e\u043a\u0443\u043f\u043e\u043a.\",\"breadcrumb\":{\"@id\":\"https:\/\/www.thecarpetwashingmachine.com\/equipment-purchasing-and-its-import\/#breadcrumb\"},\"inLanguage\":\"de\",\"potentialAction\":[{\"@type\":\"ReadAction\",\"target\":[\"https:\/\/www.thecarpetwashingmachine.com\/equipment-purchasing-and-its-import\/\"]}]},{\"@type\":\"ImageObject\",\"inLanguage\":\"de\",\"@id\":\"https:\/\/www.thecarpetwashingmachine.com\/equipment-purchasing-and-its-import\/#primaryimage\",\"url\":\"https:\/\/www.thecarpetwashingmachine.com\/wp-content\/uploads\/2025\/07\/Untitled-design-10.png\",\"contentUrl\":\"https:\/\/www.thecarpetwashingmachine.com\/wp-content\/uploads\/2025\/07\/Untitled-design-10.png\"},{\"@type\":\"BreadcrumbList\",\"@id\":\"https:\/\/www.thecarpetwashingmachine.com\/equipment-purchasing-and-its-import\/#breadcrumb\",\"itemListElement\":[{\"@type\":\"ListItem\",\"position\":1,\"name\":\"Home\",\"item\":\"https:\/\/www.thecarpetwashingmachine.com\/\"},{\"@type\":\"ListItem\",\"position\":2,\"name\":\"Equipment purchasing and its import\"}]},{\"@type\":\"WebSite\",\"@id\":\"https:\/\/www.thecarpetwashingmachine.com\/#website\",\"url\":\"https:\/\/www.thecarpetwashingmachine.com\/\",\"name\":\"Teppichwaschmaschine\",\"description\":\"Die Teppichwaschmaschine gibt es auf der ganzen Welt!\",\"potentialAction\":[{\"@type\":\"SearchAction\",\"target\":{\"@type\":\"EntryPoint\",\"urlTemplate\":\"https:\/\/www.thecarpetwashingmachine.com\/?s={search_term_string}\"},\"query-input\":{\"@type\":\"PropertyValueSpecification\",\"valueRequired\":true,\"valueName\":\"search_term_string\"}}],\"inLanguage\":\"de\"}]}<\/script>\n<!-- \/ Yoast SEO plugin. -->","yoast_head_json":{"title":"Ger\u00e4teeinkauf und deren Import - Teppichwaschmaschine","description":"Internationale Ger\u00e4te kaufen? Erhalten Sie Expertentipps f\u00fcr reibungslosen Import, Zollabwicklung und die Suche nach zuverl\u00e4ssigen globalen Lieferanten.","robots":{"index":"index","follow":"follow","max-snippet":"max-snippet:-1","max-image-preview":"max-image-preview:large","max-video-preview":"max-video-preview:-1"},"canonical":"https:\/\/www.thecarpetwashingmachine.com\/equipment-purchasing-and-its-import\/","og_locale":"de_DE","og_type":"article","og_title":"Ger\u00e4teeinkauf und deren Import - Teppichwaschmaschine","og_description":"Internationale Ger\u00e4te kaufen? Erhalten Sie Expertentipps f\u00fcr reibungslosen Import, Zollabwicklung und die Suche nach zuverl\u00e4ssigen globalen Lieferanten.","og_url":"https:\/\/www.thecarpetwashingmachine.com\/equipment-purchasing-and-its-import\/","og_site_name":"Teppichwaschmaschine","article_publisher":"http:\/\/www.facebook.com\/carpetwashingmachine","article_modified_time":"2025-07-03T13:36:27+00:00","og_image":[{"width":750,"height":500,"url":"https:\/\/www.thecarpetwashingmachine.com\/wp-content\/uploads\/2025\/07\/Untitled-design-10.png","type":"image\/png"}],"twitter_card":"summary_large_image","twitter_misc":{"Gesch\u00e4tzte Lesezeit":"2\u00a0Minuten"},"schema":{"@context":"https:\/\/schema.org","@graph":[{"@type":"WebPage","@id":"https:\/\/www.thecarpetwashingmachine.com\/equipment-purchasing-and-its-import\/","url":"https:\/\/www.thecarpetwashingmachine.com\/equipment-purchasing-and-its-import\/","name":"\u041f\u0440\u0438\u043e\u0431\u0440\u0435\u0442\u0435\u043d\u0438\u0435 \u043e\u0431\u043e\u0440\u0443\u0434\u043e\u0432\u0430\u043d\u0438\u044f \u0438 \u0435\u0433\u043e \u0432\u0432\u043e\u0437 - Teppichwaschmaschine","isPartOf":{"@id":"https:\/\/www.thecarpetwashingmachine.com\/#website"},"primaryImageOfPage":{"@id":"https:\/\/www.thecarpetwashingmachine.com\/equipment-purchasing-and-its-import\/#primaryimage"},"image":{"@id":"https:\/\/www.thecarpetwashingmachine.com\/equipment-purchasing-and-its-import\/#primaryimage"},"thumbnailUrl":"https:\/\/www.thecarpetwashingmachine.com\/wp-content\/uploads\/2025\/07\/Untitled-design-10.png","datePublished":"2019-05-13T12:02:53+00:00","dateModified":"2025-07-03T13:36:27+00:00","description":"\u041f\u043e\u043a\u0443\u043f\u0430\u0435\u0442\u0435 \u043e\u0431\u043e\u0440\u0443\u0434\u043e\u0432\u0430\u043d\u0438\u0435 \u0437\u0430 \u0440\u0443\u0431\u0435\u0436\u043e\u043c? \u041f\u043e\u043b\u0443\u0447\u0438\u0442\u0435 \u044d\u043a\u0441\u043f\u0435\u0440\u0442\u043d\u044b\u0435 \u0441\u043e\u0432\u0435\u0442\u044b \u043f\u043e \u0431\u0435\u0441\u043f\u0440\u043e\u0431\u043b\u0435\u043c\u043d\u043e\u043c\u0443 \u0438\u043c\u043f\u043e\u0440\u0442\u0443, \u0442\u0430\u043c\u043e\u0436\u043d\u0435 \u0438 \u043f\u043e\u0438\u0441\u043a\u0443 \u043d\u0430\u0434\u0435\u0436\u043d\u044b\u0445 \u043f\u043e\u0441\u0442\u0430\u0432\u0449\u0438\u043a\u043e\u0432 \u0434\u043b\u044f \u0432\u0430\u0448\u0438\u0445 \u0433\u043b\u043e\u0431\u0430\u043b\u044c\u043d\u044b\u0445 \u043f\u043e\u043a\u0443\u043f\u043e\u043a.","breadcrumb":{"@id":"https:\/\/www.thecarpetwashingmachine.com\/equipment-purchasing-and-its-import\/#breadcrumb"},"inLanguage":"de","potentialAction":[{"@type":"ReadAction","target":["https:\/\/www.thecarpetwashingmachine.com\/equipment-purchasing-and-its-import\/"]}]},{"@type":"ImageObject","inLanguage":"de","@id":"https:\/\/www.thecarpetwashingmachine.com\/equipment-purchasing-and-its-import\/#primaryimage","url":"https:\/\/www.thecarpetwashingmachine.com\/wp-content\/uploads\/2025\/07\/Untitled-design-10.png","contentUrl":"https:\/\/www.thecarpetwashingmachine.com\/wp-content\/uploads\/2025\/07\/Untitled-design-10.png"},{"@type":"BreadcrumbList","@id":"https:\/\/www.thecarpetwashingmachine.com\/equipment-purchasing-and-its-import\/#breadcrumb","itemListElement":[{"@type":"ListItem","position":1,"name":"Home","item":"https:\/\/www.thecarpetwashingmachine.com\/"},{"@type":"ListItem","position":2,"name":"Equipment purchasing and its import"}]},{"@type":"WebSite","@id":"https:\/\/www.thecarpetwashingmachine.com\/#website","url":"https:\/\/www.thecarpetwashingmachine.com\/","name":"Teppichwaschmaschine","description":"Die Teppichwaschmaschine gibt es auf der ganzen Welt!","potentialAction":[{"@type":"SearchAction","target":{"@type":"EntryPoint","urlTemplate":"https:\/\/www.thecarpetwashingmachine.com\/?s={search_term_string}"},"query-input":{"@type":"PropertyValueSpecification","valueRequired":true,"valueName":"search_term_string"}}],"inLanguage":"de"}]}},"_links":{"self":[{"href":"https:\/\/www.thecarpetwashingmachine.com\/de\/wp-json\/wp\/v2\/pages\/120","targetHints":{"allow":["GET"]}}],"collection":[{"href":"https:\/\/www.thecarpetwashingmachine.com\/de\/wp-json\/wp\/v2\/pages"}],"about":[{"href":"https:\/\/www.thecarpetwashingmachine.com\/de\/wp-json\/wp\/v2\/types\/page"}],"author":[{"embeddable":true,"href":"https:\/\/www.thecarpetwashingmachine.com\/de\/wp-json\/wp\/v2\/users\/1"}],"replies":[{"embeddable":true,"href":"https:\/\/www.thecarpetwashingmachine.com\/de\/wp-json\/wp\/v2\/comments?post=120"}],"version-history":[{"count":37,"href":"https:\/\/www.thecarpetwashingmachine.com\/de\/wp-json\/wp\/v2\/pages\/120\/revisions"}],"predecessor-version":[{"id":1795,"href":"https:\/\/www.thecarpetwashingmachine.com\/de\/wp-json\/wp\/v2\/pages\/120\/revisions\/1795"}],"wp:attachment":[{"href":"https:\/\/www.thecarpetwashingmachine.com\/de\/wp-json\/wp\/v2\/media?parent=120"}],"curies":[{"name":"wp","href":"https:\/\/api.w.org\/{rel}","templated":true}]}}