{"id":114,"date":"2019-03-09T07:09:19","date_gmt":"2019-03-09T07:09:19","guid":{"rendered":"http:\/\/www.thecarpetwashingmachine.com\/?page_id=114"},"modified":"2025-07-18T13:23:01","modified_gmt":"2025-07-18T13:23:01","slug":"how-to-choose-the-right-carpet-washing-machine","status":"publish","type":"page","link":"https:\/\/www.thecarpetwashingmachine.com\/de\/how-to-choose-the-right-carpet-washing-machine\/","title":{"rendered":"Wie W\u00e4hle Eine Geeignete Ausr\u00fcstung Im Bezug Auf Mein Land?"},"content":{"rendered":"<div class=\"wp-block-image\">\n<figure class=\"aligncenter size-full\"><img loading=\"lazy\" decoding=\"async\" width=\"826\" height=\"390\" src=\"https:\/\/www.thecarpetwashingmachine.com\/wp-content\/uploads\/2025\/01\/hali-yikama-makinasi-kullanimi-1.jpg\" alt=\"\" class=\"wp-image-384\" srcset=\"https:\/\/www.thecarpetwashingmachine.com\/wp-content\/uploads\/2025\/01\/hali-yikama-makinasi-kullanimi-1.jpg 826w, https:\/\/www.thecarpetwashingmachine.com\/wp-content\/uploads\/2025\/01\/hali-yikama-makinasi-kullanimi-1-300x142.jpg 300w, https:\/\/www.thecarpetwashingmachine.com\/wp-content\/uploads\/2025\/01\/hali-yikama-makinasi-kullanimi-1-768x363.jpg 768w\" sizes=\"auto, (max-width: 826px) 100vw, 826px\" \/><\/figure><\/div>\n\n\n<p><\/p>\n\n\n\n<h3 class=\"wp-block-heading\">Wie w\u00e4hlt man die passende Ausr\u00fcstung f\u00fcr sein Land?<\/h3>\n\n\n\n<p>Gesch\u00e4ftsleute \u2013 sowohl Anf\u00e4nger als auch Erfahrene \u2013 n\u00e4hern sich dieser Frage aus verschiedenen Blickwinkeln. W\u00e4hrend Anf\u00e4nger oft billigere und leichter zug\u00e4ngliche Optionen bevorzugen, verfolgen erfahrene Unternehmer mehrere Ziele: Sie investieren ihr Geld in zuverl\u00e4ssige und weltweit anerkannte Ausr\u00fcstung, sparen Budget f\u00fcr Werbung, minimieren Versandkosten und Ausgaben f\u00fcr Technikereins\u00e4tze, finden den passenden Hersteller, um zuk\u00fcnftig H\u00e4ndler zu werden und ihr Gesch\u00e4ft in diesem Bereich auszubauen, und engagieren sich in verschiedenen Segmenten der Teppichreinigungsbranche.<\/p>\n\n\n\n<p>Beide Seiten m\u00fcssen jedoch eine Ausr\u00fcstung w\u00e4hlen, die zu den Gegebenheiten und Tendenzen ihres Landes passt. Hier sind einige Empfehlungen, die Ihnen einen besseren professionellen Einblick in Ihr zuk\u00fcnftiges oder aktuelles Gesch\u00e4ft erm\u00f6glichen.<\/p>\n\n\n\n<p>F\u00fcr Anf\u00e4nger ist es zun\u00e4chst ratsam, die typischsten Teppichgr\u00f6\u00dfen in ihrem Land zu analysieren. Diese Analyse wird den zuk\u00fcnftigen Erfolg Ihres Unternehmens ma\u00dfgeblich bestimmen. Recherchieren Sie Teppiche in Ihrem eigenen Zuhause oder besuchen Sie Teppichgesch\u00e4fte, um herauszufinden, welche Teppiche am h\u00e4ufigsten verkauft werden. Wir betonen diesen Punkt, da der Kauf von Maschinen entsprechend den Teppichgr\u00f6\u00dfen \u00e4u\u00dferst wichtig ist. Zum Beispiel fragen einige unserer potenziellen Kunden, ob sie die gr\u00f6\u00dfte Zentrifuge kaufen und alle Teppiche unabh\u00e4ngig von ihrer Gr\u00f6\u00dfe schleudern k\u00f6nnen. Dies ist eine v\u00f6llig falsche Vorstellung davon, wie eine Zentrifuge funktioniert und warum die passenden Maschinengr\u00f6\u00dfen so entscheidend sind. Wenn Sie einen Teppich von zwei mal drei Metern in eine Maschine mit 420 cm Breite legen, wird die Maschine springen, der Teppich wird sich entrollen, und Vibrationen k\u00f6nnen entstehen, die die Maschine besch\u00e4digen k\u00f6nnen. Um dies zu vermeiden, m\u00fcssen Sie verantwortungsbewusst handeln und den Hersteller nach Empfehlungen sowie seinen Erfahrungen im Export von Maschinen in verschiedene L\u00e4nder fragen. Um eine solche unangenehme Situation zu vermeiden, k\u00f6nnen Sie beispielsweise zwei Teppiche zusammenrollen und in eine gr\u00f6\u00dfere Zentrifuge laden. Dadurch werden die Lager und automatischen Systeme Ihrer Zentrifuge keinem zus\u00e4tzlichen Druck und keiner Vibration ausgesetzt, was die Lebensdauer der Maschine verl\u00e4ngert.<\/p>\n\n\n\n<p>F\u00fcr bereits gut etablierte Teppichreinigungsbetriebe empfehlen wir, bei Bedarf Zentrifugen in kleineren und gr\u00f6\u00dferen Gr\u00f6\u00dfen zu erwerben. Dies steigert die Produktivit\u00e4t Ihres Unternehmens und vereinfacht die Arbeitsabl\u00e4ufe.<\/p>\n\n\n\n<p>Eine Teppichwaschmaschine ist eine Investition, die sich nur dann auszahlt, wenn eine gute und geeignete gefunden wird. Anf\u00e4nger und erfahrene Unternehmer sind versucht, eine g\u00fcnstigere Option zu w\u00e4hlen, um Gewinn oder Startkapital zu sparen. Doch hier gilt das gleiche Prinzip: Wer am falschen Ende spart, zahlt doppelt. Eine Maschine, die nicht den Anforderungen Ihres Landes entspricht, kann Ihr Gesch\u00e4ft ruinieren: Nach dem Kauf k\u00f6nnen Sie mit Fehlern und M\u00e4ngeln konfrontiert werden, deren Reparatur zus\u00e4tzliche Kosten verursacht. Gleichzeitig wird die Bewertung nicht gut sein, da viele Kunden aufgrund einer defekten Maschine abgelehnt werden. Was die Teppichgr\u00f6\u00dfen betrifft, ist es einfach: Sie k\u00f6nnen alle Teppiche auf einer ER 4200 waschen, solange die Breite nicht mehr als 420 cm betr\u00e4gt.<\/p>\n\n\n\n<p>Ber\u00fccksichtigen Sie immer die Eigenschaften der Maschinen. Eine gute Zentrifuge sollte zuverl\u00e4ssige schwere Lager haben, die Trommeln m\u00fcssen ausgewuchtet und aus Edelstahl gefertigt sein, die T\u00fcr sollte pneumatisch sein, und die Drehzahl sollte bei etwa 1200 \u2013 1300 Umdrehungen pro Minute liegen.<\/p>\n\n\n\n<p>Hier sind einige Regeln, wie Sie die Qualit\u00e4t einer Teppichwaschmaschine beurteilen k\u00f6nnen:<\/p>\n\n\n\n<ul class=\"wp-block-list\">\n<li>Sie hat zwei B\u00fcrstenreihen mit h\u00e4rteren und weicheren B\u00fcrsten.<\/li>\n\n\n\n<li>Sie verf\u00fcgt \u00fcber eine Vielzahl von Programmen f\u00fcr verschiedene Teppichmaterialien.<\/li>\n\n\n\n<li>Sie reinigt Teppiche in 2,5 bis 3 Minuten.<\/li>\n\n\n\n<li>Sie ist aus rostfreiem Stahl (Standard 304er G\u00fcte) gefertigt.<\/li>\n\n\n\n<li>Der Elektrokasten ist mit einer speziellen Platte gesch\u00fctzt.<\/li>\n\n\n\n<li>Das F\u00f6rderband besteht aus einer einzigen, durchgehenden Oberfl\u00e4che.<\/li>\n\n\n\n<li>Sie reinigt den Teppich zu 100 % von allen Chemikalien.<\/li>\n<\/ul>\n\n\n\n<p>Wenn Sie eine Maschine kaufen m\u00f6chten, bitten Sie den Hersteller, Sie in einen Teppichwaschbetrieb zu begleiten, in dem seine Ausr\u00fcstung verwendet wird. Hier k\u00f6nnen Sie Folgendes feststellen: Wenn der Hersteller seine Maschinen lokal (in dieser Region) verkauft hat, ist sein Ruf in den meisten F\u00e4llen sauber und einwandfrei. Achten Sie darauf, wie lange dieses Unternehmen mit dieser Ausr\u00fcstung arbeitet und wie oft es Probleme mit dieser Ausr\u00fcstung gab. Sie k\u00f6nnen auch fragen, wie lange der Produzent in diesem Sektor t\u00e4tig ist. Sie werden auch sehen, ob alle angepriesenen Funktionen und Vorg\u00e4nge so ausgef\u00fchrt werden, wie es sein sollte und wie es Ihnen zuvor erkl\u00e4rt wurde. Das Einholen von Referenzen aus Ihrem eigenen Land kann ebenfalls ein guter Schritt sein, um die Wahrheit herauszufinden, die Ihnen hilft, die richtige Ausr\u00fcstung zu w\u00e4hlen.<\/p>\n\n\n\n<div class=\"BottomBar\">\n<div class=\"Icon \" title=\"Listen\">&nbsp;<\/div>\n<div class=\"Icon Copy\" title=\"Copy translation\">&nbsp;<\/div>\n<\/div>\n","protected":false},"excerpt":{"rendered":"<p>Wie w\u00e4hlt man die passende Ausr\u00fcstung f\u00fcr sein Land? Gesch\u00e4ftsleute \u2013 sowohl Anf\u00e4nger als auch Erfahrene \u2013 n\u00e4hern sich dieser Frage aus verschiedenen Blickwinkeln. W\u00e4hrend&hellip;<\/p>\n","protected":false},"author":1,"featured_media":0,"parent":0,"menu_order":0,"comment_status":"closed","ping_status":"closed","template":"","meta":{"footnotes":""},"class_list":["post-114","page","type-page","status-publish","hentry"],"translation":{"provider":"WPGlobus","version":"3.0.0","language":"de","enabled_languages":["en","tr","fr","ar","es","de","pt","ru"],"languages":{"en":{"title":true,"content":true,"excerpt":false},"tr":{"title":true,"content":true,"excerpt":false},"fr":{"title":true,"content":true,"excerpt":false},"ar":{"title":true,"content":true,"excerpt":false},"es":{"title":true,"content":true,"excerpt":false},"de":{"title":true,"content":true,"excerpt":false},"pt":{"title":true,"content":true,"excerpt":false},"ru":{"title":true,"content":true,"excerpt":false}}},"yoast_head":"<!-- This site is optimized with the Yoast SEO plugin v24.7 - https:\/\/yoast.com\/wordpress\/plugins\/seo\/ -->\n<title>WIE W\u00c4HLE EINE GEEIGETE AUSR\u00dcSTUNG IM BEZUG AUF MEIN LAND? - Teppichwaschmaschine<\/title>\n<meta name=\"description\" content=\"Die Wahl der richtigen Teppichwaschmaschine ist entscheidend. Erfahren Sie wichtige Tipps, um die beste Maschine f\u00fcr Ihr Gesch\u00e4ft zu w\u00e4hlen.\" \/>\n<meta name=\"robots\" content=\"index, follow, max-snippet:-1, max-image-preview:large, max-video-preview:-1\" \/>\n<link rel=\"canonical\" href=\"https:\/\/www.thecarpetwashingmachine.com\/how-to-choose-the-right-carpet-washing-machine\/\" \/>\n<meta property=\"og:locale\" content=\"de_DE\" \/>\n<meta property=\"og:type\" content=\"article\" \/>\n<meta property=\"og:title\" content=\"WIE W\u00c4HLE EINE GEEIGETE AUSR\u00dcSTUNG IM BEZUG AUF MEIN LAND? - Teppichwaschmaschine\" \/>\n<meta property=\"og:description\" content=\"Die Wahl der richtigen Teppichwaschmaschine ist entscheidend. Erfahren Sie wichtige Tipps, um die beste Maschine f\u00fcr Ihr Gesch\u00e4ft zu w\u00e4hlen.\" \/>\n<meta property=\"og:url\" content=\"https:\/\/www.thecarpetwashingmachine.com\/how-to-choose-the-right-carpet-washing-machine\/\" \/>\n<meta property=\"og:site_name\" content=\"Teppichwaschmaschine\" \/>\n<meta property=\"article:publisher\" content=\"http:\/\/www.facebook.com\/carpetwashingmachine\" \/>\n<meta property=\"article:modified_time\" content=\"2025-07-18T13:23:01+00:00\" \/>\n<meta property=\"og:image\" content=\"https:\/\/www.thecarpetwashingmachine.com\/wp-content\/uploads\/2025\/01\/hali-yikama-makinasi-kullanimi-1.jpg\" \/>\n\t<meta property=\"og:image:width\" content=\"826\" \/>\n\t<meta property=\"og:image:height\" content=\"390\" \/>\n\t<meta property=\"og:image:type\" content=\"image\/jpeg\" \/>\n<meta name=\"twitter:card\" content=\"summary_large_image\" \/>\n<meta name=\"twitter:label1\" content=\"Gesch\u00e4tzte Lesezeit\" \/>\n\t<meta name=\"twitter:data1\" content=\"3\u00a0Minuten\" \/>\n<script type=\"application\/ld+json\" class=\"yoast-schema-graph\">{\"@context\":\"https:\/\/schema.org\",\"@graph\":[{\"@type\":\"WebPage\",\"@id\":\"https:\/\/www.thecarpetwashingmachine.com\/how-to-choose-the-right-carpet-washing-machine\/\",\"url\":\"https:\/\/www.thecarpetwashingmachine.com\/how-to-choose-the-right-carpet-washing-machine\/\",\"name\":\"\u041a\u0430\u043a \u0432\u044b\u0431\u0440\u0430\u0442\u044c \u043f\u043e\u0434\u0445\u043e\u0434\u044f\u0449\u0443\u044e \u0434\u043b\u044f \u0432\u0430\u0441 \u043c\u0430\u0448\u0438\u043d\u0443 \u0434\u043b\u044f \u0441\u0442\u0438\u0440\u043a\u0438 \u043a\u043e\u0432\u0440\u043e\u0432? - Teppichwaschmaschine\",\"isPartOf\":{\"@id\":\"https:\/\/www.thecarpetwashingmachine.com\/#website\"},\"primaryImageOfPage\":{\"@id\":\"https:\/\/www.thecarpetwashingmachine.com\/how-to-choose-the-right-carpet-washing-machine\/#primaryimage\"},\"image\":{\"@id\":\"https:\/\/www.thecarpetwashingmachine.com\/how-to-choose-the-right-carpet-washing-machine\/#primaryimage\"},\"thumbnailUrl\":\"https:\/\/www.thecarpetwashingmachine.com\/wp-content\/uploads\/2025\/01\/hali-yikama-makinasi-kullanimi-1.jpg\",\"datePublished\":\"2019-03-09T07:09:19+00:00\",\"dateModified\":\"2025-07-18T13:23:01+00:00\",\"description\":\"\u0412\u044b\u0431\u043e\u0440 \u043f\u0440\u0430\u0432\u0438\u043b\u044c\u043d\u043e\u0439 \u043c\u0430\u0448\u0438\u043d\u044b \u0434\u043b\u044f \u0441\u0442\u0438\u0440\u043a\u0438 \u043a\u043e\u0432\u0440\u043e\u0432 \u043a\u0440\u0430\u0439\u043d\u0435 \u0432\u0430\u0436\u0435\u043d. \u0423\u0437\u043d\u0430\u0439\u0442\u0435 \u0432\u0430\u0436\u043d\u044b\u0435 \u0441\u043e\u0432\u0435\u0442\u044b, \u0447\u0442\u043e\u0431\u044b \u0432\u044b\u0431\u0440\u0430\u0442\u044c \u043b\u0443\u0447\u0448\u0443\u044e \u0434\u043b\u044f \u0432\u0430\u0448\u0435\u0433\u043e \u0431\u0438\u0437\u043d\u0435\u0441\u0430.\",\"breadcrumb\":{\"@id\":\"https:\/\/www.thecarpetwashingmachine.com\/how-to-choose-the-right-carpet-washing-machine\/#breadcrumb\"},\"inLanguage\":\"de\",\"potentialAction\":[{\"@type\":\"ReadAction\",\"target\":[\"https:\/\/www.thecarpetwashingmachine.com\/how-to-choose-the-right-carpet-washing-machine\/\"]}]},{\"@type\":\"ImageObject\",\"inLanguage\":\"de\",\"@id\":\"https:\/\/www.thecarpetwashingmachine.com\/how-to-choose-the-right-carpet-washing-machine\/#primaryimage\",\"url\":\"https:\/\/www.thecarpetwashingmachine.com\/wp-content\/uploads\/2025\/01\/hali-yikama-makinasi-kullanimi-1.jpg\",\"contentUrl\":\"https:\/\/www.thecarpetwashingmachine.com\/wp-content\/uploads\/2025\/01\/hali-yikama-makinasi-kullanimi-1.jpg\"},{\"@type\":\"BreadcrumbList\",\"@id\":\"https:\/\/www.thecarpetwashingmachine.com\/how-to-choose-the-right-carpet-washing-machine\/#breadcrumb\",\"itemListElement\":[{\"@type\":\"ListItem\",\"position\":1,\"name\":\"Home\",\"item\":\"https:\/\/www.thecarpetwashingmachine.com\/\"},{\"@type\":\"ListItem\",\"position\":2,\"name\":\"How to Choose the Right Carpet Washing Machine?\"}]},{\"@type\":\"WebSite\",\"@id\":\"https:\/\/www.thecarpetwashingmachine.com\/#website\",\"url\":\"https:\/\/www.thecarpetwashingmachine.com\/\",\"name\":\"Teppichwaschmaschine\",\"description\":\"Die Teppichwaschmaschine gibt es auf der ganzen Welt!\",\"potentialAction\":[{\"@type\":\"SearchAction\",\"target\":{\"@type\":\"EntryPoint\",\"urlTemplate\":\"https:\/\/www.thecarpetwashingmachine.com\/?s={search_term_string}\"},\"query-input\":{\"@type\":\"PropertyValueSpecification\",\"valueRequired\":true,\"valueName\":\"search_term_string\"}}],\"inLanguage\":\"de\"}]}<\/script>\n<!-- \/ Yoast SEO plugin. -->","yoast_head_json":{"title":"WIE W\u00c4HLE EINE GEEIGETE AUSR\u00dcSTUNG IM BEZUG AUF MEIN LAND? - Teppichwaschmaschine","description":"Die Wahl der richtigen Teppichwaschmaschine ist entscheidend. Erfahren Sie wichtige Tipps, um die beste Maschine f\u00fcr Ihr Gesch\u00e4ft zu w\u00e4hlen.","robots":{"index":"index","follow":"follow","max-snippet":"max-snippet:-1","max-image-preview":"max-image-preview:large","max-video-preview":"max-video-preview:-1"},"canonical":"https:\/\/www.thecarpetwashingmachine.com\/how-to-choose-the-right-carpet-washing-machine\/","og_locale":"de_DE","og_type":"article","og_title":"WIE W\u00c4HLE EINE GEEIGETE AUSR\u00dcSTUNG IM BEZUG AUF MEIN LAND? - Teppichwaschmaschine","og_description":"Die Wahl der richtigen Teppichwaschmaschine ist entscheidend. Erfahren Sie wichtige Tipps, um die beste Maschine f\u00fcr Ihr Gesch\u00e4ft zu w\u00e4hlen.","og_url":"https:\/\/www.thecarpetwashingmachine.com\/how-to-choose-the-right-carpet-washing-machine\/","og_site_name":"Teppichwaschmaschine","article_publisher":"http:\/\/www.facebook.com\/carpetwashingmachine","article_modified_time":"2025-07-18T13:23:01+00:00","og_image":[{"width":826,"height":390,"url":"https:\/\/www.thecarpetwashingmachine.com\/wp-content\/uploads\/2025\/01\/hali-yikama-makinasi-kullanimi-1.jpg","type":"image\/jpeg"}],"twitter_card":"summary_large_image","twitter_misc":{"Gesch\u00e4tzte Lesezeit":"3\u00a0Minuten"},"schema":{"@context":"https:\/\/schema.org","@graph":[{"@type":"WebPage","@id":"https:\/\/www.thecarpetwashingmachine.com\/how-to-choose-the-right-carpet-washing-machine\/","url":"https:\/\/www.thecarpetwashingmachine.com\/how-to-choose-the-right-carpet-washing-machine\/","name":"\u041a\u0430\u043a \u0432\u044b\u0431\u0440\u0430\u0442\u044c \u043f\u043e\u0434\u0445\u043e\u0434\u044f\u0449\u0443\u044e \u0434\u043b\u044f \u0432\u0430\u0441 \u043c\u0430\u0448\u0438\u043d\u0443 \u0434\u043b\u044f \u0441\u0442\u0438\u0440\u043a\u0438 \u043a\u043e\u0432\u0440\u043e\u0432? - Teppichwaschmaschine","isPartOf":{"@id":"https:\/\/www.thecarpetwashingmachine.com\/#website"},"primaryImageOfPage":{"@id":"https:\/\/www.thecarpetwashingmachine.com\/how-to-choose-the-right-carpet-washing-machine\/#primaryimage"},"image":{"@id":"https:\/\/www.thecarpetwashingmachine.com\/how-to-choose-the-right-carpet-washing-machine\/#primaryimage"},"thumbnailUrl":"https:\/\/www.thecarpetwashingmachine.com\/wp-content\/uploads\/2025\/01\/hali-yikama-makinasi-kullanimi-1.jpg","datePublished":"2019-03-09T07:09:19+00:00","dateModified":"2025-07-18T13:23:01+00:00","description":"\u0412\u044b\u0431\u043e\u0440 \u043f\u0440\u0430\u0432\u0438\u043b\u044c\u043d\u043e\u0439 \u043c\u0430\u0448\u0438\u043d\u044b \u0434\u043b\u044f \u0441\u0442\u0438\u0440\u043a\u0438 \u043a\u043e\u0432\u0440\u043e\u0432 \u043a\u0440\u0430\u0439\u043d\u0435 \u0432\u0430\u0436\u0435\u043d. \u0423\u0437\u043d\u0430\u0439\u0442\u0435 \u0432\u0430\u0436\u043d\u044b\u0435 \u0441\u043e\u0432\u0435\u0442\u044b, \u0447\u0442\u043e\u0431\u044b \u0432\u044b\u0431\u0440\u0430\u0442\u044c \u043b\u0443\u0447\u0448\u0443\u044e \u0434\u043b\u044f \u0432\u0430\u0448\u0435\u0433\u043e \u0431\u0438\u0437\u043d\u0435\u0441\u0430.","breadcrumb":{"@id":"https:\/\/www.thecarpetwashingmachine.com\/how-to-choose-the-right-carpet-washing-machine\/#breadcrumb"},"inLanguage":"de","potentialAction":[{"@type":"ReadAction","target":["https:\/\/www.thecarpetwashingmachine.com\/how-to-choose-the-right-carpet-washing-machine\/"]}]},{"@type":"ImageObject","inLanguage":"de","@id":"https:\/\/www.thecarpetwashingmachine.com\/how-to-choose-the-right-carpet-washing-machine\/#primaryimage","url":"https:\/\/www.thecarpetwashingmachine.com\/wp-content\/uploads\/2025\/01\/hali-yikama-makinasi-kullanimi-1.jpg","contentUrl":"https:\/\/www.thecarpetwashingmachine.com\/wp-content\/uploads\/2025\/01\/hali-yikama-makinasi-kullanimi-1.jpg"},{"@type":"BreadcrumbList","@id":"https:\/\/www.thecarpetwashingmachine.com\/how-to-choose-the-right-carpet-washing-machine\/#breadcrumb","itemListElement":[{"@type":"ListItem","position":1,"name":"Home","item":"https:\/\/www.thecarpetwashingmachine.com\/"},{"@type":"ListItem","position":2,"name":"How to Choose the Right Carpet Washing Machine?"}]},{"@type":"WebSite","@id":"https:\/\/www.thecarpetwashingmachine.com\/#website","url":"https:\/\/www.thecarpetwashingmachine.com\/","name":"Teppichwaschmaschine","description":"Die Teppichwaschmaschine gibt es auf der ganzen Welt!","potentialAction":[{"@type":"SearchAction","target":{"@type":"EntryPoint","urlTemplate":"https:\/\/www.thecarpetwashingmachine.com\/?s={search_term_string}"},"query-input":{"@type":"PropertyValueSpecification","valueRequired":true,"valueName":"search_term_string"}}],"inLanguage":"de"}]}},"_links":{"self":[{"href":"https:\/\/www.thecarpetwashingmachine.com\/de\/wp-json\/wp\/v2\/pages\/114","targetHints":{"allow":["GET"]}}],"collection":[{"href":"https:\/\/www.thecarpetwashingmachine.com\/de\/wp-json\/wp\/v2\/pages"}],"about":[{"href":"https:\/\/www.thecarpetwashingmachine.com\/de\/wp-json\/wp\/v2\/types\/page"}],"author":[{"embeddable":true,"href":"https:\/\/www.thecarpetwashingmachine.com\/de\/wp-json\/wp\/v2\/users\/1"}],"replies":[{"embeddable":true,"href":"https:\/\/www.thecarpetwashingmachine.com\/de\/wp-json\/wp\/v2\/comments?post=114"}],"version-history":[{"count":59,"href":"https:\/\/www.thecarpetwashingmachine.com\/de\/wp-json\/wp\/v2\/pages\/114\/revisions"}],"predecessor-version":[{"id":2469,"href":"https:\/\/www.thecarpetwashingmachine.com\/de\/wp-json\/wp\/v2\/pages\/114\/revisions\/2469"}],"wp:attachment":[{"href":"https:\/\/www.thecarpetwashingmachine.com\/de\/wp-json\/wp\/v2\/media?parent=114"}],"curies":[{"name":"wp","href":"https:\/\/api.w.org\/{rel}","templated":true}]}}