{"id":1016,"date":"2025-06-30T06:43:50","date_gmt":"2025-06-30T06:43:50","guid":{"rendered":"https:\/\/www.thecarpetwashingmachine.com\/?page_id=1016"},"modified":"2025-07-11T09:38:30","modified_gmt":"2025-07-11T09:38:30","slug":"about-us","status":"publish","type":"page","link":"https:\/\/www.thecarpetwashingmachine.com\/de\/about-us\/","title":{"rendered":"\u00dcber Uns &#8211; Ergin Machinery"},"content":{"rendered":"\n<p>Seit 1968 w\u00e4chst Ergin Makina stetig, angetrieben von einem unersch\u00fctterlichen Engagement f\u00fcr Innovation und Qualit\u00e4t. Im Jahr 2017 haben wir unsere Aktivit\u00e4ten auf eine spezielle, 8.000 m\u00b2 gro\u00dfe Anlage in der organisierten Industriezone Pancar ausgeweitet. Heute sind unsere zuverl\u00e4ssigen Maschinen in \u00fcber 80 L\u00e4ndern im Einsatz \u2013 von Australien bis in die USA \u2013 und unterst\u00fctzen Teppichreinigungsfirmen weltweit. Wir verbinden \u00fcber 50 Jahre Erfahrung mit unserer Leidenschaft f\u00fcr Fortschritt und garantieren so eine unvergleichliche Qualit\u00e4t. Unser Fokus auf neueste Technologie, \u00fcberragende Ergonomie und Spitzenleistung zeichnet uns aus. \u00dcber die Reinigung hinaus sparen unsere Maschinen wertvolle Ressourcen. Kundenzufriedenheit ist das Fundament unseres Erfolgs.<\/p>\n\n\n<div class=\"wp-block-image\">\n<figure class=\"aligncenter size-large\"><img loading=\"lazy\" decoding=\"async\" width=\"1024\" height=\"479\" src=\"https:\/\/www.thecarpetwashingmachine.com\/wp-content\/uploads\/2025\/06\/ergin-makina-hali-yikama-makinalari-fabrikasi-2-1024x479.jpg\" alt=\"Ergin Machinery Teppichwaschmaschinenfabrik\" class=\"wp-image-1019\" srcset=\"https:\/\/www.thecarpetwashingmachine.com\/wp-content\/uploads\/2025\/06\/ergin-makina-hali-yikama-makinalari-fabrikasi-2-1024x479.jpg 1024w, https:\/\/www.thecarpetwashingmachine.com\/wp-content\/uploads\/2025\/06\/ergin-makina-hali-yikama-makinalari-fabrikasi-2-300x140.jpg 300w, https:\/\/www.thecarpetwashingmachine.com\/wp-content\/uploads\/2025\/06\/ergin-makina-hali-yikama-makinalari-fabrikasi-2-768x360.jpg 768w, https:\/\/www.thecarpetwashingmachine.com\/wp-content\/uploads\/2025\/06\/ergin-makina-hali-yikama-makinalari-fabrikasi-2-1536x719.jpg 1536w, https:\/\/www.thecarpetwashingmachine.com\/wp-content\/uploads\/2025\/06\/ergin-makina-hali-yikama-makinalari-fabrikasi-2-2048x959.jpg 2048w, https:\/\/www.thecarpetwashingmachine.com\/wp-content\/uploads\/2025\/06\/ergin-makina-hali-yikama-makinalari-fabrikasi-2-1200x562.jpg 1200w\" sizes=\"auto, (max-width: 1024px) 100vw, 1024px\" \/><\/figure><\/div>","protected":false},"excerpt":{"rendered":"<p>Seit 1968 w\u00e4chst Ergin Makina stetig, angetrieben von einem unersch\u00fctterlichen Engagement f\u00fcr Innovation und Qualit\u00e4t. Im Jahr 2017 haben wir unsere Aktivit\u00e4ten auf eine spezielle,&hellip;<\/p>\n","protected":false},"author":1,"featured_media":0,"parent":0,"menu_order":0,"comment_status":"closed","ping_status":"closed","template":"","meta":{"footnotes":""},"class_list":["post-1016","page","type-page","status-publish","hentry"],"translation":{"provider":"WPGlobus","version":"3.0.0","language":"de","enabled_languages":["en","tr","fr","ar","es","de","pt","ru"],"languages":{"en":{"title":true,"content":true,"excerpt":false},"tr":{"title":true,"content":true,"excerpt":false},"fr":{"title":true,"content":true,"excerpt":false},"ar":{"title":true,"content":true,"excerpt":false},"es":{"title":true,"content":true,"excerpt":false},"de":{"title":true,"content":true,"excerpt":false},"pt":{"title":true,"content":true,"excerpt":false},"ru":{"title":true,"content":true,"excerpt":false}}},"yoast_head":"<!-- This site is optimized with the Yoast SEO plugin v24.7 - https:\/\/yoast.com\/wordpress\/plugins\/seo\/ -->\n<title>\u00dcber Uns - Ergin Machinery<\/title>\n<meta name=\"description\" content=\"Ergin Makina: Seit 1968 f\u00fchrend bei Teppichreinigungsmaschinen. Qualit\u00e4t &amp; Innovation f\u00fcr \u00fcber 80 L\u00e4nder. Sparen Sie Ressourcen.\" \/>\n<meta name=\"robots\" content=\"index, follow, max-snippet:-1, max-image-preview:large, max-video-preview:-1\" \/>\n<link rel=\"canonical\" href=\"https:\/\/www.thecarpetwashingmachine.com\/about-us\/\" \/>\n<meta property=\"og:locale\" content=\"de_DE\" \/>\n<meta property=\"og:type\" content=\"article\" \/>\n<meta property=\"og:title\" content=\"\u00dcber Uns - Ergin Machinery\" \/>\n<meta property=\"og:description\" content=\"Ergin Makina: Seit 1968 f\u00fchrend bei Teppichreinigungsmaschinen. Qualit\u00e4t &amp; Innovation f\u00fcr \u00fcber 80 L\u00e4nder. Sparen Sie Ressourcen.\" \/>\n<meta property=\"og:url\" content=\"https:\/\/www.thecarpetwashingmachine.com\/about-us\/\" \/>\n<meta property=\"og:site_name\" content=\"Teppichwaschmaschine\" \/>\n<meta property=\"article:publisher\" content=\"http:\/\/www.facebook.com\/carpetwashingmachine\" \/>\n<meta property=\"article:modified_time\" content=\"2025-07-11T09:38:30+00:00\" \/>\n<meta property=\"og:image\" content=\"https:\/\/www.thecarpetwashingmachine.com\/wp-content\/uploads\/2025\/06\/ergin-makina-hali-yikama-makinalari-fabrikasi-2-scaled.jpg\" \/>\n\t<meta property=\"og:image:width\" content=\"2560\" \/>\n\t<meta property=\"og:image:height\" content=\"1199\" \/>\n\t<meta property=\"og:image:type\" content=\"image\/jpeg\" \/>\n<meta name=\"twitter:card\" content=\"summary_large_image\" \/>\n<meta name=\"twitter:label1\" content=\"Gesch\u00e4tzte Lesezeit\" \/>\n\t<meta name=\"twitter:data1\" content=\"1\u00a0Minute\" \/>\n<script type=\"application\/ld+json\" class=\"yoast-schema-graph\">{\"@context\":\"https:\/\/schema.org\",\"@graph\":[{\"@type\":\"WebPage\",\"@id\":\"https:\/\/www.thecarpetwashingmachine.com\/about-us\/\",\"url\":\"https:\/\/www.thecarpetwashingmachine.com\/about-us\/\",\"name\":\"\u00dcber Uns - Ergin Machinery\",\"isPartOf\":{\"@id\":\"https:\/\/www.thecarpetwashingmachine.com\/#website\"},\"primaryImageOfPage\":{\"@id\":\"https:\/\/www.thecarpetwashingmachine.com\/about-us\/#primaryimage\"},\"image\":{\"@id\":\"https:\/\/www.thecarpetwashingmachine.com\/about-us\/#primaryimage\"},\"thumbnailUrl\":\"https:\/\/www.thecarpetwashingmachine.com\/wp-content\/uploads\/2025\/06\/ergin-makina-hali-yikama-makinalari-fabrikasi-2-1024x479.jpg\",\"datePublished\":\"2025-06-30T06:43:50+00:00\",\"dateModified\":\"2025-07-11T09:38:30+00:00\",\"description\":\"Ergin Machinery: Since 1968, a global leader in innovative carpet washing machines. Trusted quality, performance, and customer satisfaction.\",\"breadcrumb\":{\"@id\":\"https:\/\/www.thecarpetwashingmachine.com\/about-us\/#breadcrumb\"},\"inLanguage\":\"de\",\"potentialAction\":[{\"@type\":\"ReadAction\",\"target\":[\"https:\/\/www.thecarpetwashingmachine.com\/about-us\/\"]}]},{\"@type\":\"ImageObject\",\"inLanguage\":\"de\",\"@id\":\"https:\/\/www.thecarpetwashingmachine.com\/about-us\/#primaryimage\",\"url\":\"https:\/\/www.thecarpetwashingmachine.com\/wp-content\/uploads\/2025\/06\/ergin-makina-hali-yikama-makinalari-fabrikasi-2-1024x479.jpg\",\"contentUrl\":\"https:\/\/www.thecarpetwashingmachine.com\/wp-content\/uploads\/2025\/06\/ergin-makina-hali-yikama-makinalari-fabrikasi-2-1024x479.jpg\"},{\"@type\":\"BreadcrumbList\",\"@id\":\"https:\/\/www.thecarpetwashingmachine.com\/about-us\/#breadcrumb\",\"itemListElement\":[{\"@type\":\"ListItem\",\"position\":1,\"name\":\"Home\",\"item\":\"https:\/\/www.thecarpetwashingmachine.com\/\"},{\"@type\":\"ListItem\",\"position\":2,\"name\":\"About us &#8211; Ergin Machinery\"}]},{\"@type\":\"WebSite\",\"@id\":\"https:\/\/www.thecarpetwashingmachine.com\/#website\",\"url\":\"https:\/\/www.thecarpetwashingmachine.com\/\",\"name\":\"Teppichwaschmaschine\",\"description\":\"Die Teppichwaschmaschine gibt es auf der ganzen Welt!\",\"potentialAction\":[{\"@type\":\"SearchAction\",\"target\":{\"@type\":\"EntryPoint\",\"urlTemplate\":\"https:\/\/www.thecarpetwashingmachine.com\/?s={search_term_string}\"},\"query-input\":{\"@type\":\"PropertyValueSpecification\",\"valueRequired\":true,\"valueName\":\"search_term_string\"}}],\"inLanguage\":\"de\"}]}<\/script>\n<!-- \/ Yoast SEO plugin. -->","yoast_head_json":{"title":"\u00dcber Uns - Ergin Machinery","description":"Ergin Makina: Seit 1968 f\u00fchrend bei Teppichreinigungsmaschinen. Qualit\u00e4t & Innovation f\u00fcr \u00fcber 80 L\u00e4nder. Sparen Sie Ressourcen.","robots":{"index":"index","follow":"follow","max-snippet":"max-snippet:-1","max-image-preview":"max-image-preview:large","max-video-preview":"max-video-preview:-1"},"canonical":"https:\/\/www.thecarpetwashingmachine.com\/about-us\/","og_locale":"de_DE","og_type":"article","og_title":"\u00dcber Uns - Ergin Machinery","og_description":"Ergin Makina: Seit 1968 f\u00fchrend bei Teppichreinigungsmaschinen. Qualit\u00e4t & Innovation f\u00fcr \u00fcber 80 L\u00e4nder. Sparen Sie Ressourcen.","og_url":"https:\/\/www.thecarpetwashingmachine.com\/about-us\/","og_site_name":"Teppichwaschmaschine","article_publisher":"http:\/\/www.facebook.com\/carpetwashingmachine","article_modified_time":"2025-07-11T09:38:30+00:00","og_image":[{"width":2560,"height":1199,"url":"https:\/\/www.thecarpetwashingmachine.com\/wp-content\/uploads\/2025\/06\/ergin-makina-hali-yikama-makinalari-fabrikasi-2-scaled.jpg","type":"image\/jpeg"}],"twitter_card":"summary_large_image","twitter_misc":{"Gesch\u00e4tzte Lesezeit":"1\u00a0Minute"},"schema":{"@context":"https:\/\/schema.org","@graph":[{"@type":"WebPage","@id":"https:\/\/www.thecarpetwashingmachine.com\/about-us\/","url":"https:\/\/www.thecarpetwashingmachine.com\/about-us\/","name":"\u00dcber Uns - Ergin Machinery","isPartOf":{"@id":"https:\/\/www.thecarpetwashingmachine.com\/#website"},"primaryImageOfPage":{"@id":"https:\/\/www.thecarpetwashingmachine.com\/about-us\/#primaryimage"},"image":{"@id":"https:\/\/www.thecarpetwashingmachine.com\/about-us\/#primaryimage"},"thumbnailUrl":"https:\/\/www.thecarpetwashingmachine.com\/wp-content\/uploads\/2025\/06\/ergin-makina-hali-yikama-makinalari-fabrikasi-2-1024x479.jpg","datePublished":"2025-06-30T06:43:50+00:00","dateModified":"2025-07-11T09:38:30+00:00","description":"Ergin Machinery: Since 1968, a global leader in innovative carpet washing machines. Trusted quality, performance, and customer satisfaction.","breadcrumb":{"@id":"https:\/\/www.thecarpetwashingmachine.com\/about-us\/#breadcrumb"},"inLanguage":"de","potentialAction":[{"@type":"ReadAction","target":["https:\/\/www.thecarpetwashingmachine.com\/about-us\/"]}]},{"@type":"ImageObject","inLanguage":"de","@id":"https:\/\/www.thecarpetwashingmachine.com\/about-us\/#primaryimage","url":"https:\/\/www.thecarpetwashingmachine.com\/wp-content\/uploads\/2025\/06\/ergin-makina-hali-yikama-makinalari-fabrikasi-2-1024x479.jpg","contentUrl":"https:\/\/www.thecarpetwashingmachine.com\/wp-content\/uploads\/2025\/06\/ergin-makina-hali-yikama-makinalari-fabrikasi-2-1024x479.jpg"},{"@type":"BreadcrumbList","@id":"https:\/\/www.thecarpetwashingmachine.com\/about-us\/#breadcrumb","itemListElement":[{"@type":"ListItem","position":1,"name":"Home","item":"https:\/\/www.thecarpetwashingmachine.com\/"},{"@type":"ListItem","position":2,"name":"About us &#8211; Ergin Machinery"}]},{"@type":"WebSite","@id":"https:\/\/www.thecarpetwashingmachine.com\/#website","url":"https:\/\/www.thecarpetwashingmachine.com\/","name":"Teppichwaschmaschine","description":"Die Teppichwaschmaschine gibt es auf der ganzen Welt!","potentialAction":[{"@type":"SearchAction","target":{"@type":"EntryPoint","urlTemplate":"https:\/\/www.thecarpetwashingmachine.com\/?s={search_term_string}"},"query-input":{"@type":"PropertyValueSpecification","valueRequired":true,"valueName":"search_term_string"}}],"inLanguage":"de"}]}},"_links":{"self":[{"href":"https:\/\/www.thecarpetwashingmachine.com\/de\/wp-json\/wp\/v2\/pages\/1016","targetHints":{"allow":["GET"]}}],"collection":[{"href":"https:\/\/www.thecarpetwashingmachine.com\/de\/wp-json\/wp\/v2\/pages"}],"about":[{"href":"https:\/\/www.thecarpetwashingmachine.com\/de\/wp-json\/wp\/v2\/types\/page"}],"author":[{"embeddable":true,"href":"https:\/\/www.thecarpetwashingmachine.com\/de\/wp-json\/wp\/v2\/users\/1"}],"replies":[{"embeddable":true,"href":"https:\/\/www.thecarpetwashingmachine.com\/de\/wp-json\/wp\/v2\/comments?post=1016"}],"version-history":[{"count":24,"href":"https:\/\/www.thecarpetwashingmachine.com\/de\/wp-json\/wp\/v2\/pages\/1016\/revisions"}],"predecessor-version":[{"id":2144,"href":"https:\/\/www.thecarpetwashingmachine.com\/de\/wp-json\/wp\/v2\/pages\/1016\/revisions\/2144"}],"wp:attachment":[{"href":"https:\/\/www.thecarpetwashingmachine.com\/de\/wp-json\/wp\/v2\/media?parent=1016"}],"curies":[{"name":"wp","href":"https:\/\/api.w.org\/{rel}","templated":true}]}}