{"id":400,"date":"2025-03-05T11:19:12","date_gmt":"2025-03-05T11:19:12","guid":{"rendered":"https:\/\/www.thecarpetwashingmachine.com\/?page_id=400"},"modified":"2025-07-11T09:44:56","modified_gmt":"2025-07-11T09:44:56","slug":"automatic-carpet-washing-machine-er-4200","status":"publish","type":"page","link":"https:\/\/www.thecarpetwashingmachine.com\/ar\/automatic-carpet-washing-machine-er-4200\/","title":{"rendered":"\u063a\u0633\u0627\u0644\u0629 \u0627\u0644\u0633\u062c\u0627\u062f \u0627\u0644\u0623\u0648\u062a\u0648\u0645\u0627\u062a\u064a\u0643\u064a\u0629 &#8211; ER 4200"},"content":{"rendered":"<\/p>\n\n<div class=\"wp-block-image\">\n<figure class=\"aligncenter size-full\"><img loading=\"lazy\" decoding=\"async\" width=\"750\" height=\"500\" src=\"https:\/\/www.thecarpetwashingmachine.com\/wp-content\/uploads\/2025\/07\/Untitled-design-10.png\" alt=\"\u0622\u0644\u0629 \u063a\u0633\u064a\u0644 \u0627\u0644\u0633\u062c\u0627\u062f \u0627\u0644\u0623\u0648\u062a\u0648\u0645\u0627\u062a\u064a\u0643\u064a\u0629 ER 4200\" class=\"wp-image-1618\" srcset=\"https:\/\/www.thecarpetwashingmachine.com\/wp-content\/uploads\/2025\/07\/Untitled-design-10.png 750w, https:\/\/www.thecarpetwashingmachine.com\/wp-content\/uploads\/2025\/07\/Untitled-design-10-300x200.png 300w\" sizes=\"auto, (max-width: 750px) 100vw, 750px\" \/><\/figure><\/div>\n\n\n<p><\/p>\n\n\n\n<p>\u0622\u0644\u0629 ER 4200 \u0647\u064a \u0622\u0644\u0629 \u063a\u0633\u064a\u0644 \u0627\u0644\u0633\u062c\u0627\u062f \u0627\u0644\u0635\u0646\u0627\u0639\u064a\u0629 \u0648\u0627\u0644\u0622\u0644\u064a\u0629 \u0628\u0627\u0644\u0643\u0627\u0645\u0644 \u0627\u0644\u0623\u0643\u062b\u0631 \u0634\u064a\u0648\u0639\u064b\u0627 \u0641\u064a \u062e\u0637 \u0625\u0646\u062a\u0627\u062c\u0646\u0627. \u062a\u062a\u0645\u064a\u0632 \u0628\u0633\u0639\u0629 \u0642\u0635\u0648\u0649 \u0644\u0639\u0631\u0636 \u0627\u0644\u0633\u062c\u0627\u062f \u062a\u0628\u0644\u063a 4 \u0623\u0645\u062a\u0627\u0631. \u064a\u062a\u064a\u062d \u0644\u0647\u0627 \u0630\u0644\u0643 \u063a\u0633\u0644 \u0627\u0644\u0633\u062c\u0627\u062f \u0627\u0644\u0643\u0628\u064a\u0631 \u0628\u0643\u0641\u0627\u0621\u0629\u060c \u0645\u062b\u0644 \u0627\u0644\u0633\u062c\u0627\u062f \u0627\u0644\u0630\u064a \u064a\u0628\u0644\u063a \u0642\u064a\u0627\u0633\u0647 4 \u00d7 6 \u0623\u0648 4 \u00d7 8 \u0623\u0648 4 \u00d7 12 \u0645\u062a\u0631\u064b\u0627. \u0639\u0644\u0627\u0648\u0629 \u0639\u0644\u0649 \u0630\u0644\u0643\u060c \u064a\u0645\u0643\u0646 \u0644\u0644\u0622\u0644\u0629 \u063a\u0633\u0644 \u0633\u062c\u0627\u062f\u064a\u0646 \u0641\u064a \u0648\u0642\u062a \u0648\u0627\u062d\u062f\u060c \u064a\u0628\u0644\u063a \u0639\u0631\u0636 \u0643\u0644 \u0645\u0646\u0647\u0645\u0627 2 \u0645\u062a\u0631. \u0643\u0645\u0627 \u0623\u0646\u0647\u0627 \u062a\u0633\u062a\u0648\u0639\u0628 \u063a\u0633\u0644 \u062b\u0644\u0627\u062b \u0623\u0648 \u0623\u0631\u0628\u0639 \u0633\u062c\u0627\u062f \u0628\u0623\u062d\u062c\u0627\u0645 \u0645\u062e\u062a\u0644\u0641\u0629\u060c \u0637\u0627\u0644\u0645\u0627 \u0623\u0646 \u0627\u0644\u0639\u0631\u0636 \u0627\u0644\u0625\u062c\u0645\u0627\u0644\u064a \u064a\u0638\u0644 \u0641\u064a \u062d\u062f\u0648\u062f 4 \u0623\u0645\u062a\u0627\u0631.<\/p>\n\n\n\n<p><br>\u062a\u0645 \u062a\u062c\u0647\u064a\u0632 ER 4200 \u0628\u062d\u062f \u0623\u062f\u0646\u0649 \u062b\u0645\u0627\u0646\u064a \u0641\u0631\u0634 \u0642\u0631\u0635\u064a\u0629\u060c \u062a\u062a\u0623\u0644\u0641 \u0645\u0646 \u0623\u0631\u0628\u0639 \u0641\u0631\u0634 \u0646\u0627\u0639\u0645\u0629 \u0648\u0623\u0631\u0628\u0639 \u0641\u0631\u0634 \u0635\u0644\u0628\u0629. \u0648\u062a\u0645\u0627\u0634\u064a\u0627\u064b \u0645\u0639 \u062c\u0645\u064a\u0639 \u0622\u0644\u0627\u062a\u0646\u0627\u060c \u0641\u0647\u064a \u0645\u0635\u0646\u0648\u0639\u0629 \u0628\u0627\u0644\u0643\u0627\u0645\u0644 \u0645\u0646 \u0627\u0644\u0641\u0648\u0644\u0627\u0630 \u0627\u0644\u0645\u0642\u0627\u0648\u0645 \u0644\u0644\u0635\u062f\u0623 \u0639\u064a\u0627\u0631 304\u060c \u0645\u0645\u0627 \u064a\u0636\u0645\u0646 \u0627\u0644\u0645\u062a\u0627\u0646\u0629 \u0648\u0637\u0648\u0644 \u0627\u0644\u0639\u0645\u0631. \u064a\u0648\u0641\u0631 \u0646\u0638\u0627\u0645 PLC \u0627\u0644\u0645\u062a\u0643\u0627\u0645\u0644 \u0645\u0633\u062a\u0648\u0649 \u0639\u0627\u0644\u064d \u0645\u0646 \u0627\u0644\u0623\u062a\u0645\u062a\u0629 \u0644\u0622\u0644\u0629 \u063a\u0633\u064a\u0644 \u0627\u0644\u0633\u062c\u0627\u062f \u0627\u0644\u0623\u0648\u062a\u0648\u0645\u0627\u062a\u064a\u0643\u064a\u0629\u060c \u0645\u0639 \u0645\u0633\u062a\u0634\u0639\u0631\u0627\u062a \u062a\u062a\u062d\u0643\u0645 \u0641\u064a \u0627\u0644\u0641\u0631\u0634 \u0648\u0646\u0638\u0627\u0645 \u0627\u0644\u0634\u0637\u0641 \u0644\u062a\u0634\u063a\u064a\u0644 \u0633\u0644\u0633. \u062a\u062a\u0636\u0645\u0646 \u0627\u0644\u0622\u0644\u0629 \u0646\u0638\u0627\u0645 \u0627\u0644\u0634\u0637\u0641 \u0639\u0627\u0644\u064a \u0627\u0644\u0636\u063a\u0637 \u0644\u062f\u064a\u0646\u0627\u060c \u0627\u0644\u0645\u062f\u0639\u0648\u0645 \u0628\u0645\u0636\u062e\u0629 \u0642\u0627\u062f\u0631\u0629 \u0639\u0644\u0649 \u062a\u0648\u0644\u064a\u062f \u0636\u063a\u0637 \u064a\u0635\u0644 \u0625\u0644\u0649 150 \u0628\u0627\u0631.<\/p>\n\n\n\n<p><br>\u062a\u0634\u0645\u0644 \u0627\u0644\u0645\u064a\u0632\u0627\u062a \u0627\u0644\u0627\u062e\u062a\u064a\u0627\u0631\u064a\u0629 \u0641\u0631\u0634\u0627\u0629 \u0623\u0633\u0637\u0648\u0627\u0646\u064a\u0629 \u0644\u0644\u062a\u0646\u0638\u064a\u0641 \u0627\u0644\u062e\u0644\u0641\u064a \u0648\u0641\u0631\u0634\u0627\u0629 \u0623\u0633\u0637\u0648\u0627\u0646\u064a\u0629 \u0644\u062a\u0646\u0638\u064a\u0641 \u0627\u0644\u0633\u0637\u062d\u060c \u0645\u0648\u0636\u0648\u0639\u0629 \u0645\u0628\u0627\u0634\u0631\u0629 \u0628\u0639\u062f \u0627\u0644\u0641\u0631\u0634 \u0627\u0644\u0642\u0631\u0635\u064a\u0629. \u064a\u0645\u0643\u0646 \u0623\u064a\u0636\u064b\u0627 \u0628\u0646\u0627\u0621 \u0622\u0644\u0629 \u063a\u0633\u064a\u0644 \u0627\u0644\u0633\u062c\u0627\u062f \u0627\u0644\u0623\u0648\u062a\u0648\u0645\u0627\u062a\u064a\u0643\u064a\u0629 ER 4200 \u0628\u062a\u0643\u0648\u064a\u0646 \u0645\u0646 \u0627\u062b\u0646\u064a \u0639\u0634\u0631 \u0641\u0631\u0634\u0627\u0629 \u0642\u0631\u0635\u064a\u0629\u060c \u062a\u062a\u0623\u0644\u0641 \u0645\u0646 \u0633\u062a \u0641\u0631\u0634 \u0646\u0627\u0639\u0645\u0629 \u0648\u0633\u062a \u0641\u0631\u0634 \u0635\u0644\u0628\u0629. \u0648\u064a\u0639\u0632\u0649 \u0627\u0646\u062a\u0634\u0627\u0631 \u0634\u0639\u0628\u064a\u062a\u0647\u0627 \u0625\u0644\u0649 \u0627\u0644\u0637\u0644\u0628 \u0627\u0644\u0645\u062a\u0632\u0627\u064a\u062f \u0639\u0644\u0649 \u0627\u0644\u0622\u0644\u0627\u062a \u0627\u0644\u0623\u0643\u0628\u0631 \u062d\u062c\u0645\u064b\u0627\u060c \u0648\u0627\u0644\u062a\u064a \u062a\u0645\u0643\u0646 \u0627\u0644\u0639\u0645\u0644\u0627\u0621 \u0645\u0646 \u0645\u0639\u0627\u0644\u062c\u0629 \u0633\u062c\u0627\u062f \u0645\u062a\u0639\u062f\u062f \u0628\u0633\u0631\u0639\u0629 \u0648\u0633\u0647\u0648\u0644\u0629.<\/p>\n\n\n\n<p><br>\u062a\u0642\u0641 \u0625\u0631\u062c\u064a\u0646 \u0645\u0627\u0643\u064a\u0646\u0627 \u0643\u0634\u0631\u0643\u0629 \u0631\u0627\u0626\u062f\u0629 \u0641\u064a \u0642\u0637\u0627\u0639 \u0622\u0644\u0627\u062a \u062a\u0646\u0638\u064a\u0641 \u0627\u0644\u0633\u062c\u0627\u062f \u0627\u0644\u0635\u0646\u0627\u0639\u064a\u0629\u060c \u0645\u062f\u0639\u0648\u0645\u0629 \u0628\u062e\u0628\u0631\u0629 \u062a\u0632\u064a\u062f \u0639\u0646 \u0646\u0635\u0641 \u0642\u0631\u0646. \u062a\u0639\u0645\u0644 \u0627\u0644\u0634\u0631\u0643\u0629 \u0645\u0646 \u0645\u0646\u0634\u0623\u062a\u0647\u0627 \u0641\u064a \u0627\u0644\u0645\u0646\u0637\u0642\u0629 \u0627\u0644\u0635\u0646\u0627\u0639\u064a\u0629 \u0627\u0644\u0645\u0646\u0638\u0645\u0629 \u0641\u064a \u0628\u0627\u0646\u062c\u0627\u0631\u060c \u0648\u062a\u0636\u0639 \u0627\u0644\u062c\u0648\u062f\u0629 \u0648\u0627\u0644\u0645\u0648\u062b\u0648\u0642\u064a\u0629 \u0648\u0627\u0644\u0627\u0628\u062a\u0643\u0627\u0631 \u0641\u064a \u0623\u0648\u0644\u0648\u064a\u0627\u062a\u0647\u0627. \u0644\u0642\u062f \u0639\u0632\u0632 \u062a\u0641\u0627\u0646\u064a \u0625\u0631\u062c\u064a\u0646 \u0645\u0627\u0643\u064a\u0646\u0627 \u0641\u064a \u0647\u0630\u0647 \u0627\u0644\u0645\u0628\u0627\u062f\u0626 \u0645\u0643\u0627\u0646\u062a\u0647\u0627 \u0641\u064a \u0627\u0644\u0635\u0646\u0627\u0639\u0629. \u0628\u0627\u0644\u0625\u0636\u0627\u0641\u0629 \u0625\u0644\u0649 \u0622\u0644\u0627\u062a \u063a\u0633\u064a\u0644 \u0627\u0644\u0633\u062c\u0627\u062f\u060c \u062a\u0646\u062a\u062c \u0627\u0644\u0634\u0631\u0643\u0629 \u0645\u062c\u0645\u0648\u0639\u0629 \u0645\u0646 \u0645\u0639\u062f\u0627\u062a \u0627\u0644\u062a\u0646\u0638\u064a\u0641 \u0627\u0644\u0635\u0646\u0627\u0639\u064a\u0629\u060c \u0645\u0645\u0627 \u064a\u0638\u0647\u0631 \u062e\u0628\u0631\u062a\u0647\u0627 \u0627\u0644\u0648\u0627\u0633\u0639\u0629 \u0641\u064a \u062a\u0635\u0646\u064a\u0639 \u0622\u0644\u0627\u062a \u0642\u0648\u064a\u0629 \u0648\u0641\u0639\u0627\u0644\u0629. \u0639\u0644\u0627\u0648\u0629 \u0639\u0644\u0649 \u0630\u0644\u0643\u060c \u062a\u0631\u0643\u0632 \u0625\u0631\u062c\u064a\u0646 \u0645\u0627\u0643\u064a\u0646\u0627 \u0628\u0642\u0648\u0629 \u0639\u0644\u0649 \u0627\u0644\u0628\u062d\u062b \u0648\u0627\u0644\u062a\u0637\u0648\u064a\u0631\u060c \u0648\u0642\u062f \u062d\u0635\u0644\u062a \u0639\u0644\u0649 \u0627\u0644\u0639\u062f\u064a\u062f \u0645\u0646 \u0628\u0631\u0627\u0621\u0627\u062a \u0627\u0644\u0627\u062e\u062a\u0631\u0627\u0639\u060c \u0645\u0645\u0627 \u064a\u062f\u0644 \u0639\u0644\u0649 \u062a\u0641\u0627\u0646\u064a\u0647\u0627 \u0641\u064a \u0627\u0644\u062a\u062d\u0633\u064a\u0646 \u0627\u0644\u0645\u0633\u062a\u0645\u0631.<\/p>\n\n\n<p>","protected":false},"excerpt":{"rendered":"<p>\u0622\u0644\u0629 ER 4200 \u0647\u064a \u0622\u0644\u0629 \u063a\u0633\u064a\u0644 \u0627\u0644\u0633\u062c\u0627\u062f \u0627\u0644\u0635\u0646\u0627\u0639\u064a\u0629 \u0648\u0627\u0644\u0622\u0644\u064a\u0629 \u0628\u0627\u0644\u0643\u0627\u0645\u0644 \u0627\u0644\u0623\u0643\u062b\u0631 \u0634\u064a\u0648\u0639\u064b\u0627 \u0641\u064a \u062e\u0637 \u0625\u0646\u062a\u0627\u062c\u0646\u0627. \u062a\u062a\u0645\u064a\u0632 \u0628\u0633\u0639\u0629 \u0642\u0635\u0648\u0649 \u0644\u0639\u0631\u0636 \u0627\u0644\u0633\u062c\u0627\u062f \u062a\u0628\u0644\u063a 4 \u0623\u0645\u062a\u0627\u0631. \u064a\u062a\u064a\u062d \u0644\u0647\u0627&hellip;<\/p>\n","protected":false},"author":1,"featured_media":0,"parent":0,"menu_order":0,"comment_status":"closed","ping_status":"closed","template":"","meta":{"footnotes":""},"class_list":["post-400","page","type-page","status-publish","hentry"],"translation":{"provider":"WPGlobus","version":"3.0.0","language":"ar","enabled_languages":["en","tr","fr","ar","es","de","pt","ru"],"languages":{"en":{"title":true,"content":true,"excerpt":false},"tr":{"title":true,"content":true,"excerpt":false},"fr":{"title":true,"content":true,"excerpt":false},"ar":{"title":true,"content":true,"excerpt":false},"es":{"title":true,"content":true,"excerpt":false},"de":{"title":true,"content":true,"excerpt":false},"pt":{"title":true,"content":true,"excerpt":false},"ru":{"title":true,"content":true,"excerpt":false}}},"yoast_head":"<!-- This site is optimized with the Yoast SEO plugin v24.7 - https:\/\/yoast.com\/wordpress\/plugins\/seo\/ -->\n<title>ER 4200 - \u0645\u0627\u0643\u064a\u0646\u0629 \u063a\u0633\u064a\u0644 \u0627\u0644\u0633\u062c\u0627\u062f<\/title>\n<meta name=\"description\" content=\"\u0645\u0627\u0643\u064a\u0646\u0629 \u063a\u0633\u064a\u0644 \u0627\u0644\u0633\u062c\u0627\u062f \u0627\u0644\u0623\u0648\u062a\u0648\u0645\u0627\u062a\u064a\u0643\u064a\u0629 ER 4200: \u0627\u062e\u062a\u0628\u0631 \u0642\u0648\u0629 \u062a\u0646\u0638\u064a\u0641 \u0644\u0627 \u0645\u062b\u064a\u0644 \u0644\u0647\u0627. \u0625\u0646\u0647\u0627 \u0642\u0648\u064a\u0629\u060c \u0641\u0639\u0627\u0644\u0629\u060c \u0648\u062a\u0644\u0642\u0627\u0626\u064a\u0629 \u0628\u0627\u0644\u0643\u0627\u0645\u0644\u060c \u0644\u0636\u0645\u0627\u0646 \u0646\u062a\u0627\u0626\u062c \u062a\u0646\u0638\u064a\u0641 \u0633\u062c\u0627\u062f \u0641\u0627\u0626\u0642\u0629 \u0648\u0646\u0638\u0627\u0641\u0629 \u0645\u062b\u0627\u0644\u064a\u0629 \u0641\u064a \u0643\u0644 \u0645\u0631\u0629.\" \/>\n<meta name=\"robots\" content=\"index, follow, max-snippet:-1, max-image-preview:large, max-video-preview:-1\" \/>\n<link rel=\"canonical\" href=\"https:\/\/www.thecarpetwashingmachine.com\/automatic-carpet-washing-machine-er-4200\/\" \/>\n<meta property=\"og:locale\" content=\"ar_AR\" \/>\n<meta property=\"og:type\" content=\"article\" \/>\n<meta property=\"og:title\" content=\"ER 4200 - \u0645\u0627\u0643\u064a\u0646\u0629 \u063a\u0633\u064a\u0644 \u0627\u0644\u0633\u062c\u0627\u062f\" \/>\n<meta property=\"og:description\" content=\"\u0645\u0627\u0643\u064a\u0646\u0629 \u063a\u0633\u064a\u0644 \u0627\u0644\u0633\u062c\u0627\u062f \u0627\u0644\u0623\u0648\u062a\u0648\u0645\u0627\u062a\u064a\u0643\u064a\u0629 ER 4200: \u0627\u062e\u062a\u0628\u0631 \u0642\u0648\u0629 \u062a\u0646\u0638\u064a\u0641 \u0644\u0627 \u0645\u062b\u064a\u0644 \u0644\u0647\u0627. \u0625\u0646\u0647\u0627 \u0642\u0648\u064a\u0629\u060c \u0641\u0639\u0627\u0644\u0629\u060c \u0648\u062a\u0644\u0642\u0627\u0626\u064a\u0629 \u0628\u0627\u0644\u0643\u0627\u0645\u0644\u060c \u0644\u0636\u0645\u0627\u0646 \u0646\u062a\u0627\u0626\u062c \u062a\u0646\u0638\u064a\u0641 \u0633\u062c\u0627\u062f \u0641\u0627\u0626\u0642\u0629 \u0648\u0646\u0638\u0627\u0641\u0629 \u0645\u062b\u0627\u0644\u064a\u0629 \u0641\u064a \u0643\u0644 \u0645\u0631\u0629.\" \/>\n<meta property=\"og:url\" content=\"https:\/\/www.thecarpetwashingmachine.com\/automatic-carpet-washing-machine-er-4200\/\" \/>\n<meta property=\"og:site_name\" content=\"\u0645\u0627\u0643\u064a\u0646\u0629 \u063a\u0633\u064a\u0644 \u0627\u0644\u0633\u062c\u0627\u062f\" \/>\n<meta property=\"article:publisher\" content=\"http:\/\/www.facebook.com\/carpetwashingmachine\" \/>\n<meta property=\"article:modified_time\" content=\"2025-07-11T09:44:56+00:00\" \/>\n<meta property=\"og:image\" content=\"https:\/\/www.thecarpetwashingmachine.com\/wp-content\/uploads\/2025\/07\/Untitled-design-10.png\" \/>\n\t<meta property=\"og:image:width\" content=\"750\" \/>\n\t<meta property=\"og:image:height\" content=\"500\" \/>\n\t<meta property=\"og:image:type\" content=\"image\/png\" \/>\n<meta name=\"twitter:card\" content=\"summary_large_image\" \/>\n<meta name=\"twitter:label1\" content=\"\u0648\u0642\u062a \u0627\u0644\u0642\u0631\u0627\u0621\u0629 \u0627\u0644\u0645\u064f\u0642\u062f\u0651\u0631\" \/>\n\t<meta name=\"twitter:data1\" content=\"\u062f\u0642\u064a\u0642\u062a\u0627\u0646\" \/>\n<script type=\"application\/ld+json\" class=\"yoast-schema-graph\">{\"@context\":\"https:\/\/schema.org\",\"@graph\":[{\"@type\":\"WebPage\",\"@id\":\"https:\/\/www.thecarpetwashingmachine.com\/automatic-carpet-washing-machine-er-4200\/\",\"url\":\"https:\/\/www.thecarpetwashingmachine.com\/automatic-carpet-washing-machine-er-4200\/\",\"name\":\"ER 4200 - \u0645\u0627\u0643\u064a\u0646\u0629 \u063a\u0633\u064a\u0644 \u0627\u0644\u0633\u062c\u0627\u062f\",\"isPartOf\":{\"@id\":\"https:\/\/www.thecarpetwashingmachine.com\/#website\"},\"primaryImageOfPage\":{\"@id\":\"https:\/\/www.thecarpetwashingmachine.com\/automatic-carpet-washing-machine-er-4200\/#primaryimage\"},\"image\":{\"@id\":\"https:\/\/www.thecarpetwashingmachine.com\/automatic-carpet-washing-machine-er-4200\/#primaryimage\"},\"thumbnailUrl\":\"https:\/\/www.thecarpetwashingmachine.com\/wp-content\/uploads\/2025\/07\/Untitled-design-10.png\",\"datePublished\":\"2025-03-05T11:19:12+00:00\",\"dateModified\":\"2025-07-11T09:44:56+00:00\",\"description\":\"Otomatik Hal\u0131 Y\u0131kama Makinesi ER 4200: G\u00fc\u00e7l\u00fc, verimli ve tam otomatik yap\u0131s\u0131yla her seferinde \u00fcst\u00fcn hal\u0131 temizli\u011fi.\",\"breadcrumb\":{\"@id\":\"https:\/\/www.thecarpetwashingmachine.com\/automatic-carpet-washing-machine-er-4200\/#breadcrumb\"},\"inLanguage\":\"ar\",\"potentialAction\":[{\"@type\":\"ReadAction\",\"target\":[\"https:\/\/www.thecarpetwashingmachine.com\/automatic-carpet-washing-machine-er-4200\/\"]}]},{\"@type\":\"ImageObject\",\"inLanguage\":\"ar\",\"@id\":\"https:\/\/www.thecarpetwashingmachine.com\/automatic-carpet-washing-machine-er-4200\/#primaryimage\",\"url\":\"https:\/\/www.thecarpetwashingmachine.com\/wp-content\/uploads\/2025\/07\/Untitled-design-10.png\",\"contentUrl\":\"https:\/\/www.thecarpetwashingmachine.com\/wp-content\/uploads\/2025\/07\/Untitled-design-10.png\"},{\"@type\":\"BreadcrumbList\",\"@id\":\"https:\/\/www.thecarpetwashingmachine.com\/automatic-carpet-washing-machine-er-4200\/#breadcrumb\",\"itemListElement\":[{\"@type\":\"ListItem\",\"position\":1,\"name\":\"Home\",\"item\":\"https:\/\/www.thecarpetwashingmachine.com\/\"},{\"@type\":\"ListItem\",\"position\":2,\"name\":\"Automatic Carpet Washing Machine &#8211; ER 4200\"}]},{\"@type\":\"WebSite\",\"@id\":\"https:\/\/www.thecarpetwashingmachine.com\/#website\",\"url\":\"https:\/\/www.thecarpetwashingmachine.com\/\",\"name\":\"\u0645\u0627\u0643\u064a\u0646\u0629 \u063a\u0633\u064a\u0644 \u0627\u0644\u0633\u062c\u0627\u062f\",\"description\":\"\u063a\u0633\u0627\u0644\u0629 \u0627\u0644\u0633\u062c\u0627\u062f \u0645\u0648\u062c\u0648\u062f\u0629 \u0641\u064a \u0643\u0644 \u0623\u0646\u062d\u0627\u0621 \u0627\u0644\u0639\u0627\u0644\u0645!\",\"potentialAction\":[{\"@type\":\"SearchAction\",\"target\":{\"@type\":\"EntryPoint\",\"urlTemplate\":\"https:\/\/www.thecarpetwashingmachine.com\/?s={search_term_string}\"},\"query-input\":{\"@type\":\"PropertyValueSpecification\",\"valueRequired\":true,\"valueName\":\"search_term_string\"}}],\"inLanguage\":\"ar\"}]}<\/script>\n<!-- \/ Yoast SEO plugin. -->","yoast_head_json":{"title":"ER 4200 - \u0645\u0627\u0643\u064a\u0646\u0629 \u063a\u0633\u064a\u0644 \u0627\u0644\u0633\u062c\u0627\u062f","description":"\u0645\u0627\u0643\u064a\u0646\u0629 \u063a\u0633\u064a\u0644 \u0627\u0644\u0633\u062c\u0627\u062f \u0627\u0644\u0623\u0648\u062a\u0648\u0645\u0627\u062a\u064a\u0643\u064a\u0629 ER 4200: \u0627\u062e\u062a\u0628\u0631 \u0642\u0648\u0629 \u062a\u0646\u0638\u064a\u0641 \u0644\u0627 \u0645\u062b\u064a\u0644 \u0644\u0647\u0627. \u0625\u0646\u0647\u0627 \u0642\u0648\u064a\u0629\u060c \u0641\u0639\u0627\u0644\u0629\u060c \u0648\u062a\u0644\u0642\u0627\u0626\u064a\u0629 \u0628\u0627\u0644\u0643\u0627\u0645\u0644\u060c \u0644\u0636\u0645\u0627\u0646 \u0646\u062a\u0627\u0626\u062c \u062a\u0646\u0638\u064a\u0641 \u0633\u062c\u0627\u062f \u0641\u0627\u0626\u0642\u0629 \u0648\u0646\u0638\u0627\u0641\u0629 \u0645\u062b\u0627\u0644\u064a\u0629 \u0641\u064a \u0643\u0644 \u0645\u0631\u0629.","robots":{"index":"index","follow":"follow","max-snippet":"max-snippet:-1","max-image-preview":"max-image-preview:large","max-video-preview":"max-video-preview:-1"},"canonical":"https:\/\/www.thecarpetwashingmachine.com\/automatic-carpet-washing-machine-er-4200\/","og_locale":"ar_AR","og_type":"article","og_title":"ER 4200 - \u0645\u0627\u0643\u064a\u0646\u0629 \u063a\u0633\u064a\u0644 \u0627\u0644\u0633\u062c\u0627\u062f","og_description":"\u0645\u0627\u0643\u064a\u0646\u0629 \u063a\u0633\u064a\u0644 \u0627\u0644\u0633\u062c\u0627\u062f \u0627\u0644\u0623\u0648\u062a\u0648\u0645\u0627\u062a\u064a\u0643\u064a\u0629 ER 4200: \u0627\u062e\u062a\u0628\u0631 \u0642\u0648\u0629 \u062a\u0646\u0638\u064a\u0641 \u0644\u0627 \u0645\u062b\u064a\u0644 \u0644\u0647\u0627. \u0625\u0646\u0647\u0627 \u0642\u0648\u064a\u0629\u060c \u0641\u0639\u0627\u0644\u0629\u060c \u0648\u062a\u0644\u0642\u0627\u0626\u064a\u0629 \u0628\u0627\u0644\u0643\u0627\u0645\u0644\u060c \u0644\u0636\u0645\u0627\u0646 \u0646\u062a\u0627\u0626\u062c \u062a\u0646\u0638\u064a\u0641 \u0633\u062c\u0627\u062f \u0641\u0627\u0626\u0642\u0629 \u0648\u0646\u0638\u0627\u0641\u0629 \u0645\u062b\u0627\u0644\u064a\u0629 \u0641\u064a \u0643\u0644 \u0645\u0631\u0629.","og_url":"https:\/\/www.thecarpetwashingmachine.com\/automatic-carpet-washing-machine-er-4200\/","og_site_name":"\u0645\u0627\u0643\u064a\u0646\u0629 \u063a\u0633\u064a\u0644 \u0627\u0644\u0633\u062c\u0627\u062f","article_publisher":"http:\/\/www.facebook.com\/carpetwashingmachine","article_modified_time":"2025-07-11T09:44:56+00:00","og_image":[{"width":750,"height":500,"url":"https:\/\/www.thecarpetwashingmachine.com\/wp-content\/uploads\/2025\/07\/Untitled-design-10.png","type":"image\/png"}],"twitter_card":"summary_large_image","twitter_misc":{"\u0648\u0642\u062a \u0627\u0644\u0642\u0631\u0627\u0621\u0629 \u0627\u0644\u0645\u064f\u0642\u062f\u0651\u0631":"\u062f\u0642\u064a\u0642\u062a\u0627\u0646"},"schema":{"@context":"https:\/\/schema.org","@graph":[{"@type":"WebPage","@id":"https:\/\/www.thecarpetwashingmachine.com\/automatic-carpet-washing-machine-er-4200\/","url":"https:\/\/www.thecarpetwashingmachine.com\/automatic-carpet-washing-machine-er-4200\/","name":"ER 4200 - \u0645\u0627\u0643\u064a\u0646\u0629 \u063a\u0633\u064a\u0644 \u0627\u0644\u0633\u062c\u0627\u062f","isPartOf":{"@id":"https:\/\/www.thecarpetwashingmachine.com\/#website"},"primaryImageOfPage":{"@id":"https:\/\/www.thecarpetwashingmachine.com\/automatic-carpet-washing-machine-er-4200\/#primaryimage"},"image":{"@id":"https:\/\/www.thecarpetwashingmachine.com\/automatic-carpet-washing-machine-er-4200\/#primaryimage"},"thumbnailUrl":"https:\/\/www.thecarpetwashingmachine.com\/wp-content\/uploads\/2025\/07\/Untitled-design-10.png","datePublished":"2025-03-05T11:19:12+00:00","dateModified":"2025-07-11T09:44:56+00:00","description":"Otomatik Hal\u0131 Y\u0131kama Makinesi ER 4200: G\u00fc\u00e7l\u00fc, verimli ve tam otomatik yap\u0131s\u0131yla her seferinde \u00fcst\u00fcn hal\u0131 temizli\u011fi.","breadcrumb":{"@id":"https:\/\/www.thecarpetwashingmachine.com\/automatic-carpet-washing-machine-er-4200\/#breadcrumb"},"inLanguage":"ar","potentialAction":[{"@type":"ReadAction","target":["https:\/\/www.thecarpetwashingmachine.com\/automatic-carpet-washing-machine-er-4200\/"]}]},{"@type":"ImageObject","inLanguage":"ar","@id":"https:\/\/www.thecarpetwashingmachine.com\/automatic-carpet-washing-machine-er-4200\/#primaryimage","url":"https:\/\/www.thecarpetwashingmachine.com\/wp-content\/uploads\/2025\/07\/Untitled-design-10.png","contentUrl":"https:\/\/www.thecarpetwashingmachine.com\/wp-content\/uploads\/2025\/07\/Untitled-design-10.png"},{"@type":"BreadcrumbList","@id":"https:\/\/www.thecarpetwashingmachine.com\/automatic-carpet-washing-machine-er-4200\/#breadcrumb","itemListElement":[{"@type":"ListItem","position":1,"name":"Home","item":"https:\/\/www.thecarpetwashingmachine.com\/"},{"@type":"ListItem","position":2,"name":"Automatic Carpet Washing Machine &#8211; ER 4200"}]},{"@type":"WebSite","@id":"https:\/\/www.thecarpetwashingmachine.com\/#website","url":"https:\/\/www.thecarpetwashingmachine.com\/","name":"\u0645\u0627\u0643\u064a\u0646\u0629 \u063a\u0633\u064a\u0644 \u0627\u0644\u0633\u062c\u0627\u062f","description":"\u063a\u0633\u0627\u0644\u0629 \u0627\u0644\u0633\u062c\u0627\u062f \u0645\u0648\u062c\u0648\u062f\u0629 \u0641\u064a \u0643\u0644 \u0623\u0646\u062d\u0627\u0621 \u0627\u0644\u0639\u0627\u0644\u0645!","potentialAction":[{"@type":"SearchAction","target":{"@type":"EntryPoint","urlTemplate":"https:\/\/www.thecarpetwashingmachine.com\/?s={search_term_string}"},"query-input":{"@type":"PropertyValueSpecification","valueRequired":true,"valueName":"search_term_string"}}],"inLanguage":"ar"}]}},"_links":{"self":[{"href":"https:\/\/www.thecarpetwashingmachine.com\/ar\/wp-json\/wp\/v2\/pages\/400","targetHints":{"allow":["GET"]}}],"collection":[{"href":"https:\/\/www.thecarpetwashingmachine.com\/ar\/wp-json\/wp\/v2\/pages"}],"about":[{"href":"https:\/\/www.thecarpetwashingmachine.com\/ar\/wp-json\/wp\/v2\/types\/page"}],"author":[{"embeddable":true,"href":"https:\/\/www.thecarpetwashingmachine.com\/ar\/wp-json\/wp\/v2\/users\/1"}],"replies":[{"embeddable":true,"href":"https:\/\/www.thecarpetwashingmachine.com\/ar\/wp-json\/wp\/v2\/comments?post=400"}],"version-history":[{"count":92,"href":"https:\/\/www.thecarpetwashingmachine.com\/ar\/wp-json\/wp\/v2\/pages\/400\/revisions"}],"predecessor-version":[{"id":2153,"href":"https:\/\/www.thecarpetwashingmachine.com\/ar\/wp-json\/wp\/v2\/pages\/400\/revisions\/2153"}],"wp:attachment":[{"href":"https:\/\/www.thecarpetwashingmachine.com\/ar\/wp-json\/wp\/v2\/media?parent=400"}],"curies":[{"name":"wp","href":"https:\/\/api.w.org\/{rel}","templated":true}]}}